{"id":685,"date":"2024-06-11T14:00:31","date_gmt":"2024-06-11T14:00:31","guid":{"rendered":"https:\/\/www.earlham-ia.org\/wie-viel-kostet-esta-usa\/"},"modified":"2026-05-06T12:15:07","modified_gmt":"2026-05-06T12:15:07","slug":"wie-viel-kostet-esta-usa","status":"publish","type":"page","link":"https:\/\/www.earlham-ia.org\/de\/wie-viel-kostet-esta-usa\/","title":{"rendered":"Wie viel kostet ESTA?"},"content":{"rendered":"\n<p>M\u00f6chten Sie eine Reise in die USA mit einer <a href=\"https:\/\/www.earlham-ia.org\/\">ESTA-Genehmigung<\/a> machen? Dieser Verwaltungsakt ist sehr einfach und erm\u00f6glicht es einer gro\u00dfen Anzahl von Reisenden, in die USA zu reisen und den amerikanischen Traum zu geringen Kosten zu leben. <\/p>\n\n<p>Sie sind Staatsangeh\u00f6riger eines Landes, das am Visa Waiver Program (Programm f\u00fcr visumfreies Reisen) teilnimmt, und m\u00f6chten mit einem g\u00fcltigen biometrischen Reisepass (oder elektronischen Reisepass) durch die USA reisen oder eine Gesch\u00e4fts- oder Urlaubsreise auf dem Luft- oder Seeweg mit einer Dauer von bis zu 90 Tagen unternehmen? Wenn Sie alle diese Kriterien erf\u00fcllen, ist ESTA das richtige Dokument f\u00fcr Ihren Aufenthalt in den USA.   <\/p>\n\n<p>Mit einem ESTA k\u00f6nnen Sie einen Traumurlaub in einem US-Bundesstaat Ihrer Wahl wie North Carolina, Florida, Louisiana usw. machen. Nachstehend finden Sie den Grundpreis f\u00fcr ein ESTA Frankreich USA und die zus\u00e4tzlichen Kosten, die im Falle einer Unterst\u00fctzung anfallen k\u00f6nnen. <\/p>\n\n<h2 class=\"wp-block-heading\">Ein kostenloses ESTA wird kostenpflichtig f\u00fcr die Einreise in die USA<\/h2>\n\n<p>Die Einreise in die USA ist komplizierter als die Einreise in ein Land des Schengen-Raums, und es ist eine Reisegenehmigung erforderlich. Die Reisegenehmigung kann in Form eines US-Visums bei der US-Botschaft oder eines ESTA-Antrags \u00fcber ein Online-Formular beantragt werden. Ein ausl\u00e4ndischer Staatsb\u00fcrger, der einen vor\u00fcbergehenden Aufenthalt in den USA zu touristischen oder gesch\u00e4ftlichen Zwecken plant, kann ein ESTA beantragen. Dasselbe gilt f\u00fcr eine Zwischenlandung.   <\/p>\n\n<p>Bei seiner Einf\u00fchrung war die ESTA-Genehmigung kostenlos. Die US-Beh\u00f6rden haben jedoch einen R\u00fcckzieher gemacht und das ESTA schnell geb\u00fchrenpflichtig gemacht. Wir erinnern daran, dass das ESTA eine Sicherheitsma\u00dfnahme ist, die im Rahmen des VWP zur St\u00e4rkung der inneren Sicherheit der USA eingef\u00fchrt wurde. Es erm\u00f6glicht die Auswahl von Reisenden bereits vor ihrer Einreise in die USA.   <\/p>\n\n<h2 class=\"wp-block-heading\">Die Kosten eines ESTA f\u00fcr die Einreise in die USA<\/h2>\n\n<p>Wenn Sie Ihren Antrag auf der offiziellen Website der US-Regierung stellen, werden Sie feststellen, dass die Kosten f\u00fcr ein ESTA USA seit September 2025 40 $ betragen. Dieser Preis ist fest und \u00e4ndert sich nicht von einem Land zum anderen. <\/p>\n\n<p><\/p>\n\n<p>Wenn Sie einen neuen ESTA-Antrag stellen m\u00fcssen, weil Sie einen neuen Reisepass erhalten haben, Ihre pers\u00f6nlichen Daten ge\u00e4ndert wurden oder Ihr ESTA abgelaufen ist, bleibt die Geb\u00fchr gleich. Dasselbe gilt, wenn Ihr Antrag aufgrund eines Eingabefehlers abgelehnt wurde. Die G\u00fcltigkeit Ihres ESTA h\u00e4ngt von dem verwendeten Pass (Passnummer) ab.  <\/p>\n\n<h3 class=\"wp-block-heading\">Ist der Preis f\u00fcr ESTA immer gleich?<\/h3>\n\n<p>Die Kosten f\u00fcr das ESTA h\u00e4ngen von der Art der Beantragung ab. Sie k\u00f6nnen es vorziehen, Ihren ESTA-Antrag \u00fcber eine private Website zu stellen. Diese Entscheidung beruht in der Regel auf dem Wunsch, das Risiko von Fehlern zu verringern, indem die Bestellung an ein professionelles Team delegiert wird. Die \u00dcberpr\u00fcfung Ihrer Daten, das Versenden des ESTA-Formulars und die Bereitstellung eines Mitarbeiters, der Ihre Fragen beantwortet, ist nat\u00fcrlich mit Kosten verbunden.   <\/p>\n\n<h2 class=\"wp-block-heading\">Was ist mit dem US-Visum, ist es billiger als ESTA?<\/h2>\n\n<p>Ob Sie auf der Website der US-Regierung oder auf einer privaten Website f\u00fcr Ihre Reise in die USA bestellen, Sie werden feststellen, dass der Preis f\u00fcr ein ESTA viel g\u00fcnstiger ist als der f\u00fcr ein USA-Visum.<\/p>\n\n<p>Ein Antrag auf ein b2-Touristenvisum erfordert eine gro\u00dfe Anzahl von Belegen, ein Gespr\u00e4ch mit einem Konsularbeamten der US-Botschaft (oder des Konsulats), eine l\u00e4ngere oder k\u00fcrzere Wartezeit und mindestens 185 $.<\/p>\n\n<p>ESTA erfordert keine Nachweise, keine Wartezeit (Antwort innerhalb von 72 Stunden), keine Reise (Online-Antrag) und ist wesentlich preisg\u00fcnstiger als ein Visumantrag f\u00fcr einen Aufenthalt in den USA. Wenn das ESTA jedoch abgelehnt wird, haben Sie keine andere Wahl, als ein USA-Visum zu beantragen, um in die USA reisen zu k\u00f6nnen. <\/p>\n","protected":false},"excerpt":{"rendered":"<p>M\u00f6chten Sie eine Reise in die USA mit einer ESTA-Genehmigung machen? Dieser Verwaltungsakt ist sehr einfach und erm\u00f6glicht es einer gro\u00dfen Anzahl von Reisenden, in die USA zu reisen und den amerikanischen Traum zu geringen Kosten zu leben. Sie sind Staatsangeh\u00f6riger eines Landes, das am Visa Waiver Program (Programm f\u00fcr visumfreies Reisen) teilnimmt, und m\u00f6chten [&hellip;]<\/p>\n","protected":false},"author":1,"featured_media":0,"parent":0,"menu_order":0,"comment_status":"closed","ping_status":"closed","template":"","meta":{"hide_page_title":"","footnotes":""},"class_list":["post-685","page","type-page","status-publish","hentry"],"yoast_head":"<!-- This site is optimized with the Yoast SEO plugin v27.5 - https:\/\/yoast.com\/product\/yoast-seo-wordpress\/ -->\n<title>Wie viel kostet ESTA? - In die USA reisen<\/title>\n<meta name=\"robots\" content=\"index, follow, max-snippet:-1, max-image-preview:large, max-video-preview:-1\" \/>\n<link rel=\"canonical\" href=\"https:\/\/www.earlham-ia.org\/de\/wie-viel-kostet-esta-usa\/\" \/>\n<meta property=\"og:locale\" content=\"de_DE\" \/>\n<meta property=\"og:type\" content=\"article\" \/>\n<meta property=\"og:title\" content=\"Wie viel kostet ESTA? - In die USA reisen\" \/>\n<meta property=\"og:description\" content=\"M\u00f6chten Sie eine Reise in die USA mit einer ESTA-Genehmigung machen? Dieser Verwaltungsakt ist sehr einfach und erm\u00f6glicht es einer gro\u00dfen Anzahl von Reisenden, in die USA zu reisen und den amerikanischen Traum zu geringen Kosten zu leben. Sie sind Staatsangeh\u00f6riger eines Landes, das am Visa Waiver Program (Programm f\u00fcr visumfreies Reisen) teilnimmt, und m\u00f6chten [&hellip;]\" \/>\n<meta property=\"og:url\" content=\"https:\/\/www.earlham-ia.org\/de\/wie-viel-kostet-esta-usa\/\" \/>\n<meta property=\"og:site_name\" content=\"In die USA reisen\" \/>\n<meta property=\"article:modified_time\" content=\"2026-05-06T12:15:07+00:00\" \/>\n<meta name=\"twitter:card\" content=\"summary_large_image\" \/>\n<meta name=\"twitter:label1\" content=\"Gesch\u00e4tzte Lesezeit\" \/>\n\t<meta name=\"twitter:data1\" content=\"3 minutes\" \/>\n<script type=\"application\/ld+json\" class=\"yoast-schema-graph\">{\"@context\":\"https:\\\/\\\/schema.org\",\"@graph\":[{\"@type\":\"WebPage\",\"@id\":\"https:\\\/\\\/www.earlham-ia.org\\\/de\\\/wie-viel-kostet-esta-usa\\\/\",\"url\":\"https:\\\/\\\/www.earlham-ia.org\\\/de\\\/wie-viel-kostet-esta-usa\\\/\",\"name\":\"Wie viel kostet ESTA? - In die USA reisen\",\"isPartOf\":{\"@id\":\"https:\\\/\\\/www.earlham-ia.org\\\/de\\\/#website\"},\"datePublished\":\"2024-06-11T14:00:31+00:00\",\"dateModified\":\"2026-05-06T12:15:07+00:00\",\"breadcrumb\":{\"@id\":\"https:\\\/\\\/www.earlham-ia.org\\\/de\\\/wie-viel-kostet-esta-usa\\\/#breadcrumb\"},\"inLanguage\":\"de-DE\",\"potentialAction\":[{\"@type\":\"ReadAction\",\"target\":[\"https:\\\/\\\/www.earlham-ia.org\\\/de\\\/wie-viel-kostet-esta-usa\\\/\"]}]},{\"@type\":\"BreadcrumbList\",\"@id\":\"https:\\\/\\\/www.earlham-ia.org\\\/de\\\/wie-viel-kostet-esta-usa\\\/#breadcrumb\",\"itemListElement\":[{\"@type\":\"ListItem\",\"position\":1,\"name\":\"Accueil\",\"item\":\"https:\\\/\\\/www.earlham-ia.org\\\/de\\\/\"},{\"@type\":\"ListItem\",\"position\":2,\"name\":\"Wie viel kostet ESTA?\"}]},{\"@type\":\"WebSite\",\"@id\":\"https:\\\/\\\/www.earlham-ia.org\\\/de\\\/#website\",\"url\":\"https:\\\/\\\/www.earlham-ia.org\\\/de\\\/\",\"name\":\"In die USA reisen\",\"description\":\"\",\"potentialAction\":[{\"@type\":\"SearchAction\",\"target\":{\"@type\":\"EntryPoint\",\"urlTemplate\":\"https:\\\/\\\/www.earlham-ia.org\\\/de\\\/?s={search_term_string}\"},\"query-input\":{\"@type\":\"PropertyValueSpecification\",\"valueRequired\":true,\"valueName\":\"search_term_string\"}}],\"inLanguage\":\"de-DE\"}]}<\/script>\n<!-- \/ Yoast SEO plugin. -->","yoast_head_json":{"title":"Wie viel kostet ESTA? - In die USA reisen","robots":{"index":"index","follow":"follow","max-snippet":"max-snippet:-1","max-image-preview":"max-image-preview:large","max-video-preview":"max-video-preview:-1"},"canonical":"https:\/\/www.earlham-ia.org\/de\/wie-viel-kostet-esta-usa\/","og_locale":"de_DE","og_type":"article","og_title":"Wie viel kostet ESTA? - In die USA reisen","og_description":"M\u00f6chten Sie eine Reise in die USA mit einer ESTA-Genehmigung machen? Dieser Verwaltungsakt ist sehr einfach und erm\u00f6glicht es einer gro\u00dfen Anzahl von Reisenden, in die USA zu reisen und den amerikanischen Traum zu geringen Kosten zu leben. Sie sind Staatsangeh\u00f6riger eines Landes, das am Visa Waiver Program (Programm f\u00fcr visumfreies Reisen) teilnimmt, und m\u00f6chten [&hellip;]","og_url":"https:\/\/www.earlham-ia.org\/de\/wie-viel-kostet-esta-usa\/","og_site_name":"In die USA reisen","article_modified_time":"2026-05-06T12:15:07+00:00","twitter_card":"summary_large_image","twitter_misc":{"Gesch\u00e4tzte Lesezeit":"3 minutes"},"schema":{"@context":"https:\/\/schema.org","@graph":[{"@type":"WebPage","@id":"https:\/\/www.earlham-ia.org\/de\/wie-viel-kostet-esta-usa\/","url":"https:\/\/www.earlham-ia.org\/de\/wie-viel-kostet-esta-usa\/","name":"Wie viel kostet ESTA? - In die USA reisen","isPartOf":{"@id":"https:\/\/www.earlham-ia.org\/de\/#website"},"datePublished":"2024-06-11T14:00:31+00:00","dateModified":"2026-05-06T12:15:07+00:00","breadcrumb":{"@id":"https:\/\/www.earlham-ia.org\/de\/wie-viel-kostet-esta-usa\/#breadcrumb"},"inLanguage":"de-DE","potentialAction":[{"@type":"ReadAction","target":["https:\/\/www.earlham-ia.org\/de\/wie-viel-kostet-esta-usa\/"]}]},{"@type":"BreadcrumbList","@id":"https:\/\/www.earlham-ia.org\/de\/wie-viel-kostet-esta-usa\/#breadcrumb","itemListElement":[{"@type":"ListItem","position":1,"name":"Accueil","item":"https:\/\/www.earlham-ia.org\/de\/"},{"@type":"ListItem","position":2,"name":"Wie viel kostet ESTA?"}]},{"@type":"WebSite","@id":"https:\/\/www.earlham-ia.org\/de\/#website","url":"https:\/\/www.earlham-ia.org\/de\/","name":"In die USA reisen","description":"","potentialAction":[{"@type":"SearchAction","target":{"@type":"EntryPoint","urlTemplate":"https:\/\/www.earlham-ia.org\/de\/?s={search_term_string}"},"query-input":{"@type":"PropertyValueSpecification","valueRequired":true,"valueName":"search_term_string"}}],"inLanguage":"de-DE"}]}},"_links":{"self":[{"href":"https:\/\/www.earlham-ia.org\/de\/wp-json\/wp\/v2\/pages\/685","targetHints":{"allow":["GET"]}}],"collection":[{"href":"https:\/\/www.earlham-ia.org\/de\/wp-json\/wp\/v2\/pages"}],"about":[{"href":"https:\/\/www.earlham-ia.org\/de\/wp-json\/wp\/v2\/types\/page"}],"author":[{"embeddable":true,"href":"https:\/\/www.earlham-ia.org\/de\/wp-json\/wp\/v2\/users\/1"}],"replies":[{"embeddable":true,"href":"https:\/\/www.earlham-ia.org\/de\/wp-json\/wp\/v2\/comments?post=685"}],"version-history":[{"count":3,"href":"https:\/\/www.earlham-ia.org\/de\/wp-json\/wp\/v2\/pages\/685\/revisions"}],"predecessor-version":[{"id":1314,"href":"https:\/\/www.earlham-ia.org\/de\/wp-json\/wp\/v2\/pages\/685\/revisions\/1314"}],"wp:attachment":[{"href":"https:\/\/www.earlham-ia.org\/de\/wp-json\/wp\/v2\/media?parent=685"}],"curies":[{"name":"wp","href":"https:\/\/api.w.org\/{rel}","templated":true}]}}