{"id":693,"date":"2024-06-11T14:01:12","date_gmt":"2024-06-11T14:01:12","guid":{"rendered":"https:\/\/www.earlham-ia.org\/wie-lange-dauert-esta\/"},"modified":"2026-05-06T12:15:07","modified_gmt":"2026-05-06T12:15:07","slug":"wie-lange-dauert-esta","status":"publish","type":"page","link":"https:\/\/www.earlham-ia.org\/de\/wie-lange-dauert-esta\/","title":{"rendered":"Wie lange dauert das ESTA?"},"content":{"rendered":"\n<p><a href=\"https:\/\/www.earlham-ia.org\/\">Das ESTA<\/a> hat, wie alle Reisegenehmigungen, eine bestimmte G\u00fcltigkeitsdauer. Innerhalb des von der US-Regierung festgelegten Zeitraums kann es mehrmals verwendet werden. Nach Ablauf der G\u00fcltigkeitsdauer m\u00fcssen Sie einen neuen ESTA-Antrag stellen.  <\/p>\n\n<p>In diesem Artikel erfahren Sie, wie lange ESTA dauert und wann Sie einen neuen Antrag stellen m\u00fcssen.<\/p>\n\n<p><\/p>\n\n<h2 class=\"wp-block-heading\">G\u00fcltigkeitsdauer des ESTA<\/h2>\n\n<p>Das Electronic System for Travel Authorization (ESTA) erm\u00f6glicht B\u00fcrgern aus L\u00e4ndern, die unter das Visa Waiver Program fallen, die Beantragung eines US-Visums bei der US-Botschaft zu vermeiden.<\/p>\n\n<p>Der ESTA-Antrag erfordert keine Belege, unterliegt aber einer Reihe von Zulassungskriterien in Bezug auf den Aufenthalt in den USA (maximal 90 Tage f\u00fcr Touristen, Gesch\u00e4ftsreisende oder Transit auf dem Luft- oder Seeweg), den Reisepass (g\u00fcltiger Reisepass, entweder biometrisch oder elektronisch, aus einem VWP-Mitgliedsland) und den Reisenden selbst (stellt keine Bedrohung f\u00fcr die nationale Sicherheit der USA dar).<\/p>\n\n<h3 class=\"wp-block-heading\">Wie lange dauert es, bis ich ein ESTA erhalte?<\/h3>\n\n<p>Die Genehmigung kann online \u00fcber das ESTA-Formular beantragt werden. Zum Ausf\u00fcllen des Formulars m\u00fcssen Sie Ihren Reisepass mitbringen, da die Informationen, die Sie angeben m\u00fcssen, im Reisepass eingetragen sind: Name, Vorname, Geburtsdatum, Reisepassnummer, Ausstellungsdatum, Ablaufdatum usw. Die Informationen, die Sie angeben m\u00fcssen, sind im Reisepass eingetragen. <\/p>\n\n<p>Das Antragsformular ist auf der offiziellen Website der US-Regierung zu finden. Um Unterst\u00fctzung zu erhalten, muss der Online-Antrag auf einer privaten Website gestellt werden. <\/p>\n\n<p>In der Regel wird ein Antrag auf Genehmigung von den US-Beh\u00f6rden innerhalb von 72 Stunden bearbeitet. In manchen F\u00e4llen erhalten Sie sogar innerhalb weniger Minuten eine R\u00fcckmeldung. <\/p>\n\n<h3 class=\"wp-block-heading\">G\u00fcltigkeit des ESTA<\/h3>\n\n<p>Die offizielle G\u00fcltigkeitsdauer von ESTA USA betr\u00e4gt zwei Jahre. Sobald Sie die Genehmigung der US-Beh\u00f6rden f\u00fcr Ihre Reise in die USA erhalten haben, sind Sie berechtigt, an Bord eines Flugzeugs oder Schiffes in die Vereinigten Staaten von Amerika zu gehen. <\/p>\n\n<h3 class=\"wp-block-heading\">Wie oft kann man mit einem ESTA in die USA reisen?<\/h3>\n\n<p>Es ist wichtig zu erw\u00e4hnen, dass Sie mit einem ESTA nicht auf eine einmalige Einreise in die USA beschr\u00e4nkt sind. Sie k\u00f6nnen mehrere Aufenthalte in den USA machen, vorausgesetzt, Sie halten sich nicht l\u00e4nger als 90 Tage gleichzeitig in den USA auf. <\/p>\n\n<p>Reisehinweis: Nutzen Sie das ESTA nicht \u00fcberm\u00e4\u00dfig aus, um in den USA zu leben. Die Einwanderungsbeh\u00f6rden k\u00f6nnen Ihnen die Einreise in die USA verweigern, wenn sie der Meinung sind, dass Ihre Reisen in die USA zu eng beieinander liegen. <\/p>\n\n<h2 class=\"wp-block-heading\">Wann sollte ich meine ESTA-Genehmigung verl\u00e4ngern?<\/h2>\n\n<p>Das ESTA muss erneuert werden, wenn es nicht mehr g\u00fcltig ist. Dies kann aufgrund des Ablaufs oder einer \u00c4nderung geschehen. <\/p>\n\n<p>Die G\u00fcltigkeitsdauer des ESTA betr\u00e4gt zwei Jahre, vorausgesetzt, dass Ihr Reisepass nicht vorher abl\u00e4uft (die G\u00fcltigkeitsdauer h\u00e4ngt dann von der G\u00fcltigkeit des Reisepasses ab). Die Genehmigung wird auch ung\u00fcltig, wenn sich Ihr Pass \u00e4ndert (neuer Pass aufgrund eines abgelaufenen oder gestohlenen Passes oder aufgrund einer \u00c4nderung der pers\u00f6nlichen Situation). <\/p>\n\n<p>Wenn Sie keinen g\u00fcltigen Reisepass besitzen, vereinbaren Sie einen Termin bei Ihrer Gemeindeverwaltung, um einen Antrag zu stellen. Die Ausstellung eines franz\u00f6sischen Reisepasses kann einige Zeit in Anspruch nehmen, daher sollten Sie Ihren Antrag fr\u00fchzeitig stellen. Sie m\u00fcssen ein Formular ausf\u00fcllen, Passfotos einreichen und Ihre Fingerabdr\u00fccke registrieren lassen. Wenn Sie Ihren neuen biometrischen Reisepass haben, m\u00fcssen Sie nur noch ein ESTA beantragen, entweder auf der Website der Regierung oder auf einer privaten Website, und schon k\u00f6nnen Sie in die USA reisen.   <\/p>\n","protected":false},"excerpt":{"rendered":"<p>Das ESTA hat, wie alle Reisegenehmigungen, eine bestimmte G\u00fcltigkeitsdauer. Innerhalb des von der US-Regierung festgelegten Zeitraums kann es mehrmals verwendet werden. Nach Ablauf der G\u00fcltigkeitsdauer m\u00fcssen Sie einen neuen ESTA-Antrag stellen. In diesem Artikel erfahren Sie, wie lange ESTA dauert und wann Sie einen neuen Antrag stellen m\u00fcssen. G\u00fcltigkeitsdauer des ESTA Das Electronic System for [&hellip;]<\/p>\n","protected":false},"author":1,"featured_media":0,"parent":0,"menu_order":0,"comment_status":"closed","ping_status":"closed","template":"","meta":{"hide_page_title":"","footnotes":""},"class_list":["post-693","page","type-page","status-publish","hentry"],"yoast_head":"<!-- This site is optimized with the Yoast SEO plugin v27.5 - https:\/\/yoast.com\/product\/yoast-seo-wordpress\/ -->\n<title>Wie lange dauert das ESTA? - In die USA reisen<\/title>\n<meta name=\"robots\" content=\"index, follow, max-snippet:-1, max-image-preview:large, max-video-preview:-1\" \/>\n<link rel=\"canonical\" href=\"https:\/\/www.earlham-ia.org\/de\/wie-lange-dauert-esta\/\" \/>\n<meta property=\"og:locale\" content=\"de_DE\" \/>\n<meta property=\"og:type\" content=\"article\" \/>\n<meta property=\"og:title\" content=\"Wie lange dauert das ESTA? - In die USA reisen\" \/>\n<meta property=\"og:description\" content=\"Das ESTA hat, wie alle Reisegenehmigungen, eine bestimmte G\u00fcltigkeitsdauer. Innerhalb des von der US-Regierung festgelegten Zeitraums kann es mehrmals verwendet werden. Nach Ablauf der G\u00fcltigkeitsdauer m\u00fcssen Sie einen neuen ESTA-Antrag stellen. In diesem Artikel erfahren Sie, wie lange ESTA dauert und wann Sie einen neuen Antrag stellen m\u00fcssen. G\u00fcltigkeitsdauer des ESTA Das Electronic System for [&hellip;]\" \/>\n<meta property=\"og:url\" content=\"https:\/\/www.earlham-ia.org\/de\/wie-lange-dauert-esta\/\" \/>\n<meta property=\"og:site_name\" content=\"In die USA reisen\" \/>\n<meta property=\"article:modified_time\" content=\"2026-05-06T12:15:07+00:00\" \/>\n<meta name=\"twitter:card\" content=\"summary_large_image\" \/>\n<meta name=\"twitter:label1\" content=\"Gesch\u00e4tzte Lesezeit\" \/>\n\t<meta name=\"twitter:data1\" content=\"3 minutes\" \/>\n<script type=\"application\/ld+json\" class=\"yoast-schema-graph\">{\"@context\":\"https:\\\/\\\/schema.org\",\"@graph\":[{\"@type\":\"WebPage\",\"@id\":\"https:\\\/\\\/www.earlham-ia.org\\\/de\\\/wie-lange-dauert-esta\\\/\",\"url\":\"https:\\\/\\\/www.earlham-ia.org\\\/de\\\/wie-lange-dauert-esta\\\/\",\"name\":\"Wie lange dauert das ESTA? - In die USA reisen\",\"isPartOf\":{\"@id\":\"https:\\\/\\\/www.earlham-ia.org\\\/de\\\/#website\"},\"datePublished\":\"2024-06-11T14:01:12+00:00\",\"dateModified\":\"2026-05-06T12:15:07+00:00\",\"breadcrumb\":{\"@id\":\"https:\\\/\\\/www.earlham-ia.org\\\/de\\\/wie-lange-dauert-esta\\\/#breadcrumb\"},\"inLanguage\":\"de-DE\",\"potentialAction\":[{\"@type\":\"ReadAction\",\"target\":[\"https:\\\/\\\/www.earlham-ia.org\\\/de\\\/wie-lange-dauert-esta\\\/\"]}]},{\"@type\":\"BreadcrumbList\",\"@id\":\"https:\\\/\\\/www.earlham-ia.org\\\/de\\\/wie-lange-dauert-esta\\\/#breadcrumb\",\"itemListElement\":[{\"@type\":\"ListItem\",\"position\":1,\"name\":\"Accueil\",\"item\":\"https:\\\/\\\/www.earlham-ia.org\\\/de\\\/\"},{\"@type\":\"ListItem\",\"position\":2,\"name\":\"Wie lange dauert das ESTA?\"}]},{\"@type\":\"WebSite\",\"@id\":\"https:\\\/\\\/www.earlham-ia.org\\\/de\\\/#website\",\"url\":\"https:\\\/\\\/www.earlham-ia.org\\\/de\\\/\",\"name\":\"In die USA reisen\",\"description\":\"\",\"potentialAction\":[{\"@type\":\"SearchAction\",\"target\":{\"@type\":\"EntryPoint\",\"urlTemplate\":\"https:\\\/\\\/www.earlham-ia.org\\\/de\\\/?s={search_term_string}\"},\"query-input\":{\"@type\":\"PropertyValueSpecification\",\"valueRequired\":true,\"valueName\":\"search_term_string\"}}],\"inLanguage\":\"de-DE\"}]}<\/script>\n<!-- \/ Yoast SEO plugin. -->","yoast_head_json":{"title":"Wie lange dauert das ESTA? - In die USA reisen","robots":{"index":"index","follow":"follow","max-snippet":"max-snippet:-1","max-image-preview":"max-image-preview:large","max-video-preview":"max-video-preview:-1"},"canonical":"https:\/\/www.earlham-ia.org\/de\/wie-lange-dauert-esta\/","og_locale":"de_DE","og_type":"article","og_title":"Wie lange dauert das ESTA? - In die USA reisen","og_description":"Das ESTA hat, wie alle Reisegenehmigungen, eine bestimmte G\u00fcltigkeitsdauer. Innerhalb des von der US-Regierung festgelegten Zeitraums kann es mehrmals verwendet werden. Nach Ablauf der G\u00fcltigkeitsdauer m\u00fcssen Sie einen neuen ESTA-Antrag stellen. In diesem Artikel erfahren Sie, wie lange ESTA dauert und wann Sie einen neuen Antrag stellen m\u00fcssen. G\u00fcltigkeitsdauer des ESTA Das Electronic System for [&hellip;]","og_url":"https:\/\/www.earlham-ia.org\/de\/wie-lange-dauert-esta\/","og_site_name":"In die USA reisen","article_modified_time":"2026-05-06T12:15:07+00:00","twitter_card":"summary_large_image","twitter_misc":{"Gesch\u00e4tzte Lesezeit":"3 minutes"},"schema":{"@context":"https:\/\/schema.org","@graph":[{"@type":"WebPage","@id":"https:\/\/www.earlham-ia.org\/de\/wie-lange-dauert-esta\/","url":"https:\/\/www.earlham-ia.org\/de\/wie-lange-dauert-esta\/","name":"Wie lange dauert das ESTA? - In die USA reisen","isPartOf":{"@id":"https:\/\/www.earlham-ia.org\/de\/#website"},"datePublished":"2024-06-11T14:01:12+00:00","dateModified":"2026-05-06T12:15:07+00:00","breadcrumb":{"@id":"https:\/\/www.earlham-ia.org\/de\/wie-lange-dauert-esta\/#breadcrumb"},"inLanguage":"de-DE","potentialAction":[{"@type":"ReadAction","target":["https:\/\/www.earlham-ia.org\/de\/wie-lange-dauert-esta\/"]}]},{"@type":"BreadcrumbList","@id":"https:\/\/www.earlham-ia.org\/de\/wie-lange-dauert-esta\/#breadcrumb","itemListElement":[{"@type":"ListItem","position":1,"name":"Accueil","item":"https:\/\/www.earlham-ia.org\/de\/"},{"@type":"ListItem","position":2,"name":"Wie lange dauert das ESTA?"}]},{"@type":"WebSite","@id":"https:\/\/www.earlham-ia.org\/de\/#website","url":"https:\/\/www.earlham-ia.org\/de\/","name":"In die USA reisen","description":"","potentialAction":[{"@type":"SearchAction","target":{"@type":"EntryPoint","urlTemplate":"https:\/\/www.earlham-ia.org\/de\/?s={search_term_string}"},"query-input":{"@type":"PropertyValueSpecification","valueRequired":true,"valueName":"search_term_string"}}],"inLanguage":"de-DE"}]}},"_links":{"self":[{"href":"https:\/\/www.earlham-ia.org\/de\/wp-json\/wp\/v2\/pages\/693","targetHints":{"allow":["GET"]}}],"collection":[{"href":"https:\/\/www.earlham-ia.org\/de\/wp-json\/wp\/v2\/pages"}],"about":[{"href":"https:\/\/www.earlham-ia.org\/de\/wp-json\/wp\/v2\/types\/page"}],"author":[{"embeddable":true,"href":"https:\/\/www.earlham-ia.org\/de\/wp-json\/wp\/v2\/users\/1"}],"replies":[{"embeddable":true,"href":"https:\/\/www.earlham-ia.org\/de\/wp-json\/wp\/v2\/comments?post=693"}],"version-history":[{"count":2,"href":"https:\/\/www.earlham-ia.org\/de\/wp-json\/wp\/v2\/pages\/693\/revisions"}],"predecessor-version":[{"id":1308,"href":"https:\/\/www.earlham-ia.org\/de\/wp-json\/wp\/v2\/pages\/693\/revisions\/1308"}],"wp:attachment":[{"href":"https:\/\/www.earlham-ia.org\/de\/wp-json\/wp\/v2\/media?parent=693"}],"curies":[{"name":"wp","href":"https:\/\/api.w.org\/{rel}","templated":true}]}}