{"id":701,"date":"2024-06-11T14:01:43","date_gmt":"2024-06-11T14:01:43","guid":{"rendered":"https:\/\/www.earlham-ia.org\/wie-zu-beantragen-esta\/"},"modified":"2026-05-06T12:17:28","modified_gmt":"2026-05-06T12:17:28","slug":"wie-zu-beantragen-esta","status":"publish","type":"page","link":"https:\/\/www.earlham-ia.org\/de\/wie-zu-beantragen-esta\/","title":{"rendered":"Wie beantrage ich ESTA?"},"content":{"rendered":"\n<p><a href=\"https:\/\/www.earlham-ia.org\/de\/\">ESTA USA<\/a> ist eine Reisegenehmigung, die es bestimmten Touristen erlaubt, w\u00e4hrend eines von der US-Regierung festgelegten Zeitraums in die Vereinigten Staaten zu reisen. Diese Genehmigung erm\u00f6glicht es vielen Reisenden mit einem g\u00fcltigen Reisepass, die Vereinigten Staaten von Amerika zu besuchen, ohne ein herk\u00f6mmliches Visum beantragen zu m\u00fcssen. <\/p>\n\n<p>In diesem Artikel erfahren Sie, ob Sie berechtigt sind, ein ESTA f\u00fcr eine Reise in die USA zu beantragen und wie Sie vorgehen m\u00fcssen, um es so schnell wie m\u00f6glich zu erhalten.<\/p>\n\n<h2 class=\"wp-block-heading\">Wer kann ESTA beantragen, um in die USA zu reisen?<\/h2>\n\n<p>Bevor wir uns mit den M\u00f6glichkeiten zur Beantragung von ESTA befassen, ist es zun\u00e4chst wichtig zu wissen, ob Sie daf\u00fcr in Frage kommen.<\/p>\n\n<p>Es gibt bestimmte Bedingungen, die erf\u00fcllt sein m\u00fcssen, damit Reisende von der US-Visumspflicht befreit sind. Hier sind die verschiedenen Kriterien, die Touristen erf\u00fcllen m\u00fcssen, um ein ESTA zu beantragen und in die USA zu reisen: <\/p>\n\n<ul class=\"wp-block-list\">\n<li>einen Reisepass haben (einen biometrischen oder elektronischen Reisepass) ;<\/li>\n\n\n\n<li>Staatsangeh\u00f6riger eines Landes sein, das am Visa Waiver Program teilnimmt;<\/li>\n\n\n\n<li>in die Vereinigten Staaten f\u00fcr einen touristischen Aufenthalt, eine Gesch\u00e4ftsreise oder als Transit vor Ihrem endg\u00fcltigen Zielort reisen;<\/li>\n\n\n\n<li>einen Aufenthalt in den USA von bis zu 90 Tagen vorsehen;<\/li>\n\n\n\n<li>auf dem Luft- oder Seeweg in die USA einreisen;<\/li>\n\n\n\n<li>kein Risiko oder keine Bedrohung f\u00fcr die innere Sicherheit der USA darstellen.<\/li>\n<\/ul>\n\n<p>Die Genehmigung wurde eingef\u00fchrt, um die nationale Sicherheit im Rahmen des VWP zu gew\u00e4hrleisten. Das ESTA ist daher eine der Sicherheitsma\u00dfnahmen, die eingef\u00fchrt wurden, um die Identit\u00e4t und die Beweggr\u00fcnde von Reisenden bereits vor der Einreise in die USA festzustellen. Erfahren Sie jetzt, wie Sie ESTA beantragen k\u00f6nnen.  <\/p>\n\n<h2 class=\"wp-block-heading\">ESTA f\u00fcr die USA beantragen: Wie geht das?<\/h2>\n\n<p>Die Beantragung eines ESTA ist recht einfach, da keine Reise zur US-Botschaft erforderlich ist und im Gegensatz zur Beantragung eines USA-Visums nur sehr wenig Zeit in Anspruch nimmt.<\/p>\n\n<p>Um ein ESTA zu beantragen, m\u00fcssen Sie ein Online-Formular ausf\u00fcllen. Das Formular zum Ausf\u00fcllen (ESTA-Formular) finden Sie auf der offiziellen Website der US-Regierung. Wenn Sie Hilfe bei der Beantragung des ESTA-Dokuments ben\u00f6tigen, bieten viele private Websites an, Ihre pers\u00f6nlichen Daten zu sammeln, zu \u00fcberpr\u00fcfen und in Ihrem Namen an die US-Beh\u00f6rden weiterzuleiten.  <\/p>\n\n<p>Unabh\u00e4ngig von der Methode m\u00fcssen der US-Regierung Informationen \u00fcber den Reisenden (pers\u00f6nliche Informationen und Passdaten) und \u00fcber seine Reise in die USA (Adresse vor Ort und Notfallkontakt) \u00fcbermittelt werden.<\/p>\n\n<p>Bitte beachten Sie, dass der Reisepass f\u00fcr Ihren ESTA-Antrag sehr wichtig ist, da Fehler bei der Eingabe von den elektronischen Systemen erkannt werden. Au\u00dferdem ist es wichtig, dass der Reisepass, den Sie f\u00fcr Ihren Aufenthalt in den USA verwenden, auch der Reisepass ist, der bei der Beantragung des ESTA verwendet wurde. Wenn Sie einen neuen Reisepass haben, m\u00fcssen Sie einen neuen Antrag auf Genehmigung stellen.  <\/p>\n\n<p>Die R\u00fcckkehr der US-Beh\u00f6rden erfolgt innerhalb von maximal 72 Stunden. Wenn Sie Ihr ESTA erhalten, sollten Sie wissen, dass Sie es w\u00e4hrend der gesamten G\u00fcltigkeitsdauer des Dokuments verwenden k\u00f6nnen, d.h. zwei Jahre oder bis zum Ablauf Ihres elektronischen oder biometrischen Reisepasses, falls dieser fr\u00fcher abl\u00e4uft. <\/p>\n\n<p>Wurde Ihr ESTA-Antrag abgelehnt? Es gibt keinen Grund zur Panik. \u00dcberpr\u00fcfen Sie, ob Sie bei der Beantragung der ESTA-Genehmigung die Felder des Formulars korrekt ausgef\u00fcllt haben. Der h\u00e4ufigste Fehler betrifft die Passnummer. Wenn Sie einen Fehler bemerken, ist die Ablehnung Ihres Antrags wahrscheinlich auf diesen Fehler zur\u00fcckzuf\u00fchren. In diesem Fall m\u00fcssen Sie 10 Tage warten, bevor Sie einen neuen ESTA-Antrag stellen. Sie m\u00fcssen dann nat\u00fcrlich die Geb\u00fchren f\u00fcr Ihren Antrag erneut bezahlen.     <\/p>\n\n<p>Wenn Sie kein ESTA-Dokument beantragen k\u00f6nnen, k\u00f6nnen Sie ein US-Visum bei den Konsularabteilungen der US-Botschaft beantragen.<\/p>\n","protected":false},"excerpt":{"rendered":"<p>ESTA USA ist eine Reisegenehmigung, die es bestimmten Touristen erlaubt, w\u00e4hrend eines von der US-Regierung festgelegten Zeitraums in die Vereinigten Staaten zu reisen. Diese Genehmigung erm\u00f6glicht es vielen Reisenden mit einem g\u00fcltigen Reisepass, die Vereinigten Staaten von Amerika zu besuchen, ohne ein herk\u00f6mmliches Visum beantragen zu m\u00fcssen. In diesem Artikel erfahren Sie, ob Sie berechtigt [&hellip;]<\/p>\n","protected":false},"author":1,"featured_media":0,"parent":0,"menu_order":0,"comment_status":"closed","ping_status":"closed","template":"","meta":{"hide_page_title":"","footnotes":""},"class_list":["post-701","page","type-page","status-publish","hentry"],"yoast_head":"<!-- This site is optimized with the Yoast SEO plugin v27.5 - https:\/\/yoast.com\/product\/yoast-seo-wordpress\/ -->\n<title>Wie beantrage ich ESTA? - In die USA reisen<\/title>\n<meta name=\"robots\" content=\"index, follow, max-snippet:-1, max-image-preview:large, max-video-preview:-1\" \/>\n<link rel=\"canonical\" href=\"https:\/\/www.earlham-ia.org\/de\/wie-zu-beantragen-esta\/\" \/>\n<meta property=\"og:locale\" content=\"de_DE\" \/>\n<meta property=\"og:type\" content=\"article\" \/>\n<meta property=\"og:title\" content=\"Wie beantrage ich ESTA? - In die USA reisen\" \/>\n<meta property=\"og:description\" content=\"ESTA USA ist eine Reisegenehmigung, die es bestimmten Touristen erlaubt, w\u00e4hrend eines von der US-Regierung festgelegten Zeitraums in die Vereinigten Staaten zu reisen. Diese Genehmigung erm\u00f6glicht es vielen Reisenden mit einem g\u00fcltigen Reisepass, die Vereinigten Staaten von Amerika zu besuchen, ohne ein herk\u00f6mmliches Visum beantragen zu m\u00fcssen. In diesem Artikel erfahren Sie, ob Sie berechtigt [&hellip;]\" \/>\n<meta property=\"og:url\" content=\"https:\/\/www.earlham-ia.org\/de\/wie-zu-beantragen-esta\/\" \/>\n<meta property=\"og:site_name\" content=\"In die USA reisen\" \/>\n<meta property=\"article:modified_time\" content=\"2026-05-06T12:17:28+00:00\" \/>\n<meta name=\"twitter:card\" content=\"summary_large_image\" \/>\n<meta name=\"twitter:label1\" content=\"Gesch\u00e4tzte Lesezeit\" \/>\n\t<meta name=\"twitter:data1\" content=\"3 minutes\" \/>\n<script type=\"application\/ld+json\" class=\"yoast-schema-graph\">{\"@context\":\"https:\\\/\\\/schema.org\",\"@graph\":[{\"@type\":\"WebPage\",\"@id\":\"https:\\\/\\\/www.earlham-ia.org\\\/de\\\/wie-zu-beantragen-esta\\\/\",\"url\":\"https:\\\/\\\/www.earlham-ia.org\\\/de\\\/wie-zu-beantragen-esta\\\/\",\"name\":\"Wie beantrage ich ESTA? - In die USA reisen\",\"isPartOf\":{\"@id\":\"https:\\\/\\\/www.earlham-ia.org\\\/de\\\/#website\"},\"datePublished\":\"2024-06-11T14:01:43+00:00\",\"dateModified\":\"2026-05-06T12:17:28+00:00\",\"breadcrumb\":{\"@id\":\"https:\\\/\\\/www.earlham-ia.org\\\/de\\\/wie-zu-beantragen-esta\\\/#breadcrumb\"},\"inLanguage\":\"de-DE\",\"potentialAction\":[{\"@type\":\"ReadAction\",\"target\":[\"https:\\\/\\\/www.earlham-ia.org\\\/de\\\/wie-zu-beantragen-esta\\\/\"]}]},{\"@type\":\"BreadcrumbList\",\"@id\":\"https:\\\/\\\/www.earlham-ia.org\\\/de\\\/wie-zu-beantragen-esta\\\/#breadcrumb\",\"itemListElement\":[{\"@type\":\"ListItem\",\"position\":1,\"name\":\"Accueil\",\"item\":\"https:\\\/\\\/www.earlham-ia.org\\\/de\\\/\"},{\"@type\":\"ListItem\",\"position\":2,\"name\":\"Wie beantrage ich ESTA?\"}]},{\"@type\":\"WebSite\",\"@id\":\"https:\\\/\\\/www.earlham-ia.org\\\/de\\\/#website\",\"url\":\"https:\\\/\\\/www.earlham-ia.org\\\/de\\\/\",\"name\":\"In die USA reisen\",\"description\":\"\",\"potentialAction\":[{\"@type\":\"SearchAction\",\"target\":{\"@type\":\"EntryPoint\",\"urlTemplate\":\"https:\\\/\\\/www.earlham-ia.org\\\/de\\\/?s={search_term_string}\"},\"query-input\":{\"@type\":\"PropertyValueSpecification\",\"valueRequired\":true,\"valueName\":\"search_term_string\"}}],\"inLanguage\":\"de-DE\"}]}<\/script>\n<!-- \/ Yoast SEO plugin. -->","yoast_head_json":{"title":"Wie beantrage ich ESTA? - In die USA reisen","robots":{"index":"index","follow":"follow","max-snippet":"max-snippet:-1","max-image-preview":"max-image-preview:large","max-video-preview":"max-video-preview:-1"},"canonical":"https:\/\/www.earlham-ia.org\/de\/wie-zu-beantragen-esta\/","og_locale":"de_DE","og_type":"article","og_title":"Wie beantrage ich ESTA? - In die USA reisen","og_description":"ESTA USA ist eine Reisegenehmigung, die es bestimmten Touristen erlaubt, w\u00e4hrend eines von der US-Regierung festgelegten Zeitraums in die Vereinigten Staaten zu reisen. Diese Genehmigung erm\u00f6glicht es vielen Reisenden mit einem g\u00fcltigen Reisepass, die Vereinigten Staaten von Amerika zu besuchen, ohne ein herk\u00f6mmliches Visum beantragen zu m\u00fcssen. In diesem Artikel erfahren Sie, ob Sie berechtigt [&hellip;]","og_url":"https:\/\/www.earlham-ia.org\/de\/wie-zu-beantragen-esta\/","og_site_name":"In die USA reisen","article_modified_time":"2026-05-06T12:17:28+00:00","twitter_card":"summary_large_image","twitter_misc":{"Gesch\u00e4tzte Lesezeit":"3 minutes"},"schema":{"@context":"https:\/\/schema.org","@graph":[{"@type":"WebPage","@id":"https:\/\/www.earlham-ia.org\/de\/wie-zu-beantragen-esta\/","url":"https:\/\/www.earlham-ia.org\/de\/wie-zu-beantragen-esta\/","name":"Wie beantrage ich ESTA? - In die USA reisen","isPartOf":{"@id":"https:\/\/www.earlham-ia.org\/de\/#website"},"datePublished":"2024-06-11T14:01:43+00:00","dateModified":"2026-05-06T12:17:28+00:00","breadcrumb":{"@id":"https:\/\/www.earlham-ia.org\/de\/wie-zu-beantragen-esta\/#breadcrumb"},"inLanguage":"de-DE","potentialAction":[{"@type":"ReadAction","target":["https:\/\/www.earlham-ia.org\/de\/wie-zu-beantragen-esta\/"]}]},{"@type":"BreadcrumbList","@id":"https:\/\/www.earlham-ia.org\/de\/wie-zu-beantragen-esta\/#breadcrumb","itemListElement":[{"@type":"ListItem","position":1,"name":"Accueil","item":"https:\/\/www.earlham-ia.org\/de\/"},{"@type":"ListItem","position":2,"name":"Wie beantrage ich ESTA?"}]},{"@type":"WebSite","@id":"https:\/\/www.earlham-ia.org\/de\/#website","url":"https:\/\/www.earlham-ia.org\/de\/","name":"In die USA reisen","description":"","potentialAction":[{"@type":"SearchAction","target":{"@type":"EntryPoint","urlTemplate":"https:\/\/www.earlham-ia.org\/de\/?s={search_term_string}"},"query-input":{"@type":"PropertyValueSpecification","valueRequired":true,"valueName":"search_term_string"}}],"inLanguage":"de-DE"}]}},"_links":{"self":[{"href":"https:\/\/www.earlham-ia.org\/de\/wp-json\/wp\/v2\/pages\/701","targetHints":{"allow":["GET"]}}],"collection":[{"href":"https:\/\/www.earlham-ia.org\/de\/wp-json\/wp\/v2\/pages"}],"about":[{"href":"https:\/\/www.earlham-ia.org\/de\/wp-json\/wp\/v2\/types\/page"}],"author":[{"embeddable":true,"href":"https:\/\/www.earlham-ia.org\/de\/wp-json\/wp\/v2\/users\/1"}],"replies":[{"embeddable":true,"href":"https:\/\/www.earlham-ia.org\/de\/wp-json\/wp\/v2\/comments?post=701"}],"version-history":[{"count":2,"href":"https:\/\/www.earlham-ia.org\/de\/wp-json\/wp\/v2\/pages\/701\/revisions"}],"predecessor-version":[{"id":1339,"href":"https:\/\/www.earlham-ia.org\/de\/wp-json\/wp\/v2\/pages\/701\/revisions\/1339"}],"wp:attachment":[{"href":"https:\/\/www.earlham-ia.org\/de\/wp-json\/wp\/v2\/media?parent=701"}],"curies":[{"name":"wp","href":"https:\/\/api.w.org\/{rel}","templated":true}]}}