{"id":709,"date":"2024-06-11T14:02:09","date_gmt":"2024-06-11T14:02:09","guid":{"rendered":"https:\/\/www.earlham-ia.org\/wie-zu-fullen-esta\/"},"modified":"2026-05-06T12:15:07","modified_gmt":"2026-05-06T12:15:07","slug":"wie-zu-fullen-esta","status":"publish","type":"page","link":"https:\/\/www.earlham-ia.org\/de\/wie-zu-fullen-esta\/","title":{"rendered":"Wie f\u00fclle ich das ESTA-Formular aus?"},"content":{"rendered":"\n<p>Vor der Abreise in die USA ist es f\u00fcr alle Reisenden unerl\u00e4sslich, eine Reisegenehmigung einzuholen. In die Vereinigten Staaten von Amerika reist man nicht wie in den Schengen-Raum. Ein einfacher Personalausweis reicht nicht aus. Der Tourist muss nicht nur einen g\u00fcltigen Reisepass haben, sondern auch einige Voraussetzungen erf\u00fcllen, um eine<a href=\"https:\/\/www.earlham-ia.org\/\">ESTA-Genehmigung<\/a> zu erhalten.   <\/p>\n\n<p>Um dies zu kl\u00e4ren, werden wir zun\u00e4chst auf die Bedeutung des Ausf\u00fcllens des ESTA-Formulars eingehen, bevor wir die Informationen erl\u00e4utern, die im Online-Formular abgefragt werden.<\/p>\n\n<h2 class=\"wp-block-heading\">Die Bedeutung des richtigen Ausf\u00fcllens des ESTA-Dokuments<\/h2>\n\n<p>Bevor Sie einen ESTA-Antrag ausf\u00fcllen, ist es wichtig, dass Sie feststellen, ob Sie daf\u00fcr in Frage kommen.<\/p>\n\n<h3 class=\"wp-block-heading\">F\u00fcr wen gilt das ESTA-Formular?<\/h3>\n\n<p>Das ESTA ist eine der Sicherheitsma\u00dfnahmen, die nach den Anschl\u00e4gen vom 11. September eingef\u00fchrt wurden. Der Erhalt von ESTA ist an bestimmte Bedingungen gekn\u00fcpft. <\/p>\n\n<p>Die Reisenden m\u00fcssen unbedingt :<\/p>\n\n<ul class=\"wp-block-list\">\n<li>einen biometrischen oder elektronischen Reisepass haben;<\/li>\n\n\n\n<li>aus einem Land stammen, das Mitglied des Visa Waiver Program (VWP) ist, einem US-amerikanischen Programm f\u00fcr visumfreies Reisen, das Beschr\u00e4nkungen f\u00fcr bestimmte Doppelstaatsb\u00fcrgerschaften unterliegt;<\/li>\n\n\n\n<li>auf dem Luft- oder Seeweg in die USA reisen, sei es f\u00fcr einen touristischen Aufenthalt, eine Gesch\u00e4ftsreise oder einfach nur zur Durchreise;<\/li>\n\n\n\n<li>einen vor\u00fcbergehenden Aufenthalt (maximal 90 Tage) planen.<\/li>\n<\/ul>\n\n<p>Wenn eines der oben genannten Kriterien nicht auf Sie zutrifft, brauchen Sie das ESTA nicht auszuf\u00fcllen. Gehen Sie stattdessen zur US-Botschaft, um ein USA-Visum zu beantragen. <\/p>\n\n<h3 class=\"wp-block-heading\">Warum m\u00fcssen Sie beim Ausf\u00fcllen des Online-Antrags vorsichtig sein?<\/h3>\n\n<p>Wenn Sie Ihren Antrag auf eine Aufenthaltsgenehmigung f\u00fcr die USA ausf\u00fcllen, m\u00fcssen Sie wachsam und ehrlich sein.<\/p>\n\n<p>Vorsicht ist geboten, da das ESTA nach einem Online-Antrag erteilt wird. Das auszuf\u00fcllende Formular wird automatisch von elektronischen Systemen \u00fcberpr\u00fcft. Eine einfache Ungereimtheit, wie z.B. ein Tippfehler, ist ein ausreichender Grund f\u00fcr die Ablehnung eines ESTA-Antrags. Der h\u00e4ufigste Fehler ist die Passnummer oder die Wahl des Nachnamens f\u00fcr eine verheiratete Frau (Ehename oder M\u00e4dchenname).   <\/p>\n\n<p>Ehrlichkeit spielt eine Rolle bei dem Fragebogen, der das ESTA-Formular ausf\u00fcllt. Es werden Ihnen eine Reihe von Fragen gestellt, und die Antwort, die die US-Beh\u00f6rden erwarten, damit Ihr Antrag auf Genehmigung genehmigt wird, ist &#8220;Nein&#8221;. Die US-Regierung kann zwar nicht wissen, ob eine L\u00fcge vorliegt, aber wenn sie entdeckt wird, k\u00f6nnen Sie strafrechtlich verfolgt werden und es kann ein Einreiseverbot verh\u00e4ngt werden.  <\/p>\n\n<h2 class=\"wp-block-heading\">Die Informationen, die Sie im ESTA-Formular ausf\u00fcllen m\u00fcssen<\/h2>\n\n<p>Das Ausf\u00fcllen eines ESTA ist das Ausf\u00fcllen eines Online-Formulars. Sie k\u00f6nnen das ESTA-Formular auf der offiziellen Website der US-Regierung ausf\u00fcllen oder ein vereinfachtes Formular auf einer privaten Website ausf\u00fcllen. Die private Website bietet Ihnen auch pers\u00f6nliche Unterst\u00fctzung beim korrekten Ausf\u00fcllen Ihres ESTA.  <\/p>\n\n<h3 class=\"wp-block-heading\">Ihre pers\u00f6nlichen Informationen<\/h3>\n\n<p>Beim Ausf\u00fcllen eines ESTA-Antrags m\u00fcssen Sie alle Ihre pers\u00f6nlichen Informationen angeben, von Ihrem Familienstand und Ihren Kontaktdaten bis hin zur Identifikation Ihrer Eltern und den Details Ihrer Besch\u00e4ftigung. Sie m\u00fcssen auch die Daten Ihres Reisepasses angeben: Reisepassnummer, Ausstellungs- und Ablaufdatum. Seit dem Auftreten des Coronavirus werden verst\u00e4rkt Informationen \u00fcber Ihren Gesundheitszustand ben\u00f6tigt, um Ihren Impfstatus zu erfahren.  <\/p>\n\n<h3 class=\"wp-block-heading\">Ihr Aufenthalt in den USA<\/h3>\n\n<p>Es ist nicht notwendig, Ihr Flugticket zu kaufen, bevor Sie einen ESTA-Antrag stellen, da Ihre Fluginformationen nicht abgefragt werden. Sie m\u00fcssen entscheiden, ob es sich bei dem Antrag um eine Durchreise oder einen Aufenthalt handelt. Im Falle eines Aufenthalts werden eine Adresse in den USA und ein Notfallkontakt verlangt.  <\/p>\n\n<p>Wir m\u00f6chten Sie daran erinnern, dass das ESTA eine maximale G\u00fcltigkeitsdauer von 2 Jahren hat, in denen Sie beliebig viele Kurzaufenthalte machen k\u00f6nnen. Wir empfehlen Ihnen daher, ein ESTA f\u00fcr einen Aufenthalt und nicht nur f\u00fcr eine Zwischenlandung zu beantragen, zumal das Feld f\u00fcr die Adresse vor Ort jederzeit ge\u00e4ndert werden kann. <\/p>\n\n<h3 class=\"wp-block-heading\">Ihre aktuelle Situation<\/h3>\n\n<p>Mit den bereits erw\u00e4hnten geschlossenen Fragen soll festgestellt werden, ob Sie eine Bedrohung f\u00fcr die innere Sicherheit der USA darstellen. Die Fragen beziehen sich haupts\u00e4chlich auf Ihren Gesundheitszustand, Vorstrafen, Drogenkonsum, Mitgliedschaft in einem kriminellen Netzwerk, fr\u00fchere Aufenthalte in einem Risikoland etc. <\/p>\n\n<p>Nachdem Sie den ESTA-Antrag ausgef\u00fcllt haben, m\u00fcssen Sie eine Geb\u00fchr entrichten, um Ihren Antrag zu best\u00e4tigen. Sie erhalten innerhalb von 72 Stunden eine Antwort. <\/p>\n","protected":false},"excerpt":{"rendered":"<p>Vor der Abreise in die USA ist es f\u00fcr alle Reisenden unerl\u00e4sslich, eine Reisegenehmigung einzuholen. In die Vereinigten Staaten von Amerika reist man nicht wie in den Schengen-Raum. Ein einfacher Personalausweis reicht nicht aus. Der Tourist muss nicht nur einen g\u00fcltigen Reisepass haben, sondern auch einige Voraussetzungen erf\u00fcllen, um eineESTA-Genehmigung zu erhalten. Um dies zu [&hellip;]<\/p>\n","protected":false},"author":1,"featured_media":0,"parent":0,"menu_order":0,"comment_status":"closed","ping_status":"closed","template":"","meta":{"hide_page_title":"","footnotes":""},"class_list":["post-709","page","type-page","status-publish","hentry"],"yoast_head":"<!-- This site is optimized with the Yoast SEO plugin v27.5 - https:\/\/yoast.com\/product\/yoast-seo-wordpress\/ -->\n<title>Wie f\u00fclle ich das ESTA-Formular aus? - In die USA reisen<\/title>\n<meta name=\"robots\" content=\"index, follow, max-snippet:-1, max-image-preview:large, max-video-preview:-1\" \/>\n<link rel=\"canonical\" href=\"https:\/\/www.earlham-ia.org\/de\/wie-zu-fullen-esta\/\" \/>\n<meta property=\"og:locale\" content=\"de_DE\" \/>\n<meta property=\"og:type\" content=\"article\" \/>\n<meta property=\"og:title\" content=\"Wie f\u00fclle ich das ESTA-Formular aus? - In die USA reisen\" \/>\n<meta property=\"og:description\" content=\"Vor der Abreise in die USA ist es f\u00fcr alle Reisenden unerl\u00e4sslich, eine Reisegenehmigung einzuholen. In die Vereinigten Staaten von Amerika reist man nicht wie in den Schengen-Raum. Ein einfacher Personalausweis reicht nicht aus. Der Tourist muss nicht nur einen g\u00fcltigen Reisepass haben, sondern auch einige Voraussetzungen erf\u00fcllen, um eineESTA-Genehmigung zu erhalten. Um dies zu [&hellip;]\" \/>\n<meta property=\"og:url\" content=\"https:\/\/www.earlham-ia.org\/de\/wie-zu-fullen-esta\/\" \/>\n<meta property=\"og:site_name\" content=\"In die USA reisen\" \/>\n<meta property=\"article:modified_time\" content=\"2026-05-06T12:15:07+00:00\" \/>\n<meta name=\"twitter:card\" content=\"summary_large_image\" \/>\n<meta name=\"twitter:label1\" content=\"Gesch\u00e4tzte Lesezeit\" \/>\n\t<meta name=\"twitter:data1\" content=\"4 minutes\" \/>\n<script type=\"application\/ld+json\" class=\"yoast-schema-graph\">{\"@context\":\"https:\\\/\\\/schema.org\",\"@graph\":[{\"@type\":\"WebPage\",\"@id\":\"https:\\\/\\\/www.earlham-ia.org\\\/de\\\/wie-zu-fullen-esta\\\/\",\"url\":\"https:\\\/\\\/www.earlham-ia.org\\\/de\\\/wie-zu-fullen-esta\\\/\",\"name\":\"Wie f\u00fclle ich das ESTA-Formular aus? - In die USA reisen\",\"isPartOf\":{\"@id\":\"https:\\\/\\\/www.earlham-ia.org\\\/de\\\/#website\"},\"datePublished\":\"2024-06-11T14:02:09+00:00\",\"dateModified\":\"2026-05-06T12:15:07+00:00\",\"breadcrumb\":{\"@id\":\"https:\\\/\\\/www.earlham-ia.org\\\/de\\\/wie-zu-fullen-esta\\\/#breadcrumb\"},\"inLanguage\":\"de-DE\",\"potentialAction\":[{\"@type\":\"ReadAction\",\"target\":[\"https:\\\/\\\/www.earlham-ia.org\\\/de\\\/wie-zu-fullen-esta\\\/\"]}]},{\"@type\":\"BreadcrumbList\",\"@id\":\"https:\\\/\\\/www.earlham-ia.org\\\/de\\\/wie-zu-fullen-esta\\\/#breadcrumb\",\"itemListElement\":[{\"@type\":\"ListItem\",\"position\":1,\"name\":\"Accueil\",\"item\":\"https:\\\/\\\/www.earlham-ia.org\\\/de\\\/\"},{\"@type\":\"ListItem\",\"position\":2,\"name\":\"Wie f\u00fclle ich das ESTA-Formular aus?\"}]},{\"@type\":\"WebSite\",\"@id\":\"https:\\\/\\\/www.earlham-ia.org\\\/de\\\/#website\",\"url\":\"https:\\\/\\\/www.earlham-ia.org\\\/de\\\/\",\"name\":\"In die USA reisen\",\"description\":\"\",\"potentialAction\":[{\"@type\":\"SearchAction\",\"target\":{\"@type\":\"EntryPoint\",\"urlTemplate\":\"https:\\\/\\\/www.earlham-ia.org\\\/de\\\/?s={search_term_string}\"},\"query-input\":{\"@type\":\"PropertyValueSpecification\",\"valueRequired\":true,\"valueName\":\"search_term_string\"}}],\"inLanguage\":\"de-DE\"}]}<\/script>\n<!-- \/ Yoast SEO plugin. -->","yoast_head_json":{"title":"Wie f\u00fclle ich das ESTA-Formular aus? - In die USA reisen","robots":{"index":"index","follow":"follow","max-snippet":"max-snippet:-1","max-image-preview":"max-image-preview:large","max-video-preview":"max-video-preview:-1"},"canonical":"https:\/\/www.earlham-ia.org\/de\/wie-zu-fullen-esta\/","og_locale":"de_DE","og_type":"article","og_title":"Wie f\u00fclle ich das ESTA-Formular aus? - In die USA reisen","og_description":"Vor der Abreise in die USA ist es f\u00fcr alle Reisenden unerl\u00e4sslich, eine Reisegenehmigung einzuholen. In die Vereinigten Staaten von Amerika reist man nicht wie in den Schengen-Raum. Ein einfacher Personalausweis reicht nicht aus. Der Tourist muss nicht nur einen g\u00fcltigen Reisepass haben, sondern auch einige Voraussetzungen erf\u00fcllen, um eineESTA-Genehmigung zu erhalten. Um dies zu [&hellip;]","og_url":"https:\/\/www.earlham-ia.org\/de\/wie-zu-fullen-esta\/","og_site_name":"In die USA reisen","article_modified_time":"2026-05-06T12:15:07+00:00","twitter_card":"summary_large_image","twitter_misc":{"Gesch\u00e4tzte Lesezeit":"4 minutes"},"schema":{"@context":"https:\/\/schema.org","@graph":[{"@type":"WebPage","@id":"https:\/\/www.earlham-ia.org\/de\/wie-zu-fullen-esta\/","url":"https:\/\/www.earlham-ia.org\/de\/wie-zu-fullen-esta\/","name":"Wie f\u00fclle ich das ESTA-Formular aus? - In die USA reisen","isPartOf":{"@id":"https:\/\/www.earlham-ia.org\/de\/#website"},"datePublished":"2024-06-11T14:02:09+00:00","dateModified":"2026-05-06T12:15:07+00:00","breadcrumb":{"@id":"https:\/\/www.earlham-ia.org\/de\/wie-zu-fullen-esta\/#breadcrumb"},"inLanguage":"de-DE","potentialAction":[{"@type":"ReadAction","target":["https:\/\/www.earlham-ia.org\/de\/wie-zu-fullen-esta\/"]}]},{"@type":"BreadcrumbList","@id":"https:\/\/www.earlham-ia.org\/de\/wie-zu-fullen-esta\/#breadcrumb","itemListElement":[{"@type":"ListItem","position":1,"name":"Accueil","item":"https:\/\/www.earlham-ia.org\/de\/"},{"@type":"ListItem","position":2,"name":"Wie f\u00fclle ich das ESTA-Formular aus?"}]},{"@type":"WebSite","@id":"https:\/\/www.earlham-ia.org\/de\/#website","url":"https:\/\/www.earlham-ia.org\/de\/","name":"In die USA reisen","description":"","potentialAction":[{"@type":"SearchAction","target":{"@type":"EntryPoint","urlTemplate":"https:\/\/www.earlham-ia.org\/de\/?s={search_term_string}"},"query-input":{"@type":"PropertyValueSpecification","valueRequired":true,"valueName":"search_term_string"}}],"inLanguage":"de-DE"}]}},"_links":{"self":[{"href":"https:\/\/www.earlham-ia.org\/de\/wp-json\/wp\/v2\/pages\/709","targetHints":{"allow":["GET"]}}],"collection":[{"href":"https:\/\/www.earlham-ia.org\/de\/wp-json\/wp\/v2\/pages"}],"about":[{"href":"https:\/\/www.earlham-ia.org\/de\/wp-json\/wp\/v2\/types\/page"}],"author":[{"embeddable":true,"href":"https:\/\/www.earlham-ia.org\/de\/wp-json\/wp\/v2\/users\/1"}],"replies":[{"embeddable":true,"href":"https:\/\/www.earlham-ia.org\/de\/wp-json\/wp\/v2\/comments?post=709"}],"version-history":[{"count":2,"href":"https:\/\/www.earlham-ia.org\/de\/wp-json\/wp\/v2\/pages\/709\/revisions"}],"predecessor-version":[{"id":1302,"href":"https:\/\/www.earlham-ia.org\/de\/wp-json\/wp\/v2\/pages\/709\/revisions\/1302"}],"wp:attachment":[{"href":"https:\/\/www.earlham-ia.org\/de\/wp-json\/wp\/v2\/media?parent=709"}],"curies":[{"name":"wp","href":"https:\/\/api.w.org\/{rel}","templated":true}]}}