{"id":725,"date":"2024-06-11T14:03:07","date_gmt":"2024-06-11T14:03:07","guid":{"rendered":"https:\/\/www.earlham-ia.org\/wie-wenn-esta-akzeptiert-wird\/"},"modified":"2026-05-06T12:16:58","modified_gmt":"2026-05-06T12:16:58","slug":"wie-wenn-esta-akzeptiert-wird","status":"publish","type":"page","link":"https:\/\/www.earlham-ia.org\/de\/wie-wenn-esta-akzeptiert-wird\/","title":{"rendered":"Wie k\u00f6nnen Sie feststellen, ob Ihr ESTA akzeptiert wird?"},"content":{"rendered":"\n<p>M\u00f6chten Sie den amerikanischen Traum leben und eine Reise in die USA unternehmen? F\u00fcr die Einreise in die USA ist eine Genehmigung erforderlich.<a href=\"https:\/\/www.earlham-ia.org\/de\/\">ESTA ist weniger aufwendig als ein Visum und die am h\u00e4ufigsten beantragteReisegenehmigung<\/a>. Die Beantragung erfolgt durch Ausf\u00fcllen eines Online-Formulars auf der offiziellen Website der US-Regierung oder \u00fcber eine private Website.   <\/p>\n\n<p>Sie haben das Formular mit Ihren pers\u00f6nlichen Daten und den Daten in Ihrem biometrischen oder elektronischen Reisepass (Ausstellungsdatum, Ablaufdatum, Passnummer) ausgef\u00fcllt und die Fragen zu Ihrer medizinischen Vorgeschichte und Ihren Vorstrafen beantwortet? Sie warten auf eine Antwort der US-Beh\u00f6rden, nachdem Sie die Bearbeitungsgeb\u00fchr bezahlt haben? <\/p>\n\n<p>Hier erkl\u00e4ren wir Ihnen die verschiedenen Situationen, die nach einem ESTA USA-Antrag auftreten k\u00f6nnen, wie Sie herausfinden k\u00f6nnen, ob Ihr Antrag angenommen wurde, und was Sie tun m\u00fcssen, wenn Ihr Antrag abgelehnt wurde. Wir w\u00fcnschen Ihnen viel Spa\u00df beim Lesen und hoffentlich eine gute Reise in die Vereinigten Staaten von Amerika. <\/p>\n\n<h2 class=\"wp-block-heading\">Wo finde ich die Antwort auf einen ESTA-Antrag?<\/h2>\n\n<p>Es kann sein, dass Sie sofort eine Antwort erhalten, aber Sie sollten mit einer Frist von h\u00f6chstens 72 Stunden rechnen. Die Antwort der US-Beh\u00f6rden dauert nie l\u00e4nger als drei Tage. Je nachdem, ob Sie Ihren ESTA-Antrag direkt auf der offiziellen Website der US-Regierung oder auf einer privaten Website gestellt haben, ist die Vorgehensweise bei der \u00dcberpr\u00fcfung des Status etwas anders.  <\/p>\n\n<p>Um den Status Ihres Antrags nach einer Bestellung direkt auf der offiziellen Website zu \u00fcberpr\u00fcfen, gehen Sie einfach auf die Website zur\u00fcck und klicken Sie auf &#8220;Individuellen Status \u00fcberpr\u00fcfen&#8221; (oder Gruppenstatus, je nachdem, welche Art von Antrag Sie gestellt haben). Sie m\u00fcssen dann Ihre Passnummer, Ihr Geburtsdatum und Ihre Antragsnummer eingeben, um auf Ihre Akte zuzugreifen und zu \u00fcberpr\u00fcfen, ob Ihnen ESTA gew\u00e4hrt wird oder nicht. Wenn Sie die Antragsnummer nicht kennen, geben Sie Ihre Passnummer, das Land der Staatsb\u00fcrgerschaft, das Ausstellungsdatum und das Ablaufdatum des g\u00fcltigen Passes sowie Ihr Geburtsdatum ein.  <\/p>\n\n<p>Bei einer Bestellung \u00fcber eine private Website wird Ihnen wahrscheinlich eine E-Mail zugesandt. Wenn dies nicht der Fall ist, gehen Sie bitte in Ihren pers\u00f6nlichen Bereich oder auf die Website der US-Regierung. <\/p>\n\n<h2 class=\"wp-block-heading\">Die 3 m\u00f6glichen ESTA-Status: angenommen, anh\u00e4ngig, abgelehnt<\/h2>\n\n<p>Jetzt, da Sie Zugang zu Ihrer Akte haben, bereiten Sie sich darauf vor, die Antwort der US-Beh\u00f6rden zu erfahren. Sie sollten wissen, dass es drei m\u00f6gliche Antworten gibt. Im Folgenden finden Sie die Erkl\u00e4rungen.  <\/p>\n\n<ul class=\"wp-block-list\">\n<li><strong>Der ESTA-Antrag ist anh\u00e4ngig<\/strong>: Dieser Status informiert den Reisenden, dass sein Antrag bearbeitet wird und dass er innerhalb von 72 Stunden eine Antwort erhalten wird. Dies ist kein schlechtes Zeichen, da dieser Status v\u00f6llig neutral ist und nicht auf einen negativen Bescheid hindeutet. <\/li>\n\n\n\n<li><strong>Der ESTA-Antrag wurde bewilligt<\/strong>: Sie erf\u00fcllen die Kriterien f\u00fcr die Berechtigung. Herzlichen Gl\u00fcckwunsch, das bedeutet, dass Sie Ihren Aufenthalt in den USA planen k\u00f6nnen. Zur Erinnerung: Nur ausl\u00e4ndische Staatsangeh\u00f6rige aus L\u00e4ndern, die am Visa Waiver Program teilnehmen, k\u00f6nnen einen ESTA-Antrag stellen, wenn der Aufenthalt in den USA (oder die Durchreise) per Flugzeug oder Schiff erfolgt, nicht l\u00e4nger als 90 Tage dauert und eine touristische oder gesch\u00e4ftliche Reise ist.  <\/li>\n\n\n\n<li><strong>Der ESTA-Antrag wurde abgelehnt<\/strong>: Theoretisch k\u00f6nnen Sie nicht mit ESTA in die USA reisen. Wenn Sie nicht berechtigt sind, m\u00fcssen Sie bei der US-Botschaft ein Visum beantragen und dabei darauf achten, dass Sie das richtige US-Visum f\u00fcr Ihren Fall ausw\u00e4hlen. Wenn Sie f\u00f6rderf\u00e4hig sind, hat sich wahrscheinlich ein Fehler in Ihr Formular eingeschlichen und die elektronischen Systeme haben die Anomalie bemerkt. Warten Sie 10 Tage und stellen Sie einen neuen Antrag, indem Sie alle Felder des ESTA-Formulars sorgf\u00e4ltig \u00fcberpr\u00fcfen oder holen Sie sich Hilfe von einer privaten Website.   <\/li>\n<\/ul>\n\n<h2 class=\"wp-block-heading\">Was geschieht mit einem akzeptierten ESTA?<\/h2>\n\n<p>Der Besitz eines ESTA entbindet Sie nicht von anderen Formalit\u00e4ten: Sobald Sie amerikanischen Boden betreten, m\u00fcssen Sie durch den Zoll, und der Einwanderungsbeamte entscheidet, ob Ihr Aufenthalt genehmigt wird oder nicht. Bereiten Sie sich zum Beispiel darauf vor, Ihr R\u00fcckflugticket oder Ihr Ausreiseticket bei einem Zwischenstopp vorzulegen. Sie brauchen Ihr ESTA nicht auszudrucken, da es automatisch mit Ihrem Reisepass verkn\u00fcpft wird.  <\/p>\n\n<p>Das ESTA ist f\u00fcr mehrere Einreisen w\u00e4hrend seiner G\u00fcltigkeitsdauer g\u00fcltig. Die offizielle G\u00fcltigkeitsdauer betr\u00e4gt 2 Jahre, kann aber auch k\u00fcrzer sein, da sie vom Ablaufdatum Ihres Reisepasses abh\u00e4ngt. Wenn Sie einen neuen Reisepass erhalten, denken Sie daran, einen neuen Antrag auf ESTA-Genehmigung zu stellen.  <\/p>\n","protected":false},"excerpt":{"rendered":"<p>M\u00f6chten Sie den amerikanischen Traum leben und eine Reise in die USA unternehmen? F\u00fcr die Einreise in die USA ist eine Genehmigung erforderlich.ESTA ist weniger aufwendig als ein Visum und die am h\u00e4ufigsten beantragteReisegenehmigung. Die Beantragung erfolgt durch Ausf\u00fcllen eines Online-Formulars auf der offiziellen Website der US-Regierung oder \u00fcber eine private Website. Sie haben das [&hellip;]<\/p>\n","protected":false},"author":1,"featured_media":0,"parent":0,"menu_order":0,"comment_status":"closed","ping_status":"closed","template":"","meta":{"hide_page_title":"","footnotes":""},"class_list":["post-725","page","type-page","status-publish","hentry"],"yoast_head":"<!-- This site is optimized with the Yoast SEO plugin v27.5 - https:\/\/yoast.com\/product\/yoast-seo-wordpress\/ -->\n<title>Wie k\u00f6nnen Sie feststellen, ob Ihr ESTA akzeptiert wird? - In die USA reisen<\/title>\n<meta name=\"robots\" content=\"index, follow, max-snippet:-1, max-image-preview:large, max-video-preview:-1\" \/>\n<link rel=\"canonical\" href=\"https:\/\/www.earlham-ia.org\/de\/wie-wenn-esta-akzeptiert-wird\/\" \/>\n<meta property=\"og:locale\" content=\"de_DE\" \/>\n<meta property=\"og:type\" content=\"article\" \/>\n<meta property=\"og:title\" content=\"Wie k\u00f6nnen Sie feststellen, ob Ihr ESTA akzeptiert wird? - In die USA reisen\" \/>\n<meta property=\"og:description\" content=\"M\u00f6chten Sie den amerikanischen Traum leben und eine Reise in die USA unternehmen? F\u00fcr die Einreise in die USA ist eine Genehmigung erforderlich.ESTA ist weniger aufwendig als ein Visum und die am h\u00e4ufigsten beantragteReisegenehmigung. Die Beantragung erfolgt durch Ausf\u00fcllen eines Online-Formulars auf der offiziellen Website der US-Regierung oder \u00fcber eine private Website. Sie haben das [&hellip;]\" \/>\n<meta property=\"og:url\" content=\"https:\/\/www.earlham-ia.org\/de\/wie-wenn-esta-akzeptiert-wird\/\" \/>\n<meta property=\"og:site_name\" content=\"In die USA reisen\" \/>\n<meta property=\"article:modified_time\" content=\"2026-05-06T12:16:58+00:00\" \/>\n<meta name=\"twitter:card\" content=\"summary_large_image\" \/>\n<meta name=\"twitter:label1\" content=\"Gesch\u00e4tzte Lesezeit\" \/>\n\t<meta name=\"twitter:data1\" content=\"4 minutes\" \/>\n<script type=\"application\/ld+json\" class=\"yoast-schema-graph\">{\"@context\":\"https:\\\/\\\/schema.org\",\"@graph\":[{\"@type\":\"WebPage\",\"@id\":\"https:\\\/\\\/www.earlham-ia.org\\\/de\\\/wie-wenn-esta-akzeptiert-wird\\\/\",\"url\":\"https:\\\/\\\/www.earlham-ia.org\\\/de\\\/wie-wenn-esta-akzeptiert-wird\\\/\",\"name\":\"Wie k\u00f6nnen Sie feststellen, ob Ihr ESTA akzeptiert wird? - In die USA reisen\",\"isPartOf\":{\"@id\":\"https:\\\/\\\/www.earlham-ia.org\\\/de\\\/#website\"},\"datePublished\":\"2024-06-11T14:03:07+00:00\",\"dateModified\":\"2026-05-06T12:16:58+00:00\",\"breadcrumb\":{\"@id\":\"https:\\\/\\\/www.earlham-ia.org\\\/de\\\/wie-wenn-esta-akzeptiert-wird\\\/#breadcrumb\"},\"inLanguage\":\"de-DE\",\"potentialAction\":[{\"@type\":\"ReadAction\",\"target\":[\"https:\\\/\\\/www.earlham-ia.org\\\/de\\\/wie-wenn-esta-akzeptiert-wird\\\/\"]}]},{\"@type\":\"BreadcrumbList\",\"@id\":\"https:\\\/\\\/www.earlham-ia.org\\\/de\\\/wie-wenn-esta-akzeptiert-wird\\\/#breadcrumb\",\"itemListElement\":[{\"@type\":\"ListItem\",\"position\":1,\"name\":\"Accueil\",\"item\":\"https:\\\/\\\/www.earlham-ia.org\\\/de\\\/\"},{\"@type\":\"ListItem\",\"position\":2,\"name\":\"Wie k\u00f6nnen Sie feststellen, ob Ihr ESTA akzeptiert wird?\"}]},{\"@type\":\"WebSite\",\"@id\":\"https:\\\/\\\/www.earlham-ia.org\\\/de\\\/#website\",\"url\":\"https:\\\/\\\/www.earlham-ia.org\\\/de\\\/\",\"name\":\"In die USA reisen\",\"description\":\"\",\"potentialAction\":[{\"@type\":\"SearchAction\",\"target\":{\"@type\":\"EntryPoint\",\"urlTemplate\":\"https:\\\/\\\/www.earlham-ia.org\\\/de\\\/?s={search_term_string}\"},\"query-input\":{\"@type\":\"PropertyValueSpecification\",\"valueRequired\":true,\"valueName\":\"search_term_string\"}}],\"inLanguage\":\"de-DE\"}]}<\/script>\n<!-- \/ Yoast SEO plugin. -->","yoast_head_json":{"title":"Wie k\u00f6nnen Sie feststellen, ob Ihr ESTA akzeptiert wird? - In die USA reisen","robots":{"index":"index","follow":"follow","max-snippet":"max-snippet:-1","max-image-preview":"max-image-preview:large","max-video-preview":"max-video-preview:-1"},"canonical":"https:\/\/www.earlham-ia.org\/de\/wie-wenn-esta-akzeptiert-wird\/","og_locale":"de_DE","og_type":"article","og_title":"Wie k\u00f6nnen Sie feststellen, ob Ihr ESTA akzeptiert wird? - In die USA reisen","og_description":"M\u00f6chten Sie den amerikanischen Traum leben und eine Reise in die USA unternehmen? F\u00fcr die Einreise in die USA ist eine Genehmigung erforderlich.ESTA ist weniger aufwendig als ein Visum und die am h\u00e4ufigsten beantragteReisegenehmigung. Die Beantragung erfolgt durch Ausf\u00fcllen eines Online-Formulars auf der offiziellen Website der US-Regierung oder \u00fcber eine private Website. Sie haben das [&hellip;]","og_url":"https:\/\/www.earlham-ia.org\/de\/wie-wenn-esta-akzeptiert-wird\/","og_site_name":"In die USA reisen","article_modified_time":"2026-05-06T12:16:58+00:00","twitter_card":"summary_large_image","twitter_misc":{"Gesch\u00e4tzte Lesezeit":"4 minutes"},"schema":{"@context":"https:\/\/schema.org","@graph":[{"@type":"WebPage","@id":"https:\/\/www.earlham-ia.org\/de\/wie-wenn-esta-akzeptiert-wird\/","url":"https:\/\/www.earlham-ia.org\/de\/wie-wenn-esta-akzeptiert-wird\/","name":"Wie k\u00f6nnen Sie feststellen, ob Ihr ESTA akzeptiert wird? - In die USA reisen","isPartOf":{"@id":"https:\/\/www.earlham-ia.org\/de\/#website"},"datePublished":"2024-06-11T14:03:07+00:00","dateModified":"2026-05-06T12:16:58+00:00","breadcrumb":{"@id":"https:\/\/www.earlham-ia.org\/de\/wie-wenn-esta-akzeptiert-wird\/#breadcrumb"},"inLanguage":"de-DE","potentialAction":[{"@type":"ReadAction","target":["https:\/\/www.earlham-ia.org\/de\/wie-wenn-esta-akzeptiert-wird\/"]}]},{"@type":"BreadcrumbList","@id":"https:\/\/www.earlham-ia.org\/de\/wie-wenn-esta-akzeptiert-wird\/#breadcrumb","itemListElement":[{"@type":"ListItem","position":1,"name":"Accueil","item":"https:\/\/www.earlham-ia.org\/de\/"},{"@type":"ListItem","position":2,"name":"Wie k\u00f6nnen Sie feststellen, ob Ihr ESTA akzeptiert wird?"}]},{"@type":"WebSite","@id":"https:\/\/www.earlham-ia.org\/de\/#website","url":"https:\/\/www.earlham-ia.org\/de\/","name":"In die USA reisen","description":"","potentialAction":[{"@type":"SearchAction","target":{"@type":"EntryPoint","urlTemplate":"https:\/\/www.earlham-ia.org\/de\/?s={search_term_string}"},"query-input":{"@type":"PropertyValueSpecification","valueRequired":true,"valueName":"search_term_string"}}],"inLanguage":"de-DE"}]}},"_links":{"self":[{"href":"https:\/\/www.earlham-ia.org\/de\/wp-json\/wp\/v2\/pages\/725","targetHints":{"allow":["GET"]}}],"collection":[{"href":"https:\/\/www.earlham-ia.org\/de\/wp-json\/wp\/v2\/pages"}],"about":[{"href":"https:\/\/www.earlham-ia.org\/de\/wp-json\/wp\/v2\/types\/page"}],"author":[{"embeddable":true,"href":"https:\/\/www.earlham-ia.org\/de\/wp-json\/wp\/v2\/users\/1"}],"replies":[{"embeddable":true,"href":"https:\/\/www.earlham-ia.org\/de\/wp-json\/wp\/v2\/comments?post=725"}],"version-history":[{"count":2,"href":"https:\/\/www.earlham-ia.org\/de\/wp-json\/wp\/v2\/pages\/725\/revisions"}],"predecessor-version":[{"id":1325,"href":"https:\/\/www.earlham-ia.org\/de\/wp-json\/wp\/v2\/pages\/725\/revisions\/1325"}],"wp:attachment":[{"href":"https:\/\/www.earlham-ia.org\/de\/wp-json\/wp\/v2\/media?parent=725"}],"curies":[{"name":"wp","href":"https:\/\/api.w.org\/{rel}","templated":true}]}}