{"id":733,"date":"2024-06-11T14:03:48","date_gmt":"2024-06-11T14:03:48","guid":{"rendered":"https:\/\/www.earlham-ia.org\/welches-dokument-fur-den-einstieg-in-die-usa\/"},"modified":"2026-05-06T12:09:41","modified_gmt":"2026-05-06T12:09:41","slug":"welches-dokument-fur-den-einstieg-in-die-usa","status":"publish","type":"page","link":"https:\/\/www.earlham-ia.org\/de\/","title":{"rendered":"EARLHAM IA"},"content":{"rendered":"\n<p>Seit einigen Jahren ist ein <strong>Kurzaufenthalt in den USA<\/strong> zu einem Kinderspiel geworden. Der amerikanische Traum ist dank der <strong>ESTA-Genehmigung<\/strong> leichter zug\u00e4nglich geworden. <\/p>\n\n<p><\/p>\n\n<p>Ist der ESTA-Antrag \u00e4hnlich wie der Antrag f\u00fcr ein b2-Touristenvisum f\u00fcr die USA? Wir beantworten diese Frage, indem wir Ihnen erkl\u00e4ren, was die ESTA-Genehmigung ist. <\/p>\n\n<h2 class=\"wp-block-heading\">ESTA vor der Beantragung im Fokus<\/h2>\n\n<p>Um in die USA reisen zu k\u00f6nnen, ben\u00f6tigen Reisende eine Reisegenehmigung. Ohne eine solche Genehmigung ist es nicht m\u00f6glich, ein Flugzeug oder ein Schiff in die Vereinigten Staaten von Amerika zu besteigen. <\/p>\n\n<h3 class=\"wp-block-heading\">Warum wurde die ESTA-Genehmigung eingef\u00fchrt?<\/h3>\n\n<p>Die ESTA-Genehmigung wurde 2009 aus einem Hauptgrund eingef\u00fchrt: die nationale Sicherheit der USA zu st\u00e4rken und gleichzeitig die Touristenstr\u00f6me in die USA aufrechtzuerhalten. Die Einf\u00fchrung des Programms f\u00fcr visumfreies Reisen entlastete die US-Botschaften und steigerte die Attraktivit\u00e4t der USA f\u00fcr Touristen, aber es war nicht m\u00f6glich, Reisende vor der Einreise in die USA wirksam zu kontrollieren. Mit ESTA ist dies nun der Fall.  <\/p>\n\n<h3 class=\"wp-block-heading\">Wer kann ein ESTA beantragen?<\/h3>\n\n<p>Um einen ESTA-Auftrag zu erteilen, m\u00fcssen Sie Ihre ESTA-F\u00e4higkeit \u00fcberpr\u00fcfen. Nachfolgend finden Sie die Kriterien, die Sie erf\u00fcllen m\u00fcssen, um ESTA-berechtigt zu sein: <\/p>\n\n<ul class=\"wp-block-list\">\n<li>Staatsangeh\u00f6riger eines der L\u00e4nder sein, die am Programm f\u00fcr visumfreies Reisen (Visa Waiver Program) teilnehmen;<\/li>\n\n\n\n<li>einen g\u00fcltigen elektronischen oder biometrischen Reisepass besitzen;<\/li>\n\n\n\n<li>Reisen in die USA f\u00fcr Tourismus, Gesch\u00e4ft oder Transit;<\/li>\n\n\n\n<li>keine Bedrohung f\u00fcr die innere Sicherheit der USA darstellen;<\/li>\n\n\n\n<li>einen <a href=\"https:\/\/www.earlham-ia.org\/de\/oder-machen-sie-einen-roadtrip-durch-nordamerika\/\">Aufenthalt von h\u00f6chstens 90 Tagen in den USA<\/a> absolvieren.<\/li>\n<\/ul>\n\n<div style=\"height:20px\" aria-hidden=\"true\" class=\"wp-block-spacer\"><\/div>\n\n<p>Wenn ein Reisender nicht f\u00fcr eine ESTA-Genehmigung in Frage kommt, kann er ein Visum beantragen oder sich um eine Green Card f\u00fcr die USA bewerben.<\/p>\n\n<div style=\"height:25px\" aria-hidden=\"true\" class=\"wp-block-spacer\"><\/div>\n\n<h3 class=\"wp-block-heading\">Wie funktioniert ESTA?<\/h3>\n\n<p>Das ESTA ist eine elektronische Reisegenehmigung, d.h. es ist elektronisch mit dem Reisepass verbunden, der bei der Beantragung verwendet wurde. Wenn Sie Ihren Reisepass w\u00e4hrend der G\u00fcltigkeitsdauer des ESTA \u00e4ndern, m\u00fcssen Sie einen neuen ESTA-Antrag mit dem neuen Reisepass stellen. <\/p>\n\n<p>Die Genehmigung ist maximal zwei Jahre lang g\u00fcltig. Die G\u00fcltigkeitsdauer kann k\u00fcrzer sein, wenn Ihr Reisepass vorher abl\u00e4uft. Mit einem g\u00fcltigen ESTA k\u00f6nnen Sie so oft in die USA reisen, wie Sie m\u00f6chten, vorausgesetzt, Sie halten sich an die Bedingungen des ESTA hinsichtlich der Art und Dauer des Aufenthalts. Sie m\u00fcssen also nicht f\u00fcr jede Reise in die USA ein ESTA beantragen.   <\/p>\n\n<p><\/p>\n\n<h2 class=\"wp-block-heading\">Wie beantrage ich eine ESTA-Genehmigung?<\/h2>\n\n<p>Der ESTA-Antrag ist relativ einfach, insbesondere im Vergleich zu einem US-Visum, das ein Gespr\u00e4ch mit einem Konsularbeamten in der US-Botschaft erfordert.<\/p>\n\n<p>F\u00fcr einen ESTA-Antrag ist keine Reise erforderlich. Sie k\u00f6nnen den Antrag online stellen, indem Sie das ESTA-Formular auf der offiziellen US-Website ausf\u00fcllen und die Geb\u00fchr von 21 USD direkt per Online-Bankkarte bezahlen. <\/p>\n\n<h3 class=\"wp-block-heading\">Der ESTA-Antrag auf der offiziellen Website der US-Regierung<\/h3>\n\n<p>Sie k\u00f6nnen den Online-Fragebogen selbst ausf\u00fcllen, indem Sie auf die <a href=\"https:\/\/esta.cbp.dhs.gov\/\">Website der US-Regierung<\/a> gehen. Es m\u00fcssen mehrere Abschnitte ausgef\u00fcllt werden. Der erste Teil ist Ihren pers\u00f6nlichen Daten gewidmet (Identit\u00e4t, Besch\u00e4ftigung, g\u00fcltiger Reisepass usw.), der zweite Teil dient dazu, Ihre Reisemotive zu verstehen und Informationen z.B. \u00fcber einen Notfallkontakt zu erhalten. Schlie\u00dflich ist der dritte Teil vollst\u00e4ndig der Vorgeschichte gewidmet, sowohl der Vorstrafe als auch der medizinischen Vorgeschichte. Wie bei einer privaten Website wird Ihre Bestellung erst durch die Zahlung des ESTA-Antrags g\u00fcltig.    <\/p>\n\n<h2 class=\"wp-block-heading\">Der ESTA-Status nach einem Online-Antrag<\/h2>\n\n<p>Das Ausf\u00fcllen des ESTA-Formulars ist keine Garantie f\u00fcr den Erhalt des Antrags. Es ist m\u00f6glich, dass Ihr ESTA-Antrag angenommen, zur\u00fcckgestellt oder abgelehnt wird. Der Bescheid kann sofort oder innerhalb von 72 Stunden erteilt werden.  <\/p>\n\n<p>Ein bewilligter Antrag berechtigt selbstverst\u00e4ndlich zur Reise in die USA. Ein anh\u00e4ngiger Antrag erfordert Geduld, da die endg\u00fcltige Entscheidung erst sp\u00e4ter (innerhalb von maximal 3 Tagen) getroffen wird. Ein abgelehnter Antrag bringt den Reisenden in eine etwas kompliziertere Situation. Wenn der Antrag aufgrund eines Eingabefehlers im Antragsformular abgelehnt wird, kann innerhalb von 10 Tagen ein neuer Versuch unternommen werden. Wenn die Ablehnung mit der Nichterf\u00fcllung eines Berechtigungskriteriums begr\u00fcndet wird, muss ein Visum bei den US-Konsularbeh\u00f6rden beantragt werden.    <\/p>\n\n<h2 class=\"wp-block-heading\">Kann ich mit einer ESTA-Genehmigung nach Kanada oder England reisen?<\/h2>\n\n<p>ESTA ist eine US-amerikanische Genehmigung, die nur die Einreise in die USA erlaubt. F\u00fcr die Einreise nach Kanada ben\u00f6tigen Sie eine eTA Canada Genehmigung. Diese kann ebenso wie die ESTA-Genehmigung ganz einfach online beantragt werden. Die europ\u00e4ischen L\u00e4nder haben ebenfalls ein elektronisches Reisegenehmigungssystem eingef\u00fchrt.   <\/p>\n\n<p>Die Briten f\u00fchrten 2024 ihre <a href=\"https:\/\/uk-gb.net\/de\/eta-england-vereinigtes-konigreich\/\">eTA-Reisegenehmigung f\u00fcr das Vereinigte K\u00f6nigreich<\/a> ein. Diese elektronische Reisegenehmigung wird ebenfalls zu 100% online beantragt. <\/p>\n\n<p>Alle diese Verwaltungsverfahren erh\u00f6hen die Sicherheit und erleichtern die Touristenstr\u00f6me aus der ganzen Welt.<\/p>\n","protected":false},"excerpt":{"rendered":"<p>Seit einigen Jahren ist ein Kurzaufenthalt in den USA zu einem Kinderspiel geworden. Der amerikanische Traum ist dank der ESTA-Genehmigung leichter zug\u00e4nglich geworden. Ist der ESTA-Antrag \u00e4hnlich wie der Antrag f\u00fcr ein b2-Touristenvisum f\u00fcr die USA? Wir beantworten diese Frage, indem wir Ihnen erkl\u00e4ren, was die ESTA-Genehmigung ist. ESTA vor der Beantragung im Fokus Um [&hellip;]<\/p>\n","protected":false},"author":1,"featured_media":0,"parent":0,"menu_order":0,"comment_status":"closed","ping_status":"closed","template":"","meta":{"hide_page_title":"","footnotes":""},"class_list":["post-733","page","type-page","status-publish","hentry"],"yoast_head":"<!-- This site is optimized with the Yoast SEO plugin v27.5 - https:\/\/yoast.com\/product\/yoast-seo-wordpress\/ -->\n<title>EARLHAM IA - In die USA reisen<\/title>\n<meta name=\"description\" content=\"Welche Formalit\u00e4ten muss ein Ausl\u00e4nder erf\u00fcllen, der in die Vereinigten Staaten einreisen m\u00f6chte?\" \/>\n<meta name=\"robots\" content=\"index, follow, max-snippet:-1, max-image-preview:large, max-video-preview:-1\" \/>\n<link rel=\"canonical\" href=\"https:\/\/www.earlham-ia.org\/de\/\" \/>\n<meta property=\"og:locale\" content=\"de_DE\" \/>\n<meta property=\"og:type\" content=\"article\" \/>\n<meta property=\"og:title\" content=\"EARLHAM IA - In die USA reisen\" \/>\n<meta property=\"og:description\" content=\"Welche Formalit\u00e4ten muss ein Ausl\u00e4nder erf\u00fcllen, der in die Vereinigten Staaten einreisen m\u00f6chte?\" \/>\n<meta property=\"og:url\" content=\"https:\/\/www.earlham-ia.org\/de\/\" \/>\n<meta property=\"og:site_name\" content=\"In die USA reisen\" \/>\n<meta property=\"article:modified_time\" content=\"2026-05-06T12:09:41+00:00\" \/>\n<meta name=\"twitter:card\" content=\"summary_large_image\" \/>\n<meta name=\"twitter:label1\" content=\"Gesch\u00e4tzte Lesezeit\" \/>\n\t<meta name=\"twitter:data1\" content=\"4 minutes\" \/>\n<script type=\"application\/ld+json\" class=\"yoast-schema-graph\">{\"@context\":\"https:\\\/\\\/schema.org\",\"@graph\":[{\"@type\":\"WebPage\",\"@id\":\"https:\\\/\\\/www.earlham-ia.org\\\/de\\\/\",\"url\":\"https:\\\/\\\/www.earlham-ia.org\\\/de\\\/\",\"name\":\"EARLHAM IA - In die USA reisen\",\"isPartOf\":{\"@id\":\"https:\\\/\\\/www.earlham-ia.org\\\/de\\\/#website\"},\"datePublished\":\"2024-06-11T14:03:48+00:00\",\"dateModified\":\"2026-05-06T12:09:41+00:00\",\"description\":\"Welche Formalit\u00e4ten muss ein Ausl\u00e4nder erf\u00fcllen, der in die Vereinigten Staaten einreisen m\u00f6chte?\",\"breadcrumb\":{\"@id\":\"https:\\\/\\\/www.earlham-ia.org\\\/de\\\/#breadcrumb\"},\"inLanguage\":\"de-DE\",\"potentialAction\":[{\"@type\":\"ReadAction\",\"target\":[\"https:\\\/\\\/www.earlham-ia.org\\\/de\\\/\"]}]},{\"@type\":\"BreadcrumbList\",\"@id\":\"https:\\\/\\\/www.earlham-ia.org\\\/de\\\/#breadcrumb\",\"itemListElement\":[{\"@type\":\"ListItem\",\"position\":1,\"name\":\"Accueil\",\"item\":\"https:\\\/\\\/www.earlham-ia.org\\\/de\\\/\"},{\"@type\":\"ListItem\",\"position\":2,\"name\":\"EARLHAM IA\"}]},{\"@type\":\"WebSite\",\"@id\":\"https:\\\/\\\/www.earlham-ia.org\\\/de\\\/#website\",\"url\":\"https:\\\/\\\/www.earlham-ia.org\\\/de\\\/\",\"name\":\"In die USA reisen\",\"description\":\"\",\"potentialAction\":[{\"@type\":\"SearchAction\",\"target\":{\"@type\":\"EntryPoint\",\"urlTemplate\":\"https:\\\/\\\/www.earlham-ia.org\\\/de\\\/?s={search_term_string}\"},\"query-input\":{\"@type\":\"PropertyValueSpecification\",\"valueRequired\":true,\"valueName\":\"search_term_string\"}}],\"inLanguage\":\"de-DE\"}]}<\/script>\n<!-- \/ Yoast SEO plugin. -->","yoast_head_json":{"title":"EARLHAM IA - In die USA reisen","description":"Welche Formalit\u00e4ten muss ein Ausl\u00e4nder erf\u00fcllen, der in die Vereinigten Staaten einreisen m\u00f6chte?","robots":{"index":"index","follow":"follow","max-snippet":"max-snippet:-1","max-image-preview":"max-image-preview:large","max-video-preview":"max-video-preview:-1"},"canonical":"https:\/\/www.earlham-ia.org\/de\/","og_locale":"de_DE","og_type":"article","og_title":"EARLHAM IA - In die USA reisen","og_description":"Welche Formalit\u00e4ten muss ein Ausl\u00e4nder erf\u00fcllen, der in die Vereinigten Staaten einreisen m\u00f6chte?","og_url":"https:\/\/www.earlham-ia.org\/de\/","og_site_name":"In die USA reisen","article_modified_time":"2026-05-06T12:09:41+00:00","twitter_card":"summary_large_image","twitter_misc":{"Gesch\u00e4tzte Lesezeit":"4 minutes"},"schema":{"@context":"https:\/\/schema.org","@graph":[{"@type":"WebPage","@id":"https:\/\/www.earlham-ia.org\/de\/","url":"https:\/\/www.earlham-ia.org\/de\/","name":"EARLHAM IA - In die USA reisen","isPartOf":{"@id":"https:\/\/www.earlham-ia.org\/de\/#website"},"datePublished":"2024-06-11T14:03:48+00:00","dateModified":"2026-05-06T12:09:41+00:00","description":"Welche Formalit\u00e4ten muss ein Ausl\u00e4nder erf\u00fcllen, der in die Vereinigten Staaten einreisen m\u00f6chte?","breadcrumb":{"@id":"https:\/\/www.earlham-ia.org\/de\/#breadcrumb"},"inLanguage":"de-DE","potentialAction":[{"@type":"ReadAction","target":["https:\/\/www.earlham-ia.org\/de\/"]}]},{"@type":"BreadcrumbList","@id":"https:\/\/www.earlham-ia.org\/de\/#breadcrumb","itemListElement":[{"@type":"ListItem","position":1,"name":"Accueil","item":"https:\/\/www.earlham-ia.org\/de\/"},{"@type":"ListItem","position":2,"name":"EARLHAM IA"}]},{"@type":"WebSite","@id":"https:\/\/www.earlham-ia.org\/de\/#website","url":"https:\/\/www.earlham-ia.org\/de\/","name":"In die USA reisen","description":"","potentialAction":[{"@type":"SearchAction","target":{"@type":"EntryPoint","urlTemplate":"https:\/\/www.earlham-ia.org\/de\/?s={search_term_string}"},"query-input":{"@type":"PropertyValueSpecification","valueRequired":true,"valueName":"search_term_string"}}],"inLanguage":"de-DE"}]}},"_links":{"self":[{"href":"https:\/\/www.earlham-ia.org\/de\/wp-json\/wp\/v2\/pages\/733","targetHints":{"allow":["GET"]}}],"collection":[{"href":"https:\/\/www.earlham-ia.org\/de\/wp-json\/wp\/v2\/pages"}],"about":[{"href":"https:\/\/www.earlham-ia.org\/de\/wp-json\/wp\/v2\/types\/page"}],"author":[{"embeddable":true,"href":"https:\/\/www.earlham-ia.org\/de\/wp-json\/wp\/v2\/users\/1"}],"replies":[{"embeddable":true,"href":"https:\/\/www.earlham-ia.org\/de\/wp-json\/wp\/v2\/comments?post=733"}],"version-history":[{"count":10,"href":"https:\/\/www.earlham-ia.org\/de\/wp-json\/wp\/v2\/pages\/733\/revisions"}],"predecessor-version":[{"id":1284,"href":"https:\/\/www.earlham-ia.org\/de\/wp-json\/wp\/v2\/pages\/733\/revisions\/1284"}],"wp:attachment":[{"href":"https:\/\/www.earlham-ia.org\/de\/wp-json\/wp\/v2\/media?parent=733"}],"curies":[{"name":"wp","href":"https:\/\/api.w.org\/{rel}","templated":true}]}}