{"id":767,"date":"2024-06-11T14:08:02","date_gmt":"2024-06-11T14:08:02","guid":{"rendered":"https:\/\/www.earlham-ia.org\/oder-machen-sie-einen-roadtrip-durch-nordamerika\/"},"modified":"2026-05-06T12:17:55","modified_gmt":"2026-05-06T12:17:55","slug":"oder-machen-sie-einen-roadtrip-durch-nordamerika","status":"publish","type":"page","link":"https:\/\/www.earlham-ia.org\/de\/oder-machen-sie-einen-roadtrip-durch-nordamerika\/","title":{"rendered":"Wo kann man einen Road Trip in Nordamerika machen?"},"content":{"rendered":"\n<p>Wie der Name schon sagt, ist ein Road Trip ein Wanderurlaub. Es geht nicht darum, wie \u00fcblich ein oder zwei Wochen am selben Ort in einem Hotel zu bleiben, wo man es sich in einem luxuri\u00f6sen Zimmer gem\u00fctlich machen kann. Hinter dem Wort &#8220;Road-Trip&#8221; verbirgt sich der Wunsch, eine Reise zu machen, die abseits der ausgetretenen Pfade liegt. Eine einzigartige Reise, eine Reise, bei der Sie die Menschen und Kulturen vor Ort kennen lernen.   <\/p>\n\n<p><\/p>\n\n<p>Ein Roadtrip ist eine Reise f\u00fcr Abenteuerlustige und Unerschrockene. Wenn Sie einen Roadtrip durch Nordamerika machen, entscheiden Sie sich, auf der Stra\u00dfe zu fahren, um so viele Orte wie m\u00f6glich zu besuchen und die Menschen zu treffen. Also <strong>, wo kann man einen Roadtrip<\/strong> in Nordamerika <strong>machen<\/strong>.<\/p>\n\n<p><\/p>\n\n<h2 class=\"wp-block-heading\">Die Vereinigten Staaten sind der beste Ort f\u00fcr einen Roadtrip.<\/h2>\n\n<p>Die Vereinigten Staaten sind ein Land, das sich bemerkenswert gut f\u00fcr den Reisemodus eignet. Es ist ein Land mit riesigen Ausma\u00dfen, insbesondere wenn man es mit den Ausma\u00dfen Frankreichs vergleicht. Um Ihnen eine Vorstellung davon zu geben: Frankreich hat ungef\u00e4hr die gleiche Fl\u00e4che wie der Staat Texas. In den Vereinigten Staaten ist alles viel gr\u00f6\u00dfer und die Fahrtzeiten sind viel l\u00e4nger. Wenn Sie einen Roadtrip durch die USA machen, m\u00fcssen Sie viel Zeit mitbringen, um das ganze Land zu bereisen und vor allem von der Ostk\u00fcste am Atlantik zur Westk\u00fcste am Pazifik zu gelangen. In den USA kann man einen Roadtrip auf der Stra\u00dfe machen, indem man ein Auto mietet. Es ist extrem einfach, in den USA zu fahren. Die Miete eines Autos in den USA ist nicht sehr teuer. Wir k\u00f6nnen von einem Abenteuer auf den amerikanischen Stra\u00dfen nur profitieren.        <\/p>\n","protected":false},"excerpt":{"rendered":"<p>Wie der Name schon sagt, ist ein Road Trip ein Wanderurlaub. Es geht nicht darum, wie \u00fcblich ein oder zwei Wochen am selben Ort in einem Hotel zu bleiben, wo man es sich in einem luxuri\u00f6sen Zimmer gem\u00fctlich machen kann. Hinter dem Wort &#8220;Road-Trip&#8221; verbirgt sich der Wunsch, eine Reise zu machen, die abseits der [&hellip;]<\/p>\n","protected":false},"author":1,"featured_media":0,"parent":0,"menu_order":0,"comment_status":"closed","ping_status":"closed","template":"","meta":{"hide_page_title":"","footnotes":""},"class_list":["post-767","page","type-page","status-publish","hentry"],"yoast_head":"<!-- This site is optimized with the Yoast SEO plugin v27.5 - https:\/\/yoast.com\/product\/yoast-seo-wordpress\/ -->\n<title>Wo kann man einen Road Trip in Nordamerika machen? - In die USA reisen<\/title>\n<meta name=\"robots\" content=\"index, follow, max-snippet:-1, max-image-preview:large, max-video-preview:-1\" \/>\n<link rel=\"canonical\" href=\"https:\/\/www.earlham-ia.org\/de\/oder-machen-sie-einen-roadtrip-durch-nordamerika\/\" \/>\n<meta property=\"og:locale\" content=\"de_DE\" \/>\n<meta property=\"og:type\" content=\"article\" \/>\n<meta property=\"og:title\" content=\"Wo kann man einen Road Trip in Nordamerika machen? - In die USA reisen\" \/>\n<meta property=\"og:description\" content=\"Wie der Name schon sagt, ist ein Road Trip ein Wanderurlaub. Es geht nicht darum, wie \u00fcblich ein oder zwei Wochen am selben Ort in einem Hotel zu bleiben, wo man es sich in einem luxuri\u00f6sen Zimmer gem\u00fctlich machen kann. Hinter dem Wort &#8220;Road-Trip&#8221; verbirgt sich der Wunsch, eine Reise zu machen, die abseits der [&hellip;]\" \/>\n<meta property=\"og:url\" content=\"https:\/\/www.earlham-ia.org\/de\/oder-machen-sie-einen-roadtrip-durch-nordamerika\/\" \/>\n<meta property=\"og:site_name\" content=\"In die USA reisen\" \/>\n<meta property=\"article:modified_time\" content=\"2026-05-06T12:17:55+00:00\" \/>\n<meta name=\"twitter:card\" content=\"summary_large_image\" \/>\n<meta name=\"twitter:label1\" content=\"Gesch\u00e4tzte Lesezeit\" \/>\n\t<meta name=\"twitter:data1\" content=\"1 minute\" \/>\n<script type=\"application\/ld+json\" class=\"yoast-schema-graph\">{\"@context\":\"https:\\\/\\\/schema.org\",\"@graph\":[{\"@type\":\"WebPage\",\"@id\":\"https:\\\/\\\/www.earlham-ia.org\\\/de\\\/oder-machen-sie-einen-roadtrip-durch-nordamerika\\\/\",\"url\":\"https:\\\/\\\/www.earlham-ia.org\\\/de\\\/oder-machen-sie-einen-roadtrip-durch-nordamerika\\\/\",\"name\":\"Wo kann man einen Road Trip in Nordamerika machen? - In die USA reisen\",\"isPartOf\":{\"@id\":\"https:\\\/\\\/www.earlham-ia.org\\\/de\\\/#website\"},\"datePublished\":\"2024-06-11T14:08:02+00:00\",\"dateModified\":\"2026-05-06T12:17:55+00:00\",\"breadcrumb\":{\"@id\":\"https:\\\/\\\/www.earlham-ia.org\\\/de\\\/oder-machen-sie-einen-roadtrip-durch-nordamerika\\\/#breadcrumb\"},\"inLanguage\":\"de-DE\",\"potentialAction\":[{\"@type\":\"ReadAction\",\"target\":[\"https:\\\/\\\/www.earlham-ia.org\\\/de\\\/oder-machen-sie-einen-roadtrip-durch-nordamerika\\\/\"]}]},{\"@type\":\"BreadcrumbList\",\"@id\":\"https:\\\/\\\/www.earlham-ia.org\\\/de\\\/oder-machen-sie-einen-roadtrip-durch-nordamerika\\\/#breadcrumb\",\"itemListElement\":[{\"@type\":\"ListItem\",\"position\":1,\"name\":\"Accueil\",\"item\":\"https:\\\/\\\/www.earlham-ia.org\\\/de\\\/\"},{\"@type\":\"ListItem\",\"position\":2,\"name\":\"Wo kann man einen Road Trip in Nordamerika machen?\"}]},{\"@type\":\"WebSite\",\"@id\":\"https:\\\/\\\/www.earlham-ia.org\\\/de\\\/#website\",\"url\":\"https:\\\/\\\/www.earlham-ia.org\\\/de\\\/\",\"name\":\"In die USA reisen\",\"description\":\"\",\"potentialAction\":[{\"@type\":\"SearchAction\",\"target\":{\"@type\":\"EntryPoint\",\"urlTemplate\":\"https:\\\/\\\/www.earlham-ia.org\\\/de\\\/?s={search_term_string}\"},\"query-input\":{\"@type\":\"PropertyValueSpecification\",\"valueRequired\":true,\"valueName\":\"search_term_string\"}}],\"inLanguage\":\"de-DE\"}]}<\/script>\n<!-- \/ Yoast SEO plugin. -->","yoast_head_json":{"title":"Wo kann man einen Road Trip in Nordamerika machen? - In die USA reisen","robots":{"index":"index","follow":"follow","max-snippet":"max-snippet:-1","max-image-preview":"max-image-preview:large","max-video-preview":"max-video-preview:-1"},"canonical":"https:\/\/www.earlham-ia.org\/de\/oder-machen-sie-einen-roadtrip-durch-nordamerika\/","og_locale":"de_DE","og_type":"article","og_title":"Wo kann man einen Road Trip in Nordamerika machen? - In die USA reisen","og_description":"Wie der Name schon sagt, ist ein Road Trip ein Wanderurlaub. Es geht nicht darum, wie \u00fcblich ein oder zwei Wochen am selben Ort in einem Hotel zu bleiben, wo man es sich in einem luxuri\u00f6sen Zimmer gem\u00fctlich machen kann. Hinter dem Wort &#8220;Road-Trip&#8221; verbirgt sich der Wunsch, eine Reise zu machen, die abseits der [&hellip;]","og_url":"https:\/\/www.earlham-ia.org\/de\/oder-machen-sie-einen-roadtrip-durch-nordamerika\/","og_site_name":"In die USA reisen","article_modified_time":"2026-05-06T12:17:55+00:00","twitter_card":"summary_large_image","twitter_misc":{"Gesch\u00e4tzte Lesezeit":"1 minute"},"schema":{"@context":"https:\/\/schema.org","@graph":[{"@type":"WebPage","@id":"https:\/\/www.earlham-ia.org\/de\/oder-machen-sie-einen-roadtrip-durch-nordamerika\/","url":"https:\/\/www.earlham-ia.org\/de\/oder-machen-sie-einen-roadtrip-durch-nordamerika\/","name":"Wo kann man einen Road Trip in Nordamerika machen? - In die USA reisen","isPartOf":{"@id":"https:\/\/www.earlham-ia.org\/de\/#website"},"datePublished":"2024-06-11T14:08:02+00:00","dateModified":"2026-05-06T12:17:55+00:00","breadcrumb":{"@id":"https:\/\/www.earlham-ia.org\/de\/oder-machen-sie-einen-roadtrip-durch-nordamerika\/#breadcrumb"},"inLanguage":"de-DE","potentialAction":[{"@type":"ReadAction","target":["https:\/\/www.earlham-ia.org\/de\/oder-machen-sie-einen-roadtrip-durch-nordamerika\/"]}]},{"@type":"BreadcrumbList","@id":"https:\/\/www.earlham-ia.org\/de\/oder-machen-sie-einen-roadtrip-durch-nordamerika\/#breadcrumb","itemListElement":[{"@type":"ListItem","position":1,"name":"Accueil","item":"https:\/\/www.earlham-ia.org\/de\/"},{"@type":"ListItem","position":2,"name":"Wo kann man einen Road Trip in Nordamerika machen?"}]},{"@type":"WebSite","@id":"https:\/\/www.earlham-ia.org\/de\/#website","url":"https:\/\/www.earlham-ia.org\/de\/","name":"In die USA reisen","description":"","potentialAction":[{"@type":"SearchAction","target":{"@type":"EntryPoint","urlTemplate":"https:\/\/www.earlham-ia.org\/de\/?s={search_term_string}"},"query-input":{"@type":"PropertyValueSpecification","valueRequired":true,"valueName":"search_term_string"}}],"inLanguage":"de-DE"}]}},"_links":{"self":[{"href":"https:\/\/www.earlham-ia.org\/de\/wp-json\/wp\/v2\/pages\/767","targetHints":{"allow":["GET"]}}],"collection":[{"href":"https:\/\/www.earlham-ia.org\/de\/wp-json\/wp\/v2\/pages"}],"about":[{"href":"https:\/\/www.earlham-ia.org\/de\/wp-json\/wp\/v2\/types\/page"}],"author":[{"embeddable":true,"href":"https:\/\/www.earlham-ia.org\/de\/wp-json\/wp\/v2\/users\/1"}],"replies":[{"embeddable":true,"href":"https:\/\/www.earlham-ia.org\/de\/wp-json\/wp\/v2\/comments?post=767"}],"version-history":[{"count":3,"href":"https:\/\/www.earlham-ia.org\/de\/wp-json\/wp\/v2\/pages\/767\/revisions"}],"predecessor-version":[{"id":1351,"href":"https:\/\/www.earlham-ia.org\/de\/wp-json\/wp\/v2\/pages\/767\/revisions\/1351"}],"wp:attachment":[{"href":"https:\/\/www.earlham-ia.org\/de\/wp-json\/wp\/v2\/media?parent=767"}],"curies":[{"name":"wp","href":"https:\/\/api.w.org\/{rel}","templated":true}]}}