{"id":783,"date":"2024-06-11T14:11:21","date_gmt":"2024-06-11T14:11:21","guid":{"rendered":"https:\/\/www.earlham-ia.org\/wann-darf-ich-ein-formular-esta\/"},"modified":"2026-05-06T12:16:59","modified_gmt":"2026-05-06T12:16:59","slug":"wann-darf-ich-ein-formular-esta","status":"publish","type":"page","link":"https:\/\/www.earlham-ia.org\/de\/wann-darf-ich-ein-formular-esta\/","title":{"rendered":"Wann ben\u00f6tige ich ein ESTA-Formular?"},"content":{"rendered":"\n<p>Sie m\u00f6chten in die USA reisen, wissen aber nicht, welche Reisegenehmigung Sie ben\u00f6tigen? Es ist leicht, den \u00dcberblick \u00fcber US-Visum, Green Card und <a href=\"https:\/\/www.earlham-ia.org\/de\/\">ESTA USA<\/a> zu verlieren. Deshalb erkl\u00e4ren wir Ihnen, was das ESTA-Formular f\u00fcr die Vereinigten Staaten von Amerika ist und unter welchen Umst\u00e4nden Sie einen ESTA-Antrag stellen m\u00fcssen.  <\/p>\n\n<h2 class=\"wp-block-heading\">Wozu dient der ESTA-Fragebogen?<\/h2>\n\n<p>Der ESTA-Online-Fragebogen muss ausgef\u00fcllt werden, um die US-Reisegenehmigung ESTA zu erhalten, die f\u00fcr Electronic System for Travel Authorization (Elektronisches System zur Reisegenehmigung) steht. Mit dieser Genehmigung m\u00fcssen Sie bei der US-Botschaft kein Visum f\u00fcr die USA beantragen. Die Einreise in die USA ist somit eine einfache und schnelle Formalit\u00e4t, wenn Sie dazu berechtigt sind.  <\/p>\n\n<p>Die US-Regierung hat diese Genehmigung eingef\u00fchrt, um die innere Sicherheit des Landes im Rahmen des Visa Waiver Program zu st\u00e4rken. ESTA erm\u00f6glicht es, die pers\u00f6nlichen Daten eines jeden Reisenden vor der Einreise in die USA zu \u00fcberpr\u00fcfen. <\/p>\n\n<p>Wenn Sie den ESTA-Fragebogen ausf\u00fcllen und die US-Beh\u00f6rden Ihren Antrag annehmen, k\u00f6nnen Sie die Genehmigung w\u00e4hrend ihrer gesamten G\u00fcltigkeitsdauer nutzen und so oft in die USA reisen, wie Sie m\u00f6chten. Eine ESTA-Genehmigung ist zwei Jahre oder bis zum Ablauf des biometrischen (oder elektronischen) Reisepasses g\u00fcltig, wenn dieser fr\u00fcher abl\u00e4uft. Bitte beachten Sie, dass eine \u00c4nderung des Reisepasses einen neuen ESTA-Antrag erfordert. Dieser neue Online-Antrag muss nat\u00fcrlich mit dem neuen Reisepass gestellt werden.   <\/p>\n\n<h2 class=\"wp-block-heading\">In welchen Situationen muss ich ein ESTA-Formular beantragen?<\/h2>\n\n<p>Nachdem Sie nun den Nutzen des ESTA-Dokuments kennen, finden Sie heraus, ob es f\u00fcr Sie m\u00f6glich ist, das Formular online zu beantragen.<\/p>\n\n<h2 class=\"wp-block-heading\">Voraussetzungen f\u00fcr das ESTA-Dokument<\/h2>\n\n<p>Das ESTA-Formular ist f\u00fcr B\u00fcrger, die von der US-Visumspflicht befreit sind und eine Reise in die USA planen, unerl\u00e4sslich. Die Teilnehmerl\u00e4nder des Visa Waiver Program (VWP) sind 39, seit Polen 2019 aufgenommen wurde (die Liste der betroffenen L\u00e4nder finden Sie auf der offiziellen Website der US-Regierung). Bitte beachten Sie, dass auch Frankreich zu den teilnehmenden L\u00e4ndern geh\u00f6rt.  <\/p>\n\n<p>Die Staatsangeh\u00f6rigkeit eines Landes, das am Visa Waiver Program teilnimmt, ist nicht das einzige Kriterium f\u00fcr die Berechtigung zum Erhalt eines ESTA. Die folgenden Bedingungen sind f\u00fcr den Erhalt eines ESTA erforderlich: <\/p>\n\n<ul class=\"wp-block-list\">\n<li>einen g\u00fcltigen elektronischen oder biometrischen Reisepass besitzen;<\/li>\n\n\n\n<li>einen vor\u00fcbergehenden Aufenthalt zu touristischen oder gesch\u00e4ftlichen Zwecken oder eine Durchreise durch die USA vor der Abreise in ein anderes Land organisieren;<\/li>\n\n\n\n<li>Der Aufenthalt in den USA darf nicht l\u00e4nger als 90 Tage dauern.<\/li>\n<\/ul>\n\n<p>Sie m\u00fcssen ein ESTA-Formular ausf\u00fcllen, wenn Sie einen vor\u00fcbergehenden Aufenthalt in den USA auf dem Luft- oder Seeweg planen. Erf\u00fcllen Sie nicht alle diese Bedingungen? Dann k\u00f6nnen Sie keine ESTA-Genehmigung f\u00fcr die Einreise in die USA beantragen. Sie k\u00f6nnen sich jedoch an die US-Botschaft wenden, um ein US-Visum zu beantragen.   <\/p>\n\n<h2 class=\"wp-block-heading\">Wo kann ich ein ESTA beantragen?<\/h2>\n\n<p>Um ein ESTA zu erhalten, m\u00fcssen Sie einen Online-Antrag auf der Website der US-Regierung oder einer privaten Website, die den gleichen Service anbietet, stellen. Sie ben\u00f6tigen Ihren g\u00fcltigen Reisepass, da viele Felder des ESTA-Formulars die darin enthaltenen Informationen betreffen. Der ESTA-Antrag erfolgt daher \u00fcber ein Online-Formular. Sie k\u00f6nnen Unterst\u00fctzung und ein vereinfachtes Formular erhalten, wenn Sie Ihre Genehmigung auf einer speziellen Website bestellen.   <\/p>\n\n<p>Wenn Sie den ESTA-Fragebogen ausgef\u00fcllt haben, m\u00fcssen Sie den Betrag bezahlen, der f\u00fcr den Versand Ihres Formulars erforderlich ist. Hierzu m\u00fcssen Sie Ihre Kreditkarte bereithalten. Das Formular wird dann von elektronischen Systemen analysiert. In der Regel dauert es jedoch bis zu 72 Stunden, bis Sie eine Antwort von den US-Beh\u00f6rden erhalten.   <\/p>\n\n<p>Um Ihren ESTA-Status zu erfahren, gehen Sie mit Ihrer Antragsnummer und Passnummer auf die Website der Regierung. Wenn der Antrag \u00fcber eine private Website gestellt wurde, erhalten Sie die Antwort per E-Mail. <\/p>\n","protected":false},"excerpt":{"rendered":"<p>Sie m\u00f6chten in die USA reisen, wissen aber nicht, welche Reisegenehmigung Sie ben\u00f6tigen? Es ist leicht, den \u00dcberblick \u00fcber US-Visum, Green Card und ESTA USA zu verlieren. Deshalb erkl\u00e4ren wir Ihnen, was das ESTA-Formular f\u00fcr die Vereinigten Staaten von Amerika ist und unter welchen Umst\u00e4nden Sie einen ESTA-Antrag stellen m\u00fcssen. Wozu dient der ESTA-Fragebogen? Der [&hellip;]<\/p>\n","protected":false},"author":1,"featured_media":0,"parent":0,"menu_order":0,"comment_status":"closed","ping_status":"closed","template":"","meta":{"hide_page_title":"","footnotes":""},"class_list":["post-783","page","type-page","status-publish","hentry"],"yoast_head":"<!-- This site is optimized with the Yoast SEO plugin v27.5 - https:\/\/yoast.com\/product\/yoast-seo-wordpress\/ -->\n<title>Wann ben\u00f6tige ich ein ESTA-Formular? - In die USA reisen<\/title>\n<meta name=\"robots\" content=\"index, follow, max-snippet:-1, max-image-preview:large, max-video-preview:-1\" \/>\n<link rel=\"canonical\" href=\"https:\/\/www.earlham-ia.org\/de\/wann-darf-ich-ein-formular-esta\/\" \/>\n<meta property=\"og:locale\" content=\"de_DE\" \/>\n<meta property=\"og:type\" content=\"article\" \/>\n<meta property=\"og:title\" content=\"Wann ben\u00f6tige ich ein ESTA-Formular? - In die USA reisen\" \/>\n<meta property=\"og:description\" content=\"Sie m\u00f6chten in die USA reisen, wissen aber nicht, welche Reisegenehmigung Sie ben\u00f6tigen? Es ist leicht, den \u00dcberblick \u00fcber US-Visum, Green Card und ESTA USA zu verlieren. Deshalb erkl\u00e4ren wir Ihnen, was das ESTA-Formular f\u00fcr die Vereinigten Staaten von Amerika ist und unter welchen Umst\u00e4nden Sie einen ESTA-Antrag stellen m\u00fcssen. Wozu dient der ESTA-Fragebogen? Der [&hellip;]\" \/>\n<meta property=\"og:url\" content=\"https:\/\/www.earlham-ia.org\/de\/wann-darf-ich-ein-formular-esta\/\" \/>\n<meta property=\"og:site_name\" content=\"In die USA reisen\" \/>\n<meta property=\"article:modified_time\" content=\"2026-05-06T12:16:59+00:00\" \/>\n<meta name=\"twitter:card\" content=\"summary_large_image\" \/>\n<meta name=\"twitter:label1\" content=\"Gesch\u00e4tzte Lesezeit\" \/>\n\t<meta name=\"twitter:data1\" content=\"3 minutes\" \/>\n<script type=\"application\/ld+json\" class=\"yoast-schema-graph\">{\"@context\":\"https:\\\/\\\/schema.org\",\"@graph\":[{\"@type\":\"WebPage\",\"@id\":\"https:\\\/\\\/www.earlham-ia.org\\\/de\\\/wann-darf-ich-ein-formular-esta\\\/\",\"url\":\"https:\\\/\\\/www.earlham-ia.org\\\/de\\\/wann-darf-ich-ein-formular-esta\\\/\",\"name\":\"Wann ben\u00f6tige ich ein ESTA-Formular? - In die USA reisen\",\"isPartOf\":{\"@id\":\"https:\\\/\\\/www.earlham-ia.org\\\/de\\\/#website\"},\"datePublished\":\"2024-06-11T14:11:21+00:00\",\"dateModified\":\"2026-05-06T12:16:59+00:00\",\"breadcrumb\":{\"@id\":\"https:\\\/\\\/www.earlham-ia.org\\\/de\\\/wann-darf-ich-ein-formular-esta\\\/#breadcrumb\"},\"inLanguage\":\"de-DE\",\"potentialAction\":[{\"@type\":\"ReadAction\",\"target\":[\"https:\\\/\\\/www.earlham-ia.org\\\/de\\\/wann-darf-ich-ein-formular-esta\\\/\"]}]},{\"@type\":\"BreadcrumbList\",\"@id\":\"https:\\\/\\\/www.earlham-ia.org\\\/de\\\/wann-darf-ich-ein-formular-esta\\\/#breadcrumb\",\"itemListElement\":[{\"@type\":\"ListItem\",\"position\":1,\"name\":\"Accueil\",\"item\":\"https:\\\/\\\/www.earlham-ia.org\\\/de\\\/\"},{\"@type\":\"ListItem\",\"position\":2,\"name\":\"Wann ben\u00f6tige ich ein ESTA-Formular?\"}]},{\"@type\":\"WebSite\",\"@id\":\"https:\\\/\\\/www.earlham-ia.org\\\/de\\\/#website\",\"url\":\"https:\\\/\\\/www.earlham-ia.org\\\/de\\\/\",\"name\":\"In die USA reisen\",\"description\":\"\",\"potentialAction\":[{\"@type\":\"SearchAction\",\"target\":{\"@type\":\"EntryPoint\",\"urlTemplate\":\"https:\\\/\\\/www.earlham-ia.org\\\/de\\\/?s={search_term_string}\"},\"query-input\":{\"@type\":\"PropertyValueSpecification\",\"valueRequired\":true,\"valueName\":\"search_term_string\"}}],\"inLanguage\":\"de-DE\"}]}<\/script>\n<!-- \/ Yoast SEO plugin. -->","yoast_head_json":{"title":"Wann ben\u00f6tige ich ein ESTA-Formular? - In die USA reisen","robots":{"index":"index","follow":"follow","max-snippet":"max-snippet:-1","max-image-preview":"max-image-preview:large","max-video-preview":"max-video-preview:-1"},"canonical":"https:\/\/www.earlham-ia.org\/de\/wann-darf-ich-ein-formular-esta\/","og_locale":"de_DE","og_type":"article","og_title":"Wann ben\u00f6tige ich ein ESTA-Formular? - In die USA reisen","og_description":"Sie m\u00f6chten in die USA reisen, wissen aber nicht, welche Reisegenehmigung Sie ben\u00f6tigen? Es ist leicht, den \u00dcberblick \u00fcber US-Visum, Green Card und ESTA USA zu verlieren. Deshalb erkl\u00e4ren wir Ihnen, was das ESTA-Formular f\u00fcr die Vereinigten Staaten von Amerika ist und unter welchen Umst\u00e4nden Sie einen ESTA-Antrag stellen m\u00fcssen. Wozu dient der ESTA-Fragebogen? Der [&hellip;]","og_url":"https:\/\/www.earlham-ia.org\/de\/wann-darf-ich-ein-formular-esta\/","og_site_name":"In die USA reisen","article_modified_time":"2026-05-06T12:16:59+00:00","twitter_card":"summary_large_image","twitter_misc":{"Gesch\u00e4tzte Lesezeit":"3 minutes"},"schema":{"@context":"https:\/\/schema.org","@graph":[{"@type":"WebPage","@id":"https:\/\/www.earlham-ia.org\/de\/wann-darf-ich-ein-formular-esta\/","url":"https:\/\/www.earlham-ia.org\/de\/wann-darf-ich-ein-formular-esta\/","name":"Wann ben\u00f6tige ich ein ESTA-Formular? - In die USA reisen","isPartOf":{"@id":"https:\/\/www.earlham-ia.org\/de\/#website"},"datePublished":"2024-06-11T14:11:21+00:00","dateModified":"2026-05-06T12:16:59+00:00","breadcrumb":{"@id":"https:\/\/www.earlham-ia.org\/de\/wann-darf-ich-ein-formular-esta\/#breadcrumb"},"inLanguage":"de-DE","potentialAction":[{"@type":"ReadAction","target":["https:\/\/www.earlham-ia.org\/de\/wann-darf-ich-ein-formular-esta\/"]}]},{"@type":"BreadcrumbList","@id":"https:\/\/www.earlham-ia.org\/de\/wann-darf-ich-ein-formular-esta\/#breadcrumb","itemListElement":[{"@type":"ListItem","position":1,"name":"Accueil","item":"https:\/\/www.earlham-ia.org\/de\/"},{"@type":"ListItem","position":2,"name":"Wann ben\u00f6tige ich ein ESTA-Formular?"}]},{"@type":"WebSite","@id":"https:\/\/www.earlham-ia.org\/de\/#website","url":"https:\/\/www.earlham-ia.org\/de\/","name":"In die USA reisen","description":"","potentialAction":[{"@type":"SearchAction","target":{"@type":"EntryPoint","urlTemplate":"https:\/\/www.earlham-ia.org\/de\/?s={search_term_string}"},"query-input":{"@type":"PropertyValueSpecification","valueRequired":true,"valueName":"search_term_string"}}],"inLanguage":"de-DE"}]}},"_links":{"self":[{"href":"https:\/\/www.earlham-ia.org\/de\/wp-json\/wp\/v2\/pages\/783","targetHints":{"allow":["GET"]}}],"collection":[{"href":"https:\/\/www.earlham-ia.org\/de\/wp-json\/wp\/v2\/pages"}],"about":[{"href":"https:\/\/www.earlham-ia.org\/de\/wp-json\/wp\/v2\/types\/page"}],"author":[{"embeddable":true,"href":"https:\/\/www.earlham-ia.org\/de\/wp-json\/wp\/v2\/users\/1"}],"replies":[{"embeddable":true,"href":"https:\/\/www.earlham-ia.org\/de\/wp-json\/wp\/v2\/comments?post=783"}],"version-history":[{"count":2,"href":"https:\/\/www.earlham-ia.org\/de\/wp-json\/wp\/v2\/pages\/783\/revisions"}],"predecessor-version":[{"id":1330,"href":"https:\/\/www.earlham-ia.org\/de\/wp-json\/wp\/v2\/pages\/783\/revisions\/1330"}],"wp:attachment":[{"href":"https:\/\/www.earlham-ia.org\/de\/wp-json\/wp\/v2\/media?parent=783"}],"curies":[{"name":"wp","href":"https:\/\/api.w.org\/{rel}","templated":true}]}}