{"id":791,"date":"2024-06-11T14:11:49","date_gmt":"2024-06-11T14:11:49","guid":{"rendered":"https:\/\/www.earlham-ia.org\/was-fur-ein-dokument-fur-die-einreise-in-die-usa\/"},"modified":"2026-05-06T12:16:59","modified_gmt":"2026-05-06T12:16:59","slug":"was-fur-ein-dokument-fur-die-einreise-in-die-usa","status":"publish","type":"page","link":"https:\/\/www.earlham-ia.org\/de\/was-fur-ein-dokument-fur-die-einreise-in-die-usa\/","title":{"rendered":"Welche Dokumente ben\u00f6tigen Sie f\u00fcr die Einreise in die USA?"},"content":{"rendered":"\n<p>\u00a0<\/p>\n\n<p>Die Organisation einer Reise in die USA kann manchmal kompliziert sein. Eine Reise in die USA erfordert die Zusammenstellung von Dokumenten, die Ihre Identit\u00e4t beweisen und Ihre Reise best\u00e4tigen.<\/p>\n\n<p>In diesem Artikel finden Sie alle Dokumente, die Sie f\u00fcr die Einreise in die USA ben\u00f6tigen.<\/p>\n\n<h2 class=\"wp-block-heading\">Warum sind f\u00fcr eine Reise in die Vereinigten Staaten von Amerika Reisedokumente erforderlich?<\/h2>\n\n<p>Ausl\u00e4ndische Staatsangeh\u00f6rige, insbesondere aus der Europ\u00e4ischen Union, reisen in den Vereinigten Staaten nicht wie im Schengen-Raum. Wenn Sie es gewohnt sind, nach Europa zu reisen, wissen Sie, dass der Personalausweis das einzige Identit\u00e4tsdokument ist, das f\u00fcr diese Art von Reise erforderlich ist. Bei Reisen in die USA ist dies jedoch anders. <\/p>\n\n<p>Es ist wichtig zu wissen, dass die US-Regierung gegen\u00fcber Touristen, die in die USA reisen, sehr streng ist. Dieses Misstrauen hat sich im Laufe der Zeit verst\u00e4rkt, insbesondere nach den Anschl\u00e4gen vom 11. September.  Daher ist es ihr Ziel, die Sicherheitsma\u00dfnahmen zu verst\u00e4rken und nur Touristen einzulassen, die keine Gefahr f\u00fcr die innere Sicherheit des Landes darstellen.<\/p>\n\n<h2 class=\"wp-block-heading\">Welches Dokument ben\u00f6tigen Sie, um in die Vereinigten Staaten zu reisen?<\/h2>\n\n<p><\/p>\n\n<p>Hier sind die wichtigsten Dokumente, die Sie f\u00fcr eine Reise in die USA ben\u00f6tigen.<\/p>\n\n<h3 class=\"wp-block-heading\">Der biometrische oder elektronische Reisepass<\/h3>\n\n<p>Der Besitz eines elektronischen oder biometrischen Reisepasses ist eine wichtige Voraussetzung f\u00fcr eine erfolgreiche Reise. Ein Personalausweis reicht f\u00fcr einen Aufenthalt in den USA nicht aus. Wenn Sie keinen Reisepass besitzen, k\u00f6nnen Sie auch keine Reisegenehmigung erhalten, was das zweite Dokument ist, das Sie ben\u00f6tigen. Der Reisepass muss nat\u00fcrlich g\u00fcltig sein, achten Sie also auf das Ablaufdatum.  <\/p>\n\n<p>Wenn Sie keinen Reisepass haben, ist es ratsam, einen Antrag bei Ihrem Rathaus zu stellen. F\u00fcr die Beantragung eines Reisepasses ben\u00f6tigen Sie Passfotos und Ihre Fingerabdr\u00fccke.  Die Dauer des Verfahrens kann mehr als einen Monat betragen, daher sollten Sie Ihren Antrag im Voraus stellen.<\/p>\n\n<h3 class=\"wp-block-heading\">Eine Reisegenehmigung<\/h3>\n\n<p>Wenn Sie einen g\u00fcltigen Reisepass in der Tasche haben, k\u00f6nnen Sie eine Reisegenehmigung beantragen. Die US-Beh\u00f6rden m\u00fcssen Ihre Einreise vor Ihrer Abreise genehmigen. Sie haben die Wahl zwischen zwei Genehmigungen, dem Visum und der ESTA-Genehmigung.   Bitte beachten Sie, dass auch ein einfacher Transit eine dieser Genehmigungen erfordert.<\/p>\n\n<h4 class=\"wp-block-heading\">Das US-Visum<\/h4>\n\n<p>Um ein Visum zu beantragen, m\u00fcssen Sie die US-Botschaft aufsuchen. Im Vorfeld muss ein Online-Formular ausgef\u00fcllt und ein Termin mit einem Konsularbeamten vereinbart werden. Das Gespr\u00e4ch in der US-Botschaft ist entscheidend f\u00fcr Ihre Ausreise in die USA. <\/p>\n\n<p>Die Beantragung eines Visums kann mehrere Monate dauern und ist teuer, aber das Visum ist am besten f\u00fcr einen l\u00e4ngeren Aufenthalt (Aufenthalt von mehr als 90 aufeinander folgenden Tagen) oder f\u00fcr einen Reisezweck geeignet, der nicht durch das ESTA abgedeckt ist. F\u00fcr einen touristischen Aufenthalt m\u00fcssen Sie ein B2-Visum beantragen. <\/p>\n\n<p>Welche Reisedokumente Sie f\u00fcr die Einreise in die USA vorlegen m\u00fcssen, wird Ihnen von der Botschaft oder dem Konsulat mitgeteilt. Je nach Art Ihrer Reise k\u00f6nnen zus\u00e4tzliche Unterlagen verlangt werden.<\/p>\n\n<h4 class=\"wp-block-heading\">ESTA-Genehmigung f\u00fcr die USA<\/h4>\n\n<p>Die ESTA-Genehmigung gilt nur f\u00fcr Staatsangeh\u00f6rige von L\u00e4ndern, die am Programm f\u00fcr visumfreies Reisen der US-Regierung teilnehmen. Die Liste der L\u00e4nder, die von diesem System betroffen sind, finden Sie auf der Website der Regierung. Frankreich ist ein beg\u00fcnstigtes Land, so dass franz\u00f6sische Staatsb\u00fcrger diese Reisegenehmigung beantragen k\u00f6nnen. Es gibt mehrere Kriterien f\u00fcr die Berechtigung. Neben der Teilnahme am Visa Waiver Program und dem Besitz eines g\u00fcltigen Reisepasses m\u00fcssen die Reisenden f\u00fcr einen vor\u00fcbergehenden Aufenthalt (maximal 90 Tage) in die USA reisen, wobei es sich entweder um eine Gesch\u00e4ftsreise oder um einen touristischen Aufenthalt handeln kann.   <\/p>\n\n<p>Um ein ESTA zu erhalten, m\u00fcssen Sie einen Online-Antrag stellen. Sie m\u00fcssen also nicht zur US-Botschaft gehen, um einen ESTA-Antrag zu stellen.  Das Formular zum Ausf\u00fcllen finden Sie auf der <a href=\"https:\/\/esta.cbp.dhs.gov\/\">offiziellen Website der US-Regierung<\/a>. Die Ausstellung des Dokuments erfolgt innerhalb von 72 Stunden (dank der elektronischen Systeme manchmal weniger). Der Preis betr\u00e4gt 21 USD und die G\u00fcltigkeitsdauer betr\u00e4gt zwei Jahre, wenn die G\u00fcltigkeit des Reisepasses dies zul\u00e4sst. <\/p>\n\n<p>Sie m\u00fcssen Ihre ESTA-Genehmigung vor Ihrer Reise in die USA nicht physisch mit sich f\u00fchren: Die Genehmigung ist elektronisch und an Ihre Passnummer gebunden. Achten Sie also darauf, einen neuen Antrag zu stellen, wenn Sie einen neuen Reisepass haben.<\/p>\n\n<h3 class=\"wp-block-heading\">Ein Ausreiseticket<\/h3>\n\n<p>Bei einem vor\u00fcbergehenden Aufenthalt wird der Einwanderungsbeamte bei der Zollabfertigung einen Nachweis \u00fcber die Ausreise aus den USA verlangen. Mit einem Hin- und R\u00fcckflugticket oder einem Weiterflugticket k\u00f6nnen Sie dem Beamten nachweisen, dass Sie sich nicht l\u00e4nger als erlaubt in den USA aufhalten werden.<\/p>\n","protected":false},"excerpt":{"rendered":"<p>\u00a0 Die Organisation einer Reise in die USA kann manchmal kompliziert sein. Eine Reise in die USA erfordert die Zusammenstellung von Dokumenten, die Ihre Identit\u00e4t beweisen und Ihre Reise best\u00e4tigen. In diesem Artikel finden Sie alle Dokumente, die Sie f\u00fcr die Einreise in die USA ben\u00f6tigen. Warum sind f\u00fcr eine Reise in die Vereinigten Staaten [&hellip;]<\/p>\n","protected":false},"author":1,"featured_media":0,"parent":0,"menu_order":0,"comment_status":"closed","ping_status":"closed","template":"","meta":{"hide_page_title":"","footnotes":""},"class_list":["post-791","page","type-page","status-publish","hentry"],"yoast_head":"<!-- This site is optimized with the Yoast SEO plugin v27.5 - https:\/\/yoast.com\/product\/yoast-seo-wordpress\/ -->\n<title>Welche Dokumente ben\u00f6tigen Sie f\u00fcr die Einreise in die USA? - In die USA reisen<\/title>\n<meta name=\"robots\" content=\"index, follow, max-snippet:-1, max-image-preview:large, max-video-preview:-1\" \/>\n<link rel=\"canonical\" href=\"https:\/\/www.earlham-ia.org\/de\/was-fur-ein-dokument-fur-die-einreise-in-die-usa\/\" \/>\n<meta property=\"og:locale\" content=\"de_DE\" \/>\n<meta property=\"og:type\" content=\"article\" \/>\n<meta property=\"og:title\" content=\"Welche Dokumente ben\u00f6tigen Sie f\u00fcr die Einreise in die USA? - In die USA reisen\" \/>\n<meta property=\"og:description\" content=\"\u00a0 Die Organisation einer Reise in die USA kann manchmal kompliziert sein. Eine Reise in die USA erfordert die Zusammenstellung von Dokumenten, die Ihre Identit\u00e4t beweisen und Ihre Reise best\u00e4tigen. In diesem Artikel finden Sie alle Dokumente, die Sie f\u00fcr die Einreise in die USA ben\u00f6tigen. Warum sind f\u00fcr eine Reise in die Vereinigten Staaten [&hellip;]\" \/>\n<meta property=\"og:url\" content=\"https:\/\/www.earlham-ia.org\/de\/was-fur-ein-dokument-fur-die-einreise-in-die-usa\/\" \/>\n<meta property=\"og:site_name\" content=\"In die USA reisen\" \/>\n<meta property=\"article:modified_time\" content=\"2026-05-06T12:16:59+00:00\" \/>\n<meta name=\"twitter:card\" content=\"summary_large_image\" \/>\n<meta name=\"twitter:label1\" content=\"Gesch\u00e4tzte Lesezeit\" \/>\n\t<meta name=\"twitter:data1\" content=\"4 minutes\" \/>\n<script type=\"application\/ld+json\" class=\"yoast-schema-graph\">{\"@context\":\"https:\\\/\\\/schema.org\",\"@graph\":[{\"@type\":\"WebPage\",\"@id\":\"https:\\\/\\\/www.earlham-ia.org\\\/de\\\/was-fur-ein-dokument-fur-die-einreise-in-die-usa\\\/\",\"url\":\"https:\\\/\\\/www.earlham-ia.org\\\/de\\\/was-fur-ein-dokument-fur-die-einreise-in-die-usa\\\/\",\"name\":\"Welche Dokumente ben\u00f6tigen Sie f\u00fcr die Einreise in die USA? - In die USA reisen\",\"isPartOf\":{\"@id\":\"https:\\\/\\\/www.earlham-ia.org\\\/de\\\/#website\"},\"datePublished\":\"2024-06-11T14:11:49+00:00\",\"dateModified\":\"2026-05-06T12:16:59+00:00\",\"breadcrumb\":{\"@id\":\"https:\\\/\\\/www.earlham-ia.org\\\/de\\\/was-fur-ein-dokument-fur-die-einreise-in-die-usa\\\/#breadcrumb\"},\"inLanguage\":\"de-DE\",\"potentialAction\":[{\"@type\":\"ReadAction\",\"target\":[\"https:\\\/\\\/www.earlham-ia.org\\\/de\\\/was-fur-ein-dokument-fur-die-einreise-in-die-usa\\\/\"]}]},{\"@type\":\"BreadcrumbList\",\"@id\":\"https:\\\/\\\/www.earlham-ia.org\\\/de\\\/was-fur-ein-dokument-fur-die-einreise-in-die-usa\\\/#breadcrumb\",\"itemListElement\":[{\"@type\":\"ListItem\",\"position\":1,\"name\":\"Accueil\",\"item\":\"https:\\\/\\\/www.earlham-ia.org\\\/de\\\/\"},{\"@type\":\"ListItem\",\"position\":2,\"name\":\"Welche Dokumente ben\u00f6tigen Sie f\u00fcr die Einreise in die USA?\"}]},{\"@type\":\"WebSite\",\"@id\":\"https:\\\/\\\/www.earlham-ia.org\\\/de\\\/#website\",\"url\":\"https:\\\/\\\/www.earlham-ia.org\\\/de\\\/\",\"name\":\"In die USA reisen\",\"description\":\"\",\"potentialAction\":[{\"@type\":\"SearchAction\",\"target\":{\"@type\":\"EntryPoint\",\"urlTemplate\":\"https:\\\/\\\/www.earlham-ia.org\\\/de\\\/?s={search_term_string}\"},\"query-input\":{\"@type\":\"PropertyValueSpecification\",\"valueRequired\":true,\"valueName\":\"search_term_string\"}}],\"inLanguage\":\"de-DE\"}]}<\/script>\n<!-- \/ Yoast SEO plugin. -->","yoast_head_json":{"title":"Welche Dokumente ben\u00f6tigen Sie f\u00fcr die Einreise in die USA? - In die USA reisen","robots":{"index":"index","follow":"follow","max-snippet":"max-snippet:-1","max-image-preview":"max-image-preview:large","max-video-preview":"max-video-preview:-1"},"canonical":"https:\/\/www.earlham-ia.org\/de\/was-fur-ein-dokument-fur-die-einreise-in-die-usa\/","og_locale":"de_DE","og_type":"article","og_title":"Welche Dokumente ben\u00f6tigen Sie f\u00fcr die Einreise in die USA? - In die USA reisen","og_description":"\u00a0 Die Organisation einer Reise in die USA kann manchmal kompliziert sein. Eine Reise in die USA erfordert die Zusammenstellung von Dokumenten, die Ihre Identit\u00e4t beweisen und Ihre Reise best\u00e4tigen. In diesem Artikel finden Sie alle Dokumente, die Sie f\u00fcr die Einreise in die USA ben\u00f6tigen. Warum sind f\u00fcr eine Reise in die Vereinigten Staaten [&hellip;]","og_url":"https:\/\/www.earlham-ia.org\/de\/was-fur-ein-dokument-fur-die-einreise-in-die-usa\/","og_site_name":"In die USA reisen","article_modified_time":"2026-05-06T12:16:59+00:00","twitter_card":"summary_large_image","twitter_misc":{"Gesch\u00e4tzte Lesezeit":"4 minutes"},"schema":{"@context":"https:\/\/schema.org","@graph":[{"@type":"WebPage","@id":"https:\/\/www.earlham-ia.org\/de\/was-fur-ein-dokument-fur-die-einreise-in-die-usa\/","url":"https:\/\/www.earlham-ia.org\/de\/was-fur-ein-dokument-fur-die-einreise-in-die-usa\/","name":"Welche Dokumente ben\u00f6tigen Sie f\u00fcr die Einreise in die USA? - In die USA reisen","isPartOf":{"@id":"https:\/\/www.earlham-ia.org\/de\/#website"},"datePublished":"2024-06-11T14:11:49+00:00","dateModified":"2026-05-06T12:16:59+00:00","breadcrumb":{"@id":"https:\/\/www.earlham-ia.org\/de\/was-fur-ein-dokument-fur-die-einreise-in-die-usa\/#breadcrumb"},"inLanguage":"de-DE","potentialAction":[{"@type":"ReadAction","target":["https:\/\/www.earlham-ia.org\/de\/was-fur-ein-dokument-fur-die-einreise-in-die-usa\/"]}]},{"@type":"BreadcrumbList","@id":"https:\/\/www.earlham-ia.org\/de\/was-fur-ein-dokument-fur-die-einreise-in-die-usa\/#breadcrumb","itemListElement":[{"@type":"ListItem","position":1,"name":"Accueil","item":"https:\/\/www.earlham-ia.org\/de\/"},{"@type":"ListItem","position":2,"name":"Welche Dokumente ben\u00f6tigen Sie f\u00fcr die Einreise in die USA?"}]},{"@type":"WebSite","@id":"https:\/\/www.earlham-ia.org\/de\/#website","url":"https:\/\/www.earlham-ia.org\/de\/","name":"In die USA reisen","description":"","potentialAction":[{"@type":"SearchAction","target":{"@type":"EntryPoint","urlTemplate":"https:\/\/www.earlham-ia.org\/de\/?s={search_term_string}"},"query-input":{"@type":"PropertyValueSpecification","valueRequired":true,"valueName":"search_term_string"}}],"inLanguage":"de-DE"}]}},"_links":{"self":[{"href":"https:\/\/www.earlham-ia.org\/de\/wp-json\/wp\/v2\/pages\/791","targetHints":{"allow":["GET"]}}],"collection":[{"href":"https:\/\/www.earlham-ia.org\/de\/wp-json\/wp\/v2\/pages"}],"about":[{"href":"https:\/\/www.earlham-ia.org\/de\/wp-json\/wp\/v2\/types\/page"}],"author":[{"embeddable":true,"href":"https:\/\/www.earlham-ia.org\/de\/wp-json\/wp\/v2\/users\/1"}],"replies":[{"embeddable":true,"href":"https:\/\/www.earlham-ia.org\/de\/wp-json\/wp\/v2\/comments?post=791"}],"version-history":[{"count":4,"href":"https:\/\/www.earlham-ia.org\/de\/wp-json\/wp\/v2\/pages\/791\/revisions"}],"predecessor-version":[{"id":1324,"href":"https:\/\/www.earlham-ia.org\/de\/wp-json\/wp\/v2\/pages\/791\/revisions\/1324"}],"wp:attachment":[{"href":"https:\/\/www.earlham-ia.org\/de\/wp-json\/wp\/v2\/media?parent=791"}],"curies":[{"name":"wp","href":"https:\/\/api.w.org\/{rel}","templated":true}]}}