{"id":953,"date":"2025-05-07T12:42:33","date_gmt":"2025-05-07T12:42:33","guid":{"rendered":"https:\/\/www.earlham-ia.org\/roadtrip-auf-der-route-66-der-amerikanische-mythos-in-reichweite-des-lenkrads\/"},"modified":"2025-05-07T12:42:33","modified_gmt":"2025-05-07T12:42:33","slug":"roadtrip-auf-der-route-66-der-amerikanische-mythos-in-reichweite-des-lenkrads","status":"publish","type":"page","link":"https:\/\/www.earlham-ia.org\/de\/roadtrip-auf-der-route-66-der-amerikanische-mythos-in-reichweite-des-lenkrads\/","title":{"rendered":"Roadtrip auf der Route 66: Der amerikanische Mythos in Reichweite des Lenkrads"},"content":{"rendered":"\n<p>Mythisch, legend\u00e4r, zeitlos: Die Route 66 ist ein Symbol f\u00fcr den amerikanischen Freiheitsgeist. Sie erstreckt sich \u00fcber fast 4000 Kilometer, durchquert acht Staaten und Dutzende von v\u00f6llig unterschiedlichen Landschaften. F\u00fcr viele ist ein Roadtrip auf dieser Stra\u00dfe ein Initiationsritus, ein Eintauchen in die Geschichte der <a href=\"https:\/\/www.usa.gov\/\">Vereinigten Staaten<\/a> und eine Flucht aus der Zeit. Die Route 66 ist mehr als nur eine Route, sie ist zu einer kulturellen Erfahrung geworden, ein roter Faden zwischen gestern und heute, zwischen Moderne und Nostalgie.   <\/p>\n\n<h2 class=\"wp-block-heading\">Eine geschichtstr\u00e4chtige Stra\u00dfe zwischen Mythos und Realit\u00e4t<\/h2>\n\n<h3 class=\"wp-block-heading\">Eine Gr\u00fcndung, die aus dem Bed\u00fcrfnis nach nationaler Mobilit\u00e4t entstand<\/h3>\n\n<p>Die Route 66 wurde 1926 er\u00f6ffnet, um Chicago mit <a href=\"https:\/\/lacity.gov\/\">Los Angeles<\/a> zu verbinden, zu einer Zeit, als die Amerikaner sich massiv motorisierten. Sie sollte den wirtschaftlichen Austausch im ganzen Land erleichtern. Sie wurde schnell zur Achse der Hoffnungen, insbesondere w\u00e4hrend der Gro\u00dfen Depression, als ganze Familien aus dem Elend des Ostens in die Chancen des Westens flohen.  <\/p>\n\n<h3 class=\"wp-block-heading\">Administratives Verschwinden, aber kulturelles \u00dcberleben<\/h3>\n\n<p>Die <a href=\"https:\/\/national66.org\/?srsltid=AfmBOoq6UlnAejgKC3SodsOfaSC8YDiCxru1ZYc-xQsPo10z7WeyZvzP\">Route 66<\/a>, die 1985 offiziell vom amerikanischen Stra\u00dfennetz genommen wurde, h\u00e4tte in Vergessenheit geraten k\u00f6nnen. Ihre Aura war jedoch zu stark, um zu verschwinden. Dank Enthusiasten, Historikern und kleinen St\u00e4dten, die sich weigerten, die Route sterben zu sehen, wurde sie teilweise wiederhergestellt. Heute ist sie als &#8220;Historische Route&#8221; klassifiziert und zieht jedes Jahr Hunderttausende Besucher aus der ganzen Welt an.   <\/p>\n\n<h2 class=\"wp-block-heading\">Eine Reise durch die Landschaften und Kulturen Amerikas<\/h2>\n\n<h3 class=\"wp-block-heading\">Vom gr\u00fcnen Mittleren Westen zu den W\u00fcstengebieten des S\u00fcdwestens<\/h3>\n\n<p>Die Reise beginnt mit dem gesch\u00e4ftigen Treiben in <a href=\"https:\/\/www.chicago.gov\/city\/en.html\">Chicago<\/a>, aber schon bald \u00e4ndert sich die Landschaft. Die Felder von Illinois werden von den weiten Ebenen von Missouri abgel\u00f6st, gefolgt von den trockeneren Gebieten von Oklahoma und <a href=\"https:\/\/www.texas.gov\/\">Texas<\/a>. Je weiter man nach Westen f\u00e4hrt, desto rauer, mineralischer und fast mond\u00e4hnlicher wird die Landschaft, vor allem in Arizona. Jeder Staat, den Sie durchqueren, zeigt ein anderes Gesicht von Amerika, in seinen Traditionen, seiner Architektur und sogar seiner K\u00fcche.   <\/p>\n\n<h3 class=\"wp-block-heading\">Eintauchen in die regionale Vielfalt der USA<\/h3>\n\n<p>Die Route 66 ist auch eine Begegnung mit tief verwurzelten Kulturen: die Amish-Kultur in einigen l\u00e4ndlichen Gebieten, der hispanische Einfluss in New Mexico oder die starke Pr\u00e4senz der Indianernationen in <a href=\"https:\/\/az.gov\/\">Arizona<\/a>. Diese Vielfalt verleiht dem Roadtrip einen unsch\u00e4tzbaren menschlichen Reichtum, bei dem jeder Halt eine Gelegenheit zum Austausch, zur Entdeckung und zu einem neuen Blick auf das Land bietet. <\/p>\n\n<h2 class=\"wp-block-heading\">Symbolische Haltestellen einer Zeitreise<\/h2>\n\n<h3 class=\"wp-block-heading\">Von Chicago nach St. Louis: Erste Schritte auf der Mother Road <\/h3>\n\n<p>Schon die ersten Etappen bieten eine starke Dosis Nostalgie. In Joliet oder Pontiac gibt es Museen, die der Route 66 gewidmet sind, w\u00e4hrend Diners und restaurierte Tankstellen die Atmosph\u00e4re der 50er Jahre wieder aufleben lassen. Die Fahrt durch St. Louis mit dem ber\u00fchmten Gateway Arch ist ein symbolischer Schritt nach Westen, wie ein Tor zum Unbekannten.   <\/p>\n\n<h3 class=\"wp-block-heading\">Die W\u00fcste von New Mexico und die Westernkulissen<\/h3>\n\n<p>Weiter in New Mexico und Arizona werden die Stopps fast filmisch. <a href=\"https:\/\/www.holbrookaz.gov\/\">Holbrook<\/a> mit seinem Tipi-Motel oder Winslow, das von den Eagles unsterblich gemacht wurde, bieten erstaunlich lebendige Visionen des alten Amerikas. Die Sonnenunterg\u00e4nge \u00fcber der W\u00fcste, die geraden, von Kakteen ges\u00e4umten Stra\u00dfen und die kleinen, staubigen L\u00e4den bilden ein unvergessliches Bild, das fast nicht von dieser Welt ist. <\/p>\n\n<h2 class=\"wp-block-heading\">Menschliche Erfahrung: Was die Route 66 ausl\u00f6st<\/h2>\n\n<h3 class=\"wp-block-heading\">Gastfreundschaft, die von lokalem Stolz gepr\u00e4gt ist<\/h3>\n\n<p>Was an der Route 66 auff\u00e4llt, ist die Gastfreundschaft. In den kleinen St\u00e4dten sind die Einwohner oft die H\u00fcter der Erinnerung an die Route. Sie f\u00fchren Familienmotels, Garagen, die in Museen umgewandelt wurden, oder einfache Caf\u00e9s, in denen noch vom &#8220;wahren Amerika&#8221; gesprochen wird. Ihr Stolz ist nicht gespielt: Sie wissen, dass ihre Stadt existiert, weil der Highway durch sie hindurchgegangen ist, und sie pflegen diese Verbindung mit einer seltenen Aufrichtigkeit.   <\/p>\n\n<h3 class=\"wp-block-heading\">Das Gef\u00fchl von Freiheit und Abgeschiedenheit<\/h3>\n\n<p>Wenn man die gro\u00dfen St\u00e4dte und die markierten Routen verl\u00e4sst, entdeckt der Reisende eine Form der Langsamkeit und der Kontemplation wieder. Der Roadtrip auf der Route 66 bietet eine Auszeit. Die einfache Tatsache, dass man f\u00e4hrt, ohne ein anderes Ziel als das Vorankommen zu haben, schafft einen besonderen Geisteszustand. Man nimmt sich die Zeit, anzuhalten, zuzuh\u00f6ren und zu f\u00fchlen. In einer Zeit, die von Geschwindigkeit und Virtualit\u00e4t gepr\u00e4gt ist, wirkt diese R\u00fcckkehr zur Stra\u00dfe, zur Stille und zum Raum wie eine tiefe Erholung.    <\/p>\n\n<h2 class=\"wp-block-heading\">Eine symbolische Ankunft an den Ufern des Pazifiks<\/h2>\n\n<h3 class=\"wp-block-heading\">Santa Monica: Das Ende der Reise, der Beginn einer Erinnerung<\/h3>\n\n<p>Wenn man in <a href=\"https:\/\/www.santamonica.gov\/\">Santa Monica<\/a>, dem offiziellen Ende des Weges, ankommt, mischt sich mit der Zufriedenheit eine seltsame Emotion. Das Schild &#8220;End of the Trail&#8221;, das am Pier mit Blick auf den Ozean aufgeh\u00e4ngt ist, verk\u00f6rpert den Abschluss dieses Abenteuers. Die Reisenden halten oft lange an, als ob sie die Energie des Weges ein letztes Mal in sich aufnehmen wollten. Es ist ein Moment, der zwischen Nostalgie und Erf\u00fcllung schwebt.   <\/p>\n\n<h3 class=\"wp-block-heading\">Ein Erbe, das man mitnimmt<\/h3>\n\n<p>Man verl\u00e4sst die Route 66 ver\u00e4ndert. Nicht weil man spektakul\u00e4re Dinge gesehen hat, sondern weil man eine Verbindung zu etwas Gr\u00f6\u00dferem versp\u00fcrt hat: ein kollektives Ged\u00e4chtnis, eine Kultur der Stra\u00dfe, ein Geist der Freiheit. Die Reise wird zur Erinnerung, dann zur Erz\u00e4hlung und oft zum Wunsch, zur\u00fcckzukehren. Denn die Route 66 ist nicht einfach nur eine Linie auf einer Landkarte. Sie ist ein unsichtbarer Faden, der Epochen, Menschen und Tr\u00e4ume miteinander verbindet.    <\/p>\n\n<p><br\/>Ein Roadtrip auf der Route 66 ist eine einzigartige Erfahrung, die Entdeckung, Emotion und Faszination miteinander verbindet. Diese legend\u00e4re Stra\u00dfe fesselt auch heute noch, nicht durch ihre Modernit\u00e4t, sondern durch ihre Authentizit\u00e4t. Wenn man auf ihr durch die USA reist, durchquert man auch die Geschichte eines Landes, seine Widerspr\u00fcche, seine Hoffnungen und seine rohe Sch\u00f6nheit. Es ist eine Stra\u00dfe, die man nie ganz allein f\u00e4hrt: Sie ist bev\u00f6lkert von Erinnerungen, Stimmen, Landschaften und Gesichtern. Wenn man sie einmal eingeschlagen hat, l\u00e4sst sie einen nicht mehr los.    <\/p>\n","protected":false},"excerpt":{"rendered":"<p>Mythisch, legend\u00e4r, zeitlos: Die Route 66 ist ein Symbol f\u00fcr den amerikanischen Freiheitsgeist. Sie erstreckt sich \u00fcber fast 4000 Kilometer, durchquert acht Staaten und Dutzende von v\u00f6llig unterschiedlichen Landschaften. F\u00fcr viele ist ein Roadtrip auf dieser Stra\u00dfe ein Initiationsritus, ein Eintauchen in die Geschichte der Vereinigten Staaten und eine Flucht aus der Zeit. Die Route [&hellip;]<\/p>\n","protected":false},"author":1,"featured_media":0,"parent":0,"menu_order":0,"comment_status":"closed","ping_status":"closed","template":"","meta":{"hide_page_title":"","footnotes":""},"class_list":["post-953","page","type-page","status-publish","hentry"],"yoast_head":"<!-- This site is optimized with the Yoast SEO plugin v27.5 - https:\/\/yoast.com\/product\/yoast-seo-wordpress\/ -->\n<title>Roadtrip auf der Route 66: Der amerikanische Mythos in Reichweite des Lenkrads - In die USA reisen<\/title>\n<meta name=\"description\" content=\"Machen Sie einen unvergesslichen Roadtrip auf der Route 66, zwischen legend\u00e4ren Landschaften, amerikanischer Kultur und totaler Freiheit auf der Mother Road.\" \/>\n<meta name=\"robots\" content=\"index, follow, max-snippet:-1, max-image-preview:large, max-video-preview:-1\" \/>\n<link rel=\"canonical\" href=\"https:\/\/www.earlham-ia.org\/de\/roadtrip-auf-der-route-66-der-amerikanische-mythos-in-reichweite-des-lenkrads\/\" \/>\n<meta property=\"og:locale\" content=\"de_DE\" \/>\n<meta property=\"og:type\" content=\"article\" \/>\n<meta property=\"og:title\" content=\"Roadtrip auf der Route 66: Der amerikanische Mythos in Reichweite des Lenkrads - In die USA reisen\" \/>\n<meta property=\"og:description\" content=\"Machen Sie einen unvergesslichen Roadtrip auf der Route 66, zwischen legend\u00e4ren Landschaften, amerikanischer Kultur und totaler Freiheit auf der Mother Road.\" \/>\n<meta property=\"og:url\" content=\"https:\/\/www.earlham-ia.org\/de\/roadtrip-auf-der-route-66-der-amerikanische-mythos-in-reichweite-des-lenkrads\/\" \/>\n<meta property=\"og:site_name\" content=\"In die USA reisen\" \/>\n<meta name=\"twitter:card\" content=\"summary_large_image\" \/>\n<meta name=\"twitter:label1\" content=\"Gesch\u00e4tzte Lesezeit\" \/>\n\t<meta name=\"twitter:data1\" content=\"5 minutes\" \/>\n<script type=\"application\/ld+json\" class=\"yoast-schema-graph\">{\"@context\":\"https:\\\/\\\/schema.org\",\"@graph\":[{\"@type\":\"WebPage\",\"@id\":\"https:\\\/\\\/www.earlham-ia.org\\\/de\\\/roadtrip-auf-der-route-66-der-amerikanische-mythos-in-reichweite-des-lenkrads\\\/\",\"url\":\"https:\\\/\\\/www.earlham-ia.org\\\/de\\\/roadtrip-auf-der-route-66-der-amerikanische-mythos-in-reichweite-des-lenkrads\\\/\",\"name\":\"Roadtrip auf der Route 66: Der amerikanische Mythos in Reichweite des Lenkrads - In die USA reisen\",\"isPartOf\":{\"@id\":\"https:\\\/\\\/www.earlham-ia.org\\\/de\\\/#website\"},\"datePublished\":\"2025-05-07T12:42:33+00:00\",\"description\":\"Machen Sie einen unvergesslichen Roadtrip auf der Route 66, zwischen legend\u00e4ren Landschaften, amerikanischer Kultur und totaler Freiheit auf der Mother Road.\",\"breadcrumb\":{\"@id\":\"https:\\\/\\\/www.earlham-ia.org\\\/de\\\/roadtrip-auf-der-route-66-der-amerikanische-mythos-in-reichweite-des-lenkrads\\\/#breadcrumb\"},\"inLanguage\":\"de-DE\",\"potentialAction\":[{\"@type\":\"ReadAction\",\"target\":[\"https:\\\/\\\/www.earlham-ia.org\\\/de\\\/roadtrip-auf-der-route-66-der-amerikanische-mythos-in-reichweite-des-lenkrads\\\/\"]}]},{\"@type\":\"BreadcrumbList\",\"@id\":\"https:\\\/\\\/www.earlham-ia.org\\\/de\\\/roadtrip-auf-der-route-66-der-amerikanische-mythos-in-reichweite-des-lenkrads\\\/#breadcrumb\",\"itemListElement\":[{\"@type\":\"ListItem\",\"position\":1,\"name\":\"Accueil\",\"item\":\"https:\\\/\\\/www.earlham-ia.org\\\/de\\\/\"},{\"@type\":\"ListItem\",\"position\":2,\"name\":\"Roadtrip auf der Route 66: Der amerikanische Mythos in Reichweite des Lenkrads\"}]},{\"@type\":\"WebSite\",\"@id\":\"https:\\\/\\\/www.earlham-ia.org\\\/de\\\/#website\",\"url\":\"https:\\\/\\\/www.earlham-ia.org\\\/de\\\/\",\"name\":\"In die USA reisen\",\"description\":\"\",\"potentialAction\":[{\"@type\":\"SearchAction\",\"target\":{\"@type\":\"EntryPoint\",\"urlTemplate\":\"https:\\\/\\\/www.earlham-ia.org\\\/de\\\/?s={search_term_string}\"},\"query-input\":{\"@type\":\"PropertyValueSpecification\",\"valueRequired\":true,\"valueName\":\"search_term_string\"}}],\"inLanguage\":\"de-DE\"}]}<\/script>\n<!-- \/ Yoast SEO plugin. -->","yoast_head_json":{"title":"Roadtrip auf der Route 66: Der amerikanische Mythos in Reichweite des Lenkrads - In die USA reisen","description":"Machen Sie einen unvergesslichen Roadtrip auf der Route 66, zwischen legend\u00e4ren Landschaften, amerikanischer Kultur und totaler Freiheit auf der Mother Road.","robots":{"index":"index","follow":"follow","max-snippet":"max-snippet:-1","max-image-preview":"max-image-preview:large","max-video-preview":"max-video-preview:-1"},"canonical":"https:\/\/www.earlham-ia.org\/de\/roadtrip-auf-der-route-66-der-amerikanische-mythos-in-reichweite-des-lenkrads\/","og_locale":"de_DE","og_type":"article","og_title":"Roadtrip auf der Route 66: Der amerikanische Mythos in Reichweite des Lenkrads - In die USA reisen","og_description":"Machen Sie einen unvergesslichen Roadtrip auf der Route 66, zwischen legend\u00e4ren Landschaften, amerikanischer Kultur und totaler Freiheit auf der Mother Road.","og_url":"https:\/\/www.earlham-ia.org\/de\/roadtrip-auf-der-route-66-der-amerikanische-mythos-in-reichweite-des-lenkrads\/","og_site_name":"In die USA reisen","twitter_card":"summary_large_image","twitter_misc":{"Gesch\u00e4tzte Lesezeit":"5 minutes"},"schema":{"@context":"https:\/\/schema.org","@graph":[{"@type":"WebPage","@id":"https:\/\/www.earlham-ia.org\/de\/roadtrip-auf-der-route-66-der-amerikanische-mythos-in-reichweite-des-lenkrads\/","url":"https:\/\/www.earlham-ia.org\/de\/roadtrip-auf-der-route-66-der-amerikanische-mythos-in-reichweite-des-lenkrads\/","name":"Roadtrip auf der Route 66: Der amerikanische Mythos in Reichweite des Lenkrads - In die USA reisen","isPartOf":{"@id":"https:\/\/www.earlham-ia.org\/de\/#website"},"datePublished":"2025-05-07T12:42:33+00:00","description":"Machen Sie einen unvergesslichen Roadtrip auf der Route 66, zwischen legend\u00e4ren Landschaften, amerikanischer Kultur und totaler Freiheit auf der Mother Road.","breadcrumb":{"@id":"https:\/\/www.earlham-ia.org\/de\/roadtrip-auf-der-route-66-der-amerikanische-mythos-in-reichweite-des-lenkrads\/#breadcrumb"},"inLanguage":"de-DE","potentialAction":[{"@type":"ReadAction","target":["https:\/\/www.earlham-ia.org\/de\/roadtrip-auf-der-route-66-der-amerikanische-mythos-in-reichweite-des-lenkrads\/"]}]},{"@type":"BreadcrumbList","@id":"https:\/\/www.earlham-ia.org\/de\/roadtrip-auf-der-route-66-der-amerikanische-mythos-in-reichweite-des-lenkrads\/#breadcrumb","itemListElement":[{"@type":"ListItem","position":1,"name":"Accueil","item":"https:\/\/www.earlham-ia.org\/de\/"},{"@type":"ListItem","position":2,"name":"Roadtrip auf der Route 66: Der amerikanische Mythos in Reichweite des Lenkrads"}]},{"@type":"WebSite","@id":"https:\/\/www.earlham-ia.org\/de\/#website","url":"https:\/\/www.earlham-ia.org\/de\/","name":"In die USA reisen","description":"","potentialAction":[{"@type":"SearchAction","target":{"@type":"EntryPoint","urlTemplate":"https:\/\/www.earlham-ia.org\/de\/?s={search_term_string}"},"query-input":{"@type":"PropertyValueSpecification","valueRequired":true,"valueName":"search_term_string"}}],"inLanguage":"de-DE"}]}},"_links":{"self":[{"href":"https:\/\/www.earlham-ia.org\/de\/wp-json\/wp\/v2\/pages\/953","targetHints":{"allow":["GET"]}}],"collection":[{"href":"https:\/\/www.earlham-ia.org\/de\/wp-json\/wp\/v2\/pages"}],"about":[{"href":"https:\/\/www.earlham-ia.org\/de\/wp-json\/wp\/v2\/types\/page"}],"author":[{"embeddable":true,"href":"https:\/\/www.earlham-ia.org\/de\/wp-json\/wp\/v2\/users\/1"}],"replies":[{"embeddable":true,"href":"https:\/\/www.earlham-ia.org\/de\/wp-json\/wp\/v2\/comments?post=953"}],"version-history":[{"count":1,"href":"https:\/\/www.earlham-ia.org\/de\/wp-json\/wp\/v2\/pages\/953\/revisions"}],"predecessor-version":[{"id":967,"href":"https:\/\/www.earlham-ia.org\/de\/wp-json\/wp\/v2\/pages\/953\/revisions\/967"}],"wp:attachment":[{"href":"https:\/\/www.earlham-ia.org\/de\/wp-json\/wp\/v2\/media?parent=953"}],"curies":[{"name":"wp","href":"https:\/\/api.w.org\/{rel}","templated":true}]}}