{"id":955,"date":"2025-05-07T12:42:33","date_gmt":"2025-05-07T12:42:33","guid":{"rendered":"https:\/\/www.earlham-ia.org\/der-pacific-coast-highway-zwischen-klippen-und-ozean\/"},"modified":"2025-05-07T12:42:33","modified_gmt":"2025-05-07T12:42:33","slug":"der-pacific-coast-highway-zwischen-klippen-und-ozean","status":"publish","type":"page","link":"https:\/\/www.earlham-ia.org\/de\/der-pacific-coast-highway-zwischen-klippen-und-ozean\/","title":{"rendered":"Der Pacific Coast Highway: zwischen Klippen und Ozean"},"content":{"rendered":"\n<p>Der <a href=\"https:\/\/www.pacific-coast-highway-travel.com\/\">Pacific Coast Highway<\/a>, auch bekannt als Highway 1, ist eine der spektakul\u00e4rsten Stra\u00dfen der Vereinigten Staaten. Er schl\u00e4ngelt sich entlang der Westk\u00fcste von San Francisco nach Los Angeles, manchmal sogar bis nach San Diego, entlang des Pazifischen Ozeans. Dieser ikonische Roadtrip enth\u00fcllt Landschaften von rauer Sch\u00f6nheit: schwindelerregende Klippen, wilde Str\u00e4nde, W\u00e4lder mit Mammutb\u00e4umen und sonnendurchflutete kalifornische D\u00f6rfer. Mehr als nur eine Fahrt, es ist ein Eintauchen in den kalifornischen Geist, zwischen wilder Natur und entspannter Lebensart.   <\/p>\n\n<h2 class=\"wp-block-heading\">Eine legend\u00e4re K\u00fcstenroute zwischen San Francisco und Los Angeles<\/h2>\n\n<h3 class=\"wp-block-heading\">Eine Stra\u00dfe, die gebaut wurde, um die raue Sch\u00f6nheit der K\u00fcste zu zeigen<\/h3>\n\n<p>Der Pacific Coast Highway wurde in den 1930er Jahren als ein Schaufenster des kalifornischen Naturerbes konzipiert. Er folgt den Kurven der Pazifikk\u00fcste und bietet atemberaubende Ausblicke auf den Ozean. Wenn man <a href=\"https:\/\/www.sf.gov\/\">San Francisco<\/a> verl\u00e4sst, findet der Reisende eine Abfolge von nebligen Str\u00e4nden und felsigen Landzungen vor. Jede Kurve bietet eine neue Perspektive, gepr\u00e4gt von steilen Klippen, Pinienw\u00e4ldern und dem tiefblauen Ozean, der sich so weit das Auge reicht, erstreckt.   <\/p>\n\n<h3 class=\"wp-block-heading\">Eine Reise durch das wilde und authentische Kalifornien<\/h3>\n\n<p>Die Stra\u00dfe f\u00fchrt durch gesch\u00fctzte Gebiete, Naturreservate und kleine St\u00e4dte, die sich ihre Authentizit\u00e4t bewahrt haben. Orte wie <a href=\"https:\/\/www.half-moon-bay.ca.us\/\">Half Moon Bay<\/a>, Carmel-by-the-Sea oder Big Sur zeigen, was <a href=\"https:\/\/www.ca.gov\/\">Kalifornien<\/a> am reinsten ist: die Harmonie zwischen Mensch und Natur, ohne \u00dcbertreibung oder K\u00fcnstlichkeit. Der Kontrast zwischen den sanften Buchten und den rauen Klippen schafft ein einzigartiges visuelles und emotionales Gleichgewicht.  <\/p>\n\n<h2 class=\"wp-block-heading\">Big Sur: das pulsierende Herz des Pacific Coast Highway<\/h2>\n\n<h3 class=\"wp-block-heading\">Ein legend\u00e4rer Abschnitt, ein Symbol f\u00fcr Freiheit und Kontemplation<\/h3>\n\n<p>Big Sur ist zweifellos der symboltr\u00e4chtigste Teil des Highway 1. Auf einer L\u00e4nge von fast 150 Kilometern krallt sich die Stra\u00dfe an den Klippen fest und bietet eine Reihe von Kurven, Br\u00fccken und gro\u00dfartigen Ausblicken. Die fehlende Bebauung, die in den Ozean abfallenden Klippen und das wechselnde Licht schaffen eine fast mystische Atmosph\u00e4re. Diese Kulisse hat viele K\u00fcnstler, Schriftsteller und Regisseure inspiriert und Big Sur zu einem legend\u00e4ren Ort gemacht.   <\/p>\n\n<h3 class=\"wp-block-heading\">Eine Sinnesreise zwischen Nebel, Licht und salzigem Wind<\/h3>\n\n<p>In <a href=\"https:\/\/www.bigsurcalifornia.org\/\">Big Sur<\/a> zu fahren bedeutet auch, einen intensiven Moment der Sinne zu erleben. Der Meeresnebel, der bei Tagesanbruch allgegenw\u00e4rtig ist, verleiht der Landschaft eine traumhafte Struktur. Wenn die Sonne durchbricht, werden die Kontraste sichtbar und der Wind tr\u00e4gt D\u00fcfte mit sich, die die salzige Luft des Ozeans mit den holzigen Essenzen der H\u00fcgel vermischen. Man wird nat\u00fcrlich langsamer, nicht aus Zwang, sondern um jeden Augenblick dieser zeitlosen Route zu genie\u00dfen.   <\/p>\n\n<h2 class=\"wp-block-heading\">Von Los Angeles nach San Diego: ein \u00dcbergang in den sonnigen S\u00fcden<\/h2>\n\n<h3 class=\"wp-block-heading\">Eine st\u00e4dtischere Strandatmosph\u00e4re, aber immer noch mit dem Ozean verbunden<\/h3>\n\n<p>Weiter in Richtung S\u00fcden f\u00fchrt der Highway 1 durch <a href=\"https:\/\/lacity.gov\/\">Los Angeles<\/a> bis nach San Diego. Obwohl dieser Abschnitt st\u00e4dtischer ist, bleibt die Seele der Stra\u00dfe an der K\u00fcste erhalten. Die langen Str\u00e4nde, die belebten Piers und die Surferviertel erinnern daran, dass der Ozean der rote Faden der Reise bleibt. Die Atmosph\u00e4re \u00e4ndert sich, wird w\u00e4rmer und mediterraner, aber die Verbindung zum Wasser bleibt bestehen.   <\/p>\n\n<h3 class=\"wp-block-heading\">Kalifornisches Flair am Ende der Reise<\/h3>\n\n<p><a href=\"https:\/\/www.sandiego.gov\/\">San Diego<\/a> markiert oft das Ende eines Roadtrips. Mit ihren ruhigen Str\u00e4nden, dem ganzj\u00e4hrig milden Klima und dem entspannten Lebensstil bietet die Stadt einen idealen \u00dcbergang, um das Abenteuer abzuschlie\u00dfen. Nach den wilden Klippen im Norden, den bewaldeten H\u00fcgeln von Big Sur und der Hektik von Los Angeles, beruhigt San Diego und l\u00e4dt dazu ein, den kalifornischen Traum noch ein wenig zu verl\u00e4ngern.  <\/p>\n\n<h2 class=\"wp-block-heading\">Eine Stra\u00dfe, die den Geist Kaliforniens verk\u00f6rpert<\/h2>\n\n<h3 class=\"wp-block-heading\">Zwischen Freiheit, Kontemplation und Lebenskunst<\/h3>\n\n<p>Der Pacific Coast Highway ist mehr als nur eine Aneinanderreihung von Kilometern zwischen zwei St\u00e4dten. Er steht f\u00fcr eine Philosophie des Reisens und sogar f\u00fcr eine bestimmte Vorstellung vom Leben. Hier scheint die Zeit stillzustehen, die Priorit\u00e4ten \u00e4ndern sich und man entdeckt die Freude am Schauen, H\u00f6ren und Atmen wieder. Die Stra\u00dfe wird zu einer pers\u00f6nlichen, intimen Erfahrung, die einen bleibenden Eindruck bei denjenigen hinterl\u00e4sst, die sie befahren.   <\/p>\n\n<h3 class=\"wp-block-heading\">Ein Ziel an sich, das man mindestens einmal im Leben besucht haben muss.<\/h3>\n\n<p>Dieser Roadtrip bedarf keiner Rechtfertigung. Ob es sich um eine Hochzeitsreise, eine pers\u00f6nliche Auszeit oder ein Fotoprojekt handelt, der Pacific Coast Highway bietet jedem das, was er sucht: Stille, Weite, Sch\u00f6nheit. Es ist eine Route, die man langsam erleben sollte, so dass jede Kurve eine Erinnerung, jeder Halt eine Begegnung und jede Landschaft eine Emotion ist.  <\/p>\n\n<p>Der Pacific Coast Highway ist viel mehr als nur eine Panoramastra\u00dfe. Er verk\u00f6rpert das Wesen Kaliforniens in seiner Vielfalt, seinem Licht und seiner Offenheit. Diese Reise bedeutet, sich wieder mit dem Wesentlichen zu verbinden, das Tempo zu verlangsamen und sich von der Stra\u00dfe selbst leiten zu lassen. Zwischen Klippen und Ozean findet der Reisende ein seltenes Gleichgewicht, eine wertvolle Form der Freiheit in einer Welt, die allzu oft in Eile ist. Den Highway 1 kann man nicht erz\u00e4hlen, man muss ihn erleben. Und er bleibt noch lange nach der R\u00fcckkehr als eine der sch\u00f6nsten Routen der Welt in Erinnerung.     <\/p>\n","protected":false},"excerpt":{"rendered":"<p>Der Pacific Coast Highway, auch bekannt als Highway 1, ist eine der spektakul\u00e4rsten Stra\u00dfen der Vereinigten Staaten. Er schl\u00e4ngelt sich entlang der Westk\u00fcste von San Francisco nach Los Angeles, manchmal sogar bis nach San Diego, entlang des Pazifischen Ozeans. Dieser ikonische Roadtrip enth\u00fcllt Landschaften von rauer Sch\u00f6nheit: schwindelerregende Klippen, wilde Str\u00e4nde, W\u00e4lder mit Mammutb\u00e4umen und [&hellip;]<\/p>\n","protected":false},"author":1,"featured_media":0,"parent":0,"menu_order":0,"comment_status":"closed","ping_status":"closed","template":"","meta":{"hide_page_title":"","footnotes":""},"class_list":["post-955","page","type-page","status-publish","hentry"],"yoast_head":"<!-- This site is optimized with the Yoast SEO plugin v27.5 - https:\/\/yoast.com\/product\/yoast-seo-wordpress\/ -->\n<title>Der Pacific Coast Highway: zwischen Klippen und Ozean - In die USA reisen<\/title>\n<meta name=\"description\" content=\"Fahren Sie auf dem Pacific Coast Highway, der sch\u00f6nsten K\u00fcstenstra\u00dfe der USA, zwischen wilden Klippen, Str\u00e4nden und kalifornischer Atmosph\u00e4re.\" \/>\n<meta name=\"robots\" content=\"index, follow, max-snippet:-1, max-image-preview:large, max-video-preview:-1\" \/>\n<link rel=\"canonical\" href=\"https:\/\/www.earlham-ia.org\/de\/der-pacific-coast-highway-zwischen-klippen-und-ozean\/\" \/>\n<meta property=\"og:locale\" content=\"de_DE\" \/>\n<meta property=\"og:type\" content=\"article\" \/>\n<meta property=\"og:title\" content=\"Der Pacific Coast Highway: zwischen Klippen und Ozean - In die USA reisen\" \/>\n<meta property=\"og:description\" content=\"Fahren Sie auf dem Pacific Coast Highway, der sch\u00f6nsten K\u00fcstenstra\u00dfe der USA, zwischen wilden Klippen, Str\u00e4nden und kalifornischer Atmosph\u00e4re.\" \/>\n<meta property=\"og:url\" content=\"https:\/\/www.earlham-ia.org\/de\/der-pacific-coast-highway-zwischen-klippen-und-ozean\/\" \/>\n<meta property=\"og:site_name\" content=\"In die USA reisen\" \/>\n<meta name=\"twitter:card\" content=\"summary_large_image\" \/>\n<meta name=\"twitter:label1\" content=\"Gesch\u00e4tzte Lesezeit\" \/>\n\t<meta name=\"twitter:data1\" content=\"4 minutes\" \/>\n<script type=\"application\/ld+json\" class=\"yoast-schema-graph\">{\"@context\":\"https:\\\/\\\/schema.org\",\"@graph\":[{\"@type\":\"WebPage\",\"@id\":\"https:\\\/\\\/www.earlham-ia.org\\\/de\\\/der-pacific-coast-highway-zwischen-klippen-und-ozean\\\/\",\"url\":\"https:\\\/\\\/www.earlham-ia.org\\\/de\\\/der-pacific-coast-highway-zwischen-klippen-und-ozean\\\/\",\"name\":\"Der Pacific Coast Highway: zwischen Klippen und Ozean - In die USA reisen\",\"isPartOf\":{\"@id\":\"https:\\\/\\\/www.earlham-ia.org\\\/de\\\/#website\"},\"datePublished\":\"2025-05-07T12:42:33+00:00\",\"description\":\"Fahren Sie auf dem Pacific Coast Highway, der sch\u00f6nsten K\u00fcstenstra\u00dfe der USA, zwischen wilden Klippen, Str\u00e4nden und kalifornischer Atmosph\u00e4re.\",\"breadcrumb\":{\"@id\":\"https:\\\/\\\/www.earlham-ia.org\\\/de\\\/der-pacific-coast-highway-zwischen-klippen-und-ozean\\\/#breadcrumb\"},\"inLanguage\":\"de-DE\",\"potentialAction\":[{\"@type\":\"ReadAction\",\"target\":[\"https:\\\/\\\/www.earlham-ia.org\\\/de\\\/der-pacific-coast-highway-zwischen-klippen-und-ozean\\\/\"]}]},{\"@type\":\"BreadcrumbList\",\"@id\":\"https:\\\/\\\/www.earlham-ia.org\\\/de\\\/der-pacific-coast-highway-zwischen-klippen-und-ozean\\\/#breadcrumb\",\"itemListElement\":[{\"@type\":\"ListItem\",\"position\":1,\"name\":\"Accueil\",\"item\":\"https:\\\/\\\/www.earlham-ia.org\\\/de\\\/\"},{\"@type\":\"ListItem\",\"position\":2,\"name\":\"Der Pacific Coast Highway: zwischen Klippen und Ozean\"}]},{\"@type\":\"WebSite\",\"@id\":\"https:\\\/\\\/www.earlham-ia.org\\\/de\\\/#website\",\"url\":\"https:\\\/\\\/www.earlham-ia.org\\\/de\\\/\",\"name\":\"In die USA reisen\",\"description\":\"\",\"potentialAction\":[{\"@type\":\"SearchAction\",\"target\":{\"@type\":\"EntryPoint\",\"urlTemplate\":\"https:\\\/\\\/www.earlham-ia.org\\\/de\\\/?s={search_term_string}\"},\"query-input\":{\"@type\":\"PropertyValueSpecification\",\"valueRequired\":true,\"valueName\":\"search_term_string\"}}],\"inLanguage\":\"de-DE\"}]}<\/script>\n<!-- \/ Yoast SEO plugin. -->","yoast_head_json":{"title":"Der Pacific Coast Highway: zwischen Klippen und Ozean - In die USA reisen","description":"Fahren Sie auf dem Pacific Coast Highway, der sch\u00f6nsten K\u00fcstenstra\u00dfe der USA, zwischen wilden Klippen, Str\u00e4nden und kalifornischer Atmosph\u00e4re.","robots":{"index":"index","follow":"follow","max-snippet":"max-snippet:-1","max-image-preview":"max-image-preview:large","max-video-preview":"max-video-preview:-1"},"canonical":"https:\/\/www.earlham-ia.org\/de\/der-pacific-coast-highway-zwischen-klippen-und-ozean\/","og_locale":"de_DE","og_type":"article","og_title":"Der Pacific Coast Highway: zwischen Klippen und Ozean - In die USA reisen","og_description":"Fahren Sie auf dem Pacific Coast Highway, der sch\u00f6nsten K\u00fcstenstra\u00dfe der USA, zwischen wilden Klippen, Str\u00e4nden und kalifornischer Atmosph\u00e4re.","og_url":"https:\/\/www.earlham-ia.org\/de\/der-pacific-coast-highway-zwischen-klippen-und-ozean\/","og_site_name":"In die USA reisen","twitter_card":"summary_large_image","twitter_misc":{"Gesch\u00e4tzte Lesezeit":"4 minutes"},"schema":{"@context":"https:\/\/schema.org","@graph":[{"@type":"WebPage","@id":"https:\/\/www.earlham-ia.org\/de\/der-pacific-coast-highway-zwischen-klippen-und-ozean\/","url":"https:\/\/www.earlham-ia.org\/de\/der-pacific-coast-highway-zwischen-klippen-und-ozean\/","name":"Der Pacific Coast Highway: zwischen Klippen und Ozean - In die USA reisen","isPartOf":{"@id":"https:\/\/www.earlham-ia.org\/de\/#website"},"datePublished":"2025-05-07T12:42:33+00:00","description":"Fahren Sie auf dem Pacific Coast Highway, der sch\u00f6nsten K\u00fcstenstra\u00dfe der USA, zwischen wilden Klippen, Str\u00e4nden und kalifornischer Atmosph\u00e4re.","breadcrumb":{"@id":"https:\/\/www.earlham-ia.org\/de\/der-pacific-coast-highway-zwischen-klippen-und-ozean\/#breadcrumb"},"inLanguage":"de-DE","potentialAction":[{"@type":"ReadAction","target":["https:\/\/www.earlham-ia.org\/de\/der-pacific-coast-highway-zwischen-klippen-und-ozean\/"]}]},{"@type":"BreadcrumbList","@id":"https:\/\/www.earlham-ia.org\/de\/der-pacific-coast-highway-zwischen-klippen-und-ozean\/#breadcrumb","itemListElement":[{"@type":"ListItem","position":1,"name":"Accueil","item":"https:\/\/www.earlham-ia.org\/de\/"},{"@type":"ListItem","position":2,"name":"Der Pacific Coast Highway: zwischen Klippen und Ozean"}]},{"@type":"WebSite","@id":"https:\/\/www.earlham-ia.org\/de\/#website","url":"https:\/\/www.earlham-ia.org\/de\/","name":"In die USA reisen","description":"","potentialAction":[{"@type":"SearchAction","target":{"@type":"EntryPoint","urlTemplate":"https:\/\/www.earlham-ia.org\/de\/?s={search_term_string}"},"query-input":{"@type":"PropertyValueSpecification","valueRequired":true,"valueName":"search_term_string"}}],"inLanguage":"de-DE"}]}},"_links":{"self":[{"href":"https:\/\/www.earlham-ia.org\/de\/wp-json\/wp\/v2\/pages\/955","targetHints":{"allow":["GET"]}}],"collection":[{"href":"https:\/\/www.earlham-ia.org\/de\/wp-json\/wp\/v2\/pages"}],"about":[{"href":"https:\/\/www.earlham-ia.org\/de\/wp-json\/wp\/v2\/types\/page"}],"author":[{"embeddable":true,"href":"https:\/\/www.earlham-ia.org\/de\/wp-json\/wp\/v2\/users\/1"}],"replies":[{"embeddable":true,"href":"https:\/\/www.earlham-ia.org\/de\/wp-json\/wp\/v2\/comments?post=955"}],"version-history":[{"count":1,"href":"https:\/\/www.earlham-ia.org\/de\/wp-json\/wp\/v2\/pages\/955\/revisions"}],"predecessor-version":[{"id":968,"href":"https:\/\/www.earlham-ia.org\/de\/wp-json\/wp\/v2\/pages\/955\/revisions\/968"}],"wp:attachment":[{"href":"https:\/\/www.earlham-ia.org\/de\/wp-json\/wp\/v2\/media?parent=955"}],"curies":[{"name":"wp","href":"https:\/\/api.w.org\/{rel}","templated":true}]}}