{"id":1046,"date":"2025-09-13T09:33:42","date_gmt":"2025-09-13T09:33:42","guid":{"rendered":"https:\/\/www.earlham-ia.org\/viaje-por-carretera-en-el-reino-unido\/"},"modified":"2025-09-13T10:03:22","modified_gmt":"2025-09-13T10:03:22","slug":"viaje-por-carretera-en-el-reino-unido","status":"publish","type":"page","link":"https:\/\/www.earlham-ia.org\/es\/viaje-por-carretera-en-el-reino-unido\/","title":{"rendered":"Viaje por carretera en el Reino Unido"},"content":{"rendered":"\n<h2 class=\"wp-block-heading\">\u00bfPor qu\u00e9 hacer un viaje por carretera en el Reino Unido?<\/h2>\n\n<p>El Reino Unido es un destino \u00fanico para los viajeros que buscan aventura y libertad. Desde paisajes salvajes a castillos medievales y ciudades vibrantes, un <a href=\"https:\/\/uk-gb.net\/es\/\">viaje por carretera en el Reino Unido<\/a> ofrece un mosaico de culturas y paisajes. <\/p>\n\n<ul class=\"wp-block-list\">\n<li>Rutas m\u00edticas por las Tierras Altas escocesas<\/li>\n\n\n\n<li>Pueblos pintorescos de los Cotswolds, Inglaterra<\/li>\n\n\n\n<li>Acantilados espectaculares en Gales<\/li>\n\n\n\n<li>Costa salvaje en Irlanda del Norte<\/li>\n<\/ul>\n\n<div style=\"height:10px\" aria-hidden=\"true\" class=\"wp-block-spacer\"><\/div>\n\n<h2 class=\"wp-block-heading\">Los mejores itinerarios de viaje por carretera en el Reino Unido.<\/h2>\n\n<ol class=\"wp-block-list\">\n<li>Viaje por carretera en Escocia: <a href=\"https:\/\/uk-gb.net\/es\/north-coast-500-road-trip\/\">las 500 de la Costa Norte<\/a>. M\u00e1s de 800 km alrededor de las Tierras Altas, con impresionantes paisajes costeros, misteriosos lagos y tradicionales destiler\u00edas de whisky. <\/li>\n\n\n\n<li>Viaje por carretera en Inglaterra: los Cotswolds y Bath. Un itinerario perfecto para los amantes del encanto ingl\u00e9s: casitas de piedra, ondulantes colinas verdes y la magn\u00edfica ciudad balneario de Bath, declarada Patrimonio de la Humanidad por la UNESCO. <\/li>\n\n\n\n<li>Viaje por carretera en Gales: la costa salvaje. Entre monta\u00f1as, playas y castillos, Gales ofrece un escenario ideal para un viaje que combina naturaleza e historia. <\/li>\n\n\n\n<li>Viaje por carretera en Irlanda del Norte: la Ruta Costera de la Calzada. Esta carretera costera te lleva a la famosa Calzada del Gigante, con espectaculares vistas sobre el oc\u00e9ano Atl\u00e1ntico. <\/li>\n<\/ol>\n\n<h2 class=\"wp-block-heading\">Consejos pr\u00e1cticos para un buen viaje por carretera<\/h2>\n\n<ul class=\"wp-block-list\">\n<li>El volante a la izquierda: \u00a1una caracter\u00edstica que no debes olvidar!<\/li>\n\n\n\n<li>Alquila una furgoneta o un coche: lo que m\u00e1s te convenga a ti y a tu presupuesto.<\/li>\n\n\n\n<li>Mejor \u00e9poca: De mayo a septiembre, cuando los d\u00edas son m\u00e1s largos y el tiempo m\u00e1s suave.<\/li>\n\n\n\n<li>Aplicaciones \u00fatiles: <a href=\"https:\/\/www.google.com\/maps\">Google Maps<\/a>, Park4Night, <a href=\"https:\/\/www.visitbritain.com\/\">VisitBritain<\/a>.<\/li>\n<\/ul>\n","protected":false},"excerpt":{"rendered":"<p>\u00bfPor qu\u00e9 hacer un viaje por carretera en el Reino Unido? El Reino Unido es un destino \u00fanico para los viajeros que buscan aventura y libertad. Desde paisajes salvajes a castillos medievales y ciudades vibrantes, un viaje por carretera en el Reino Unido ofrece un mosaico de culturas y paisajes. Los mejores itinerarios de viaje [&hellip;]<\/p>\n","protected":false},"author":1,"featured_media":0,"parent":0,"menu_order":0,"comment_status":"closed","ping_status":"closed","template":"","meta":{"hide_page_title":"","footnotes":""},"class_list":["post-1046","page","type-page","status-publish","hentry"],"yoast_head":"<!-- This site is optimized with the Yoast SEO plugin v27.5 - https:\/\/yoast.com\/product\/yoast-seo-wordpress\/ -->\n<title>Viaje por carretera en el Reino Unido - Viajar a los EE. UU.<\/title>\n<meta name=\"description\" content=\"\u00a1L\u00e1nzate a la aventura! Descubre los mejores itinerarios de viaje por carretera en el Reino Unido: Inglaterra, Escocia e Irlanda del Norte.\" \/>\n<meta name=\"robots\" content=\"index, follow, max-snippet:-1, max-image-preview:large, max-video-preview:-1\" \/>\n<link rel=\"canonical\" href=\"https:\/\/www.earlham-ia.org\/es\/viaje-por-carretera-en-el-reino-unido\/\" \/>\n<meta property=\"og:locale\" content=\"es_ES\" \/>\n<meta property=\"og:type\" content=\"article\" \/>\n<meta property=\"og:title\" content=\"Viaje por carretera en el Reino Unido - Viajar a los EE. UU.\" \/>\n<meta property=\"og:description\" content=\"\u00a1L\u00e1nzate a la aventura! Descubre los mejores itinerarios de viaje por carretera en el Reino Unido: Inglaterra, Escocia e Irlanda del Norte.\" \/>\n<meta property=\"og:url\" content=\"https:\/\/www.earlham-ia.org\/es\/viaje-por-carretera-en-el-reino-unido\/\" \/>\n<meta property=\"og:site_name\" content=\"Viajar a los EE. UU.\" \/>\n<meta property=\"article:modified_time\" content=\"2025-09-13T10:03:22+00:00\" \/>\n<meta name=\"twitter:card\" content=\"summary_large_image\" \/>\n<meta name=\"twitter:label1\" content=\"Tiempo de lectura\" \/>\n\t<meta name=\"twitter:data1\" content=\"1 minuto\" \/>\n<script type=\"application\/ld+json\" class=\"yoast-schema-graph\">{\"@context\":\"https:\\\/\\\/schema.org\",\"@graph\":[{\"@type\":\"WebPage\",\"@id\":\"https:\\\/\\\/www.earlham-ia.org\\\/es\\\/viaje-por-carretera-en-el-reino-unido\\\/\",\"url\":\"https:\\\/\\\/www.earlham-ia.org\\\/es\\\/viaje-por-carretera-en-el-reino-unido\\\/\",\"name\":\"Viaje por carretera en el Reino Unido - Viajar a los EE. UU.\",\"isPartOf\":{\"@id\":\"https:\\\/\\\/www.earlham-ia.org\\\/es\\\/#website\"},\"datePublished\":\"2025-09-13T09:33:42+00:00\",\"dateModified\":\"2025-09-13T10:03:22+00:00\",\"description\":\"\u00a1L\u00e1nzate a la aventura! Descubre los mejores itinerarios de viaje por carretera en el Reino Unido: Inglaterra, Escocia e Irlanda del Norte.\",\"breadcrumb\":{\"@id\":\"https:\\\/\\\/www.earlham-ia.org\\\/es\\\/viaje-por-carretera-en-el-reino-unido\\\/#breadcrumb\"},\"inLanguage\":\"es\",\"potentialAction\":[{\"@type\":\"ReadAction\",\"target\":[\"https:\\\/\\\/www.earlham-ia.org\\\/es\\\/viaje-por-carretera-en-el-reino-unido\\\/\"]}]},{\"@type\":\"BreadcrumbList\",\"@id\":\"https:\\\/\\\/www.earlham-ia.org\\\/es\\\/viaje-por-carretera-en-el-reino-unido\\\/#breadcrumb\",\"itemListElement\":[{\"@type\":\"ListItem\",\"position\":1,\"name\":\"Accueil\",\"item\":\"https:\\\/\\\/www.earlham-ia.org\\\/es\\\/\"},{\"@type\":\"ListItem\",\"position\":2,\"name\":\"Viaje por carretera en el Reino Unido\"}]},{\"@type\":\"WebSite\",\"@id\":\"https:\\\/\\\/www.earlham-ia.org\\\/es\\\/#website\",\"url\":\"https:\\\/\\\/www.earlham-ia.org\\\/es\\\/\",\"name\":\"Viajar a los EE. UU.\",\"description\":\"\",\"potentialAction\":[{\"@type\":\"SearchAction\",\"target\":{\"@type\":\"EntryPoint\",\"urlTemplate\":\"https:\\\/\\\/www.earlham-ia.org\\\/es\\\/?s={search_term_string}\"},\"query-input\":{\"@type\":\"PropertyValueSpecification\",\"valueRequired\":true,\"valueName\":\"search_term_string\"}}],\"inLanguage\":\"es\"}]}<\/script>\n<!-- \/ Yoast SEO plugin. -->","yoast_head_json":{"title":"Viaje por carretera en el Reino Unido - Viajar a los EE. UU.","description":"\u00a1L\u00e1nzate a la aventura! Descubre los mejores itinerarios de viaje por carretera en el Reino Unido: Inglaterra, Escocia e Irlanda del Norte.","robots":{"index":"index","follow":"follow","max-snippet":"max-snippet:-1","max-image-preview":"max-image-preview:large","max-video-preview":"max-video-preview:-1"},"canonical":"https:\/\/www.earlham-ia.org\/es\/viaje-por-carretera-en-el-reino-unido\/","og_locale":"es_ES","og_type":"article","og_title":"Viaje por carretera en el Reino Unido - Viajar a los EE. UU.","og_description":"\u00a1L\u00e1nzate a la aventura! Descubre los mejores itinerarios de viaje por carretera en el Reino Unido: Inglaterra, Escocia e Irlanda del Norte.","og_url":"https:\/\/www.earlham-ia.org\/es\/viaje-por-carretera-en-el-reino-unido\/","og_site_name":"Viajar a los EE. UU.","article_modified_time":"2025-09-13T10:03:22+00:00","twitter_card":"summary_large_image","twitter_misc":{"Tiempo de lectura":"1 minuto"},"schema":{"@context":"https:\/\/schema.org","@graph":[{"@type":"WebPage","@id":"https:\/\/www.earlham-ia.org\/es\/viaje-por-carretera-en-el-reino-unido\/","url":"https:\/\/www.earlham-ia.org\/es\/viaje-por-carretera-en-el-reino-unido\/","name":"Viaje por carretera en el Reino Unido - Viajar a los EE. UU.","isPartOf":{"@id":"https:\/\/www.earlham-ia.org\/es\/#website"},"datePublished":"2025-09-13T09:33:42+00:00","dateModified":"2025-09-13T10:03:22+00:00","description":"\u00a1L\u00e1nzate a la aventura! Descubre los mejores itinerarios de viaje por carretera en el Reino Unido: Inglaterra, Escocia e Irlanda del Norte.","breadcrumb":{"@id":"https:\/\/www.earlham-ia.org\/es\/viaje-por-carretera-en-el-reino-unido\/#breadcrumb"},"inLanguage":"es","potentialAction":[{"@type":"ReadAction","target":["https:\/\/www.earlham-ia.org\/es\/viaje-por-carretera-en-el-reino-unido\/"]}]},{"@type":"BreadcrumbList","@id":"https:\/\/www.earlham-ia.org\/es\/viaje-por-carretera-en-el-reino-unido\/#breadcrumb","itemListElement":[{"@type":"ListItem","position":1,"name":"Accueil","item":"https:\/\/www.earlham-ia.org\/es\/"},{"@type":"ListItem","position":2,"name":"Viaje por carretera en el Reino Unido"}]},{"@type":"WebSite","@id":"https:\/\/www.earlham-ia.org\/es\/#website","url":"https:\/\/www.earlham-ia.org\/es\/","name":"Viajar a los EE. UU.","description":"","potentialAction":[{"@type":"SearchAction","target":{"@type":"EntryPoint","urlTemplate":"https:\/\/www.earlham-ia.org\/es\/?s={search_term_string}"},"query-input":{"@type":"PropertyValueSpecification","valueRequired":true,"valueName":"search_term_string"}}],"inLanguage":"es"}]}},"_links":{"self":[{"href":"https:\/\/www.earlham-ia.org\/es\/wp-json\/wp\/v2\/pages\/1046","targetHints":{"allow":["GET"]}}],"collection":[{"href":"https:\/\/www.earlham-ia.org\/es\/wp-json\/wp\/v2\/pages"}],"about":[{"href":"https:\/\/www.earlham-ia.org\/es\/wp-json\/wp\/v2\/types\/page"}],"author":[{"embeddable":true,"href":"https:\/\/www.earlham-ia.org\/es\/wp-json\/wp\/v2\/users\/1"}],"replies":[{"embeddable":true,"href":"https:\/\/www.earlham-ia.org\/es\/wp-json\/wp\/v2\/comments?post=1046"}],"version-history":[{"count":11,"href":"https:\/\/www.earlham-ia.org\/es\/wp-json\/wp\/v2\/pages\/1046\/revisions"}],"predecessor-version":[{"id":1238,"href":"https:\/\/www.earlham-ia.org\/es\/wp-json\/wp\/v2\/pages\/1046\/revisions\/1238"}],"wp:attachment":[{"href":"https:\/\/www.earlham-ia.org\/es\/wp-json\/wp\/v2\/media?parent=1046"}],"curies":[{"name":"wp","href":"https:\/\/api.w.org\/{rel}","templated":true}]}}