{"id":404,"date":"2022-06-30T16:26:51","date_gmt":"2022-06-30T16:26:51","guid":{"rendered":"https:\/\/www.earlham-ia.org\/faut-il-esta-quand-transit\/"},"modified":"2026-05-06T12:12:50","modified_gmt":"2026-05-06T12:12:50","slug":"deberia-esta-cuando-transito","status":"publish","type":"page","link":"https:\/\/www.earlham-ia.org\/es\/deberia-esta-cuando-transito\/","title":{"rendered":"\u00bfSe necesita un ESTA para el tr\u00e1nsito?"},"content":{"rendered":"\n<p>Para viajar a EE.UU., los ciudadanos extranjeros deben solicitar una autorizaci\u00f3n de viaje. Pueden elegir entre un visado estadounidense o<a href=\"https:\/\/www.earlham-ia.org\/es\/\">el ESTA USA<\/a>, disponible para los nacionales de los 40 pa\u00edses miembros del Programa de Exenci\u00f3n de Visado. <\/p>\n\n<p>\u00bfQuieres viajar a Cuba, M\u00e9xico, Canad\u00e1, etc., pero necesitas transitar por Estados Unidos? \u00bfTe preguntas si necesitas autorizaci\u00f3n ESTA para este tr\u00e1nsito?  Respuesta en este art\u00edculo.<\/p>\n\n<h2 class=\"wp-block-heading\">\u00bfNecesito un documento ESTA para una escala?<\/h2>\n\n<p>Es comprensible preguntarse si necesitas el ESTA cuando no vas a salir del aeropuerto. Sin embargo, por razones obvias de seguridad, el gobierno estadounidense exige que los viajeros en tr\u00e1nsito dispongan de una autorizaci\u00f3n. Es m\u00e1s, las compa\u00f1\u00edas a\u00e9reas y navieras probablemente te denegar\u00e1n el embarque sin una autorizaci\u00f3n de viaje v\u00e1lida.  <\/p>\n\n<p>Para obtener la autorizaci\u00f3n ESTA, los extranjeros deben cumplir determinadas condiciones:<\/p>\n\n<ul class=\"wp-block-list\">\n<li>ser nacional de un pa\u00eds que haya firmado el Programa de Exenci\u00f3n de Visado ;<\/li>\n\n\n\n<li>tener un pasaporte biom\u00e9trico o un pasaporte electr\u00f3nico ;<\/li>\n\n\n\n<li>viajar a Estados Unidos por aire o por mar;<\/li>\n\n\n\n<li>en viaje de negocios, de turismo o en tr\u00e1nsito ;<\/li>\n\n\n\n<li>Viajar a EE.UU. hasta 90 d\u00edas;<\/li>\n\n\n\n<li>no representan una amenaza para la seguridad nacional de EEUU.<\/li>\n<\/ul>\n\n<h2 class=\"wp-block-heading\">Obtener un ESTA para el tr\u00e1nsito<\/h2>\n\n<p>Todas las visitas a EE.UU. requieren autorizaci\u00f3n, y el tr\u00e1nsito no es una excepci\u00f3n. La solicitud ESTA para el tr\u00e1nsito o para una estancia en EE.UU. es la misma. Para solicitarla, tienes que rellenar el formulario ESTA, que es un formulario en l\u00ednea en el sitio web oficial del gobierno estadounidense. Si necesitas ayuda, opta por el formulario simplificado en un sitio privado.   <\/p>\n\n<p>Uno de los campos del formulario se refiere al motivo de tu estancia en EEUU. Por tanto, puedes elegir si deseas transitar o quedarte. Dado que el ESTA tiene una validez de 2 a\u00f1os (si el pasaporte lo permite), te recomendamos que selecciones \u00abestancia\u00bb y aproveches al m\u00e1ximo tu ESTA.  <\/p>\n\n<p>Los sistemas electr\u00f3nicos de las autoridades estadounidenses analizan tu expediente y te proporcionan una respuesta muy r\u00e1pida. Recibir\u00e1s una respuesta en un plazo de 72 horas. <\/p>\n\n<p>Si no consigues un ESTA para tu tr\u00e1nsito, no te rindas, existe un visado americano espec\u00edfico para este tipo de viaje. Se llama visado C1, y puedes obtenerlo en la embajada estadounidense. <\/p>\n","protected":false},"excerpt":{"rendered":"<p>Para viajar a EE.UU., los ciudadanos extranjeros deben solicitar una autorizaci\u00f3n de viaje. Pueden elegir entre un visado estadounidense oel ESTA USA, disponible para los nacionales de los 40 pa\u00edses miembros del Programa de Exenci\u00f3n de Visado. \u00bfQuieres viajar a Cuba, M\u00e9xico, Canad\u00e1, etc., pero necesitas transitar por Estados Unidos? \u00bfTe preguntas si necesitas autorizaci\u00f3n [&hellip;]<\/p>\n","protected":false},"author":1,"featured_media":0,"parent":0,"menu_order":0,"comment_status":"closed","ping_status":"closed","template":"","meta":{"hide_page_title":"","footnotes":""},"class_list":["post-404","page","type-page","status-publish","hentry"],"yoast_head":"<!-- This site is optimized with the Yoast SEO plugin v27.5 - https:\/\/yoast.com\/product\/yoast-seo-wordpress\/ -->\n<title>\u00bfSe necesita un ESTA para el tr\u00e1nsito? - Viajar a los EE. UU.<\/title>\n<meta name=\"robots\" content=\"index, follow, max-snippet:-1, max-image-preview:large, max-video-preview:-1\" \/>\n<link rel=\"canonical\" href=\"https:\/\/www.earlham-ia.org\/es\/deberia-esta-cuando-transito\/\" \/>\n<meta property=\"og:locale\" content=\"es_ES\" \/>\n<meta property=\"og:type\" content=\"article\" \/>\n<meta property=\"og:title\" content=\"\u00bfSe necesita un ESTA para el tr\u00e1nsito? - Viajar a los EE. UU.\" \/>\n<meta property=\"og:description\" content=\"Para viajar a EE.UU., los ciudadanos extranjeros deben solicitar una autorizaci\u00f3n de viaje. Pueden elegir entre un visado estadounidense oel ESTA USA, disponible para los nacionales de los 40 pa\u00edses miembros del Programa de Exenci\u00f3n de Visado. \u00bfQuieres viajar a Cuba, M\u00e9xico, Canad\u00e1, etc., pero necesitas transitar por Estados Unidos? \u00bfTe preguntas si necesitas autorizaci\u00f3n [&hellip;]\" \/>\n<meta property=\"og:url\" content=\"https:\/\/www.earlham-ia.org\/es\/deberia-esta-cuando-transito\/\" \/>\n<meta property=\"og:site_name\" content=\"Viajar a los EE. UU.\" \/>\n<meta property=\"article:modified_time\" content=\"2026-05-06T12:12:50+00:00\" \/>\n<meta name=\"twitter:card\" content=\"summary_large_image\" \/>\n<meta name=\"twitter:label1\" content=\"Tiempo de lectura\" \/>\n\t<meta name=\"twitter:data1\" content=\"2 minutos\" \/>\n<script type=\"application\/ld+json\" class=\"yoast-schema-graph\">{\"@context\":\"https:\\\/\\\/schema.org\",\"@graph\":[{\"@type\":\"WebPage\",\"@id\":\"https:\\\/\\\/www.earlham-ia.org\\\/es\\\/deberia-esta-cuando-transito\\\/\",\"url\":\"https:\\\/\\\/www.earlham-ia.org\\\/es\\\/deberia-esta-cuando-transito\\\/\",\"name\":\"\u00bfSe necesita un ESTA para el tr\u00e1nsito? - Viajar a los EE. UU.\",\"isPartOf\":{\"@id\":\"https:\\\/\\\/www.earlham-ia.org\\\/es\\\/#website\"},\"datePublished\":\"2022-06-30T16:26:51+00:00\",\"dateModified\":\"2026-05-06T12:12:50+00:00\",\"breadcrumb\":{\"@id\":\"https:\\\/\\\/www.earlham-ia.org\\\/es\\\/deberia-esta-cuando-transito\\\/#breadcrumb\"},\"inLanguage\":\"es\",\"potentialAction\":[{\"@type\":\"ReadAction\",\"target\":[\"https:\\\/\\\/www.earlham-ia.org\\\/es\\\/deberia-esta-cuando-transito\\\/\"]}]},{\"@type\":\"BreadcrumbList\",\"@id\":\"https:\\\/\\\/www.earlham-ia.org\\\/es\\\/deberia-esta-cuando-transito\\\/#breadcrumb\",\"itemListElement\":[{\"@type\":\"ListItem\",\"position\":1,\"name\":\"Accueil\",\"item\":\"https:\\\/\\\/www.earlham-ia.org\\\/es\\\/\"},{\"@type\":\"ListItem\",\"position\":2,\"name\":\"\u00bfSe necesita un ESTA para el tr\u00e1nsito?\"}]},{\"@type\":\"WebSite\",\"@id\":\"https:\\\/\\\/www.earlham-ia.org\\\/es\\\/#website\",\"url\":\"https:\\\/\\\/www.earlham-ia.org\\\/es\\\/\",\"name\":\"Viajar a los EE. UU.\",\"description\":\"\",\"potentialAction\":[{\"@type\":\"SearchAction\",\"target\":{\"@type\":\"EntryPoint\",\"urlTemplate\":\"https:\\\/\\\/www.earlham-ia.org\\\/es\\\/?s={search_term_string}\"},\"query-input\":{\"@type\":\"PropertyValueSpecification\",\"valueRequired\":true,\"valueName\":\"search_term_string\"}}],\"inLanguage\":\"es\"}]}<\/script>\n<!-- \/ Yoast SEO plugin. -->","yoast_head_json":{"title":"\u00bfSe necesita un ESTA para el tr\u00e1nsito? - Viajar a los EE. UU.","robots":{"index":"index","follow":"follow","max-snippet":"max-snippet:-1","max-image-preview":"max-image-preview:large","max-video-preview":"max-video-preview:-1"},"canonical":"https:\/\/www.earlham-ia.org\/es\/deberia-esta-cuando-transito\/","og_locale":"es_ES","og_type":"article","og_title":"\u00bfSe necesita un ESTA para el tr\u00e1nsito? - Viajar a los EE. UU.","og_description":"Para viajar a EE.UU., los ciudadanos extranjeros deben solicitar una autorizaci\u00f3n de viaje. Pueden elegir entre un visado estadounidense oel ESTA USA, disponible para los nacionales de los 40 pa\u00edses miembros del Programa de Exenci\u00f3n de Visado. \u00bfQuieres viajar a Cuba, M\u00e9xico, Canad\u00e1, etc., pero necesitas transitar por Estados Unidos? \u00bfTe preguntas si necesitas autorizaci\u00f3n [&hellip;]","og_url":"https:\/\/www.earlham-ia.org\/es\/deberia-esta-cuando-transito\/","og_site_name":"Viajar a los EE. UU.","article_modified_time":"2026-05-06T12:12:50+00:00","twitter_card":"summary_large_image","twitter_misc":{"Tiempo de lectura":"2 minutos"},"schema":{"@context":"https:\/\/schema.org","@graph":[{"@type":"WebPage","@id":"https:\/\/www.earlham-ia.org\/es\/deberia-esta-cuando-transito\/","url":"https:\/\/www.earlham-ia.org\/es\/deberia-esta-cuando-transito\/","name":"\u00bfSe necesita un ESTA para el tr\u00e1nsito? - Viajar a los EE. UU.","isPartOf":{"@id":"https:\/\/www.earlham-ia.org\/es\/#website"},"datePublished":"2022-06-30T16:26:51+00:00","dateModified":"2026-05-06T12:12:50+00:00","breadcrumb":{"@id":"https:\/\/www.earlham-ia.org\/es\/deberia-esta-cuando-transito\/#breadcrumb"},"inLanguage":"es","potentialAction":[{"@type":"ReadAction","target":["https:\/\/www.earlham-ia.org\/es\/deberia-esta-cuando-transito\/"]}]},{"@type":"BreadcrumbList","@id":"https:\/\/www.earlham-ia.org\/es\/deberia-esta-cuando-transito\/#breadcrumb","itemListElement":[{"@type":"ListItem","position":1,"name":"Accueil","item":"https:\/\/www.earlham-ia.org\/es\/"},{"@type":"ListItem","position":2,"name":"\u00bfSe necesita un ESTA para el tr\u00e1nsito?"}]},{"@type":"WebSite","@id":"https:\/\/www.earlham-ia.org\/es\/#website","url":"https:\/\/www.earlham-ia.org\/es\/","name":"Viajar a los EE. UU.","description":"","potentialAction":[{"@type":"SearchAction","target":{"@type":"EntryPoint","urlTemplate":"https:\/\/www.earlham-ia.org\/es\/?s={search_term_string}"},"query-input":{"@type":"PropertyValueSpecification","valueRequired":true,"valueName":"search_term_string"}}],"inLanguage":"es"}]}},"_links":{"self":[{"href":"https:\/\/www.earlham-ia.org\/es\/wp-json\/wp\/v2\/pages\/404","targetHints":{"allow":["GET"]}}],"collection":[{"href":"https:\/\/www.earlham-ia.org\/es\/wp-json\/wp\/v2\/pages"}],"about":[{"href":"https:\/\/www.earlham-ia.org\/es\/wp-json\/wp\/v2\/types\/page"}],"author":[{"embeddable":true,"href":"https:\/\/www.earlham-ia.org\/es\/wp-json\/wp\/v2\/users\/1"}],"replies":[{"embeddable":true,"href":"https:\/\/www.earlham-ia.org\/es\/wp-json\/wp\/v2\/comments?post=404"}],"version-history":[{"count":9,"href":"https:\/\/www.earlham-ia.org\/es\/wp-json\/wp\/v2\/pages\/404\/revisions"}],"predecessor-version":[{"id":1299,"href":"https:\/\/www.earlham-ia.org\/es\/wp-json\/wp\/v2\/pages\/404\/revisions\/1299"}],"wp:attachment":[{"href":"https:\/\/www.earlham-ia.org\/es\/wp-json\/wp\/v2\/media?parent=404"}],"curies":[{"name":"wp","href":"https:\/\/api.w.org\/{rel}","templated":true}]}}