{"id":415,"date":"2022-06-30T16:26:52","date_gmt":"2022-06-30T16:26:52","guid":{"rendered":"https:\/\/www.earlham-ia.org\/como-encontrarlo\/"},"modified":"2026-05-06T12:07:58","modified_gmt":"2026-05-06T12:07:58","slug":"como-encontrar-su-esta","status":"publish","type":"page","link":"https:\/\/www.earlham-ia.org\/es\/como-encontrar-su-esta\/","title":{"rendered":"\u00bfC\u00f3mo puedo encontrar un ESTA?"},"content":{"rendered":"\n<p><a href=\"https:\/\/www.earlham-ia.org\/es\/\">El ESTA<\/a> es una autorizaci\u00f3n de viaje electr\u00f3nica que se concede a los nacionales de los pa\u00edses miembros del Programa de Exenci\u00f3n de Visado de Estados Unidos. Puede encontrar la lista de pa\u00edses afectados por el plan en el sitio web del gobierno estadounidense. <\/p>\n\n<p>Los extranjeros que deseen viajar a EE.UU. en el marco del ESTA deben tener un pasaporte biom\u00e9trico o electr\u00f3nico y viajar a EE.UU. por turismo, negocios o tr\u00e1nsito.<\/p>\n\n<p>\u00bfHa solicitado el ESTA para su pr\u00f3ximo viaje a Estados Unidos, pero no encuentra su autorizaci\u00f3n ESTA? A continuaci\u00f3n le explicamos c\u00f3mo encontrar su ESTA. <\/p>\n\n<h2 class=\"wp-block-heading\">Recuperar una autorizaci\u00f3n ESTA<\/h2>\n\n<p>La b\u00fasqueda de un ESTA se expresa como un deseo de verificar que se ha obtenido o es v\u00e1lido. Si desea recuperar su ESTA para presentarlo a las autoridades estadounidenses, debe saber que no es necesario. No se le pedir\u00e1 que presente su ESTA en papel. Como el n\u00famero de pasaporte est\u00e1 vinculado a la autorizaci\u00f3n, s\u00f3lo tiene que llevar su pasaporte v\u00e1lido. Sin embargo, aseg\u00farese de que su pasaporte actual es el que se utiliza para rellenar el formulario de solicitud.    <\/p>\n\n<p>El proceso de obtenci\u00f3n del ESTA depende del m\u00e9todo de obtenci\u00f3n.<\/p>\n\n<h3 class=\"wp-block-heading\">Encuentre un ESTA solicitado a trav\u00e9s del formulario ESTA en el sitio web oficial<\/h3>\n\n<p>Para recuperar un ESTA, basta con visitar el sitio web del gobierno estadounidense y hacer clic en la pesta\u00f1a \u00abcomprobar el estado de la solicitud\u00bb. O bien conoce su n\u00famero de ESTA y simplemente lo rellena, junto con su n\u00famero de pasaporte y su fecha de nacimiento, o bien no conoce su n\u00famero de ESTA y debe proporcionar en su lugar su n\u00famero de pasaporte, el pa\u00eds emisor, la fecha de emisi\u00f3n, la fecha de caducidad y la fecha de nacimiento. A continuaci\u00f3n, haga clic en \u00abrecuperar la aplicaci\u00f3n\u00bb y ya est\u00e1.  <\/p>\n\n<h2 class=\"wp-block-heading\">\u00bfNo encuentra un ESTA USA?<\/h2>\n\n<p>\u00bfHa seguido nuestras instrucciones para encontrar su ESTA, pero no obtiene resultados? O bien su solicitud de autorizaci\u00f3n no ha sido tenida en cuenta, lo que es muy raro (a menos que haya un fraude), o bien su ESTA ya no es v\u00e1lido. <\/p>\n\n<p>Un ESTA pierde su validez cuando ha pasado el periodo oficial de dos a\u00f1os de validez, pero tambi\u00e9n cuando se emite un nuevo pasaporte. Un nuevo pasaporte significa una nueva solicitud. Sin embargo, no se aceptar\u00e1 autom\u00e1ticamente una nueva solicitud, ya que las solicitudes se tramitan de forma independiente. As\u00ed que tenga cuidado de que no le denieguen el visado y se vea obligado a solicitarlo en la embajada estadounidense.   <\/p>\n\n<p>Esperamos haberle ayudado a encontrar su ESTA. Disfrute de su viaje a los Estados Unidos. <\/p>\n","protected":false},"excerpt":{"rendered":"<p>El ESTA es una autorizaci\u00f3n de viaje electr\u00f3nica que se concede a los nacionales de los pa\u00edses miembros del Programa de Exenci\u00f3n de Visado de Estados Unidos. Puede encontrar la lista de pa\u00edses afectados por el plan en el sitio web del gobierno estadounidense. Los extranjeros que deseen viajar a EE.UU. en el marco del [&hellip;]<\/p>\n","protected":false},"author":1,"featured_media":0,"parent":0,"menu_order":0,"comment_status":"closed","ping_status":"closed","template":"","meta":{"hide_page_title":"","footnotes":""},"class_list":["post-415","page","type-page","status-publish","hentry"],"yoast_head":"<!-- This site is optimized with the Yoast SEO plugin v27.5 - https:\/\/yoast.com\/product\/yoast-seo-wordpress\/ -->\n<title>\u00bfC\u00f3mo puedo encontrar un ESTA? - Viajar a los EE. UU.<\/title>\n<meta name=\"robots\" content=\"index, follow, max-snippet:-1, max-image-preview:large, max-video-preview:-1\" \/>\n<link rel=\"canonical\" href=\"https:\/\/www.earlham-ia.org\/es\/como-encontrar-su-esta\/\" \/>\n<meta property=\"og:locale\" content=\"es_ES\" \/>\n<meta property=\"og:type\" content=\"article\" \/>\n<meta property=\"og:title\" content=\"\u00bfC\u00f3mo puedo encontrar un ESTA? - Viajar a los EE. UU.\" \/>\n<meta property=\"og:description\" content=\"El ESTA es una autorizaci\u00f3n de viaje electr\u00f3nica que se concede a los nacionales de los pa\u00edses miembros del Programa de Exenci\u00f3n de Visado de Estados Unidos. Puede encontrar la lista de pa\u00edses afectados por el plan en el sitio web del gobierno estadounidense. Los extranjeros que deseen viajar a EE.UU. en el marco del [&hellip;]\" \/>\n<meta property=\"og:url\" content=\"https:\/\/www.earlham-ia.org\/es\/como-encontrar-su-esta\/\" \/>\n<meta property=\"og:site_name\" content=\"Viajar a los EE. UU.\" \/>\n<meta property=\"article:modified_time\" content=\"2026-05-06T12:07:58+00:00\" \/>\n<meta name=\"twitter:card\" content=\"summary_large_image\" \/>\n<meta name=\"twitter:label1\" content=\"Tiempo de lectura\" \/>\n\t<meta name=\"twitter:data1\" content=\"2 minutos\" \/>\n<script type=\"application\/ld+json\" class=\"yoast-schema-graph\">{\"@context\":\"https:\\\/\\\/schema.org\",\"@graph\":[{\"@type\":\"WebPage\",\"@id\":\"https:\\\/\\\/www.earlham-ia.org\\\/es\\\/como-encontrar-su-esta\\\/\",\"url\":\"https:\\\/\\\/www.earlham-ia.org\\\/es\\\/como-encontrar-su-esta\\\/\",\"name\":\"\u00bfC\u00f3mo puedo encontrar un ESTA? - Viajar a los EE. UU.\",\"isPartOf\":{\"@id\":\"https:\\\/\\\/www.earlham-ia.org\\\/es\\\/#website\"},\"datePublished\":\"2022-06-30T16:26:52+00:00\",\"dateModified\":\"2026-05-06T12:07:58+00:00\",\"breadcrumb\":{\"@id\":\"https:\\\/\\\/www.earlham-ia.org\\\/es\\\/como-encontrar-su-esta\\\/#breadcrumb\"},\"inLanguage\":\"es\",\"potentialAction\":[{\"@type\":\"ReadAction\",\"target\":[\"https:\\\/\\\/www.earlham-ia.org\\\/es\\\/como-encontrar-su-esta\\\/\"]}]},{\"@type\":\"BreadcrumbList\",\"@id\":\"https:\\\/\\\/www.earlham-ia.org\\\/es\\\/como-encontrar-su-esta\\\/#breadcrumb\",\"itemListElement\":[{\"@type\":\"ListItem\",\"position\":1,\"name\":\"Accueil\",\"item\":\"https:\\\/\\\/www.earlham-ia.org\\\/es\\\/\"},{\"@type\":\"ListItem\",\"position\":2,\"name\":\"\u00bfC\u00f3mo puedo encontrar un ESTA?\"}]},{\"@type\":\"WebSite\",\"@id\":\"https:\\\/\\\/www.earlham-ia.org\\\/es\\\/#website\",\"url\":\"https:\\\/\\\/www.earlham-ia.org\\\/es\\\/\",\"name\":\"Viajar a los EE. UU.\",\"description\":\"\",\"potentialAction\":[{\"@type\":\"SearchAction\",\"target\":{\"@type\":\"EntryPoint\",\"urlTemplate\":\"https:\\\/\\\/www.earlham-ia.org\\\/es\\\/?s={search_term_string}\"},\"query-input\":{\"@type\":\"PropertyValueSpecification\",\"valueRequired\":true,\"valueName\":\"search_term_string\"}}],\"inLanguage\":\"es\"}]}<\/script>\n<!-- \/ Yoast SEO plugin. -->","yoast_head_json":{"title":"\u00bfC\u00f3mo puedo encontrar un ESTA? - Viajar a los EE. UU.","robots":{"index":"index","follow":"follow","max-snippet":"max-snippet:-1","max-image-preview":"max-image-preview:large","max-video-preview":"max-video-preview:-1"},"canonical":"https:\/\/www.earlham-ia.org\/es\/como-encontrar-su-esta\/","og_locale":"es_ES","og_type":"article","og_title":"\u00bfC\u00f3mo puedo encontrar un ESTA? - Viajar a los EE. UU.","og_description":"El ESTA es una autorizaci\u00f3n de viaje electr\u00f3nica que se concede a los nacionales de los pa\u00edses miembros del Programa de Exenci\u00f3n de Visado de Estados Unidos. Puede encontrar la lista de pa\u00edses afectados por el plan en el sitio web del gobierno estadounidense. Los extranjeros que deseen viajar a EE.UU. en el marco del [&hellip;]","og_url":"https:\/\/www.earlham-ia.org\/es\/como-encontrar-su-esta\/","og_site_name":"Viajar a los EE. UU.","article_modified_time":"2026-05-06T12:07:58+00:00","twitter_card":"summary_large_image","twitter_misc":{"Tiempo de lectura":"2 minutos"},"schema":{"@context":"https:\/\/schema.org","@graph":[{"@type":"WebPage","@id":"https:\/\/www.earlham-ia.org\/es\/como-encontrar-su-esta\/","url":"https:\/\/www.earlham-ia.org\/es\/como-encontrar-su-esta\/","name":"\u00bfC\u00f3mo puedo encontrar un ESTA? - Viajar a los EE. UU.","isPartOf":{"@id":"https:\/\/www.earlham-ia.org\/es\/#website"},"datePublished":"2022-06-30T16:26:52+00:00","dateModified":"2026-05-06T12:07:58+00:00","breadcrumb":{"@id":"https:\/\/www.earlham-ia.org\/es\/como-encontrar-su-esta\/#breadcrumb"},"inLanguage":"es","potentialAction":[{"@type":"ReadAction","target":["https:\/\/www.earlham-ia.org\/es\/como-encontrar-su-esta\/"]}]},{"@type":"BreadcrumbList","@id":"https:\/\/www.earlham-ia.org\/es\/como-encontrar-su-esta\/#breadcrumb","itemListElement":[{"@type":"ListItem","position":1,"name":"Accueil","item":"https:\/\/www.earlham-ia.org\/es\/"},{"@type":"ListItem","position":2,"name":"\u00bfC\u00f3mo puedo encontrar un ESTA?"}]},{"@type":"WebSite","@id":"https:\/\/www.earlham-ia.org\/es\/#website","url":"https:\/\/www.earlham-ia.org\/es\/","name":"Viajar a los EE. UU.","description":"","potentialAction":[{"@type":"SearchAction","target":{"@type":"EntryPoint","urlTemplate":"https:\/\/www.earlham-ia.org\/es\/?s={search_term_string}"},"query-input":{"@type":"PropertyValueSpecification","valueRequired":true,"valueName":"search_term_string"}}],"inLanguage":"es"}]}},"_links":{"self":[{"href":"https:\/\/www.earlham-ia.org\/es\/wp-json\/wp\/v2\/pages\/415","targetHints":{"allow":["GET"]}}],"collection":[{"href":"https:\/\/www.earlham-ia.org\/es\/wp-json\/wp\/v2\/pages"}],"about":[{"href":"https:\/\/www.earlham-ia.org\/es\/wp-json\/wp\/v2\/types\/page"}],"author":[{"embeddable":true,"href":"https:\/\/www.earlham-ia.org\/es\/wp-json\/wp\/v2\/users\/1"}],"replies":[{"embeddable":true,"href":"https:\/\/www.earlham-ia.org\/es\/wp-json\/wp\/v2\/comments?post=415"}],"version-history":[{"count":2,"href":"https:\/\/www.earlham-ia.org\/es\/wp-json\/wp\/v2\/pages\/415\/revisions"}],"predecessor-version":[{"id":1265,"href":"https:\/\/www.earlham-ia.org\/es\/wp-json\/wp\/v2\/pages\/415\/revisions\/1265"}],"wp:attachment":[{"href":"https:\/\/www.earlham-ia.org\/es\/wp-json\/wp\/v2\/media?parent=415"}],"curies":[{"name":"wp","href":"https:\/\/api.w.org\/{rel}","templated":true}]}}