{"id":419,"date":"2022-06-30T16:26:53","date_gmt":"2022-06-30T16:26:53","guid":{"rendered":"https:\/\/www.earlham-ia.org\/cuanto-dura-un\/"},"modified":"2026-05-06T12:07:50","modified_gmt":"2026-05-06T12:07:50","slug":"cuanto-dura-esta-ee-uu","status":"publish","type":"page","link":"https:\/\/www.earlham-ia.org\/es\/cuanto-dura-esta-ee-uu\/","title":{"rendered":"\u00bfCu\u00e1nto dura el ESTA?"},"content":{"rendered":"\n<p>Como todas las autorizaciones de viaje, <a href=\"https:\/\/www.earlham-ia.org\/es\/\">el ESTA<\/a> tiene un periodo de validez que debe respetarse. Puede utilizarse varias veces durante el periodo establecido por el gobierno estadounidense. Una vez transcurrido, deber\u00e1s solicitar un nuevo ESTA.  <\/p>\n\n<p>En este art\u00edculo, te diremos cu\u00e1nto dura el ESTA y cu\u00e1ndo presentar una nueva solicitud.<\/p>\n\n<p><\/p>\n\n<h2 class=\"wp-block-heading\">Periodo de validez del ESTA<\/h2>\n\n<p>El Sistema Electr\u00f3nico de Autorizaci\u00f3n de Viaje (ESTA) permite a los ciudadanos de los pa\u00edses incluidos en el Programa de Exenci\u00f3n de Visado evitar solicitar un visado estadounidense en la embajada de Estados Unidos.<\/p>\n\n<p>La solicitud ESTA no requiere ning\u00fan documento justificativo, pero est\u00e1 sujeta a una serie de criterios de admisi\u00f3n relativos a la estancia en EEUU (90 d\u00edas como m\u00e1ximo para una estancia tur\u00edstica, un viaje de negocios o un tr\u00e1nsito por aire o mar), el pasaporte (pasaporte v\u00e1lido, ya sea biom\u00e9trico o electr\u00f3nico, expedido por un pa\u00eds miembro del VWP) y el propio viajero (no representa una amenaza para la seguridad nacional de EEUU).<\/p>\n\n<h3 class=\"wp-block-heading\">\u00bfCu\u00e1nto tiempo se tarda en recibir el ESTA?<\/h3>\n\n<p>Puedes solicitar la autorizaci\u00f3n en l\u00ednea utilizando el formulario ESTA. Para rellenar el formulario, debes llevar contigo tu pasaporte, ya que la informaci\u00f3n que debes facilitar es la que figura en el pasaporte: apellidos, nombre, fecha de nacimiento, n\u00famero de pasaporte, fecha de expedici\u00f3n, fecha de caducidad, etc. <\/p>\n\n<p>El formulario de solicitud puede encontrarse en el sitio web oficial del gobierno estadounidense. Para obtener ayuda, la solicitud en l\u00ednea debe hacerse en un sitio privado. <\/p>\n\n<p>En general, las autoridades estadounidenses tramitan las solicitudes de autorizaci\u00f3n en un plazo de 72 horas. A veces incluso es posible recibir una respuesta en s\u00f3lo unos minutos. <\/p>\n\n<h3 class=\"wp-block-heading\">Validez del ESTA<\/h3>\n\n<p>El ESTA EE.UU. tiene una validez oficial de dos a\u00f1os. Una vez que hayas recibido la aprobaci\u00f3n de las autoridades estadounidenses para tu viaje a Estados Unidos, tienes derecho a embarcar en un avi\u00f3n o un barco con destino a Estados Unidos de Am\u00e9rica. <\/p>\n\n<h3 class=\"wp-block-heading\">\u00bfCu\u00e1ntas veces puedo viajar a EE.UU. con un ESTA?<\/h3>\n\n<p>Es importante tener en cuenta que no est\u00e1s limitado a una sola entrada en Estados Unidos con un ESTA. Puedes realizar varias visitas a Estados Unidos, siempre que nunca pases m\u00e1s de 90 d\u00edas en suelo estadounidense a la vez. <\/p>\n\n<p>Consejo a los viajeros: no abuses del ESTA para vivir en EE.UU. Los funcionarios de inmigraci\u00f3n tienen derecho a denegarte la entrada en EE.UU. si consideran que tus viajes a EE.UU. est\u00e1n demasiado pr\u00f3ximos entre s\u00ed. <\/p>\n\n<h2 class=\"wp-block-heading\">\u00bfCu\u00e1ndo debo renovar mi autorizaci\u00f3n ESTA?<\/h2>\n\n<p>El ESTA debe renovarse cuando deja de ser v\u00e1lido. Esto puede deberse a la caducidad o a un cambio. <\/p>\n\n<p>El ESTA tiene una validez de dos a\u00f1os, siempre que tu pasaporte no caduque antes (la duraci\u00f3n depende entonces de la validez del pasaporte). Del mismo modo, la autorizaci\u00f3n caduca si tu pasaporte cambia (nuevo pasaporte como consecuencia de un pasaporte caducado o robado o de un cambio de circunstancias personales). <\/p>\n\n<p>Si no tienes un pasaporte v\u00e1lido, pide cita para solicitarlo en tu ayuntamiento. La expedici\u00f3n de un pasaporte franc\u00e9s puede llevar alg\u00fan tiempo, as\u00ed que planif\u00edcalo con antelaci\u00f3n. Tendr\u00e1s que rellenar un formulario, facilitar fotograf\u00edas tama\u00f1o carn\u00e9 y registrar tus huellas dactilares. Una vez que tengas tu nuevo pasaporte biom\u00e9trico, todo lo que tienes que hacer es solicitar un ESTA, ya sea en el sitio web del gobierno o en un sitio web privado, y realizar tu viaje a Estados Unidos.   <\/p>\n","protected":false},"excerpt":{"rendered":"<p>Como todas las autorizaciones de viaje, el ESTA tiene un periodo de validez que debe respetarse. Puede utilizarse varias veces durante el periodo establecido por el gobierno estadounidense. Una vez transcurrido, deber\u00e1s solicitar un nuevo ESTA. En este art\u00edculo, te diremos cu\u00e1nto dura el ESTA y cu\u00e1ndo presentar una nueva solicitud. Periodo de validez del [&hellip;]<\/p>\n","protected":false},"author":1,"featured_media":0,"parent":0,"menu_order":0,"comment_status":"closed","ping_status":"closed","template":"","meta":{"hide_page_title":"","footnotes":""},"class_list":["post-419","page","type-page","status-publish","hentry"],"yoast_head":"<!-- This site is optimized with the Yoast SEO plugin v27.5 - https:\/\/yoast.com\/product\/yoast-seo-wordpress\/ -->\n<title>\u00bfCu\u00e1nto dura el ESTA? - Viajar a los EE. UU.<\/title>\n<meta name=\"robots\" content=\"index, follow, max-snippet:-1, max-image-preview:large, max-video-preview:-1\" \/>\n<link rel=\"canonical\" href=\"https:\/\/www.earlham-ia.org\/es\/cuanto-dura-esta-ee-uu\/\" \/>\n<meta property=\"og:locale\" content=\"es_ES\" \/>\n<meta property=\"og:type\" content=\"article\" \/>\n<meta property=\"og:title\" content=\"\u00bfCu\u00e1nto dura el ESTA? - Viajar a los EE. UU.\" \/>\n<meta property=\"og:description\" content=\"Como todas las autorizaciones de viaje, el ESTA tiene un periodo de validez que debe respetarse. Puede utilizarse varias veces durante el periodo establecido por el gobierno estadounidense. Una vez transcurrido, deber\u00e1s solicitar un nuevo ESTA. En este art\u00edculo, te diremos cu\u00e1nto dura el ESTA y cu\u00e1ndo presentar una nueva solicitud. Periodo de validez del [&hellip;]\" \/>\n<meta property=\"og:url\" content=\"https:\/\/www.earlham-ia.org\/es\/cuanto-dura-esta-ee-uu\/\" \/>\n<meta property=\"og:site_name\" content=\"Viajar a los EE. UU.\" \/>\n<meta property=\"article:modified_time\" content=\"2026-05-06T12:07:50+00:00\" \/>\n<meta name=\"twitter:card\" content=\"summary_large_image\" \/>\n<meta name=\"twitter:label1\" content=\"Tiempo de lectura\" \/>\n\t<meta name=\"twitter:data1\" content=\"3 minutos\" \/>\n<script type=\"application\/ld+json\" class=\"yoast-schema-graph\">{\"@context\":\"https:\\\/\\\/schema.org\",\"@graph\":[{\"@type\":\"WebPage\",\"@id\":\"https:\\\/\\\/www.earlham-ia.org\\\/es\\\/cuanto-dura-esta-ee-uu\\\/\",\"url\":\"https:\\\/\\\/www.earlham-ia.org\\\/es\\\/cuanto-dura-esta-ee-uu\\\/\",\"name\":\"\u00bfCu\u00e1nto dura el ESTA? - Viajar a los EE. UU.\",\"isPartOf\":{\"@id\":\"https:\\\/\\\/www.earlham-ia.org\\\/es\\\/#website\"},\"datePublished\":\"2022-06-30T16:26:53+00:00\",\"dateModified\":\"2026-05-06T12:07:50+00:00\",\"breadcrumb\":{\"@id\":\"https:\\\/\\\/www.earlham-ia.org\\\/es\\\/cuanto-dura-esta-ee-uu\\\/#breadcrumb\"},\"inLanguage\":\"es\",\"potentialAction\":[{\"@type\":\"ReadAction\",\"target\":[\"https:\\\/\\\/www.earlham-ia.org\\\/es\\\/cuanto-dura-esta-ee-uu\\\/\"]}]},{\"@type\":\"BreadcrumbList\",\"@id\":\"https:\\\/\\\/www.earlham-ia.org\\\/es\\\/cuanto-dura-esta-ee-uu\\\/#breadcrumb\",\"itemListElement\":[{\"@type\":\"ListItem\",\"position\":1,\"name\":\"Accueil\",\"item\":\"https:\\\/\\\/www.earlham-ia.org\\\/es\\\/\"},{\"@type\":\"ListItem\",\"position\":2,\"name\":\"\u00bfCu\u00e1nto dura el ESTA?\"}]},{\"@type\":\"WebSite\",\"@id\":\"https:\\\/\\\/www.earlham-ia.org\\\/es\\\/#website\",\"url\":\"https:\\\/\\\/www.earlham-ia.org\\\/es\\\/\",\"name\":\"Viajar a los EE. UU.\",\"description\":\"\",\"potentialAction\":[{\"@type\":\"SearchAction\",\"target\":{\"@type\":\"EntryPoint\",\"urlTemplate\":\"https:\\\/\\\/www.earlham-ia.org\\\/es\\\/?s={search_term_string}\"},\"query-input\":{\"@type\":\"PropertyValueSpecification\",\"valueRequired\":true,\"valueName\":\"search_term_string\"}}],\"inLanguage\":\"es\"}]}<\/script>\n<!-- \/ Yoast SEO plugin. -->","yoast_head_json":{"title":"\u00bfCu\u00e1nto dura el ESTA? - Viajar a los EE. UU.","robots":{"index":"index","follow":"follow","max-snippet":"max-snippet:-1","max-image-preview":"max-image-preview:large","max-video-preview":"max-video-preview:-1"},"canonical":"https:\/\/www.earlham-ia.org\/es\/cuanto-dura-esta-ee-uu\/","og_locale":"es_ES","og_type":"article","og_title":"\u00bfCu\u00e1nto dura el ESTA? - Viajar a los EE. UU.","og_description":"Como todas las autorizaciones de viaje, el ESTA tiene un periodo de validez que debe respetarse. Puede utilizarse varias veces durante el periodo establecido por el gobierno estadounidense. Una vez transcurrido, deber\u00e1s solicitar un nuevo ESTA. En este art\u00edculo, te diremos cu\u00e1nto dura el ESTA y cu\u00e1ndo presentar una nueva solicitud. Periodo de validez del [&hellip;]","og_url":"https:\/\/www.earlham-ia.org\/es\/cuanto-dura-esta-ee-uu\/","og_site_name":"Viajar a los EE. UU.","article_modified_time":"2026-05-06T12:07:50+00:00","twitter_card":"summary_large_image","twitter_misc":{"Tiempo de lectura":"3 minutos"},"schema":{"@context":"https:\/\/schema.org","@graph":[{"@type":"WebPage","@id":"https:\/\/www.earlham-ia.org\/es\/cuanto-dura-esta-ee-uu\/","url":"https:\/\/www.earlham-ia.org\/es\/cuanto-dura-esta-ee-uu\/","name":"\u00bfCu\u00e1nto dura el ESTA? - Viajar a los EE. UU.","isPartOf":{"@id":"https:\/\/www.earlham-ia.org\/es\/#website"},"datePublished":"2022-06-30T16:26:53+00:00","dateModified":"2026-05-06T12:07:50+00:00","breadcrumb":{"@id":"https:\/\/www.earlham-ia.org\/es\/cuanto-dura-esta-ee-uu\/#breadcrumb"},"inLanguage":"es","potentialAction":[{"@type":"ReadAction","target":["https:\/\/www.earlham-ia.org\/es\/cuanto-dura-esta-ee-uu\/"]}]},{"@type":"BreadcrumbList","@id":"https:\/\/www.earlham-ia.org\/es\/cuanto-dura-esta-ee-uu\/#breadcrumb","itemListElement":[{"@type":"ListItem","position":1,"name":"Accueil","item":"https:\/\/www.earlham-ia.org\/es\/"},{"@type":"ListItem","position":2,"name":"\u00bfCu\u00e1nto dura el ESTA?"}]},{"@type":"WebSite","@id":"https:\/\/www.earlham-ia.org\/es\/#website","url":"https:\/\/www.earlham-ia.org\/es\/","name":"Viajar a los EE. UU.","description":"","potentialAction":[{"@type":"SearchAction","target":{"@type":"EntryPoint","urlTemplate":"https:\/\/www.earlham-ia.org\/es\/?s={search_term_string}"},"query-input":{"@type":"PropertyValueSpecification","valueRequired":true,"valueName":"search_term_string"}}],"inLanguage":"es"}]}},"_links":{"self":[{"href":"https:\/\/www.earlham-ia.org\/es\/wp-json\/wp\/v2\/pages\/419","targetHints":{"allow":["GET"]}}],"collection":[{"href":"https:\/\/www.earlham-ia.org\/es\/wp-json\/wp\/v2\/pages"}],"about":[{"href":"https:\/\/www.earlham-ia.org\/es\/wp-json\/wp\/v2\/types\/page"}],"author":[{"embeddable":true,"href":"https:\/\/www.earlham-ia.org\/es\/wp-json\/wp\/v2\/users\/1"}],"replies":[{"embeddable":true,"href":"https:\/\/www.earlham-ia.org\/es\/wp-json\/wp\/v2\/comments?post=419"}],"version-history":[{"count":3,"href":"https:\/\/www.earlham-ia.org\/es\/wp-json\/wp\/v2\/pages\/419\/revisions"}],"predecessor-version":[{"id":1264,"href":"https:\/\/www.earlham-ia.org\/es\/wp-json\/wp\/v2\/pages\/419\/revisions\/1264"}],"wp:attachment":[{"href":"https:\/\/www.earlham-ia.org\/es\/wp-json\/wp\/v2\/media?parent=419"}],"curies":[{"name":"wp","href":"https:\/\/api.w.org\/{rel}","templated":true}]}}