{"id":423,"date":"2022-06-30T16:26:53","date_gmt":"2022-06-30T16:26:53","guid":{"rendered":"https:\/\/www.earlham-ia.org\/como-saber-si-esta-aceptado\/"},"modified":"2026-05-06T12:09:41","modified_gmt":"2026-05-06T12:09:41","slug":"como-saber-si-esta-aceptado","status":"publish","type":"page","link":"https:\/\/www.earlham-ia.org\/es\/como-saber-si-esta-aceptado\/","title":{"rendered":"\u00bfC\u00f3mo saber si su ESTA es aceptado?"},"content":{"rendered":"\n<p>\u00bfQuiere vivir el sue\u00f1o americano y viajar a Estados Unidos? Para viajar a Estados Unidos, necesitar\u00e1 un permiso. Menos restrictivo que un visado, el<a href=\"https:\/\/www.earlham-ia.org\/es\/\">ESTA es la autorizaci\u00f3n de viaje<\/a> m\u00e1s solicitada. La solicitud es cuesti\u00f3n de rellenar un formulario en l\u00ednea desde el sitio web oficial del gobierno de Estados Unidos o a trav\u00e9s de un sitio web privado.   <\/p>\n\n<p>\u00bfHa rellenado el formulario con su informaci\u00f3n personal y los datos de su pasaporte biom\u00e9trico o electr\u00f3nico (fecha de expedici\u00f3n, fecha de caducidad, n\u00famero de pasaporte) y ha respondido a las preguntas sobre sus antecedentes m\u00e9dicos y penales? Despu\u00e9s de pagar la tasa de tramitaci\u00f3n, \u00bfest\u00e1 esperando una respuesta de las autoridades estadounidenses? <\/p>\n\n<p>Aqu\u00ed le explicamos las diferentes situaciones que pueden surgir de una solicitud ESTA USA, c\u00f3mo saber si su solicitud ha sido aceptada y qu\u00e9 hacer si su solicitud es rechazada. Disfrute de su lectura y, esperamos, de su viaje a los Estados Unidos de Am\u00e9rica. <\/p>\n\n<h2 class=\"wp-block-heading\">\u00bfD\u00f3nde encontrar la respuesta a una solicitud del ESTA?<\/h2>\n\n<p>Es posible que reciba una respuesta inmediatamente, pero lo mejor es esperar un m\u00e1ximo de 72 horas. La respuesta de las autoridades estadounidenses nunca tardar\u00e1 m\u00e1s de tres d\u00edas. Dependiendo de si ha solicitado el ESTA directamente en el sitio web oficial del gobierno estadounidense o en un sitio web privado, el proceso de verificaci\u00f3n de su estatus es ligeramente diferente.  <\/p>\n\n<p>Para conocer el estado de su solicitud tras un pedido realizado directamente en el sitio web oficial, basta con volver al mismo sitio web y hacer clic en \u00abcomprobar el estado individual\u00bb (o el estado del grupo, seg\u00fan el tipo de solicitud realizada). A continuaci\u00f3n, deber\u00e1 introducir su n\u00famero de pasaporte, su fecha de nacimiento y su n\u00famero de solicitud para acceder a su expediente y comprobar si se le ha concedido o no el ESTA. Si no conoce el n\u00famero de solicitud, introduzca su n\u00famero de pasaporte, el pa\u00eds de nacionalidad, la fecha de expedici\u00f3n y de caducidad del pasaporte v\u00e1lido y su fecha de nacimiento.  <\/p>\n\n<p>Para un pedido realizado en un sitio web privado, probablemente se le enviar\u00e1 un correo electr\u00f3nico. Si no es as\u00ed, dir\u00edjase a su espacio personal o a la p\u00e1gina web del gobierno estadounidense. <\/p>\n\n<h2 class=\"wp-block-heading\">Los 3 estados posibles del ESTA: aceptado, pendiente, denegado<\/h2>\n\n<p>Ahora que tiene acceso a su expediente, se prepara para conocer la respuesta de las autoridades estadounidenses. Debe saber que hay tres respuestas posibles. A continuaci\u00f3n, las explicaciones.  <\/p>\n\n<ul class=\"wp-block-list\">\n<li><strong>Solicitud ESTA pendiente<\/strong>: este estado informa al viajero de que la solicitud se est\u00e1 tramitando y que se dar\u00e1 una respuesta en un plazo de 72 horas. No hay que tomarlo como una mala se\u00f1al, ya que este estado es completamente neutral y no indica una respuesta negativa. <\/li>\n\n\n\n<li><strong>La solicitud del ESTA se concede<\/strong>: usted cumple con los criterios de elegibilidad. Enhorabuena, esto significa que puede planificar su estancia en los Estados Unidos. Como recordatorio, s\u00f3lo los extranjeros de un pa\u00eds miembro del Programa de Exenci\u00f3n de Visado pueden solicitar el ESTA, siempre que la estancia en Estados Unidos (o el tr\u00e1nsito) sea por v\u00eda a\u00e9rea o mar\u00edtima, no supere los 90 d\u00edas y sea un viaje de turismo o de negocios.  <\/li>\n\n\n\n<li><strong>La solicitud del ESTA es rechazada<\/strong>: en teor\u00eda, no puede aprovechar el ESTA para viajar a Estados Unidos. Si no es elegible, debe solicitar un visado en la embajada americana, teniendo cuidado de elegir el visado americano que corresponde a su caso. Si cumple los requisitos, es probable que haya un error en su formulario y que los sistemas electr\u00f3nicos hayan detectado la anomal\u00eda. Espere 10 d\u00edas y vuelva a solicitarlo, teniendo cuidado de comprobar cada uno de los campos del formulario ESTA o busque ayuda en un sitio privado.   <\/li>\n<\/ul>\n\n<h2 class=\"wp-block-heading\">\u00bfQu\u00e9 hacer con un ESTA aceptado?<\/h2>\n\n<p>Disponer de un ESTA no le exime de otros tr\u00e1mites: una vez en suelo estadounidense, debe pasar por la aduana y es el funcionario de inmigraci\u00f3n quien autorizar\u00e1 o no su estancia. Prep\u00e1rate, por ejemplo, para mostrar tu billete de vuelta o de salida en caso de escala. Sin embargo, no es necesario imprimir su ESTA, ya que se vincula autom\u00e1ticamente a su pasaporte.  <\/p>\n\n<p>El ESTA es v\u00e1lido para m\u00faltiples entradas durante su validez. El periodo de validez oficial es de 2 a\u00f1os, pero puede ser menor, dependiendo de la fecha de caducidad de su pasaporte. Si obtiene un nuevo pasaporte, no olvide solicitar una nueva autorizaci\u00f3n ESTA.  <\/p>\n","protected":false},"excerpt":{"rendered":"<p>\u00bfQuiere vivir el sue\u00f1o americano y viajar a Estados Unidos? Para viajar a Estados Unidos, necesitar\u00e1 un permiso. Menos restrictivo que un visado, elESTA es la autorizaci\u00f3n de viaje m\u00e1s solicitada. La solicitud es cuesti\u00f3n de rellenar un formulario en l\u00ednea desde el sitio web oficial del gobierno de Estados Unidos o a trav\u00e9s de [&hellip;]<\/p>\n","protected":false},"author":1,"featured_media":0,"parent":0,"menu_order":0,"comment_status":"closed","ping_status":"closed","template":"","meta":{"hide_page_title":"","footnotes":""},"class_list":["post-423","page","type-page","status-publish","hentry"],"yoast_head":"<!-- This site is optimized with the Yoast SEO plugin v27.5 - https:\/\/yoast.com\/product\/yoast-seo-wordpress\/ -->\n<title>\u00bfC\u00f3mo saber si su ESTA es aceptado? - Viajar a los EE. UU.<\/title>\n<meta name=\"robots\" content=\"index, follow, max-snippet:-1, max-image-preview:large, max-video-preview:-1\" \/>\n<link rel=\"canonical\" href=\"https:\/\/www.earlham-ia.org\/es\/como-saber-si-esta-aceptado\/\" \/>\n<meta property=\"og:locale\" content=\"es_ES\" \/>\n<meta property=\"og:type\" content=\"article\" \/>\n<meta property=\"og:title\" content=\"\u00bfC\u00f3mo saber si su ESTA es aceptado? - Viajar a los EE. UU.\" \/>\n<meta property=\"og:description\" content=\"\u00bfQuiere vivir el sue\u00f1o americano y viajar a Estados Unidos? Para viajar a Estados Unidos, necesitar\u00e1 un permiso. Menos restrictivo que un visado, elESTA es la autorizaci\u00f3n de viaje m\u00e1s solicitada. La solicitud es cuesti\u00f3n de rellenar un formulario en l\u00ednea desde el sitio web oficial del gobierno de Estados Unidos o a trav\u00e9s de [&hellip;]\" \/>\n<meta property=\"og:url\" content=\"https:\/\/www.earlham-ia.org\/es\/como-saber-si-esta-aceptado\/\" \/>\n<meta property=\"og:site_name\" content=\"Viajar a los EE. UU.\" \/>\n<meta property=\"article:modified_time\" content=\"2026-05-06T12:09:41+00:00\" \/>\n<meta name=\"twitter:card\" content=\"summary_large_image\" \/>\n<meta name=\"twitter:label1\" content=\"Tiempo de lectura\" \/>\n\t<meta name=\"twitter:data1\" content=\"4 minutos\" \/>\n<script type=\"application\/ld+json\" class=\"yoast-schema-graph\">{\"@context\":\"https:\\\/\\\/schema.org\",\"@graph\":[{\"@type\":\"WebPage\",\"@id\":\"https:\\\/\\\/www.earlham-ia.org\\\/es\\\/como-saber-si-esta-aceptado\\\/\",\"url\":\"https:\\\/\\\/www.earlham-ia.org\\\/es\\\/como-saber-si-esta-aceptado\\\/\",\"name\":\"\u00bfC\u00f3mo saber si su ESTA es aceptado? - Viajar a los EE. UU.\",\"isPartOf\":{\"@id\":\"https:\\\/\\\/www.earlham-ia.org\\\/es\\\/#website\"},\"datePublished\":\"2022-06-30T16:26:53+00:00\",\"dateModified\":\"2026-05-06T12:09:41+00:00\",\"breadcrumb\":{\"@id\":\"https:\\\/\\\/www.earlham-ia.org\\\/es\\\/como-saber-si-esta-aceptado\\\/#breadcrumb\"},\"inLanguage\":\"es\",\"potentialAction\":[{\"@type\":\"ReadAction\",\"target\":[\"https:\\\/\\\/www.earlham-ia.org\\\/es\\\/como-saber-si-esta-aceptado\\\/\"]}]},{\"@type\":\"BreadcrumbList\",\"@id\":\"https:\\\/\\\/www.earlham-ia.org\\\/es\\\/como-saber-si-esta-aceptado\\\/#breadcrumb\",\"itemListElement\":[{\"@type\":\"ListItem\",\"position\":1,\"name\":\"Accueil\",\"item\":\"https:\\\/\\\/www.earlham-ia.org\\\/es\\\/\"},{\"@type\":\"ListItem\",\"position\":2,\"name\":\"\u00bfC\u00f3mo saber si su ESTA es aceptado?\"}]},{\"@type\":\"WebSite\",\"@id\":\"https:\\\/\\\/www.earlham-ia.org\\\/es\\\/#website\",\"url\":\"https:\\\/\\\/www.earlham-ia.org\\\/es\\\/\",\"name\":\"Viajar a los EE. UU.\",\"description\":\"\",\"potentialAction\":[{\"@type\":\"SearchAction\",\"target\":{\"@type\":\"EntryPoint\",\"urlTemplate\":\"https:\\\/\\\/www.earlham-ia.org\\\/es\\\/?s={search_term_string}\"},\"query-input\":{\"@type\":\"PropertyValueSpecification\",\"valueRequired\":true,\"valueName\":\"search_term_string\"}}],\"inLanguage\":\"es\"}]}<\/script>\n<!-- \/ Yoast SEO plugin. -->","yoast_head_json":{"title":"\u00bfC\u00f3mo saber si su ESTA es aceptado? - Viajar a los EE. UU.","robots":{"index":"index","follow":"follow","max-snippet":"max-snippet:-1","max-image-preview":"max-image-preview:large","max-video-preview":"max-video-preview:-1"},"canonical":"https:\/\/www.earlham-ia.org\/es\/como-saber-si-esta-aceptado\/","og_locale":"es_ES","og_type":"article","og_title":"\u00bfC\u00f3mo saber si su ESTA es aceptado? - Viajar a los EE. UU.","og_description":"\u00bfQuiere vivir el sue\u00f1o americano y viajar a Estados Unidos? Para viajar a Estados Unidos, necesitar\u00e1 un permiso. Menos restrictivo que un visado, elESTA es la autorizaci\u00f3n de viaje m\u00e1s solicitada. La solicitud es cuesti\u00f3n de rellenar un formulario en l\u00ednea desde el sitio web oficial del gobierno de Estados Unidos o a trav\u00e9s de [&hellip;]","og_url":"https:\/\/www.earlham-ia.org\/es\/como-saber-si-esta-aceptado\/","og_site_name":"Viajar a los EE. UU.","article_modified_time":"2026-05-06T12:09:41+00:00","twitter_card":"summary_large_image","twitter_misc":{"Tiempo de lectura":"4 minutos"},"schema":{"@context":"https:\/\/schema.org","@graph":[{"@type":"WebPage","@id":"https:\/\/www.earlham-ia.org\/es\/como-saber-si-esta-aceptado\/","url":"https:\/\/www.earlham-ia.org\/es\/como-saber-si-esta-aceptado\/","name":"\u00bfC\u00f3mo saber si su ESTA es aceptado? - Viajar a los EE. UU.","isPartOf":{"@id":"https:\/\/www.earlham-ia.org\/es\/#website"},"datePublished":"2022-06-30T16:26:53+00:00","dateModified":"2026-05-06T12:09:41+00:00","breadcrumb":{"@id":"https:\/\/www.earlham-ia.org\/es\/como-saber-si-esta-aceptado\/#breadcrumb"},"inLanguage":"es","potentialAction":[{"@type":"ReadAction","target":["https:\/\/www.earlham-ia.org\/es\/como-saber-si-esta-aceptado\/"]}]},{"@type":"BreadcrumbList","@id":"https:\/\/www.earlham-ia.org\/es\/como-saber-si-esta-aceptado\/#breadcrumb","itemListElement":[{"@type":"ListItem","position":1,"name":"Accueil","item":"https:\/\/www.earlham-ia.org\/es\/"},{"@type":"ListItem","position":2,"name":"\u00bfC\u00f3mo saber si su ESTA es aceptado?"}]},{"@type":"WebSite","@id":"https:\/\/www.earlham-ia.org\/es\/#website","url":"https:\/\/www.earlham-ia.org\/es\/","name":"Viajar a los EE. UU.","description":"","potentialAction":[{"@type":"SearchAction","target":{"@type":"EntryPoint","urlTemplate":"https:\/\/www.earlham-ia.org\/es\/?s={search_term_string}"},"query-input":{"@type":"PropertyValueSpecification","valueRequired":true,"valueName":"search_term_string"}}],"inLanguage":"es"}]}},"_links":{"self":[{"href":"https:\/\/www.earlham-ia.org\/es\/wp-json\/wp\/v2\/pages\/423","targetHints":{"allow":["GET"]}}],"collection":[{"href":"https:\/\/www.earlham-ia.org\/es\/wp-json\/wp\/v2\/pages"}],"about":[{"href":"https:\/\/www.earlham-ia.org\/es\/wp-json\/wp\/v2\/types\/page"}],"author":[{"embeddable":true,"href":"https:\/\/www.earlham-ia.org\/es\/wp-json\/wp\/v2\/users\/1"}],"replies":[{"embeddable":true,"href":"https:\/\/www.earlham-ia.org\/es\/wp-json\/wp\/v2\/comments?post=423"}],"version-history":[{"count":4,"href":"https:\/\/www.earlham-ia.org\/es\/wp-json\/wp\/v2\/pages\/423\/revisions"}],"predecessor-version":[{"id":1291,"href":"https:\/\/www.earlham-ia.org\/es\/wp-json\/wp\/v2\/pages\/423\/revisions\/1291"}],"wp:attachment":[{"href":"https:\/\/www.earlham-ia.org\/es\/wp-json\/wp\/v2\/media?parent=423"}],"curies":[{"name":"wp","href":"https:\/\/api.w.org\/{rel}","templated":true}]}}