{"id":426,"date":"2022-06-30T16:26:53","date_gmt":"2022-06-30T16:26:53","guid":{"rendered":"https:\/\/www.earlham-ia.org\/como-rellenar-en-isa\/"},"modified":"2026-05-06T12:07:50","modified_gmt":"2026-05-06T12:07:50","slug":"como-rellenar-esta","status":"publish","type":"page","link":"https:\/\/www.earlham-ia.org\/es\/como-rellenar-esta\/","title":{"rendered":"\u00bfC\u00f3mo completo el ESTA?"},"content":{"rendered":"\n<p>Antes de viajar a Estados Unidos, es imprescindible que todos los viajeros obtengan una autorizaci\u00f3n de viaje. Viajar a Estados Unidos no es lo mismo que viajar dentro del espacio Schengen. No basta con un simple documento de identidad. Los turistas no s\u00f3lo deben tener un pasaporte v\u00e1lido, sino que tambi\u00e9n deben cumplir otra serie de condiciones para obtener la<a href=\"https:\/\/www.earlham-ia.org\/es\/\">autorizaci\u00f3n ESTA<\/a>.   <\/p>\n\n<p>Para que las cosas queden m\u00e1s claras, primero veremos la importancia de rellenar el ESTA correctamente, antes de revelar la informaci\u00f3n que se te pedir\u00e1 en el formulario online.<\/p>\n\n<h2 class=\"wp-block-heading\">La importancia de rellenar correctamente el documento ESTA<\/h2>\n\n<p>Antes de cumplimentar un ESTA, es importante determinar si cumples los requisitos.<\/p>\n\n<h3 class=\"wp-block-heading\">\u00bfQui\u00e9n debe utilizar el formulario ESTA?<\/h3>\n\n<p>El ESTA es una de las medidas de seguridad introducidas tras los atentados del 11 de septiembre. Por tanto, est\u00e1 sujeto a condiciones espec\u00edficas. <\/p>\n\n<p>Los viajeros deben :<\/p>\n\n<ul class=\"wp-block-list\">\n<li>tener un pasaporte biom\u00e9trico o electr\u00f3nico;<\/li>\n\n\n\n<li>proceder de un pa\u00eds miembro del VWP (Programa de Exenci\u00f3n de Visado), que es un programa estadounidense de exenci\u00f3n de visado, sujeto a restricciones en determinadas binacionalidades;<\/li>\n\n\n\n<li>Viajar a EE.UU. por aire o mar, por turismo, negocios o simplemente de paso;<\/li>\n\n\n\n<li>planificar una estancia temporal (90 d\u00edas como m\u00e1ximo).<\/li>\n<\/ul>\n\n<p>Si alguno de los criterios anteriores no se aplica a tu caso, no es necesario que cumplimentes el ESTA. Dir\u00edgete en su lugar a la embajada estadounidense para solicitar un visado para EE.UU. <\/p>\n\n<h3 class=\"wp-block-heading\">\u00bfPor qu\u00e9 debo tener cuidado al rellenar el formulario de solicitud por Internet?<\/h3>\n\n<p>Al cumplimentar tu solicitud de permiso de residencia en EE.UU., debes ser vigilante y honesto.<\/p>\n\n<p>Tienes que estar atento, porque el ESTA se obtiene solicit\u00e1ndolo por Internet. Los sistemas electr\u00f3nicos comprueban autom\u00e1ticamente el formulario que hay que rellenar. Una simple incoherencia, como un error tipogr\u00e1fico, por ejemplo, es motivo suficiente para que se rechace una solicitud de ESTA. El error m\u00e1s frecuente se produce en el n\u00famero de pasaporte o en la elecci\u00f3n del apellido que debe introducir una mujer casada (apellido de casada o de soltera).   <\/p>\n\n<p>La honestidad entra en juego a la hora de rellenar el formulario ESTA. Te har\u00e1n una serie de preguntas, y las autoridades estadounidenses esperan que respondas \u00abno\u00bb para que tu solicitud de autorizaci\u00f3n sea validada. Es cierto que el gobierno estadounidense no puede saber necesariamente si se ha colado una mentira, pero si se descubre, corres el riesgo de ser procesado y de ser inadmitido.  <\/p>\n\n<h2 class=\"wp-block-heading\">Informaci\u00f3n que debe facilitarse en el formulario ESTA<\/h2>\n\n<p>Rellenar un ESTA implica rellenar un formulario en l\u00ednea. Puedes rellenar el formulario ESTA en el sitio web oficial del gobierno estadounidense o rellenar un formulario simplificado en un sitio web privado. El sitio privado tambi\u00e9n te ofrece asistencia personalizada para ayudarte a cumplimentar correctamente el ESTA.  <\/p>\n\n<h3 class=\"wp-block-heading\">Tus datos personales<\/h3>\n\n<p>Rellenar una solicitud ESTA significa facilitar toda tu informaci\u00f3n personal, desde tu estado civil y tus datos de contacto hasta la identidad de tus padres y los detalles de tu empleo. Tambi\u00e9n debes facilitar los datos de tu pasaporte: n\u00famero de pasaporte, fecha de expedici\u00f3n y caducidad. Desde la llegada del Coronavirus, se ha reforzado la informaci\u00f3n sobre tu estado de salud para conocer tu estado de vacunaci\u00f3n.  <\/p>\n\n<h3 class=\"wp-block-heading\">Tu estancia en EE.UU.<\/h3>\n\n<p>No es necesario que compres tu billete de avi\u00f3n antes de solicitar una ESTA, ya que no se solicitan los datos de tu vuelo. Debes determinar si la solicitud de autorizaci\u00f3n se refiere a un tr\u00e1nsito o a una estancia. En el caso de una estancia, se requiere una direcci\u00f3n en EE.UU., as\u00ed como un contacto de emergencia.  <\/p>\n\n<p>Recuerda que el ESTA tiene una validez m\u00e1xima de 2 a\u00f1os, durante los cuales puedes realizar tantas estancias cortas como desees. Por tanto, te aconsejamos que solicites el ESTA para una estancia y no s\u00f3lo para una escala, sobre todo porque el campo de la direcci\u00f3n local puede modificarse en cualquier momento. <\/p>\n\n<h3 class=\"wp-block-heading\">Tu situaci\u00f3n actual<\/h3>\n\n<p>El objetivo de la serie de preguntas cerradas, ya mencionadas anteriormente, es determinar si representas una amenaza para la seguridad nacional estadounidense. Las preguntas se refieren principalmente a tu estado de salud, tus antecedentes penales, tu consumo de drogas, tu pertenencia a una red delictiva, tus visitas anteriores a pa\u00edses de alto riesgo, etc. <\/p>\n\n<p>Una vez cumplimentado el formulario ESTA, deber\u00e1s abonar la tasa requerida para validar tu solicitud. Recibir\u00e1s una respuesta en un plazo de 72 horas. <\/p>\n","protected":false},"excerpt":{"rendered":"<p>Antes de viajar a Estados Unidos, es imprescindible que todos los viajeros obtengan una autorizaci\u00f3n de viaje. Viajar a Estados Unidos no es lo mismo que viajar dentro del espacio Schengen. No basta con un simple documento de identidad. Los turistas no s\u00f3lo deben tener un pasaporte v\u00e1lido, sino que tambi\u00e9n deben cumplir otra serie [&hellip;]<\/p>\n","protected":false},"author":1,"featured_media":0,"parent":0,"menu_order":0,"comment_status":"closed","ping_status":"closed","template":"","meta":{"hide_page_title":"","footnotes":""},"class_list":["post-426","page","type-page","status-publish","hentry"],"yoast_head":"<!-- This site is optimized with the Yoast SEO plugin v27.5 - https:\/\/yoast.com\/product\/yoast-seo-wordpress\/ -->\n<title>\u00bfC\u00f3mo completo el ESTA? - Viajar a los EE. UU.<\/title>\n<meta name=\"robots\" content=\"index, follow, max-snippet:-1, max-image-preview:large, max-video-preview:-1\" \/>\n<link rel=\"canonical\" href=\"https:\/\/www.earlham-ia.org\/es\/como-rellenar-esta\/\" \/>\n<meta property=\"og:locale\" content=\"es_ES\" \/>\n<meta property=\"og:type\" content=\"article\" \/>\n<meta property=\"og:title\" content=\"\u00bfC\u00f3mo completo el ESTA? - Viajar a los EE. UU.\" \/>\n<meta property=\"og:description\" content=\"Antes de viajar a Estados Unidos, es imprescindible que todos los viajeros obtengan una autorizaci\u00f3n de viaje. Viajar a Estados Unidos no es lo mismo que viajar dentro del espacio Schengen. No basta con un simple documento de identidad. Los turistas no s\u00f3lo deben tener un pasaporte v\u00e1lido, sino que tambi\u00e9n deben cumplir otra serie [&hellip;]\" \/>\n<meta property=\"og:url\" content=\"https:\/\/www.earlham-ia.org\/es\/como-rellenar-esta\/\" \/>\n<meta property=\"og:site_name\" content=\"Viajar a los EE. UU.\" \/>\n<meta property=\"article:modified_time\" content=\"2026-05-06T12:07:50+00:00\" \/>\n<meta name=\"twitter:card\" content=\"summary_large_image\" \/>\n<meta name=\"twitter:label1\" content=\"Tiempo de lectura\" \/>\n\t<meta name=\"twitter:data1\" content=\"4 minutos\" \/>\n<script type=\"application\/ld+json\" class=\"yoast-schema-graph\">{\"@context\":\"https:\\\/\\\/schema.org\",\"@graph\":[{\"@type\":\"WebPage\",\"@id\":\"https:\\\/\\\/www.earlham-ia.org\\\/es\\\/como-rellenar-esta\\\/\",\"url\":\"https:\\\/\\\/www.earlham-ia.org\\\/es\\\/como-rellenar-esta\\\/\",\"name\":\"\u00bfC\u00f3mo completo el ESTA? - Viajar a los EE. UU.\",\"isPartOf\":{\"@id\":\"https:\\\/\\\/www.earlham-ia.org\\\/es\\\/#website\"},\"datePublished\":\"2022-06-30T16:26:53+00:00\",\"dateModified\":\"2026-05-06T12:07:50+00:00\",\"breadcrumb\":{\"@id\":\"https:\\\/\\\/www.earlham-ia.org\\\/es\\\/como-rellenar-esta\\\/#breadcrumb\"},\"inLanguage\":\"es\",\"potentialAction\":[{\"@type\":\"ReadAction\",\"target\":[\"https:\\\/\\\/www.earlham-ia.org\\\/es\\\/como-rellenar-esta\\\/\"]}]},{\"@type\":\"BreadcrumbList\",\"@id\":\"https:\\\/\\\/www.earlham-ia.org\\\/es\\\/como-rellenar-esta\\\/#breadcrumb\",\"itemListElement\":[{\"@type\":\"ListItem\",\"position\":1,\"name\":\"Accueil\",\"item\":\"https:\\\/\\\/www.earlham-ia.org\\\/es\\\/\"},{\"@type\":\"ListItem\",\"position\":2,\"name\":\"\u00bfC\u00f3mo completo el ESTA?\"}]},{\"@type\":\"WebSite\",\"@id\":\"https:\\\/\\\/www.earlham-ia.org\\\/es\\\/#website\",\"url\":\"https:\\\/\\\/www.earlham-ia.org\\\/es\\\/\",\"name\":\"Viajar a los EE. UU.\",\"description\":\"\",\"potentialAction\":[{\"@type\":\"SearchAction\",\"target\":{\"@type\":\"EntryPoint\",\"urlTemplate\":\"https:\\\/\\\/www.earlham-ia.org\\\/es\\\/?s={search_term_string}\"},\"query-input\":{\"@type\":\"PropertyValueSpecification\",\"valueRequired\":true,\"valueName\":\"search_term_string\"}}],\"inLanguage\":\"es\"}]}<\/script>\n<!-- \/ Yoast SEO plugin. -->","yoast_head_json":{"title":"\u00bfC\u00f3mo completo el ESTA? - Viajar a los EE. UU.","robots":{"index":"index","follow":"follow","max-snippet":"max-snippet:-1","max-image-preview":"max-image-preview:large","max-video-preview":"max-video-preview:-1"},"canonical":"https:\/\/www.earlham-ia.org\/es\/como-rellenar-esta\/","og_locale":"es_ES","og_type":"article","og_title":"\u00bfC\u00f3mo completo el ESTA? - Viajar a los EE. UU.","og_description":"Antes de viajar a Estados Unidos, es imprescindible que todos los viajeros obtengan una autorizaci\u00f3n de viaje. Viajar a Estados Unidos no es lo mismo que viajar dentro del espacio Schengen. No basta con un simple documento de identidad. Los turistas no s\u00f3lo deben tener un pasaporte v\u00e1lido, sino que tambi\u00e9n deben cumplir otra serie [&hellip;]","og_url":"https:\/\/www.earlham-ia.org\/es\/como-rellenar-esta\/","og_site_name":"Viajar a los EE. UU.","article_modified_time":"2026-05-06T12:07:50+00:00","twitter_card":"summary_large_image","twitter_misc":{"Tiempo de lectura":"4 minutos"},"schema":{"@context":"https:\/\/schema.org","@graph":[{"@type":"WebPage","@id":"https:\/\/www.earlham-ia.org\/es\/como-rellenar-esta\/","url":"https:\/\/www.earlham-ia.org\/es\/como-rellenar-esta\/","name":"\u00bfC\u00f3mo completo el ESTA? - Viajar a los EE. UU.","isPartOf":{"@id":"https:\/\/www.earlham-ia.org\/es\/#website"},"datePublished":"2022-06-30T16:26:53+00:00","dateModified":"2026-05-06T12:07:50+00:00","breadcrumb":{"@id":"https:\/\/www.earlham-ia.org\/es\/como-rellenar-esta\/#breadcrumb"},"inLanguage":"es","potentialAction":[{"@type":"ReadAction","target":["https:\/\/www.earlham-ia.org\/es\/como-rellenar-esta\/"]}]},{"@type":"BreadcrumbList","@id":"https:\/\/www.earlham-ia.org\/es\/como-rellenar-esta\/#breadcrumb","itemListElement":[{"@type":"ListItem","position":1,"name":"Accueil","item":"https:\/\/www.earlham-ia.org\/es\/"},{"@type":"ListItem","position":2,"name":"\u00bfC\u00f3mo completo el ESTA?"}]},{"@type":"WebSite","@id":"https:\/\/www.earlham-ia.org\/es\/#website","url":"https:\/\/www.earlham-ia.org\/es\/","name":"Viajar a los EE. UU.","description":"","potentialAction":[{"@type":"SearchAction","target":{"@type":"EntryPoint","urlTemplate":"https:\/\/www.earlham-ia.org\/es\/?s={search_term_string}"},"query-input":{"@type":"PropertyValueSpecification","valueRequired":true,"valueName":"search_term_string"}}],"inLanguage":"es"}]}},"_links":{"self":[{"href":"https:\/\/www.earlham-ia.org\/es\/wp-json\/wp\/v2\/pages\/426","targetHints":{"allow":["GET"]}}],"collection":[{"href":"https:\/\/www.earlham-ia.org\/es\/wp-json\/wp\/v2\/pages"}],"about":[{"href":"https:\/\/www.earlham-ia.org\/es\/wp-json\/wp\/v2\/types\/page"}],"author":[{"embeddable":true,"href":"https:\/\/www.earlham-ia.org\/es\/wp-json\/wp\/v2\/users\/1"}],"replies":[{"embeddable":true,"href":"https:\/\/www.earlham-ia.org\/es\/wp-json\/wp\/v2\/comments?post=426"}],"version-history":[{"count":3,"href":"https:\/\/www.earlham-ia.org\/es\/wp-json\/wp\/v2\/pages\/426\/revisions"}],"predecessor-version":[{"id":1256,"href":"https:\/\/www.earlham-ia.org\/es\/wp-json\/wp\/v2\/pages\/426\/revisions\/1256"}],"wp:attachment":[{"href":"https:\/\/www.earlham-ia.org\/es\/wp-json\/wp\/v2\/media?parent=426"}],"curies":[{"name":"wp","href":"https:\/\/api.w.org\/{rel}","templated":true}]}}