{"id":431,"date":"2022-06-30T16:26:54","date_gmt":"2022-06-30T16:26:54","guid":{"rendered":"https:\/\/www.earlham-ia.org\/cuando-necesito-una-formula-isa\/"},"modified":"2026-05-06T12:12:50","modified_gmt":"2026-05-06T12:12:50","slug":"cuando-necesito-una-formula-esta","status":"publish","type":"page","link":"https:\/\/www.earlham-ia.org\/es\/cuando-necesito-una-formula-esta\/","title":{"rendered":"\u00bfCu\u00e1ndo necesito un formulario ESTA?"},"content":{"rendered":"\n<p>\u00bfQuieres viajar a EE.UU. pero no sabes qu\u00e9 autorizaci\u00f3n de viaje necesitas? Es f\u00e1cil perderse entre el visado estadounidense, la tarjeta verde y el <a href=\"https:\/\/www.earlham-ia.org\/es\/\">ESTA USA<\/a>. Por eso vamos a explicarte en qu\u00e9 consiste el formulario ESTA para los Estados Unidos de Am\u00e9rica y en qu\u00e9 circunstancias es obligatorio solicitar el ESTA.  <\/p>\n\n<h2 class=\"wp-block-heading\">\u00bfPara qu\u00e9 sirve el cuestionario ESTA?<\/h2>\n\n<p>Hay que cumplimentar el cuestionario ESTA online para recibir la autorizaci\u00f3n de viaje estadounidense conocida como ESTA, por Electronic System for Travel Authorization (Sistema Electr\u00f3nico de Autorizaci\u00f3n de Viaje). Esta autorizaci\u00f3n permite a los viajeros que la posean quedar exentos de tener que solicitar un visado para EE.UU. en la embajada estadounidense. Esto hace que viajar a EE.UU. sea un procedimiento r\u00e1pido y sencillo, siempre que cumplas los requisitos.  <\/p>\n\n<p>El gobierno estadounidense introdujo esta autorizaci\u00f3n para reforzar la seguridad interior del pa\u00eds en el marco del Programa de Exenci\u00f3n de Visado. El ESTA permite comprobar los datos personales de cada viajero antes de que llegue a suelo estadounidense. <\/p>\n\n<p>Si rellenas el cuestionario ESTA y las autoridades estadounidenses aceptan tu solicitud, podr\u00e1s utilizar la autorizaci\u00f3n durante todo su periodo de validez y viajar a Estados Unidos tantas veces como desees. Las autorizaciones ESTA son v\u00e1lidas durante dos a\u00f1os o hasta la fecha de caducidad del pasaporte biom\u00e9trico (o electr\u00f3nico), lo que ocurra primero. Ten en cuenta que un cambio de pasaporte requiere una nueva solicitud ESTA. Esta nueva solicitud en l\u00ednea debe hacerse, por supuesto, con el nuevo pasaporte.   <\/p>\n\n<h2 class=\"wp-block-heading\">\u00bfCu\u00e1ndo debo solicitar un formulario ESTA?<\/h2>\n\n<p>Ahora que ya sabes para qu\u00e9 sirve el documento ESTA, averigua si puedes solicitarlo por Internet.<\/p>\n\n<h2 class=\"wp-block-heading\">Condiciones para obtener el documento ESTA<\/h2>\n\n<p>El formulario ESTA es imprescindible para los ciudadanos estadounidenses exentos de visado que deseen viajar a EEUU. Hay 39 pa\u00edses miembros del Programa de Exenci\u00f3n de Visado (VWP) desde que se acept\u00f3 a Polonia en 2019 (la lista de pa\u00edses participantes puede consultarse en el sitio web oficial del gobierno estadounidense). Francia es uno de los pa\u00edses participantes.  <\/p>\n\n<p>Ser nacional de un pa\u00eds miembro del Programa de Exenci\u00f3n de Visado no es el \u00fanico criterio de elegibilidad. Aqu\u00ed tienes las distintas condiciones necesarias para obtener un ESTA: <\/p>\n\n<ul class=\"wp-block-list\">\n<li>tener un pasaporte electr\u00f3nico o biom\u00e9trico v\u00e1lido ;<\/li>\n\n\n\n<li>organizar una estancia temporal por turismo, negocios o tr\u00e1nsito en suelo estadounidense antes de partir hacia otro pa\u00eds;<\/li>\n\n\n\n<li>la estancia en EEUU no debe superar los 90 d\u00edas.<\/li>\n<\/ul>\n\n<p>Tendr\u00e1s que rellenar un formulario ESTA si planeas una estancia temporal en Estados Unidos por v\u00eda a\u00e9rea o mar\u00edtima. \u00bfNo cumples todas estas condiciones? Entonces no puedes solicitar la autorizaci\u00f3n ESTA para viajar a EEUU. Sin embargo, puedes solicitar un visado estadounidense en la embajada de EEUU.   <\/p>\n\n<h2 class=\"wp-block-heading\">\u00bfD\u00f3nde puedo solicitar un ESTA?<\/h2>\n\n<p>Para obtener un ESTA, tienes que solicitarlo en l\u00ednea a trav\u00e9s del sitio web del gobierno estadounidense o de un sitio web privado que ofrezca el mismo servicio. Necesitar\u00e1s tu pasaporte en vigor, ya que muchos de los campos del formulario ESTA est\u00e1n relacionados con la informaci\u00f3n que contiene. Por tanto, la solicitud ESTA se realiza mediante un formulario en l\u00ednea. Puedes obtener asistencia y un formulario simplificado solicitando tu autorizaci\u00f3n en un sitio especializado.   <\/p>\n\n<p>Cuando hayas terminado de rellenar el cuestionario ESTA, tendr\u00e1s que pagar la tasa requerida para validar la presentaci\u00f3n de tu formulario. Para ello, necesitar\u00e1s tu tarjeta de cr\u00e9dito. A continuaci\u00f3n, el formulario se analiza mediante sistemas electr\u00f3nicos. A veces, los viajeros reciben una respuesta casi inmediatamente, pero por lo general se tarda un m\u00e1ximo de 72 horas en recibir una respuesta de las autoridades estadounidenses.   <\/p>\n\n<p>Para conocer el estado de tu ESTA, accede al sitio web del gobierno con tu n\u00famero de solicitud y tu n\u00famero de pasaporte. Si la solicitud de autorizaci\u00f3n se hizo a trav\u00e9s de un sitio privado, recibir\u00e1s una respuesta por correo electr\u00f3nico. <\/p>\n","protected":false},"excerpt":{"rendered":"<p>\u00bfQuieres viajar a EE.UU. pero no sabes qu\u00e9 autorizaci\u00f3n de viaje necesitas? Es f\u00e1cil perderse entre el visado estadounidense, la tarjeta verde y el ESTA USA. Por eso vamos a explicarte en qu\u00e9 consiste el formulario ESTA para los Estados Unidos de Am\u00e9rica y en qu\u00e9 circunstancias es obligatorio solicitar el ESTA. \u00bfPara qu\u00e9 sirve [&hellip;]<\/p>\n","protected":false},"author":1,"featured_media":0,"parent":0,"menu_order":0,"comment_status":"closed","ping_status":"closed","template":"","meta":{"hide_page_title":"","footnotes":""},"class_list":["post-431","page","type-page","status-publish","hentry"],"yoast_head":"<!-- This site is optimized with the Yoast SEO plugin v27.5 - https:\/\/yoast.com\/product\/yoast-seo-wordpress\/ -->\n<title>\u00bfCu\u00e1ndo necesito un formulario ESTA? - Viajar a los EE. UU.<\/title>\n<meta name=\"robots\" content=\"index, follow, max-snippet:-1, max-image-preview:large, max-video-preview:-1\" \/>\n<link rel=\"canonical\" href=\"https:\/\/www.earlham-ia.org\/es\/cuando-necesito-una-formula-esta\/\" \/>\n<meta property=\"og:locale\" content=\"es_ES\" \/>\n<meta property=\"og:type\" content=\"article\" \/>\n<meta property=\"og:title\" content=\"\u00bfCu\u00e1ndo necesito un formulario ESTA? - Viajar a los EE. UU.\" \/>\n<meta property=\"og:description\" content=\"\u00bfQuieres viajar a EE.UU. pero no sabes qu\u00e9 autorizaci\u00f3n de viaje necesitas? Es f\u00e1cil perderse entre el visado estadounidense, la tarjeta verde y el ESTA USA. Por eso vamos a explicarte en qu\u00e9 consiste el formulario ESTA para los Estados Unidos de Am\u00e9rica y en qu\u00e9 circunstancias es obligatorio solicitar el ESTA. \u00bfPara qu\u00e9 sirve [&hellip;]\" \/>\n<meta property=\"og:url\" content=\"https:\/\/www.earlham-ia.org\/es\/cuando-necesito-una-formula-esta\/\" \/>\n<meta property=\"og:site_name\" content=\"Viajar a los EE. UU.\" \/>\n<meta property=\"article:modified_time\" content=\"2026-05-06T12:12:50+00:00\" \/>\n<meta name=\"twitter:card\" content=\"summary_large_image\" \/>\n<meta name=\"twitter:label1\" content=\"Tiempo de lectura\" \/>\n\t<meta name=\"twitter:data1\" content=\"3 minutos\" \/>\n<script type=\"application\/ld+json\" class=\"yoast-schema-graph\">{\"@context\":\"https:\\\/\\\/schema.org\",\"@graph\":[{\"@type\":\"WebPage\",\"@id\":\"https:\\\/\\\/www.earlham-ia.org\\\/es\\\/cuando-necesito-una-formula-esta\\\/\",\"url\":\"https:\\\/\\\/www.earlham-ia.org\\\/es\\\/cuando-necesito-una-formula-esta\\\/\",\"name\":\"\u00bfCu\u00e1ndo necesito un formulario ESTA? - Viajar a los EE. UU.\",\"isPartOf\":{\"@id\":\"https:\\\/\\\/www.earlham-ia.org\\\/es\\\/#website\"},\"datePublished\":\"2022-06-30T16:26:54+00:00\",\"dateModified\":\"2026-05-06T12:12:50+00:00\",\"breadcrumb\":{\"@id\":\"https:\\\/\\\/www.earlham-ia.org\\\/es\\\/cuando-necesito-una-formula-esta\\\/#breadcrumb\"},\"inLanguage\":\"es\",\"potentialAction\":[{\"@type\":\"ReadAction\",\"target\":[\"https:\\\/\\\/www.earlham-ia.org\\\/es\\\/cuando-necesito-una-formula-esta\\\/\"]}]},{\"@type\":\"BreadcrumbList\",\"@id\":\"https:\\\/\\\/www.earlham-ia.org\\\/es\\\/cuando-necesito-una-formula-esta\\\/#breadcrumb\",\"itemListElement\":[{\"@type\":\"ListItem\",\"position\":1,\"name\":\"Accueil\",\"item\":\"https:\\\/\\\/www.earlham-ia.org\\\/es\\\/\"},{\"@type\":\"ListItem\",\"position\":2,\"name\":\"\u00bfCu\u00e1ndo necesito un formulario ESTA?\"}]},{\"@type\":\"WebSite\",\"@id\":\"https:\\\/\\\/www.earlham-ia.org\\\/es\\\/#website\",\"url\":\"https:\\\/\\\/www.earlham-ia.org\\\/es\\\/\",\"name\":\"Viajar a los EE. UU.\",\"description\":\"\",\"potentialAction\":[{\"@type\":\"SearchAction\",\"target\":{\"@type\":\"EntryPoint\",\"urlTemplate\":\"https:\\\/\\\/www.earlham-ia.org\\\/es\\\/?s={search_term_string}\"},\"query-input\":{\"@type\":\"PropertyValueSpecification\",\"valueRequired\":true,\"valueName\":\"search_term_string\"}}],\"inLanguage\":\"es\"}]}<\/script>\n<!-- \/ Yoast SEO plugin. -->","yoast_head_json":{"title":"\u00bfCu\u00e1ndo necesito un formulario ESTA? - Viajar a los EE. UU.","robots":{"index":"index","follow":"follow","max-snippet":"max-snippet:-1","max-image-preview":"max-image-preview:large","max-video-preview":"max-video-preview:-1"},"canonical":"https:\/\/www.earlham-ia.org\/es\/cuando-necesito-una-formula-esta\/","og_locale":"es_ES","og_type":"article","og_title":"\u00bfCu\u00e1ndo necesito un formulario ESTA? - Viajar a los EE. UU.","og_description":"\u00bfQuieres viajar a EE.UU. pero no sabes qu\u00e9 autorizaci\u00f3n de viaje necesitas? Es f\u00e1cil perderse entre el visado estadounidense, la tarjeta verde y el ESTA USA. Por eso vamos a explicarte en qu\u00e9 consiste el formulario ESTA para los Estados Unidos de Am\u00e9rica y en qu\u00e9 circunstancias es obligatorio solicitar el ESTA. \u00bfPara qu\u00e9 sirve [&hellip;]","og_url":"https:\/\/www.earlham-ia.org\/es\/cuando-necesito-una-formula-esta\/","og_site_name":"Viajar a los EE. UU.","article_modified_time":"2026-05-06T12:12:50+00:00","twitter_card":"summary_large_image","twitter_misc":{"Tiempo de lectura":"3 minutos"},"schema":{"@context":"https:\/\/schema.org","@graph":[{"@type":"WebPage","@id":"https:\/\/www.earlham-ia.org\/es\/cuando-necesito-una-formula-esta\/","url":"https:\/\/www.earlham-ia.org\/es\/cuando-necesito-una-formula-esta\/","name":"\u00bfCu\u00e1ndo necesito un formulario ESTA? - Viajar a los EE. UU.","isPartOf":{"@id":"https:\/\/www.earlham-ia.org\/es\/#website"},"datePublished":"2022-06-30T16:26:54+00:00","dateModified":"2026-05-06T12:12:50+00:00","breadcrumb":{"@id":"https:\/\/www.earlham-ia.org\/es\/cuando-necesito-una-formula-esta\/#breadcrumb"},"inLanguage":"es","potentialAction":[{"@type":"ReadAction","target":["https:\/\/www.earlham-ia.org\/es\/cuando-necesito-una-formula-esta\/"]}]},{"@type":"BreadcrumbList","@id":"https:\/\/www.earlham-ia.org\/es\/cuando-necesito-una-formula-esta\/#breadcrumb","itemListElement":[{"@type":"ListItem","position":1,"name":"Accueil","item":"https:\/\/www.earlham-ia.org\/es\/"},{"@type":"ListItem","position":2,"name":"\u00bfCu\u00e1ndo necesito un formulario ESTA?"}]},{"@type":"WebSite","@id":"https:\/\/www.earlham-ia.org\/es\/#website","url":"https:\/\/www.earlham-ia.org\/es\/","name":"Viajar a los EE. UU.","description":"","potentialAction":[{"@type":"SearchAction","target":{"@type":"EntryPoint","urlTemplate":"https:\/\/www.earlham-ia.org\/es\/?s={search_term_string}"},"query-input":{"@type":"PropertyValueSpecification","valueRequired":true,"valueName":"search_term_string"}}],"inLanguage":"es"}]}},"_links":{"self":[{"href":"https:\/\/www.earlham-ia.org\/es\/wp-json\/wp\/v2\/pages\/431","targetHints":{"allow":["GET"]}}],"collection":[{"href":"https:\/\/www.earlham-ia.org\/es\/wp-json\/wp\/v2\/pages"}],"about":[{"href":"https:\/\/www.earlham-ia.org\/es\/wp-json\/wp\/v2\/types\/page"}],"author":[{"embeddable":true,"href":"https:\/\/www.earlham-ia.org\/es\/wp-json\/wp\/v2\/users\/1"}],"replies":[{"embeddable":true,"href":"https:\/\/www.earlham-ia.org\/es\/wp-json\/wp\/v2\/comments?post=431"}],"version-history":[{"count":2,"href":"https:\/\/www.earlham-ia.org\/es\/wp-json\/wp\/v2\/pages\/431\/revisions"}],"predecessor-version":[{"id":1297,"href":"https:\/\/www.earlham-ia.org\/es\/wp-json\/wp\/v2\/pages\/431\/revisions\/1297"}],"wp:attachment":[{"href":"https:\/\/www.earlham-ia.org\/es\/wp-json\/wp\/v2\/media?parent=431"}],"curies":[{"name":"wp","href":"https:\/\/api.w.org\/{rel}","templated":true}]}}