{"id":434,"date":"2022-06-30T16:26:54","date_gmt":"2022-06-30T16:26:54","guid":{"rendered":"https:\/\/www.earlham-ia.org\/que-documento-para-entrar-en-los-estados-unidos\/"},"modified":"2026-05-06T12:17:17","modified_gmt":"2026-05-06T12:17:17","slug":"documento-para-entrar-en-los-estados-unidos","status":"publish","type":"page","link":"https:\/\/www.earlham-ia.org\/es\/documento-para-entrar-en-los-estados-unidos\/","title":{"rendered":"\u00bfQu\u00e9 documentos necesito para entrar en Estados Unidos?"},"content":{"rendered":"\n<p>\u00a0<\/p>\n\n<p>Organizar un viaje a EE.UU. a veces puede ser complejo. Viajar a Estados Unidos requiere que re\u00fanas documentos que prueben tu identidad y validen tu viaje.<\/p>\n\n<p>En este art\u00edculo, echaremos un vistazo a todos los documentos que necesitar\u00e1s para pisar suelo estadounidense.<\/p>\n\n<h2 class=\"wp-block-heading\">\u00bfPor qu\u00e9 necesito documentos de viaje para viajar a los Estados Unidos de Am\u00e9rica?<\/h2>\n\n<p>Los ciudadanos extranjeros, sobre todo los de la Uni\u00f3n Europea, no viajan a Estados Unidos de la misma forma que dentro del espacio Schengen. Si est\u00e1s acostumbrado a viajar a Europa, sabr\u00e1s que el carn\u00e9 de identidad es la \u00fanica forma de identificaci\u00f3n necesaria para este tipo de viajes. Sin embargo, si vas a Estados Unidos, la cosa cambia. <\/p>\n\n<p>El gobierno estadounidense es muy estricto con los turistas que visitan Estados Unidos. Esta desconfianza ha crecido con el tiempo, especialmente tras los atentados del 11 de septiembre.  Por eso su objetivo es reforzar las medidas de seguridad y dejar entrar s\u00f3lo a turistas que no supongan una amenaza para la seguridad interior del pa\u00eds.<\/p>\n\n<h2 class=\"wp-block-heading\">\u00bfQu\u00e9 documentos necesito para viajar a Estados Unidos?<\/h2>\n\n<p><\/p>\n\n<p>Estos son los principales documentos que necesitar\u00e1s para viajar a Estados Unidos.<\/p>\n\n<h3 class=\"wp-block-heading\">Pasaporte biom\u00e9trico o electr\u00f3nico<\/h3>\n\n<p>Un pasaporte electr\u00f3nico o biom\u00e9trico es la clave de un viaje exitoso. Un documento de identidad no bastar\u00e1 para una estancia en Estados Unidos. Adem\u00e1s, si no tienes pasaporte, no podr\u00e1s obtener una autorizaci\u00f3n de viaje, que es el segundo documento que necesitas. Por supuesto, tu pasaporte debe ser v\u00e1lido, as\u00ed que comprueba su fecha de caducidad.  <\/p>\n\n<p>Si no tienes pasaporte, es aconsejable que lo solicites en el ayuntamiento de tu localidad. Para solicitar un pasaporte, tendr\u00e1s que facilitar fotograf\u00edas tama\u00f1o carn\u00e9 y huellas dactilares.  El procedimiento puede durar m\u00e1s de un mes, as\u00ed que haz tu solicitud con antelaci\u00f3n.<\/p>\n\n<h3 class=\"wp-block-heading\">Una autorizaci\u00f3n de viaje<\/h3>\n\n<p>Una vez que tengas un pasaporte v\u00e1lido, puedes solicitar una autorizaci\u00f3n de viaje. Las autoridades estadounidenses deben aprobar tu entrada en el pa\u00eds antes de tu salida. Puedes elegir entre dos tipos de autorizaci\u00f3n: el visado y la autorizaci\u00f3n ESTA.   Ten en cuenta que un tr\u00e1nsito simple tambi\u00e9n requiere una de estas autorizaciones.<\/p>\n\n<h4 class=\"wp-block-heading\">El visado de EE.UU.<\/h4>\n\n<p>Para solicitar un visado, debes dirigirte a la embajada estadounidense. Previamente, hay que rellenar un formulario en l\u00ednea y concertar una cita con un funcionario consular. Es esta entrevista en la embajada estadounidense la que determinar\u00e1 tu salida hacia Estados Unidos. <\/p>\n\n<p>Solicitar un visado puede llevar varios meses y es caro, pero el visado es m\u00e1s adecuado para una estancia larga (m\u00e1s de 90 d\u00edas consecutivos) o por un motivo no cubierto por el ESTA. Para una estancia tur\u00edstica, tendr\u00e1s que solicitar un visado B2. <\/p>\n\n<p>Los documentos de viaje necesarios para entrar en Estados Unidos los especificar\u00e1 la embajada o el consulado. Dependiendo de la naturaleza de tu viaje, puede que se te pidan documentos justificativos adicionales.<\/p>\n\n<h4 class=\"wp-block-heading\">Autorizaci\u00f3n ESTA USA<\/h4>\n\n<p>La autorizaci\u00f3n ESTA s\u00f3lo est\u00e1 disponible para los nacionales de pa\u00edses miembros del Programa de Exenci\u00f3n de Visado del gobierno estadounidense. Puedes consultar la lista de pa\u00edses cubiertos por el r\u00e9gimen en el sitio web del gobierno. Francia es un pa\u00eds beneficiario, por lo que los ciudadanos franceses pueden solicitar esta autorizaci\u00f3n de viaje. Existen varios criterios de elegibilidad. Adem\u00e1s de participar en el Programa de Exenci\u00f3n de Visado y estar en posesi\u00f3n de un pasaporte v\u00e1lido, los viajeros deben ir a EE.UU. para una estancia temporal (90 d\u00edas como m\u00e1ximo), ya sea por negocios o por placer.   <\/p>\n\n<p>Para obtener un ESTA, tienes que solicitarlo en l\u00ednea. No es necesario ir a la embajada de EE.UU. para solicitar un ESTA.  El formulario que hay que rellenar se encuentra en el <a href=\"https:\/\/esta.cbp.dhs.gov\/\">sitio web oficial del gobierno estadounidense<\/a>. El documento se expide en 72 horas (a veces menos, gracias a los sistemas electr\u00f3nicos). Cuesta 21 d\u00f3lares estadounidenses y es v\u00e1lido durante dos a\u00f1os, siempre que lo permita el pasaporte. <\/p>\n\n<p>No es necesario que lleves contigo f\u00edsicamente tu autorizaci\u00f3n ESTA antes de viajar a Estados Unidos: como la autorizaci\u00f3n es electr\u00f3nica, est\u00e1 vinculada a tu n\u00famero de pasaporte. As\u00ed que aseg\u00farate de volver a solicitarlo si tienes un pasaporte nuevo.<\/p>\n\n<h3 class=\"wp-block-heading\">Un billete de salida<\/h3>\n\n<p>Para todas las estancias temporales, el funcionario de inmigraci\u00f3n te pedir\u00e1 una prueba de salida del territorio estadounidense cuando pases por la aduana. Un billete de ida y vuelta demostrar\u00e1 al agente que no tienes intenci\u00f3n de permanecer en Estados Unidos m\u00e1s tiempo del autorizado.<\/p>\n","protected":false},"excerpt":{"rendered":"<p>\u00a0 Organizar un viaje a EE.UU. a veces puede ser complejo. Viajar a Estados Unidos requiere que re\u00fanas documentos que prueben tu identidad y validen tu viaje. En este art\u00edculo, echaremos un vistazo a todos los documentos que necesitar\u00e1s para pisar suelo estadounidense. \u00bfPor qu\u00e9 necesito documentos de viaje para viajar a los Estados Unidos [&hellip;]<\/p>\n","protected":false},"author":1,"featured_media":0,"parent":0,"menu_order":0,"comment_status":"closed","ping_status":"closed","template":"","meta":{"hide_page_title":"","footnotes":""},"class_list":["post-434","page","type-page","status-publish","hentry"],"yoast_head":"<!-- This site is optimized with the Yoast SEO plugin v27.5 - https:\/\/yoast.com\/product\/yoast-seo-wordpress\/ -->\n<title>\u00bfQu\u00e9 documentos necesito para entrar en Estados Unidos? - Viajar a los EE. UU.<\/title>\n<meta name=\"robots\" content=\"index, follow, max-snippet:-1, max-image-preview:large, max-video-preview:-1\" \/>\n<link rel=\"canonical\" href=\"https:\/\/www.earlham-ia.org\/es\/documento-para-entrar-en-los-estados-unidos\/\" \/>\n<meta property=\"og:locale\" content=\"es_ES\" \/>\n<meta property=\"og:type\" content=\"article\" \/>\n<meta property=\"og:title\" content=\"\u00bfQu\u00e9 documentos necesito para entrar en Estados Unidos? - Viajar a los EE. UU.\" \/>\n<meta property=\"og:description\" content=\"\u00a0 Organizar un viaje a EE.UU. a veces puede ser complejo. Viajar a Estados Unidos requiere que re\u00fanas documentos que prueben tu identidad y validen tu viaje. En este art\u00edculo, echaremos un vistazo a todos los documentos que necesitar\u00e1s para pisar suelo estadounidense. \u00bfPor qu\u00e9 necesito documentos de viaje para viajar a los Estados Unidos [&hellip;]\" \/>\n<meta property=\"og:url\" content=\"https:\/\/www.earlham-ia.org\/es\/documento-para-entrar-en-los-estados-unidos\/\" \/>\n<meta property=\"og:site_name\" content=\"Viajar a los EE. UU.\" \/>\n<meta property=\"article:modified_time\" content=\"2026-05-06T12:17:17+00:00\" \/>\n<meta name=\"twitter:card\" content=\"summary_large_image\" \/>\n<meta name=\"twitter:label1\" content=\"Tiempo de lectura\" \/>\n\t<meta name=\"twitter:data1\" content=\"4 minutos\" \/>\n<script type=\"application\/ld+json\" class=\"yoast-schema-graph\">{\"@context\":\"https:\\\/\\\/schema.org\",\"@graph\":[{\"@type\":\"WebPage\",\"@id\":\"https:\\\/\\\/www.earlham-ia.org\\\/es\\\/documento-para-entrar-en-los-estados-unidos\\\/\",\"url\":\"https:\\\/\\\/www.earlham-ia.org\\\/es\\\/documento-para-entrar-en-los-estados-unidos\\\/\",\"name\":\"\u00bfQu\u00e9 documentos necesito para entrar en Estados Unidos? - Viajar a los EE. UU.\",\"isPartOf\":{\"@id\":\"https:\\\/\\\/www.earlham-ia.org\\\/es\\\/#website\"},\"datePublished\":\"2022-06-30T16:26:54+00:00\",\"dateModified\":\"2026-05-06T12:17:17+00:00\",\"breadcrumb\":{\"@id\":\"https:\\\/\\\/www.earlham-ia.org\\\/es\\\/documento-para-entrar-en-los-estados-unidos\\\/#breadcrumb\"},\"inLanguage\":\"es\",\"potentialAction\":[{\"@type\":\"ReadAction\",\"target\":[\"https:\\\/\\\/www.earlham-ia.org\\\/es\\\/documento-para-entrar-en-los-estados-unidos\\\/\"]}]},{\"@type\":\"BreadcrumbList\",\"@id\":\"https:\\\/\\\/www.earlham-ia.org\\\/es\\\/documento-para-entrar-en-los-estados-unidos\\\/#breadcrumb\",\"itemListElement\":[{\"@type\":\"ListItem\",\"position\":1,\"name\":\"Accueil\",\"item\":\"https:\\\/\\\/www.earlham-ia.org\\\/es\\\/\"},{\"@type\":\"ListItem\",\"position\":2,\"name\":\"\u00bfQu\u00e9 documentos necesito para entrar en Estados Unidos?\"}]},{\"@type\":\"WebSite\",\"@id\":\"https:\\\/\\\/www.earlham-ia.org\\\/es\\\/#website\",\"url\":\"https:\\\/\\\/www.earlham-ia.org\\\/es\\\/\",\"name\":\"Viajar a los EE. UU.\",\"description\":\"\",\"potentialAction\":[{\"@type\":\"SearchAction\",\"target\":{\"@type\":\"EntryPoint\",\"urlTemplate\":\"https:\\\/\\\/www.earlham-ia.org\\\/es\\\/?s={search_term_string}\"},\"query-input\":{\"@type\":\"PropertyValueSpecification\",\"valueRequired\":true,\"valueName\":\"search_term_string\"}}],\"inLanguage\":\"es\"}]}<\/script>\n<!-- \/ Yoast SEO plugin. -->","yoast_head_json":{"title":"\u00bfQu\u00e9 documentos necesito para entrar en Estados Unidos? - Viajar a los EE. UU.","robots":{"index":"index","follow":"follow","max-snippet":"max-snippet:-1","max-image-preview":"max-image-preview:large","max-video-preview":"max-video-preview:-1"},"canonical":"https:\/\/www.earlham-ia.org\/es\/documento-para-entrar-en-los-estados-unidos\/","og_locale":"es_ES","og_type":"article","og_title":"\u00bfQu\u00e9 documentos necesito para entrar en Estados Unidos? - Viajar a los EE. UU.","og_description":"\u00a0 Organizar un viaje a EE.UU. a veces puede ser complejo. Viajar a Estados Unidos requiere que re\u00fanas documentos que prueben tu identidad y validen tu viaje. En este art\u00edculo, echaremos un vistazo a todos los documentos que necesitar\u00e1s para pisar suelo estadounidense. \u00bfPor qu\u00e9 necesito documentos de viaje para viajar a los Estados Unidos [&hellip;]","og_url":"https:\/\/www.earlham-ia.org\/es\/documento-para-entrar-en-los-estados-unidos\/","og_site_name":"Viajar a los EE. UU.","article_modified_time":"2026-05-06T12:17:17+00:00","twitter_card":"summary_large_image","twitter_misc":{"Tiempo de lectura":"4 minutos"},"schema":{"@context":"https:\/\/schema.org","@graph":[{"@type":"WebPage","@id":"https:\/\/www.earlham-ia.org\/es\/documento-para-entrar-en-los-estados-unidos\/","url":"https:\/\/www.earlham-ia.org\/es\/documento-para-entrar-en-los-estados-unidos\/","name":"\u00bfQu\u00e9 documentos necesito para entrar en Estados Unidos? - Viajar a los EE. UU.","isPartOf":{"@id":"https:\/\/www.earlham-ia.org\/es\/#website"},"datePublished":"2022-06-30T16:26:54+00:00","dateModified":"2026-05-06T12:17:17+00:00","breadcrumb":{"@id":"https:\/\/www.earlham-ia.org\/es\/documento-para-entrar-en-los-estados-unidos\/#breadcrumb"},"inLanguage":"es","potentialAction":[{"@type":"ReadAction","target":["https:\/\/www.earlham-ia.org\/es\/documento-para-entrar-en-los-estados-unidos\/"]}]},{"@type":"BreadcrumbList","@id":"https:\/\/www.earlham-ia.org\/es\/documento-para-entrar-en-los-estados-unidos\/#breadcrumb","itemListElement":[{"@type":"ListItem","position":1,"name":"Accueil","item":"https:\/\/www.earlham-ia.org\/es\/"},{"@type":"ListItem","position":2,"name":"\u00bfQu\u00e9 documentos necesito para entrar en Estados Unidos?"}]},{"@type":"WebSite","@id":"https:\/\/www.earlham-ia.org\/es\/#website","url":"https:\/\/www.earlham-ia.org\/es\/","name":"Viajar a los EE. UU.","description":"","potentialAction":[{"@type":"SearchAction","target":{"@type":"EntryPoint","urlTemplate":"https:\/\/www.earlham-ia.org\/es\/?s={search_term_string}"},"query-input":{"@type":"PropertyValueSpecification","valueRequired":true,"valueName":"search_term_string"}}],"inLanguage":"es"}]}},"_links":{"self":[{"href":"https:\/\/www.earlham-ia.org\/es\/wp-json\/wp\/v2\/pages\/434","targetHints":{"allow":["GET"]}}],"collection":[{"href":"https:\/\/www.earlham-ia.org\/es\/wp-json\/wp\/v2\/pages"}],"about":[{"href":"https:\/\/www.earlham-ia.org\/es\/wp-json\/wp\/v2\/types\/page"}],"author":[{"embeddable":true,"href":"https:\/\/www.earlham-ia.org\/es\/wp-json\/wp\/v2\/users\/1"}],"replies":[{"embeddable":true,"href":"https:\/\/www.earlham-ia.org\/es\/wp-json\/wp\/v2\/comments?post=434"}],"version-history":[{"count":6,"href":"https:\/\/www.earlham-ia.org\/es\/wp-json\/wp\/v2\/pages\/434\/revisions"}],"predecessor-version":[{"id":1334,"href":"https:\/\/www.earlham-ia.org\/es\/wp-json\/wp\/v2\/pages\/434\/revisions\/1334"}],"wp:attachment":[{"href":"https:\/\/www.earlham-ia.org\/es\/wp-json\/wp\/v2\/media?parent=434"}],"curies":[{"name":"wp","href":"https:\/\/api.w.org\/{rel}","templated":true}]}}