{"id":921,"date":"2025-05-07T12:42:31","date_gmt":"2025-05-07T12:42:31","guid":{"rendered":"https:\/\/www.earlham-ia.org\/la-autopista-de-la-costa-del-pacifico-entre-acantilados-y-oceano\/"},"modified":"2025-05-07T12:42:33","modified_gmt":"2025-05-07T12:42:33","slug":"la-autopista-de-la-costa-del-pacifico-entre-acantilados-y-oceano","status":"publish","type":"page","link":"https:\/\/www.earlham-ia.org\/es\/la-autopista-de-la-costa-del-pacifico-entre-acantilados-y-oceano\/","title":{"rendered":"La autopista de la Costa del Pac\u00edfico: entre acantilados y oc\u00e9ano"},"content":{"rendered":"\n<p>La <a href=\"https:\/\/www.pacific-coast-highway-travel.com\/\">Autopista de la Costa del Pac\u00edfico<\/a>, tambi\u00e9n conocida como Autopista 1, es una de las carreteras m\u00e1s espectaculares de Estados Unidos. Serpentea por la costa oeste desde San Francisco hasta Los \u00c1ngeles, a veces hasta San Diego, bordeando el oc\u00e9ano Pac\u00edfico. Este ic\u00f3nico viaje por carretera revela paisajes de una belleza descarnada: alt\u00edsimos acantilados, playas salvajes, bosques de secuoyas y pueblos californianos ba\u00f1ados por el sol. M\u00e1s que un viaje, es una inmersi\u00f3n en el esp\u00edritu californiano, entre la naturaleza salvaje y un modo de vida relajado.   <\/p>\n\n<h2 class=\"wp-block-heading\">Una ruta costera legendaria entre San Francisco y Los \u00c1ngeles<\/h2>\n\n<h3 class=\"wp-block-heading\">Una carretera construida para revelar la cruda belleza de la costa<\/h3>\n\n<p>La Autopista de la Costa del Pac\u00edfico se concibi\u00f3 en la d\u00e9cada de 1930 como escaparate del patrimonio natural de California. Sigue las curvas de la costa del Pac\u00edfico, ofreciendo impresionantes vistas del oc\u00e9ano. Saliendo de <a href=\"https:\/\/www.sf.gov\/\">San Francisco<\/a>, los viajeros descubren una alternancia de playas neblinosas y promontorios rocosos. Cada curva ofrece una nueva perspectiva, salpicada de acantilados escarpados, bosques de pinos y el azul profundo del oc\u00e9ano que se extiende hasta donde alcanza la vista.   <\/p>\n\n<h3 class=\"wp-block-heading\">Un viaje por la California salvaje y aut\u00e9ntica<\/h3>\n\n<p>Por el camino, la carretera atraviesa zonas protegidas, reservas naturales y peque\u00f1as ciudades que han sabido conservar su autenticidad. Lugares como <a href=\"https:\/\/www.half-moon-bay.ca.us\/\">Half Moon Bay<\/a>, Carmel-by-the-Sea y Big Sur ilustran lo m\u00e1s puro que puede ofrecer <a href=\"https:\/\/www.ca.gov\/\">California<\/a>: armon\u00eda entre el hombre y la naturaleza, sin excesos ni artificialidad. El contraste entre las apacibles calas y los escarpados acantilados crea un equilibrio visual y emocional \u00fanico.  <\/p>\n\n<h2 class=\"wp-block-heading\">Big Sur: el coraz\u00f3n palpitante de la Autopista de la Costa del Pac\u00edfico<\/h2>\n\n<h3 class=\"wp-block-heading\">Un tramo legendario, s\u00edmbolo de libertad y contemplaci\u00f3n<\/h3>\n\n<p>Big Sur es sin duda la parte m\u00e1s emblem\u00e1tica de la Autopista 1. A lo largo de casi 150 kil\u00f3metros, la carretera se aferra a los acantilados en una sucesi\u00f3n de curvas, puentes y grandiosos panoramas. La ausencia de desarrollo urbano, los acantilados que se hunden en el oc\u00e9ano y la luz cambiante crean una atm\u00f3sfera casi m\u00edstica. Este escenario ha inspirado a muchos artistas, escritores y cineastas, haciendo del Big Sur un lugar de leyenda.   <\/p>\n\n<h3 class=\"wp-block-heading\">Un viaje sensorial a trav\u00e9s de la niebla, la luz y los vientos salados<\/h3>\n\n<p>Conducir por <a href=\"https:\/\/www.bigsurcalifornia.org\/\">Big<\/a> Sur es tambi\u00e9n una intensa experiencia sensorial. La niebla marina, omnipresente al amanecer, confiere una textura on\u00edrica a los paisajes. Al salir el sol, se revelan los contrastes y el viento transporta aromas que mezclan el aire salado del oc\u00e9ano con las esencias le\u00f1osas de las colinas. Disminuimos la velocidad de forma natural, no porque tengamos que hacerlo, sino para saborear cada momento de esta ruta atemporal.   <\/p>\n\n<h2 class=\"wp-block-heading\">De Los \u00c1ngeles a San Diego: una transici\u00f3n al soleado sur<\/h2>\n\n<h3 class=\"wp-block-heading\">Un ambiente costero m\u00e1s urbano, pero a\u00fan unido al oc\u00e9ano<\/h3>\n\n<p>Siguiendo hacia el sur, la Autopista 1 atraviesa <a href=\"https:\/\/lacity.gov\/\">Los \u00c1ngeles<\/a> y llega hasta San Diego. Aunque este tramo es m\u00e1s urbano, sigue conservando el alma costera de la ruta. Las largas playas, los bulliciosos muelles y los barrios surferos son un recordatorio de que el oc\u00e9ano sigue siendo el hilo conductor del viaje. El ambiente cambia, volvi\u00e9ndose m\u00e1s c\u00e1lido, m\u00e1s mediterr\u00e1neo, pero conservando ese v\u00ednculo visceral con el agua.   <\/p>\n\n<h3 class=\"wp-block-heading\">Un suave final californiano para el recorrido<\/h3>\n\n<p><a href=\"https:\/\/www.sandiego.gov\/\">San Diego<\/a> suele marcar el final de un viaje por carretera. Con sus tranquilas playas, su clima templado durante todo el a\u00f1o y su ritmo de vida relajado, la ciudad ofrece una transici\u00f3n ideal para poner fin a la aventura. Tras los salvajes acantilados del norte, las colinas boscosas de Big Sur y el ajetreo de Los \u00c1ngeles, San Diego te tranquiliza y te invita a prolongar el sue\u00f1o californiano un poco m\u00e1s.  <\/p>\n\n<h2 class=\"wp-block-heading\">Una carretera que encarna el esp\u00edritu de California<\/h2>\n\n<h3 class=\"wp-block-heading\">Entre la libertad, la contemplaci\u00f3n y el arte de vivir<\/h3>\n\n<p>La Autopista de la Costa del Pac\u00edfico es algo m\u00e1s que una sucesi\u00f3n de kil\u00f3metros entre dos ciudades. Representa una filosof\u00eda de viaje e incluso una cierta idea de la vida. Aqu\u00ed, el tiempo parece detenerse, las prioridades cambian y redescubres el placer de mirar, escuchar y respirar. La carretera se convierte en una experiencia personal e \u00edntima que deja una huella duradera en quienes la recorren.   <\/p>\n\n<h3 class=\"wp-block-heading\">Un destino en s\u00ed mismo, que hay que visitar al menos una vez en la vida<\/h3>\n\n<p>Este viaje por carretera no necesita justificaci\u00f3n. Ya sea una luna de miel, una escapada personal o un proyecto fotogr\u00e1fico, la Autopista de la Costa del Pac\u00edfico ofrece algo para todos: silencio, espacio y belleza. Es un itinerario para vivirlo despacio, para que cada curva sea un recuerdo, cada parada un encuentro, cada paisaje una emoci\u00f3n.  <\/p>\n\n<p>La Autopista de la Costa del Pac\u00edfico es mucho m\u00e1s que una ruta panor\u00e1mica. Encarna la esencia misma de California, en toda su diversidad, luz y apertura. Hacer este viaje significa reconectar con lo esencial, ralentizar el ritmo y dejarse guiar por la propia carretera. Entre los acantilados y el oc\u00e9ano, el viajero encuentra un raro equilibrio, una preciosa forma de libertad en un mundo que demasiado a menudo tiene prisa. La Autopista 1 no se puede contar, hay que experimentarla. Y mucho despu\u00e9s de volver a casa, quedar\u00e1 grabada en la memoria como uno de los itinerarios m\u00e1s bellos del mundo.     <\/p>\n","protected":false},"excerpt":{"rendered":"<p>La Autopista de la Costa del Pac\u00edfico, tambi\u00e9n conocida como Autopista 1, es una de las carreteras m\u00e1s espectaculares de Estados Unidos. Serpentea por la costa oeste desde San Francisco hasta Los \u00c1ngeles, a veces hasta San Diego, bordeando el oc\u00e9ano Pac\u00edfico. Este ic\u00f3nico viaje por carretera revela paisajes de una belleza descarnada: alt\u00edsimos acantilados, [&hellip;]<\/p>\n","protected":false},"author":1,"featured_media":0,"parent":0,"menu_order":0,"comment_status":"closed","ping_status":"closed","template":"","meta":{"hide_page_title":"","footnotes":""},"class_list":["post-921","page","type-page","status-publish","hentry"],"yoast_head":"<!-- This site is optimized with the Yoast SEO plugin v27.5 - https:\/\/yoast.com\/product\/yoast-seo-wordpress\/ -->\n<title>La autopista de la Costa del Pac\u00edfico: entre acantilados y oc\u00e9ano - Viajar a los EE. UU.<\/title>\n<meta name=\"description\" content=\"Conduce por la Autopista de la Costa del Pac\u00edfico, la carretera costera m\u00e1s bella de Estados Unidos, con sus acantilados salvajes, sus playas y su ambiente californiano.\" \/>\n<meta name=\"robots\" content=\"index, follow, max-snippet:-1, max-image-preview:large, max-video-preview:-1\" \/>\n<link rel=\"canonical\" href=\"https:\/\/www.earlham-ia.org\/es\/la-autopista-de-la-costa-del-pacifico-entre-acantilados-y-oceano\/\" \/>\n<meta property=\"og:locale\" content=\"es_ES\" \/>\n<meta property=\"og:type\" content=\"article\" \/>\n<meta property=\"og:title\" content=\"La autopista de la Costa del Pac\u00edfico: entre acantilados y oc\u00e9ano - Viajar a los EE. UU.\" \/>\n<meta property=\"og:description\" content=\"Conduce por la Autopista de la Costa del Pac\u00edfico, la carretera costera m\u00e1s bella de Estados Unidos, con sus acantilados salvajes, sus playas y su ambiente californiano.\" \/>\n<meta property=\"og:url\" content=\"https:\/\/www.earlham-ia.org\/es\/la-autopista-de-la-costa-del-pacifico-entre-acantilados-y-oceano\/\" \/>\n<meta property=\"og:site_name\" content=\"Viajar a los EE. UU.\" \/>\n<meta property=\"article:modified_time\" content=\"2025-05-07T12:42:33+00:00\" \/>\n<meta name=\"twitter:card\" content=\"summary_large_image\" \/>\n<meta name=\"twitter:label1\" content=\"Tiempo de lectura\" \/>\n\t<meta name=\"twitter:data1\" content=\"5 minutos\" \/>\n<script type=\"application\/ld+json\" class=\"yoast-schema-graph\">{\"@context\":\"https:\\\/\\\/schema.org\",\"@graph\":[{\"@type\":\"WebPage\",\"@id\":\"https:\\\/\\\/www.earlham-ia.org\\\/es\\\/la-autopista-de-la-costa-del-pacifico-entre-acantilados-y-oceano\\\/\",\"url\":\"https:\\\/\\\/www.earlham-ia.org\\\/es\\\/la-autopista-de-la-costa-del-pacifico-entre-acantilados-y-oceano\\\/\",\"name\":\"La autopista de la Costa del Pac\u00edfico: entre acantilados y oc\u00e9ano - Viajar a los EE. UU.\",\"isPartOf\":{\"@id\":\"https:\\\/\\\/www.earlham-ia.org\\\/es\\\/#website\"},\"datePublished\":\"2025-05-07T12:42:31+00:00\",\"dateModified\":\"2025-05-07T12:42:33+00:00\",\"description\":\"Conduce por la Autopista de la Costa del Pac\u00edfico, la carretera costera m\u00e1s bella de Estados Unidos, con sus acantilados salvajes, sus playas y su ambiente californiano.\",\"breadcrumb\":{\"@id\":\"https:\\\/\\\/www.earlham-ia.org\\\/es\\\/la-autopista-de-la-costa-del-pacifico-entre-acantilados-y-oceano\\\/#breadcrumb\"},\"inLanguage\":\"es\",\"potentialAction\":[{\"@type\":\"ReadAction\",\"target\":[\"https:\\\/\\\/www.earlham-ia.org\\\/es\\\/la-autopista-de-la-costa-del-pacifico-entre-acantilados-y-oceano\\\/\"]}]},{\"@type\":\"BreadcrumbList\",\"@id\":\"https:\\\/\\\/www.earlham-ia.org\\\/es\\\/la-autopista-de-la-costa-del-pacifico-entre-acantilados-y-oceano\\\/#breadcrumb\",\"itemListElement\":[{\"@type\":\"ListItem\",\"position\":1,\"name\":\"Accueil\",\"item\":\"https:\\\/\\\/www.earlham-ia.org\\\/es\\\/\"},{\"@type\":\"ListItem\",\"position\":2,\"name\":\"La autopista de la Costa del Pac\u00edfico: entre acantilados y oc\u00e9ano\"}]},{\"@type\":\"WebSite\",\"@id\":\"https:\\\/\\\/www.earlham-ia.org\\\/es\\\/#website\",\"url\":\"https:\\\/\\\/www.earlham-ia.org\\\/es\\\/\",\"name\":\"Viajar a los EE. UU.\",\"description\":\"\",\"potentialAction\":[{\"@type\":\"SearchAction\",\"target\":{\"@type\":\"EntryPoint\",\"urlTemplate\":\"https:\\\/\\\/www.earlham-ia.org\\\/es\\\/?s={search_term_string}\"},\"query-input\":{\"@type\":\"PropertyValueSpecification\",\"valueRequired\":true,\"valueName\":\"search_term_string\"}}],\"inLanguage\":\"es\"}]}<\/script>\n<!-- \/ Yoast SEO plugin. -->","yoast_head_json":{"title":"La autopista de la Costa del Pac\u00edfico: entre acantilados y oc\u00e9ano - Viajar a los EE. UU.","description":"Conduce por la Autopista de la Costa del Pac\u00edfico, la carretera costera m\u00e1s bella de Estados Unidos, con sus acantilados salvajes, sus playas y su ambiente californiano.","robots":{"index":"index","follow":"follow","max-snippet":"max-snippet:-1","max-image-preview":"max-image-preview:large","max-video-preview":"max-video-preview:-1"},"canonical":"https:\/\/www.earlham-ia.org\/es\/la-autopista-de-la-costa-del-pacifico-entre-acantilados-y-oceano\/","og_locale":"es_ES","og_type":"article","og_title":"La autopista de la Costa del Pac\u00edfico: entre acantilados y oc\u00e9ano - Viajar a los EE. UU.","og_description":"Conduce por la Autopista de la Costa del Pac\u00edfico, la carretera costera m\u00e1s bella de Estados Unidos, con sus acantilados salvajes, sus playas y su ambiente californiano.","og_url":"https:\/\/www.earlham-ia.org\/es\/la-autopista-de-la-costa-del-pacifico-entre-acantilados-y-oceano\/","og_site_name":"Viajar a los EE. UU.","article_modified_time":"2025-05-07T12:42:33+00:00","twitter_card":"summary_large_image","twitter_misc":{"Tiempo de lectura":"5 minutos"},"schema":{"@context":"https:\/\/schema.org","@graph":[{"@type":"WebPage","@id":"https:\/\/www.earlham-ia.org\/es\/la-autopista-de-la-costa-del-pacifico-entre-acantilados-y-oceano\/","url":"https:\/\/www.earlham-ia.org\/es\/la-autopista-de-la-costa-del-pacifico-entre-acantilados-y-oceano\/","name":"La autopista de la Costa del Pac\u00edfico: entre acantilados y oc\u00e9ano - Viajar a los EE. UU.","isPartOf":{"@id":"https:\/\/www.earlham-ia.org\/es\/#website"},"datePublished":"2025-05-07T12:42:31+00:00","dateModified":"2025-05-07T12:42:33+00:00","description":"Conduce por la Autopista de la Costa del Pac\u00edfico, la carretera costera m\u00e1s bella de Estados Unidos, con sus acantilados salvajes, sus playas y su ambiente californiano.","breadcrumb":{"@id":"https:\/\/www.earlham-ia.org\/es\/la-autopista-de-la-costa-del-pacifico-entre-acantilados-y-oceano\/#breadcrumb"},"inLanguage":"es","potentialAction":[{"@type":"ReadAction","target":["https:\/\/www.earlham-ia.org\/es\/la-autopista-de-la-costa-del-pacifico-entre-acantilados-y-oceano\/"]}]},{"@type":"BreadcrumbList","@id":"https:\/\/www.earlham-ia.org\/es\/la-autopista-de-la-costa-del-pacifico-entre-acantilados-y-oceano\/#breadcrumb","itemListElement":[{"@type":"ListItem","position":1,"name":"Accueil","item":"https:\/\/www.earlham-ia.org\/es\/"},{"@type":"ListItem","position":2,"name":"La autopista de la Costa del Pac\u00edfico: entre acantilados y oc\u00e9ano"}]},{"@type":"WebSite","@id":"https:\/\/www.earlham-ia.org\/es\/#website","url":"https:\/\/www.earlham-ia.org\/es\/","name":"Viajar a los EE. UU.","description":"","potentialAction":[{"@type":"SearchAction","target":{"@type":"EntryPoint","urlTemplate":"https:\/\/www.earlham-ia.org\/es\/?s={search_term_string}"},"query-input":{"@type":"PropertyValueSpecification","valueRequired":true,"valueName":"search_term_string"}}],"inLanguage":"es"}]}},"_links":{"self":[{"href":"https:\/\/www.earlham-ia.org\/es\/wp-json\/wp\/v2\/pages\/921","targetHints":{"allow":["GET"]}}],"collection":[{"href":"https:\/\/www.earlham-ia.org\/es\/wp-json\/wp\/v2\/pages"}],"about":[{"href":"https:\/\/www.earlham-ia.org\/es\/wp-json\/wp\/v2\/types\/page"}],"author":[{"embeddable":true,"href":"https:\/\/www.earlham-ia.org\/es\/wp-json\/wp\/v2\/users\/1"}],"replies":[{"embeddable":true,"href":"https:\/\/www.earlham-ia.org\/es\/wp-json\/wp\/v2\/comments?post=921"}],"version-history":[{"count":1,"href":"https:\/\/www.earlham-ia.org\/es\/wp-json\/wp\/v2\/pages\/921\/revisions"}],"predecessor-version":[{"id":936,"href":"https:\/\/www.earlham-ia.org\/es\/wp-json\/wp\/v2\/pages\/921\/revisions\/936"}],"wp:attachment":[{"href":"https:\/\/www.earlham-ia.org\/es\/wp-json\/wp\/v2\/media?parent=921"}],"curies":[{"name":"wp","href":"https:\/\/api.w.org\/{rel}","templated":true}]}}