{"id":548,"date":"2024-04-24T19:11:08","date_gmt":"2024-04-24T19:11:08","guid":{"rendered":"https:\/\/www.earlham-ia.org\/come-compilare-esta\/"},"modified":"2026-05-06T12:07:50","modified_gmt":"2026-05-06T12:07:50","slug":"come-compilare-esta","status":"publish","type":"page","link":"https:\/\/www.earlham-ia.org\/it\/come-compilare-esta\/","title":{"rendered":"Come si completa l&#8217;ESTA?"},"content":{"rendered":"\n<p>Prima di partire per gli Stati Uniti, tutti i viaggiatori devono ottenere un&#8217;autorizzazione al viaggio. Viaggiare negli Stati Uniti d&#8217;America non \u00e8 come viaggiare nell&#8217;area Schengen. Una semplice carta d&#8217;identit\u00e0 non \u00e8 sufficiente. Non solo i turisti devono avere un passaporto valido, ma devono anche soddisfare determinate condizioni per poter beneficiare dell&#8217;<a href=\"https:\/\/www.earlham-ia.org\/it\/\">autorizzazione ESTA<\/a>.   <\/p>\n\n<p>Per rendere le cose pi\u00f9 chiare, vedremo innanzitutto l&#8217;importanza di compilare correttamente l&#8217;ESTA, prima di svelare le informazioni che ti verranno richieste nel modulo online.<\/p>\n\n<h2 class=\"wp-block-heading\">L&#8217;importanza di compilare correttamente il documento ESTA<\/h2>\n\n<p>Prima di compilare l&#8217;ESTA, \u00e8 importante stabilire se sei idoneo.<\/p>\n\n<h3 class=\"wp-block-heading\">Chi dovrebbe utilizzare il modulo ESTA?<\/h3>\n\n<p>L&#8217;ESTA \u00e8 una delle misure di sicurezza messe in atto dopo gli attacchi dell&#8217;11 settembre. \u00c8 quindi soggetta a condizioni specifiche. <\/p>\n\n<p>I viaggiatori devono :<\/p>\n\n<ul class=\"wp-block-list\">\n<li>avere un passaporto biometrico o elettronico;<\/li>\n\n\n\n<li>provenire da un paese membro del VWP (Visa Waiver Program), che \u00e8 un programma di esenzione dal visto degli Stati Uniti, soggetto a restrizioni su alcune binazionalit\u00e0;<\/li>\n\n\n\n<li>Viaggiare negli Stati Uniti in aereo o via mare per turismo, affari o semplicemente di passaggio;<\/li>\n\n\n\n<li>pianificare un soggiorno temporaneo (massimo 90 giorni).<\/li>\n<\/ul>\n\n<p>Se uno dei criteri di cui sopra non si applica a te, non \u00e8 necessario compilare l&#8217;ESTA. Recati invece all&#8217;ambasciata americana per richiedere un visto USA. <\/p>\n\n<h3 class=\"wp-block-heading\">Perch\u00e9 devo prestare attenzione quando compilo il modulo di iscrizione online?<\/h3>\n\n<p>Quando compili la domanda di permesso di soggiorno negli Stati Uniti, devi essere attento e onesto.<\/p>\n\n<p>Devi essere vigile, perch\u00e9 l&#8217;ESTA si ottiene facendo domanda online. Il modulo da compilare viene controllato automaticamente dai sistemi elettronici. Una semplice incongruenza come un errore di battitura, ad esempio, \u00e8 un motivo sufficiente per rifiutare una richiesta ESTA. L&#8217;errore pi\u00f9 frequente riguarda il numero di passaporto o la scelta del cognome da inserire per una donna sposata (nome da sposata o da nubile).   <\/p>\n\n<p>L&#8217;onest\u00e0 entra in gioco nella compilazione del questionario del modulo ESTA. Ti verranno poste una serie di domande e le autorit\u00e0 americane si aspettano che tu risponda &#8220;no&#8221; se la tua richiesta di autorizzazione deve essere convalidata. Certo, il governo americano non pu\u00f2 necessariamente sapere se una bugia si \u00e8 insinuata, ma se viene scoperta rischi un&#8217;azione penale e il divieto di entrare nel paese.  <\/p>\n\n<h2 class=\"wp-block-heading\">Informazioni da fornire nel modulo ESTA<\/h2>\n\n<p>La compilazione dell&#8217;ESTA prevede la compilazione di un modulo online. Puoi compilare il modulo ESTA sul sito ufficiale del governo statunitense o compilare un modulo semplificato su un sito web privato. Il sito privato ti offre anche un&#8217;assistenza personalizzata per aiutarti a completare correttamente l&#8217;ESTA.  <\/p>\n\n<h3 class=\"wp-block-heading\">I tuoi dati personali<\/h3>\n\n<p>La compilazione di una domanda ESTA implica la comunicazione di tutte le informazioni personali, dallo stato civile ai dati di contatto, dall&#8217;identit\u00e0 dei genitori ai dettagli sul tuo impiego. Ti verr\u00e0 inoltre chiesto di fornire i dati del tuo passaporto: numero di passaporto, data di emissione e data di scadenza. Dall&#8217;arrivo del Coronavirus, le informazioni sul tuo stato di salute sono state rafforzate per conoscere il tuo stato di vaccinazione.  <\/p>\n\n<h3 class=\"wp-block-heading\">Il tuo soggiorno negli Stati Uniti<\/h3>\n\n<p>Non \u00e8 necessario acquistare il biglietto aereo prima di richiedere l&#8217;ESTA, poich\u00e9 non vengono richiesti i dettagli del volo. Devi stabilire se la richiesta di autorizzazione riguarda un transito o un soggiorno. Se soggiorni negli Stati Uniti, dovrai avere un indirizzo americano e un contatto di emergenza.  <\/p>\n\n<p>L&#8217;ESTA \u00e8 valida per un massimo di 2 anni, durante i quali potrai effettuare tutti i soggiorni brevi che desideri. Ti consigliamo quindi di richiedere l&#8217;ESTA per un soggiorno e non solo per uno scalo, soprattutto perch\u00e9 il campo dell&#8217;indirizzo locale pu\u00f2 essere modificato in qualsiasi momento. <\/p>\n\n<h3 class=\"wp-block-heading\">La tua situazione attuale<\/h3>\n\n<p>Lo scopo della serie di domande chiuse, gi\u00e0 menzionate in precedenza, \u00e8 quello di determinare se rappresenti una minaccia per la sicurezza interna americana. Le domande riguardano principalmente il tuo stato di salute, i tuoi precedenti penali, il tuo uso di droghe, la tua appartenenza a una rete criminale, le tue visite passate in paesi ad alto rischio, ecc. <\/p>\n\n<p>Una volta compilato il modulo ESTA, dovrai pagare la tassa richiesta per convalidare la tua domanda. Riceverai una risposta entro 72 ore. <\/p>\n","protected":false},"excerpt":{"rendered":"<p>Prima di partire per gli Stati Uniti, tutti i viaggiatori devono ottenere un&#8217;autorizzazione al viaggio. Viaggiare negli Stati Uniti d&#8217;America non \u00e8 come viaggiare nell&#8217;area Schengen. Una semplice carta d&#8217;identit\u00e0 non \u00e8 sufficiente. Non solo i turisti devono avere un passaporto valido, ma devono anche soddisfare determinate condizioni per poter beneficiare dell&#8217;autorizzazione ESTA. Per rendere [&hellip;]<\/p>\n","protected":false},"author":1,"featured_media":0,"parent":0,"menu_order":0,"comment_status":"closed","ping_status":"closed","template":"","meta":{"hide_page_title":"","footnotes":""},"class_list":["post-548","page","type-page","status-publish","hentry"],"yoast_head":"<!-- This site is optimized with the Yoast SEO plugin v27.5 - https:\/\/yoast.com\/product\/yoast-seo-wordpress\/ -->\n<title>Come si completa l&#039;ESTA? - Viaggiare negli Stati Uniti<\/title>\n<meta name=\"robots\" content=\"index, follow, max-snippet:-1, max-image-preview:large, max-video-preview:-1\" \/>\n<link rel=\"canonical\" href=\"https:\/\/www.earlham-ia.org\/it\/come-compilare-esta\/\" \/>\n<meta property=\"og:locale\" content=\"it_IT\" \/>\n<meta property=\"og:type\" content=\"article\" \/>\n<meta property=\"og:title\" content=\"Come si completa l&#039;ESTA? - Viaggiare negli Stati Uniti\" \/>\n<meta property=\"og:description\" content=\"Prima di partire per gli Stati Uniti, tutti i viaggiatori devono ottenere un&#8217;autorizzazione al viaggio. Viaggiare negli Stati Uniti d&#8217;America non \u00e8 come viaggiare nell&#8217;area Schengen. Una semplice carta d&#8217;identit\u00e0 non \u00e8 sufficiente. Non solo i turisti devono avere un passaporto valido, ma devono anche soddisfare determinate condizioni per poter beneficiare dell&#8217;autorizzazione ESTA. Per rendere [&hellip;]\" \/>\n<meta property=\"og:url\" content=\"https:\/\/www.earlham-ia.org\/it\/come-compilare-esta\/\" \/>\n<meta property=\"og:site_name\" content=\"Viaggiare negli Stati Uniti\" \/>\n<meta property=\"article:modified_time\" content=\"2026-05-06T12:07:50+00:00\" \/>\n<meta name=\"twitter:card\" content=\"summary_large_image\" \/>\n<meta name=\"twitter:label1\" content=\"Tempo di lettura stimato\" \/>\n\t<meta name=\"twitter:data1\" content=\"3 minuti\" \/>\n<script type=\"application\/ld+json\" class=\"yoast-schema-graph\">{\"@context\":\"https:\\\/\\\/schema.org\",\"@graph\":[{\"@type\":\"WebPage\",\"@id\":\"https:\\\/\\\/www.earlham-ia.org\\\/it\\\/come-compilare-esta\\\/\",\"url\":\"https:\\\/\\\/www.earlham-ia.org\\\/it\\\/come-compilare-esta\\\/\",\"name\":\"Come si completa l'ESTA? - Viaggiare negli Stati Uniti\",\"isPartOf\":{\"@id\":\"https:\\\/\\\/www.earlham-ia.org\\\/it\\\/#website\"},\"datePublished\":\"2024-04-24T19:11:08+00:00\",\"dateModified\":\"2026-05-06T12:07:50+00:00\",\"breadcrumb\":{\"@id\":\"https:\\\/\\\/www.earlham-ia.org\\\/it\\\/come-compilare-esta\\\/#breadcrumb\"},\"inLanguage\":\"it-IT\",\"potentialAction\":[{\"@type\":\"ReadAction\",\"target\":[\"https:\\\/\\\/www.earlham-ia.org\\\/it\\\/come-compilare-esta\\\/\"]}]},{\"@type\":\"BreadcrumbList\",\"@id\":\"https:\\\/\\\/www.earlham-ia.org\\\/it\\\/come-compilare-esta\\\/#breadcrumb\",\"itemListElement\":[{\"@type\":\"ListItem\",\"position\":1,\"name\":\"Accueil\",\"item\":\"https:\\\/\\\/www.earlham-ia.org\\\/it\\\/\"},{\"@type\":\"ListItem\",\"position\":2,\"name\":\"Come si completa l&#8217;ESTA?\"}]},{\"@type\":\"WebSite\",\"@id\":\"https:\\\/\\\/www.earlham-ia.org\\\/it\\\/#website\",\"url\":\"https:\\\/\\\/www.earlham-ia.org\\\/it\\\/\",\"name\":\"Viaggiare negli Stati Uniti\",\"description\":\"\",\"potentialAction\":[{\"@type\":\"SearchAction\",\"target\":{\"@type\":\"EntryPoint\",\"urlTemplate\":\"https:\\\/\\\/www.earlham-ia.org\\\/it\\\/?s={search_term_string}\"},\"query-input\":{\"@type\":\"PropertyValueSpecification\",\"valueRequired\":true,\"valueName\":\"search_term_string\"}}],\"inLanguage\":\"it-IT\"}]}<\/script>\n<!-- \/ Yoast SEO plugin. -->","yoast_head_json":{"title":"Come si completa l'ESTA? - Viaggiare negli Stati Uniti","robots":{"index":"index","follow":"follow","max-snippet":"max-snippet:-1","max-image-preview":"max-image-preview:large","max-video-preview":"max-video-preview:-1"},"canonical":"https:\/\/www.earlham-ia.org\/it\/come-compilare-esta\/","og_locale":"it_IT","og_type":"article","og_title":"Come si completa l'ESTA? - Viaggiare negli Stati Uniti","og_description":"Prima di partire per gli Stati Uniti, tutti i viaggiatori devono ottenere un&#8217;autorizzazione al viaggio. Viaggiare negli Stati Uniti d&#8217;America non \u00e8 come viaggiare nell&#8217;area Schengen. Una semplice carta d&#8217;identit\u00e0 non \u00e8 sufficiente. Non solo i turisti devono avere un passaporto valido, ma devono anche soddisfare determinate condizioni per poter beneficiare dell&#8217;autorizzazione ESTA. Per rendere [&hellip;]","og_url":"https:\/\/www.earlham-ia.org\/it\/come-compilare-esta\/","og_site_name":"Viaggiare negli Stati Uniti","article_modified_time":"2026-05-06T12:07:50+00:00","twitter_card":"summary_large_image","twitter_misc":{"Tempo di lettura stimato":"3 minuti"},"schema":{"@context":"https:\/\/schema.org","@graph":[{"@type":"WebPage","@id":"https:\/\/www.earlham-ia.org\/it\/come-compilare-esta\/","url":"https:\/\/www.earlham-ia.org\/it\/come-compilare-esta\/","name":"Come si completa l'ESTA? - Viaggiare negli Stati Uniti","isPartOf":{"@id":"https:\/\/www.earlham-ia.org\/it\/#website"},"datePublished":"2024-04-24T19:11:08+00:00","dateModified":"2026-05-06T12:07:50+00:00","breadcrumb":{"@id":"https:\/\/www.earlham-ia.org\/it\/come-compilare-esta\/#breadcrumb"},"inLanguage":"it-IT","potentialAction":[{"@type":"ReadAction","target":["https:\/\/www.earlham-ia.org\/it\/come-compilare-esta\/"]}]},{"@type":"BreadcrumbList","@id":"https:\/\/www.earlham-ia.org\/it\/come-compilare-esta\/#breadcrumb","itemListElement":[{"@type":"ListItem","position":1,"name":"Accueil","item":"https:\/\/www.earlham-ia.org\/it\/"},{"@type":"ListItem","position":2,"name":"Come si completa l&#8217;ESTA?"}]},{"@type":"WebSite","@id":"https:\/\/www.earlham-ia.org\/it\/#website","url":"https:\/\/www.earlham-ia.org\/it\/","name":"Viaggiare negli Stati Uniti","description":"","potentialAction":[{"@type":"SearchAction","target":{"@type":"EntryPoint","urlTemplate":"https:\/\/www.earlham-ia.org\/it\/?s={search_term_string}"},"query-input":{"@type":"PropertyValueSpecification","valueRequired":true,"valueName":"search_term_string"}}],"inLanguage":"it-IT"}]}},"_links":{"self":[{"href":"https:\/\/www.earlham-ia.org\/it\/wp-json\/wp\/v2\/pages\/548","targetHints":{"allow":["GET"]}}],"collection":[{"href":"https:\/\/www.earlham-ia.org\/it\/wp-json\/wp\/v2\/pages"}],"about":[{"href":"https:\/\/www.earlham-ia.org\/it\/wp-json\/wp\/v2\/types\/page"}],"author":[{"embeddable":true,"href":"https:\/\/www.earlham-ia.org\/it\/wp-json\/wp\/v2\/users\/1"}],"replies":[{"embeddable":true,"href":"https:\/\/www.earlham-ia.org\/it\/wp-json\/wp\/v2\/comments?post=548"}],"version-history":[{"count":3,"href":"https:\/\/www.earlham-ia.org\/it\/wp-json\/wp\/v2\/pages\/548\/revisions"}],"predecessor-version":[{"id":1261,"href":"https:\/\/www.earlham-ia.org\/it\/wp-json\/wp\/v2\/pages\/548\/revisions\/1261"}],"wp:attachment":[{"href":"https:\/\/www.earlham-ia.org\/it\/wp-json\/wp\/v2\/media?parent=548"}],"curies":[{"name":"wp","href":"https:\/\/api.w.org\/{rel}","templated":true}]}}