{"id":553,"date":"2024-04-24T19:11:35","date_gmt":"2024-04-24T19:11:35","guid":{"rendered":"https:\/\/www.earlham-ia.org\/come-fare-domanda-esta-usa\/"},"modified":"2026-05-06T12:17:28","modified_gmt":"2026-05-06T12:17:28","slug":"come-fare-domanda-esta-usa","status":"publish","type":"page","link":"https:\/\/www.earlham-ia.org\/it\/come-fare-domanda-esta-usa\/","title":{"rendered":"Come si richiede l&#8217;ESTA?"},"content":{"rendered":"\n<p>L&#8217;<a href=\"https:\/\/www.earlham-ia.org\/it\/\">ESTA USA<\/a> \u00e8 un&#8217;autorizzazione di viaggio che consente ad alcuni turisti di recarsi negli Stati Uniti per un periodo stabilito dal governo americano. Questa autorizzazione permette a molti viaggiatori con un passaporto valido di visitare gli Stati Uniti d&#8217;America senza dover richiedere un visto tradizionale. <\/p>\n\n<p>In questo articolo scoprirai se hai diritto a richiedere l&#8217;ESTA per recarti negli Stati Uniti e come fare per ottenerla nel pi\u00f9 breve tempo possibile.<\/p>\n\n<h2 class=\"wp-block-heading\">Chi pu\u00f2 richiedere l&#8217;ESTA per recarsi negli Stati Uniti?<\/h2>\n\n<p>Prima di scoprire come richiedere l&#8217;ESTA, \u00e8 importante sapere se sei idoneo.<\/p>\n\n<p>Ci sono alcune condizioni che devono essere soddisfatte affinch\u00e9 i viaggiatori siano esentati dall&#8217;obbligo di visto per gli Stati Uniti. Ecco i vari criteri di idoneit\u00e0 che i turisti devono soddisfare per poter richiedere l&#8217;ESTA e recarsi negli Stati Uniti: <\/p>\n\n<ul class=\"wp-block-list\">\n<li>avere un passaporto (biometrico o elettronico) ;<\/li>\n\n\n\n<li>essere cittadino di un paese che partecipa al Programma Viaggio senza Visto;<\/li>\n\n\n\n<li>Viaggi negli Stati Uniti per turismo, affari o transito prima della destinazione finale;<\/li>\n\n\n\n<li>pianificare un soggiorno negli Stati Uniti di non pi\u00f9 di 90 giorni;<\/li>\n\n\n\n<li>arrivare sul suolo americano per via aerea o marittima;<\/li>\n\n\n\n<li>non rappresentano un rischio o una minaccia per la sicurezza interna degli Stati Uniti.<\/li>\n<\/ul>\n\n<p>L&#8217;autorizzazione \u00e8 stata introdotta per garantire la sicurezza nazionale nell&#8217;ambito del VWP. L&#8217;ESTA \u00e8 una delle misure di sicurezza messe in atto per garantire che l&#8217;identit\u00e0 e le motivazioni dei viaggiatori siano note prima ancora che mettano piede sul suolo americano. Scopri subito come richiedere l&#8217;ESTA.  <\/p>\n\n<h2 class=\"wp-block-heading\">Come faccio a richiedere l&#8217;ESTA per recarmi negli Stati Uniti?<\/h2>\n\n<p>Richiedere l&#8217;ESTA \u00e8 piuttosto semplice, in quanto non \u00e8 necessario recarsi all&#8217;ambasciata americana e la procedura richiede pochissimo tempo, a differenza della richiesta di un visto USA.<\/p>\n\n<p>Per richiedere un&#8217;ESTA, devi compilare un modulo online. Il modulo da compilare (modulo ESTA) si trova sul sito ufficiale del governo statunitense. Se vuoi essere aiutato a richiedere il documento ESTA, esistono diversi siti web privati che si offrono di raccogliere i tuoi dati personali, controllarli e inoltrarli alle autorit\u00e0 statunitensi per tuo conto.  <\/p>\n\n<p>Qualunque sia il metodo utilizzato, le informazioni da comunicare al governo statunitense riguardano il viaggiatore (informazioni personali e dettagli del passaporto) e il suo viaggio negli Stati Uniti (indirizzo locale e contatti di emergenza).<\/p>\n\n<p>Tieni presente che il passaporto \u00e8 molto importante per la tua domanda ESTA, quindi eventuali errori saranno rilevati dai sistemi elettronici. \u00c8 inoltre importante che il passaporto utilizzato per il tuo soggiorno negli Stati Uniti sia lo stesso utilizzato per la domanda ESTA. Se hai un nuovo passaporto, dovrai richiedere una nuova autorizzazione.  <\/p>\n\n<p>Le autorit\u00e0 americane risponderanno alla tua richiesta entro 72 ore. Se ricevi l&#8217;ESTA, devi sapere che potrai utilizzarlo per tutto il tempo in cui il documento sar\u00e0 valido, ossia per due anni o fino alla scadenza del tuo passaporto elettronico o biometrico, a seconda di quale sia il primo. <\/p>\n\n<p>La tua domanda ESTA \u00e8 stata rifiutata? Non c&#8217;\u00e8 bisogno di farsi prendere dal panico. Controlla che quando hai richiesto l&#8217;autorizzazione ESTA tu abbia compilato correttamente i campi del modulo. L&#8217;errore pi\u00f9 comune riguarda il numero di passaporto. Se noti un errore, la tua domanda sar\u00e0 sicuramente respinta a causa di questo refuso. In questo caso, attendi 10 giorni prima di presentare una nuova domanda ESTA. Naturalmente dovrai pagare nuovamente la tassa di richiesta.     <\/p>\n\n<p>Se non puoi richiedere un documento ESTA, puoi richiedere un visto per gli Stati Uniti presso i servizi consolari dell&#8217;ambasciata statunitense.<\/p>\n","protected":false},"excerpt":{"rendered":"<p>L&#8217;ESTA USA \u00e8 un&#8217;autorizzazione di viaggio che consente ad alcuni turisti di recarsi negli Stati Uniti per un periodo stabilito dal governo americano. Questa autorizzazione permette a molti viaggiatori con un passaporto valido di visitare gli Stati Uniti d&#8217;America senza dover richiedere un visto tradizionale. In questo articolo scoprirai se hai diritto a richiedere l&#8217;ESTA [&hellip;]<\/p>\n","protected":false},"author":1,"featured_media":0,"parent":0,"menu_order":0,"comment_status":"closed","ping_status":"closed","template":"","meta":{"hide_page_title":"","footnotes":""},"class_list":["post-553","page","type-page","status-publish","hentry"],"yoast_head":"<!-- This site is optimized with the Yoast SEO plugin v27.5 - https:\/\/yoast.com\/product\/yoast-seo-wordpress\/ -->\n<title>Come si richiede l&#039;ESTA? - Viaggiare negli Stati Uniti<\/title>\n<meta name=\"robots\" content=\"index, follow, max-snippet:-1, max-image-preview:large, max-video-preview:-1\" \/>\n<link rel=\"canonical\" href=\"https:\/\/www.earlham-ia.org\/it\/come-fare-domanda-esta-usa\/\" \/>\n<meta property=\"og:locale\" content=\"it_IT\" \/>\n<meta property=\"og:type\" content=\"article\" \/>\n<meta property=\"og:title\" content=\"Come si richiede l&#039;ESTA? - Viaggiare negli Stati Uniti\" \/>\n<meta property=\"og:description\" content=\"L&#8217;ESTA USA \u00e8 un&#8217;autorizzazione di viaggio che consente ad alcuni turisti di recarsi negli Stati Uniti per un periodo stabilito dal governo americano. Questa autorizzazione permette a molti viaggiatori con un passaporto valido di visitare gli Stati Uniti d&#8217;America senza dover richiedere un visto tradizionale. In questo articolo scoprirai se hai diritto a richiedere l&#8217;ESTA [&hellip;]\" \/>\n<meta property=\"og:url\" content=\"https:\/\/www.earlham-ia.org\/it\/come-fare-domanda-esta-usa\/\" \/>\n<meta property=\"og:site_name\" content=\"Viaggiare negli Stati Uniti\" \/>\n<meta property=\"article:modified_time\" content=\"2026-05-06T12:17:28+00:00\" \/>\n<meta name=\"twitter:card\" content=\"summary_large_image\" \/>\n<meta name=\"twitter:label1\" content=\"Tempo di lettura stimato\" \/>\n\t<meta name=\"twitter:data1\" content=\"3 minuti\" \/>\n<script type=\"application\/ld+json\" class=\"yoast-schema-graph\">{\"@context\":\"https:\\\/\\\/schema.org\",\"@graph\":[{\"@type\":\"WebPage\",\"@id\":\"https:\\\/\\\/www.earlham-ia.org\\\/it\\\/come-fare-domanda-esta-usa\\\/\",\"url\":\"https:\\\/\\\/www.earlham-ia.org\\\/it\\\/come-fare-domanda-esta-usa\\\/\",\"name\":\"Come si richiede l'ESTA? - Viaggiare negli Stati Uniti\",\"isPartOf\":{\"@id\":\"https:\\\/\\\/www.earlham-ia.org\\\/it\\\/#website\"},\"datePublished\":\"2024-04-24T19:11:35+00:00\",\"dateModified\":\"2026-05-06T12:17:28+00:00\",\"breadcrumb\":{\"@id\":\"https:\\\/\\\/www.earlham-ia.org\\\/it\\\/come-fare-domanda-esta-usa\\\/#breadcrumb\"},\"inLanguage\":\"it-IT\",\"potentialAction\":[{\"@type\":\"ReadAction\",\"target\":[\"https:\\\/\\\/www.earlham-ia.org\\\/it\\\/come-fare-domanda-esta-usa\\\/\"]}]},{\"@type\":\"BreadcrumbList\",\"@id\":\"https:\\\/\\\/www.earlham-ia.org\\\/it\\\/come-fare-domanda-esta-usa\\\/#breadcrumb\",\"itemListElement\":[{\"@type\":\"ListItem\",\"position\":1,\"name\":\"Accueil\",\"item\":\"https:\\\/\\\/www.earlham-ia.org\\\/it\\\/\"},{\"@type\":\"ListItem\",\"position\":2,\"name\":\"Come si richiede l&#8217;ESTA?\"}]},{\"@type\":\"WebSite\",\"@id\":\"https:\\\/\\\/www.earlham-ia.org\\\/it\\\/#website\",\"url\":\"https:\\\/\\\/www.earlham-ia.org\\\/it\\\/\",\"name\":\"Viaggiare negli Stati Uniti\",\"description\":\"\",\"potentialAction\":[{\"@type\":\"SearchAction\",\"target\":{\"@type\":\"EntryPoint\",\"urlTemplate\":\"https:\\\/\\\/www.earlham-ia.org\\\/it\\\/?s={search_term_string}\"},\"query-input\":{\"@type\":\"PropertyValueSpecification\",\"valueRequired\":true,\"valueName\":\"search_term_string\"}}],\"inLanguage\":\"it-IT\"}]}<\/script>\n<!-- \/ Yoast SEO plugin. -->","yoast_head_json":{"title":"Come si richiede l'ESTA? - Viaggiare negli Stati Uniti","robots":{"index":"index","follow":"follow","max-snippet":"max-snippet:-1","max-image-preview":"max-image-preview:large","max-video-preview":"max-video-preview:-1"},"canonical":"https:\/\/www.earlham-ia.org\/it\/come-fare-domanda-esta-usa\/","og_locale":"it_IT","og_type":"article","og_title":"Come si richiede l'ESTA? - Viaggiare negli Stati Uniti","og_description":"L&#8217;ESTA USA \u00e8 un&#8217;autorizzazione di viaggio che consente ad alcuni turisti di recarsi negli Stati Uniti per un periodo stabilito dal governo americano. Questa autorizzazione permette a molti viaggiatori con un passaporto valido di visitare gli Stati Uniti d&#8217;America senza dover richiedere un visto tradizionale. In questo articolo scoprirai se hai diritto a richiedere l&#8217;ESTA [&hellip;]","og_url":"https:\/\/www.earlham-ia.org\/it\/come-fare-domanda-esta-usa\/","og_site_name":"Viaggiare negli Stati Uniti","article_modified_time":"2026-05-06T12:17:28+00:00","twitter_card":"summary_large_image","twitter_misc":{"Tempo di lettura stimato":"3 minuti"},"schema":{"@context":"https:\/\/schema.org","@graph":[{"@type":"WebPage","@id":"https:\/\/www.earlham-ia.org\/it\/come-fare-domanda-esta-usa\/","url":"https:\/\/www.earlham-ia.org\/it\/come-fare-domanda-esta-usa\/","name":"Come si richiede l'ESTA? - Viaggiare negli Stati Uniti","isPartOf":{"@id":"https:\/\/www.earlham-ia.org\/it\/#website"},"datePublished":"2024-04-24T19:11:35+00:00","dateModified":"2026-05-06T12:17:28+00:00","breadcrumb":{"@id":"https:\/\/www.earlham-ia.org\/it\/come-fare-domanda-esta-usa\/#breadcrumb"},"inLanguage":"it-IT","potentialAction":[{"@type":"ReadAction","target":["https:\/\/www.earlham-ia.org\/it\/come-fare-domanda-esta-usa\/"]}]},{"@type":"BreadcrumbList","@id":"https:\/\/www.earlham-ia.org\/it\/come-fare-domanda-esta-usa\/#breadcrumb","itemListElement":[{"@type":"ListItem","position":1,"name":"Accueil","item":"https:\/\/www.earlham-ia.org\/it\/"},{"@type":"ListItem","position":2,"name":"Come si richiede l&#8217;ESTA?"}]},{"@type":"WebSite","@id":"https:\/\/www.earlham-ia.org\/it\/#website","url":"https:\/\/www.earlham-ia.org\/it\/","name":"Viaggiare negli Stati Uniti","description":"","potentialAction":[{"@type":"SearchAction","target":{"@type":"EntryPoint","urlTemplate":"https:\/\/www.earlham-ia.org\/it\/?s={search_term_string}"},"query-input":{"@type":"PropertyValueSpecification","valueRequired":true,"valueName":"search_term_string"}}],"inLanguage":"it-IT"}]}},"_links":{"self":[{"href":"https:\/\/www.earlham-ia.org\/it\/wp-json\/wp\/v2\/pages\/553","targetHints":{"allow":["GET"]}}],"collection":[{"href":"https:\/\/www.earlham-ia.org\/it\/wp-json\/wp\/v2\/pages"}],"about":[{"href":"https:\/\/www.earlham-ia.org\/it\/wp-json\/wp\/v2\/types\/page"}],"author":[{"embeddable":true,"href":"https:\/\/www.earlham-ia.org\/it\/wp-json\/wp\/v2\/users\/1"}],"replies":[{"embeddable":true,"href":"https:\/\/www.earlham-ia.org\/it\/wp-json\/wp\/v2\/comments?post=553"}],"version-history":[{"count":3,"href":"https:\/\/www.earlham-ia.org\/it\/wp-json\/wp\/v2\/pages\/553\/revisions"}],"predecessor-version":[{"id":1338,"href":"https:\/\/www.earlham-ia.org\/it\/wp-json\/wp\/v2\/pages\/553\/revisions\/1338"}],"wp:attachment":[{"href":"https:\/\/www.earlham-ia.org\/it\/wp-json\/wp\/v2\/media?parent=553"}],"curies":[{"name":"wp","href":"https:\/\/api.w.org\/{rel}","templated":true}]}}