{"id":558,"date":"2024-04-24T19:12:49","date_gmt":"2024-04-24T19:12:49","guid":{"rendered":"https:\/\/www.earlham-ia.org\/por-quanto-tempo-esta-valido\/"},"modified":"2026-05-06T12:09:00","modified_gmt":"2026-05-06T12:09:00","slug":"por-quanto-tempo-esta-valido","status":"publish","type":"page","link":"https:\/\/www.earlham-ia.org\/it\/por-quanto-tempo-esta-valido\/","title":{"rendered":"Quanto dura l&#8217;ESTA?"},"content":{"rendered":"\n<p>Come tutte le autorizzazioni di viaggio, <a href=\"https:\/\/www.earlham-ia.org\/it\/\">l&#8217;ESTA<\/a> ha un periodo di validit\u00e0 che deve essere rispettato. Pu\u00f2 essere utilizzata pi\u00f9 volte durante il periodo stabilito dal governo statunitense. Dopodich\u00e9 dovrai richiedere una nuova ESTA.  <\/p>\n\n<p>In questo articolo ti spiegheremo quanto dura l&#8217;ESTA e quando fare una nuova richiesta.<\/p>\n\n<p><\/p>\n\n<h2 class=\"wp-block-heading\">Periodo di validit\u00e0 dell&#8217;ESTA<\/h2>\n\n<p>Il Sistema Elettronico per l&#8217;Autorizzazione al Viaggio (ESTA) consente ai cittadini dei paesi che rientrano nel Programma Viaggio senza Visto (Visa Waiver Program) di evitare di richiedere il visto all&#8217;ambasciata statunitense.<\/p>\n\n<p>La domanda ESTA non richiede alcun documento di supporto, ma \u00e8 soggetta a una serie di criteri di ammissione relativi al soggiorno negli Stati Uniti (90 giorni al massimo per un soggiorno turistico, un viaggio di lavoro o un transito aereo o marittimo), al passaporto (passaporto valido, biometrico o elettronico, rilasciato da un paese membro del VWP) e al viaggiatore stesso (non rappresenta una minaccia per la sicurezza nazionale degli Stati Uniti).<\/p>\n\n<h3 class=\"wp-block-heading\">Quanto tempo ci vuole per ricevere l&#8217;ESTA?<\/h3>\n\n<p>Puoi richiedere l&#8217;autorizzazione online utilizzando il modulo ESTA. Per compilare il modulo, devi portare con te il passaporto, poich\u00e9 le informazioni da fornire sono quelle contenute nel passaporto: cognome, nome, data di nascita, numero di passaporto, data di emissione, data di scadenza, ecc. <\/p>\n\n<p>Il modulo di richiesta \u00e8 disponibile sul sito ufficiale del governo statunitense. Per ottenere assistenza, la domanda online deve essere effettuata su un sito privato. <\/p>\n\n<p>In genere, una richiesta di autorizzazione viene elaborata dalle autorit\u00e0 statunitensi entro 72 ore. A volte \u00e8 possibile ricevere una risposta anche in pochi minuti. <\/p>\n\n<h3 class=\"wp-block-heading\">Validit\u00e0 dell&#8217;ESTA<\/h3>\n\n<p>L&#8217;ESTA USA ha una validit\u00e0 ufficiale di due anni. Una volta ottenuta l&#8217;approvazione delle autorit\u00e0 americane per il tuo viaggio negli Stati Uniti, potrai imbarcarti su un aereo o una nave diretti negli Stati Uniti d&#8217;America. <\/p>\n\n<h3 class=\"wp-block-heading\">Quante volte posso viaggiare negli Stati Uniti con l&#8217;ESTA?<\/h3>\n\n<p>\u00c8 importante notare che con l&#8217;ESTA non sei limitato a un solo ingresso negli Stati Uniti. Puoi effettuare pi\u00f9 visite negli Stati Uniti, a patto che non trascorra mai pi\u00f9 di 90 giorni sul suolo americano in una sola volta. <\/p>\n\n<p>Consiglio ai viaggiatori: non abusare dell&#8217;ESTA per vivere negli Stati Uniti. I funzionari dell&#8217;immigrazione hanno il diritto di rifiutarti l&#8217;ingresso negli USA se ritengono che i tuoi viaggi negli Stati Uniti siano troppo ravvicinati. <\/p>\n\n<h2 class=\"wp-block-heading\">Quando devo rinnovare la mia autorizzazione ESTA?<\/h2>\n\n<p>L&#8217;ESTA deve essere rinnovato quando non \u00e8 pi\u00f9 valido. Ci\u00f2 pu\u00f2 essere dovuto alla scadenza o a un cambiamento. <\/p>\n\n<p>L&#8217;ESTA \u00e8 valida per due anni, a condizione che il passaporto non scada prima (la durata dipende dalla validit\u00e0 del passaporto). Allo stesso modo, l&#8217;autorizzazione decade in caso di cambio del passaporto (nuovo passaporto a seguito di un passaporto scaduto o rubato o di un cambiamento delle circostanze personali). <\/p>\n\n<p>Se non possiedi un passaporto valido, prendi un appuntamento per richiederlo presso la Mairie locale. L&#8217;emissione di un passaporto francese pu\u00f2 richiedere un po&#8217; di tempo, quindi pianifica per tempo. Dovrai compilare un modulo, fornire fotografie formato tessera e registrare le tue impronte digitali. Una volta ottenuto il tuo nuovo passaporto biometrico, non dovrai fare altro che richiedere l&#8217;ESTA, sia sul sito del governo che su un sito privato, e partire per gli Stati Uniti.   <\/p>\n","protected":false},"excerpt":{"rendered":"<p>Come tutte le autorizzazioni di viaggio, l&#8217;ESTA ha un periodo di validit\u00e0 che deve essere rispettato. Pu\u00f2 essere utilizzata pi\u00f9 volte durante il periodo stabilito dal governo statunitense. Dopodich\u00e9 dovrai richiedere una nuova ESTA. In questo articolo ti spiegheremo quanto dura l&#8217;ESTA e quando fare una nuova richiesta. Periodo di validit\u00e0 dell&#8217;ESTA Il Sistema Elettronico [&hellip;]<\/p>\n","protected":false},"author":1,"featured_media":0,"parent":0,"menu_order":0,"comment_status":"closed","ping_status":"closed","template":"","meta":{"hide_page_title":"","footnotes":""},"class_list":["post-558","page","type-page","status-publish","hentry"],"yoast_head":"<!-- This site is optimized with the Yoast SEO plugin v27.5 - https:\/\/yoast.com\/product\/yoast-seo-wordpress\/ -->\n<title>Quanto dura l&#039;ESTA? - Viaggiare negli Stati Uniti<\/title>\n<meta name=\"robots\" content=\"index, follow, max-snippet:-1, max-image-preview:large, max-video-preview:-1\" \/>\n<link rel=\"canonical\" href=\"https:\/\/www.earlham-ia.org\/it\/por-quanto-tempo-esta-valido\/\" \/>\n<meta property=\"og:locale\" content=\"it_IT\" \/>\n<meta property=\"og:type\" content=\"article\" \/>\n<meta property=\"og:title\" content=\"Quanto dura l&#039;ESTA? - Viaggiare negli Stati Uniti\" \/>\n<meta property=\"og:description\" content=\"Come tutte le autorizzazioni di viaggio, l&#8217;ESTA ha un periodo di validit\u00e0 che deve essere rispettato. Pu\u00f2 essere utilizzata pi\u00f9 volte durante il periodo stabilito dal governo statunitense. Dopodich\u00e9 dovrai richiedere una nuova ESTA. In questo articolo ti spiegheremo quanto dura l&#8217;ESTA e quando fare una nuova richiesta. Periodo di validit\u00e0 dell&#8217;ESTA Il Sistema Elettronico [&hellip;]\" \/>\n<meta property=\"og:url\" content=\"https:\/\/www.earlham-ia.org\/it\/por-quanto-tempo-esta-valido\/\" \/>\n<meta property=\"og:site_name\" content=\"Viaggiare negli Stati Uniti\" \/>\n<meta property=\"article:modified_time\" content=\"2026-05-06T12:09:00+00:00\" \/>\n<meta name=\"twitter:card\" content=\"summary_large_image\" \/>\n<meta name=\"twitter:label1\" content=\"Tempo di lettura stimato\" \/>\n\t<meta name=\"twitter:data1\" content=\"3 minuti\" \/>\n<script type=\"application\/ld+json\" class=\"yoast-schema-graph\">{\"@context\":\"https:\\\/\\\/schema.org\",\"@graph\":[{\"@type\":\"WebPage\",\"@id\":\"https:\\\/\\\/www.earlham-ia.org\\\/it\\\/por-quanto-tempo-esta-valido\\\/\",\"url\":\"https:\\\/\\\/www.earlham-ia.org\\\/it\\\/por-quanto-tempo-esta-valido\\\/\",\"name\":\"Quanto dura l'ESTA? - Viaggiare negli Stati Uniti\",\"isPartOf\":{\"@id\":\"https:\\\/\\\/www.earlham-ia.org\\\/it\\\/#website\"},\"datePublished\":\"2024-04-24T19:12:49+00:00\",\"dateModified\":\"2026-05-06T12:09:00+00:00\",\"breadcrumb\":{\"@id\":\"https:\\\/\\\/www.earlham-ia.org\\\/it\\\/por-quanto-tempo-esta-valido\\\/#breadcrumb\"},\"inLanguage\":\"it-IT\",\"potentialAction\":[{\"@type\":\"ReadAction\",\"target\":[\"https:\\\/\\\/www.earlham-ia.org\\\/it\\\/por-quanto-tempo-esta-valido\\\/\"]}]},{\"@type\":\"BreadcrumbList\",\"@id\":\"https:\\\/\\\/www.earlham-ia.org\\\/it\\\/por-quanto-tempo-esta-valido\\\/#breadcrumb\",\"itemListElement\":[{\"@type\":\"ListItem\",\"position\":1,\"name\":\"Accueil\",\"item\":\"https:\\\/\\\/www.earlham-ia.org\\\/it\\\/\"},{\"@type\":\"ListItem\",\"position\":2,\"name\":\"Quanto dura l&#8217;ESTA?\"}]},{\"@type\":\"WebSite\",\"@id\":\"https:\\\/\\\/www.earlham-ia.org\\\/it\\\/#website\",\"url\":\"https:\\\/\\\/www.earlham-ia.org\\\/it\\\/\",\"name\":\"Viaggiare negli Stati Uniti\",\"description\":\"\",\"potentialAction\":[{\"@type\":\"SearchAction\",\"target\":{\"@type\":\"EntryPoint\",\"urlTemplate\":\"https:\\\/\\\/www.earlham-ia.org\\\/it\\\/?s={search_term_string}\"},\"query-input\":{\"@type\":\"PropertyValueSpecification\",\"valueRequired\":true,\"valueName\":\"search_term_string\"}}],\"inLanguage\":\"it-IT\"}]}<\/script>\n<!-- \/ Yoast SEO plugin. -->","yoast_head_json":{"title":"Quanto dura l'ESTA? - Viaggiare negli Stati Uniti","robots":{"index":"index","follow":"follow","max-snippet":"max-snippet:-1","max-image-preview":"max-image-preview:large","max-video-preview":"max-video-preview:-1"},"canonical":"https:\/\/www.earlham-ia.org\/it\/por-quanto-tempo-esta-valido\/","og_locale":"it_IT","og_type":"article","og_title":"Quanto dura l'ESTA? - Viaggiare negli Stati Uniti","og_description":"Come tutte le autorizzazioni di viaggio, l&#8217;ESTA ha un periodo di validit\u00e0 che deve essere rispettato. Pu\u00f2 essere utilizzata pi\u00f9 volte durante il periodo stabilito dal governo statunitense. Dopodich\u00e9 dovrai richiedere una nuova ESTA. In questo articolo ti spiegheremo quanto dura l&#8217;ESTA e quando fare una nuova richiesta. Periodo di validit\u00e0 dell&#8217;ESTA Il Sistema Elettronico [&hellip;]","og_url":"https:\/\/www.earlham-ia.org\/it\/por-quanto-tempo-esta-valido\/","og_site_name":"Viaggiare negli Stati Uniti","article_modified_time":"2026-05-06T12:09:00+00:00","twitter_card":"summary_large_image","twitter_misc":{"Tempo di lettura stimato":"3 minuti"},"schema":{"@context":"https:\/\/schema.org","@graph":[{"@type":"WebPage","@id":"https:\/\/www.earlham-ia.org\/it\/por-quanto-tempo-esta-valido\/","url":"https:\/\/www.earlham-ia.org\/it\/por-quanto-tempo-esta-valido\/","name":"Quanto dura l'ESTA? - Viaggiare negli Stati Uniti","isPartOf":{"@id":"https:\/\/www.earlham-ia.org\/it\/#website"},"datePublished":"2024-04-24T19:12:49+00:00","dateModified":"2026-05-06T12:09:00+00:00","breadcrumb":{"@id":"https:\/\/www.earlham-ia.org\/it\/por-quanto-tempo-esta-valido\/#breadcrumb"},"inLanguage":"it-IT","potentialAction":[{"@type":"ReadAction","target":["https:\/\/www.earlham-ia.org\/it\/por-quanto-tempo-esta-valido\/"]}]},{"@type":"BreadcrumbList","@id":"https:\/\/www.earlham-ia.org\/it\/por-quanto-tempo-esta-valido\/#breadcrumb","itemListElement":[{"@type":"ListItem","position":1,"name":"Accueil","item":"https:\/\/www.earlham-ia.org\/it\/"},{"@type":"ListItem","position":2,"name":"Quanto dura l&#8217;ESTA?"}]},{"@type":"WebSite","@id":"https:\/\/www.earlham-ia.org\/it\/#website","url":"https:\/\/www.earlham-ia.org\/it\/","name":"Viaggiare negli Stati Uniti","description":"","potentialAction":[{"@type":"SearchAction","target":{"@type":"EntryPoint","urlTemplate":"https:\/\/www.earlham-ia.org\/it\/?s={search_term_string}"},"query-input":{"@type":"PropertyValueSpecification","valueRequired":true,"valueName":"search_term_string"}}],"inLanguage":"it-IT"}]}},"_links":{"self":[{"href":"https:\/\/www.earlham-ia.org\/it\/wp-json\/wp\/v2\/pages\/558","targetHints":{"allow":["GET"]}}],"collection":[{"href":"https:\/\/www.earlham-ia.org\/it\/wp-json\/wp\/v2\/pages"}],"about":[{"href":"https:\/\/www.earlham-ia.org\/it\/wp-json\/wp\/v2\/types\/page"}],"author":[{"embeddable":true,"href":"https:\/\/www.earlham-ia.org\/it\/wp-json\/wp\/v2\/users\/1"}],"replies":[{"embeddable":true,"href":"https:\/\/www.earlham-ia.org\/it\/wp-json\/wp\/v2\/comments?post=558"}],"version-history":[{"count":3,"href":"https:\/\/www.earlham-ia.org\/it\/wp-json\/wp\/v2\/pages\/558\/revisions"}],"predecessor-version":[{"id":1275,"href":"https:\/\/www.earlham-ia.org\/it\/wp-json\/wp\/v2\/pages\/558\/revisions\/1275"}],"wp:attachment":[{"href":"https:\/\/www.earlham-ia.org\/it\/wp-json\/wp\/v2\/media?parent=558"}],"curies":[{"name":"wp","href":"https:\/\/api.w.org\/{rel}","templated":true}]}}