{"id":563,"date":"2024-04-24T19:43:48","date_gmt":"2024-04-24T19:43:48","guid":{"rendered":"https:\/\/www.earlham-ia.org\/quanto-costa-esta-usa\/"},"modified":"2026-05-06T12:15:07","modified_gmt":"2026-05-06T12:15:07","slug":"quanto-costa-esta-usa","status":"publish","type":"page","link":"https:\/\/www.earlham-ia.org\/it\/quanto-costa-esta-usa\/","title":{"rendered":"Quanto costa l&#8217;ESTA?"},"content":{"rendered":"\n<p>Vuoi viaggiare negli Stati Uniti con l&#8217;<a href=\"https:\/\/www.earlham-ia.org\/\">autorizzazione ESTA<\/a>? Questa procedura amministrativa \u00e8 molto semplice e permette a un gran numero di viaggiatori di recarsi negli Stati Uniti per vivere il sogno americano a costi inferiori. <\/p>\n\n<p>Se sei un cittadino di un paese aderente al Programma Viaggio senza Visto e desideri transitare negli Stati Uniti o effettuare un viaggio d&#8217;affari o turistico per via aerea o marittima per un massimo di 90 giorni, con un passaporto biometrico valido (o passaporto elettronico), allora l&#8217;ESTA \u00e8 il documento necessario per il tuo soggiorno negli Stati Uniti. Se soddisfi tutti questi criteri di idoneit\u00e0, l&#8217;ESTA \u00e8 il documento necessario per il tuo soggiorno negli Stati Uniti.   <\/p>\n\n<p>Grazie all&#8217;ESTA, potrai goderti una vacanza da sogno nello stato americano di tua scelta, come ad esempio la Carolina del Nord, la Florida, la Louisiana, ecc. Di seguito riportiamo il prezzo base di un ESTA Francia USA e i costi aggiuntivi che possono essere applicati in caso di assistenza. <\/p>\n\n<h2 class=\"wp-block-heading\">L&#8217;ESTA gratuita \u00e8 ora un requisito per recarsi negli USA<\/h2>\n\n<p>Viaggiare negli Stati Uniti \u00e8 pi\u00f9 complesso che recarsi in un paese dell&#8217;area Schengen ed \u00e8 necessaria un&#8217;autorizzazione al viaggio. Questa pu\u00f2 assumere la forma di un visto statunitense, che puoi richiedere presso l&#8217;ambasciata americana, o di un&#8217;ESTA, che puoi richiedere tramite un modulo online. I cittadini stranieri che desiderano soggiornare temporaneamente negli Stati Uniti per turismo o per affari possono richiedere un&#8217;ESTA. Lo stesso vale per uno scalo.   <\/p>\n\n<p>Quando \u00e8 stata creata, l&#8217;autorizzazione ESTA era gratuita. Tuttavia, le autorit\u00e0 americane hanno rapidamente invertito la loro posizione e hanno reso l&#8217;ESTA a pagamento. L&#8217;ESTA \u00e8 una misura di sicurezza introdotta nell&#8217;ambito del VWP per rafforzare la sicurezza interna degli Stati Uniti. Consente ai viaggiatori di essere controllati prima ancora di arrivare negli Stati Uniti.   <\/p>\n\n<h2 class=\"wp-block-heading\">Il costo dell&#8217;ESTA per recarsi negli Stati Uniti<\/h2>\n\n<p>Se fai domanda sul sito ufficiale del governo statunitense, scoprirai che il costo di un&#8217;ESTA Stati Uniti \u00e8 di 40 dollari da settembre 2025. Questo prezzo \u00e8 fisso e non cambia da un paese all&#8217;altro. <\/p>\n\n<p><\/p>\n\n<p>Se devi presentare una nuova richiesta di ESTA perch\u00e9 hai ottenuto un nuovo passaporto, i tuoi dati personali sono cambiati o la tua ESTA \u00e8 scaduta, la tariffa applicabile rimane la stessa. Lo stesso vale se la tua richiesta di autorizzazione \u00e8 stata rifiutata a causa di un errore di inserimento. Assicurati che l&#8217;ESTA sia collegato a un passaporto valido: la validit\u00e0 dell&#8217;ESTA dipende dal passaporto utilizzato (numero di passaporto).  <\/p>\n\n<h3 class=\"wp-block-heading\">L&#8217;ESTA ha ancora lo stesso prezzo?<\/h3>\n\n<p>Il costo dell&#8217;ESTA dipende dalla modalit\u00e0 di richiesta. Potresti preferire utilizzare un sito web privato per richiedere l&#8217;ESTA. Questa scelta si basa generalmente sul desiderio di ridurre il rischio di errore delegando l&#8217;ordine a un team di professionisti. Naturalmente, la verifica dei tuoi dati, l&#8217;invio del modulo ESTA e la presenza di un agente che risponda alle tue domande comportano dei costi.   <\/p>\n\n<h2 class=\"wp-block-heading\">Il visto per gli Stati Uniti \u00e8 pi\u00f9 economico dell&#8217;ESTA?<\/h2>\n\n<p>Sia che tu ordini un&#8217;ESTA per il tuo viaggio negli Stati Uniti dal sito web del governo americano o da un sito web privato, scoprirai che il prezzo di un&#8217;ESTA \u00e8 molto pi\u00f9 economico di quello di un visto USA.<\/p>\n\n<p>La richiesta di un visto turistico b2 richiede un gran numero di documenti di supporto, un colloquio con un funzionario consolare presso l&#8217;ambasciata (o il consolato) degli Stati Uniti, un periodo di attesa pi\u00f9 o meno lungo e una tassa minima di 185 dollari.<\/p>\n\n<p>L&#8217;ESTA non richiede documenti di supporto, non richiede attese (risposta entro 72 ore), non richiede spostamenti (domanda online) ed \u00e8 molto pi\u00f9 economico di un visto per un soggiorno negli Stati Uniti. Tuttavia, se l&#8217;ESTA viene rifiutata, non avrai altra scelta che richiedere un visto USA per recarti negli Stati Uniti. <\/p>\n","protected":false},"excerpt":{"rendered":"<p>Vuoi viaggiare negli Stati Uniti con l&#8217;autorizzazione ESTA? Questa procedura amministrativa \u00e8 molto semplice e permette a un gran numero di viaggiatori di recarsi negli Stati Uniti per vivere il sogno americano a costi inferiori. Se sei un cittadino di un paese aderente al Programma Viaggio senza Visto e desideri transitare negli Stati Uniti o [&hellip;]<\/p>\n","protected":false},"author":1,"featured_media":0,"parent":0,"menu_order":0,"comment_status":"closed","ping_status":"closed","template":"","meta":{"hide_page_title":"","footnotes":""},"class_list":["post-563","page","type-page","status-publish","hentry"],"yoast_head":"<!-- This site is optimized with the Yoast SEO plugin v27.5 - https:\/\/yoast.com\/product\/yoast-seo-wordpress\/ -->\n<title>Quanto costa l&#039;ESTA? - Viaggiare negli Stati Uniti<\/title>\n<meta name=\"robots\" content=\"index, follow, max-snippet:-1, max-image-preview:large, max-video-preview:-1\" \/>\n<link rel=\"canonical\" href=\"https:\/\/www.earlham-ia.org\/it\/quanto-costa-esta-usa\/\" \/>\n<meta property=\"og:locale\" content=\"it_IT\" \/>\n<meta property=\"og:type\" content=\"article\" \/>\n<meta property=\"og:title\" content=\"Quanto costa l&#039;ESTA? - Viaggiare negli Stati Uniti\" \/>\n<meta property=\"og:description\" content=\"Vuoi viaggiare negli Stati Uniti con l&#8217;autorizzazione ESTA? Questa procedura amministrativa \u00e8 molto semplice e permette a un gran numero di viaggiatori di recarsi negli Stati Uniti per vivere il sogno americano a costi inferiori. Se sei un cittadino di un paese aderente al Programma Viaggio senza Visto e desideri transitare negli Stati Uniti o [&hellip;]\" \/>\n<meta property=\"og:url\" content=\"https:\/\/www.earlham-ia.org\/it\/quanto-costa-esta-usa\/\" \/>\n<meta property=\"og:site_name\" content=\"Viaggiare negli Stati Uniti\" \/>\n<meta property=\"article:modified_time\" content=\"2026-05-06T12:15:07+00:00\" \/>\n<meta name=\"twitter:card\" content=\"summary_large_image\" \/>\n<meta name=\"twitter:label1\" content=\"Tempo di lettura stimato\" \/>\n\t<meta name=\"twitter:data1\" content=\"3 minuti\" \/>\n<script type=\"application\/ld+json\" class=\"yoast-schema-graph\">{\"@context\":\"https:\\\/\\\/schema.org\",\"@graph\":[{\"@type\":\"WebPage\",\"@id\":\"https:\\\/\\\/www.earlham-ia.org\\\/it\\\/quanto-costa-esta-usa\\\/\",\"url\":\"https:\\\/\\\/www.earlham-ia.org\\\/it\\\/quanto-costa-esta-usa\\\/\",\"name\":\"Quanto costa l'ESTA? - Viaggiare negli Stati Uniti\",\"isPartOf\":{\"@id\":\"https:\\\/\\\/www.earlham-ia.org\\\/it\\\/#website\"},\"datePublished\":\"2024-04-24T19:43:48+00:00\",\"dateModified\":\"2026-05-06T12:15:07+00:00\",\"breadcrumb\":{\"@id\":\"https:\\\/\\\/www.earlham-ia.org\\\/it\\\/quanto-costa-esta-usa\\\/#breadcrumb\"},\"inLanguage\":\"it-IT\",\"potentialAction\":[{\"@type\":\"ReadAction\",\"target\":[\"https:\\\/\\\/www.earlham-ia.org\\\/it\\\/quanto-costa-esta-usa\\\/\"]}]},{\"@type\":\"BreadcrumbList\",\"@id\":\"https:\\\/\\\/www.earlham-ia.org\\\/it\\\/quanto-costa-esta-usa\\\/#breadcrumb\",\"itemListElement\":[{\"@type\":\"ListItem\",\"position\":1,\"name\":\"Accueil\",\"item\":\"https:\\\/\\\/www.earlham-ia.org\\\/it\\\/\"},{\"@type\":\"ListItem\",\"position\":2,\"name\":\"Quanto costa l&#8217;ESTA?\"}]},{\"@type\":\"WebSite\",\"@id\":\"https:\\\/\\\/www.earlham-ia.org\\\/it\\\/#website\",\"url\":\"https:\\\/\\\/www.earlham-ia.org\\\/it\\\/\",\"name\":\"Viaggiare negli Stati Uniti\",\"description\":\"\",\"potentialAction\":[{\"@type\":\"SearchAction\",\"target\":{\"@type\":\"EntryPoint\",\"urlTemplate\":\"https:\\\/\\\/www.earlham-ia.org\\\/it\\\/?s={search_term_string}\"},\"query-input\":{\"@type\":\"PropertyValueSpecification\",\"valueRequired\":true,\"valueName\":\"search_term_string\"}}],\"inLanguage\":\"it-IT\"}]}<\/script>\n<!-- \/ Yoast SEO plugin. -->","yoast_head_json":{"title":"Quanto costa l'ESTA? - Viaggiare negli Stati Uniti","robots":{"index":"index","follow":"follow","max-snippet":"max-snippet:-1","max-image-preview":"max-image-preview:large","max-video-preview":"max-video-preview:-1"},"canonical":"https:\/\/www.earlham-ia.org\/it\/quanto-costa-esta-usa\/","og_locale":"it_IT","og_type":"article","og_title":"Quanto costa l'ESTA? - Viaggiare negli Stati Uniti","og_description":"Vuoi viaggiare negli Stati Uniti con l&#8217;autorizzazione ESTA? Questa procedura amministrativa \u00e8 molto semplice e permette a un gran numero di viaggiatori di recarsi negli Stati Uniti per vivere il sogno americano a costi inferiori. Se sei un cittadino di un paese aderente al Programma Viaggio senza Visto e desideri transitare negli Stati Uniti o [&hellip;]","og_url":"https:\/\/www.earlham-ia.org\/it\/quanto-costa-esta-usa\/","og_site_name":"Viaggiare negli Stati Uniti","article_modified_time":"2026-05-06T12:15:07+00:00","twitter_card":"summary_large_image","twitter_misc":{"Tempo di lettura stimato":"3 minuti"},"schema":{"@context":"https:\/\/schema.org","@graph":[{"@type":"WebPage","@id":"https:\/\/www.earlham-ia.org\/it\/quanto-costa-esta-usa\/","url":"https:\/\/www.earlham-ia.org\/it\/quanto-costa-esta-usa\/","name":"Quanto costa l'ESTA? - Viaggiare negli Stati Uniti","isPartOf":{"@id":"https:\/\/www.earlham-ia.org\/it\/#website"},"datePublished":"2024-04-24T19:43:48+00:00","dateModified":"2026-05-06T12:15:07+00:00","breadcrumb":{"@id":"https:\/\/www.earlham-ia.org\/it\/quanto-costa-esta-usa\/#breadcrumb"},"inLanguage":"it-IT","potentialAction":[{"@type":"ReadAction","target":["https:\/\/www.earlham-ia.org\/it\/quanto-costa-esta-usa\/"]}]},{"@type":"BreadcrumbList","@id":"https:\/\/www.earlham-ia.org\/it\/quanto-costa-esta-usa\/#breadcrumb","itemListElement":[{"@type":"ListItem","position":1,"name":"Accueil","item":"https:\/\/www.earlham-ia.org\/it\/"},{"@type":"ListItem","position":2,"name":"Quanto costa l&#8217;ESTA?"}]},{"@type":"WebSite","@id":"https:\/\/www.earlham-ia.org\/it\/#website","url":"https:\/\/www.earlham-ia.org\/it\/","name":"Viaggiare negli Stati Uniti","description":"","potentialAction":[{"@type":"SearchAction","target":{"@type":"EntryPoint","urlTemplate":"https:\/\/www.earlham-ia.org\/it\/?s={search_term_string}"},"query-input":{"@type":"PropertyValueSpecification","valueRequired":true,"valueName":"search_term_string"}}],"inLanguage":"it-IT"}]}},"_links":{"self":[{"href":"https:\/\/www.earlham-ia.org\/it\/wp-json\/wp\/v2\/pages\/563","targetHints":{"allow":["GET"]}}],"collection":[{"href":"https:\/\/www.earlham-ia.org\/it\/wp-json\/wp\/v2\/pages"}],"about":[{"href":"https:\/\/www.earlham-ia.org\/it\/wp-json\/wp\/v2\/types\/page"}],"author":[{"embeddable":true,"href":"https:\/\/www.earlham-ia.org\/it\/wp-json\/wp\/v2\/users\/1"}],"replies":[{"embeddable":true,"href":"https:\/\/www.earlham-ia.org\/it\/wp-json\/wp\/v2\/comments?post=563"}],"version-history":[{"count":3,"href":"https:\/\/www.earlham-ia.org\/it\/wp-json\/wp\/v2\/pages\/563\/revisions"}],"predecessor-version":[{"id":1312,"href":"https:\/\/www.earlham-ia.org\/it\/wp-json\/wp\/v2\/pages\/563\/revisions\/1312"}],"wp:attachment":[{"href":"https:\/\/www.earlham-ia.org\/it\/wp-json\/wp\/v2\/media?parent=563"}],"curies":[{"name":"wp","href":"https:\/\/api.w.org\/{rel}","templated":true}]}}