{"id":573,"date":"2024-04-24T19:45:53","date_gmt":"2024-04-24T19:45:53","guid":{"rendered":"https:\/\/www.earlham-ia.org\/come-trovare-esta\/"},"modified":"2026-05-06T12:09:41","modified_gmt":"2026-05-06T12:09:41","slug":"come-trovare-esta","status":"publish","type":"page","link":"https:\/\/www.earlham-ia.org\/it\/come-trovare-esta\/","title":{"rendered":"Come si ottiene l&#8217;ESTA?"},"content":{"rendered":"\n<p>L<a href=\"https:\/\/www.earlham-ia.org\/it\/\">&#8216;ESTA<\/a> \u00e8 un&#8217;autorizzazione di viaggio elettronica concessa ai cittadini dei Paesi aderenti al Programma Viaggio senza Visto degli Stati Uniti. Puoi trovare l&#8217;elenco dei paesi aderenti al programma sul sito web del governo statunitense. <\/p>\n\n<p>I cittadini stranieri che desiderano recarsi negli Stati Uniti con l&#8217;ESTA devono essere in possesso di un passaporto biometrico o elettronico e recarsi negli Stati Uniti per turismo, affari o transito.<\/p>\n\n<p>Hai richiesto l&#8217;ESTA per il tuo prossimo viaggio negli Stati Uniti, ma non riesci a trovare la tua autorizzazione ESTA? Di seguito ti spieghiamo come trovare la tua ESTA. <\/p>\n\n<h2 class=\"wp-block-heading\">Ottenere l&#8217;autorizzazione ESTA<\/h2>\n\n<p>Cercare di trovare un ESTA significa verificare che sia stato ottenuto o che sia ancora valido. Se desideri recuperare il tuo ESTA per presentarlo alle autorit\u00e0 americane, sappi che non \u00e8 necessario farlo. Non ti verr\u00e0 chiesto di presentare l&#8217;ESTA in formato cartaceo. Poich\u00e9 il numero di passaporto \u00e8 collegato all&#8217;autorizzazione, tutto ci\u00f2 di cui hai bisogno \u00e8 il tuo passaporto valido. Assicurati per\u00f2 che il passaporto in corso di validit\u00e0 sia quello utilizzato per compilare il modulo di richiesta.    <\/p>\n\n<p>La procedura per ottenere l&#8217;ESTA dipende dal modo in cui \u00e8 stata ottenuta.<\/p>\n\n<h3 class=\"wp-block-heading\">Trova un&#8217;ESTA ordinata tramite il modulo ESTA sul sito web ufficiale<\/h3>\n\n<p>Per ottenere l&#8217;ESTA \u00e8 sufficiente visitare il sito web del governo degli Stati Uniti e cliccare sulla scheda &#8220;controlla lo stato della domanda&#8221;. Se conosci il tuo numero di ESTA, devi semplicemente inserirlo, insieme al numero di passaporto e alla data di nascita, oppure se non conosci il numero di ESTA, devi fornire il numero di passaporto, il paese di emissione, la data di emissione, la data di scadenza e la data di nascita. Quindi clicca su &#8220;recupera la domanda&#8221; e il gioco \u00e8 fatto.  <\/p>\n\n<h2 class=\"wp-block-heading\">Non riesci a trovare un ESTA USA?<\/h2>\n\n<p>Hai seguito le nostre istruzioni per trovare il tuo ESTA, ma non hai ottenuto alcun risultato? O la tua richiesta di autorizzazione non \u00e8 stata presa in considerazione, il che \u00e8 molto raro (a meno che non ci sia stata una frode), oppure il tuo ESTA non \u00e8 pi\u00f9 valido. <\/p>\n\n<p>L&#8217;ESTA perde la sua validit\u00e0 una volta trascorso il periodo ufficiale di validit\u00e0 di due anni, ma anche quando viene rilasciato un nuovo passaporto. Un nuovo passaporto implica una nuova domanda. Tuttavia, una nuova domanda non sar\u00e0 automaticamente accettata, in quanto le richieste vengono elaborate in modo indipendente. Quindi fai attenzione a non essere respinto e costretto a richiedere un visto all&#8217;ambasciata americana.   <\/p>\n\n<p>Speriamo di averti aiutato a trovare il tuo ESTA. Goditi il tuo viaggio negli Stati Uniti. <\/p>\n","protected":false},"excerpt":{"rendered":"<p>L&#8216;ESTA \u00e8 un&#8217;autorizzazione di viaggio elettronica concessa ai cittadini dei Paesi aderenti al Programma Viaggio senza Visto degli Stati Uniti. Puoi trovare l&#8217;elenco dei paesi aderenti al programma sul sito web del governo statunitense. I cittadini stranieri che desiderano recarsi negli Stati Uniti con l&#8217;ESTA devono essere in possesso di un passaporto biometrico o elettronico [&hellip;]<\/p>\n","protected":false},"author":1,"featured_media":0,"parent":0,"menu_order":0,"comment_status":"closed","ping_status":"closed","template":"","meta":{"hide_page_title":"","footnotes":""},"class_list":["post-573","page","type-page","status-publish","hentry"],"yoast_head":"<!-- This site is optimized with the Yoast SEO plugin v27.5 - https:\/\/yoast.com\/product\/yoast-seo-wordpress\/ -->\n<title>Come si ottiene l&#039;ESTA? - Viaggiare negli Stati Uniti<\/title>\n<meta name=\"robots\" content=\"index, follow, max-snippet:-1, max-image-preview:large, max-video-preview:-1\" \/>\n<link rel=\"canonical\" href=\"https:\/\/www.earlham-ia.org\/it\/come-trovare-esta\/\" \/>\n<meta property=\"og:locale\" content=\"it_IT\" \/>\n<meta property=\"og:type\" content=\"article\" \/>\n<meta property=\"og:title\" content=\"Come si ottiene l&#039;ESTA? - Viaggiare negli Stati Uniti\" \/>\n<meta property=\"og:description\" content=\"L&#8216;ESTA \u00e8 un&#8217;autorizzazione di viaggio elettronica concessa ai cittadini dei Paesi aderenti al Programma Viaggio senza Visto degli Stati Uniti. Puoi trovare l&#8217;elenco dei paesi aderenti al programma sul sito web del governo statunitense. I cittadini stranieri che desiderano recarsi negli Stati Uniti con l&#8217;ESTA devono essere in possesso di un passaporto biometrico o elettronico [&hellip;]\" \/>\n<meta property=\"og:url\" content=\"https:\/\/www.earlham-ia.org\/it\/come-trovare-esta\/\" \/>\n<meta property=\"og:site_name\" content=\"Viaggiare negli Stati Uniti\" \/>\n<meta property=\"article:modified_time\" content=\"2026-05-06T12:09:41+00:00\" \/>\n<meta name=\"twitter:card\" content=\"summary_large_image\" \/>\n<meta name=\"twitter:label1\" content=\"Tempo di lettura stimato\" \/>\n\t<meta name=\"twitter:data1\" content=\"2 minuti\" \/>\n<script type=\"application\/ld+json\" class=\"yoast-schema-graph\">{\"@context\":\"https:\\\/\\\/schema.org\",\"@graph\":[{\"@type\":\"WebPage\",\"@id\":\"https:\\\/\\\/www.earlham-ia.org\\\/it\\\/come-trovare-esta\\\/\",\"url\":\"https:\\\/\\\/www.earlham-ia.org\\\/it\\\/come-trovare-esta\\\/\",\"name\":\"Come si ottiene l'ESTA? - Viaggiare negli Stati Uniti\",\"isPartOf\":{\"@id\":\"https:\\\/\\\/www.earlham-ia.org\\\/it\\\/#website\"},\"datePublished\":\"2024-04-24T19:45:53+00:00\",\"dateModified\":\"2026-05-06T12:09:41+00:00\",\"breadcrumb\":{\"@id\":\"https:\\\/\\\/www.earlham-ia.org\\\/it\\\/come-trovare-esta\\\/#breadcrumb\"},\"inLanguage\":\"it-IT\",\"potentialAction\":[{\"@type\":\"ReadAction\",\"target\":[\"https:\\\/\\\/www.earlham-ia.org\\\/it\\\/come-trovare-esta\\\/\"]}]},{\"@type\":\"BreadcrumbList\",\"@id\":\"https:\\\/\\\/www.earlham-ia.org\\\/it\\\/come-trovare-esta\\\/#breadcrumb\",\"itemListElement\":[{\"@type\":\"ListItem\",\"position\":1,\"name\":\"Accueil\",\"item\":\"https:\\\/\\\/www.earlham-ia.org\\\/it\\\/\"},{\"@type\":\"ListItem\",\"position\":2,\"name\":\"Come si ottiene l&#8217;ESTA?\"}]},{\"@type\":\"WebSite\",\"@id\":\"https:\\\/\\\/www.earlham-ia.org\\\/it\\\/#website\",\"url\":\"https:\\\/\\\/www.earlham-ia.org\\\/it\\\/\",\"name\":\"Viaggiare negli Stati Uniti\",\"description\":\"\",\"potentialAction\":[{\"@type\":\"SearchAction\",\"target\":{\"@type\":\"EntryPoint\",\"urlTemplate\":\"https:\\\/\\\/www.earlham-ia.org\\\/it\\\/?s={search_term_string}\"},\"query-input\":{\"@type\":\"PropertyValueSpecification\",\"valueRequired\":true,\"valueName\":\"search_term_string\"}}],\"inLanguage\":\"it-IT\"}]}<\/script>\n<!-- \/ Yoast SEO plugin. -->","yoast_head_json":{"title":"Come si ottiene l'ESTA? - Viaggiare negli Stati Uniti","robots":{"index":"index","follow":"follow","max-snippet":"max-snippet:-1","max-image-preview":"max-image-preview:large","max-video-preview":"max-video-preview:-1"},"canonical":"https:\/\/www.earlham-ia.org\/it\/come-trovare-esta\/","og_locale":"it_IT","og_type":"article","og_title":"Come si ottiene l'ESTA? - Viaggiare negli Stati Uniti","og_description":"L&#8216;ESTA \u00e8 un&#8217;autorizzazione di viaggio elettronica concessa ai cittadini dei Paesi aderenti al Programma Viaggio senza Visto degli Stati Uniti. Puoi trovare l&#8217;elenco dei paesi aderenti al programma sul sito web del governo statunitense. I cittadini stranieri che desiderano recarsi negli Stati Uniti con l&#8217;ESTA devono essere in possesso di un passaporto biometrico o elettronico [&hellip;]","og_url":"https:\/\/www.earlham-ia.org\/it\/come-trovare-esta\/","og_site_name":"Viaggiare negli Stati Uniti","article_modified_time":"2026-05-06T12:09:41+00:00","twitter_card":"summary_large_image","twitter_misc":{"Tempo di lettura stimato":"2 minuti"},"schema":{"@context":"https:\/\/schema.org","@graph":[{"@type":"WebPage","@id":"https:\/\/www.earlham-ia.org\/it\/come-trovare-esta\/","url":"https:\/\/www.earlham-ia.org\/it\/come-trovare-esta\/","name":"Come si ottiene l'ESTA? - Viaggiare negli Stati Uniti","isPartOf":{"@id":"https:\/\/www.earlham-ia.org\/it\/#website"},"datePublished":"2024-04-24T19:45:53+00:00","dateModified":"2026-05-06T12:09:41+00:00","breadcrumb":{"@id":"https:\/\/www.earlham-ia.org\/it\/come-trovare-esta\/#breadcrumb"},"inLanguage":"it-IT","potentialAction":[{"@type":"ReadAction","target":["https:\/\/www.earlham-ia.org\/it\/come-trovare-esta\/"]}]},{"@type":"BreadcrumbList","@id":"https:\/\/www.earlham-ia.org\/it\/come-trovare-esta\/#breadcrumb","itemListElement":[{"@type":"ListItem","position":1,"name":"Accueil","item":"https:\/\/www.earlham-ia.org\/it\/"},{"@type":"ListItem","position":2,"name":"Come si ottiene l&#8217;ESTA?"}]},{"@type":"WebSite","@id":"https:\/\/www.earlham-ia.org\/it\/#website","url":"https:\/\/www.earlham-ia.org\/it\/","name":"Viaggiare negli Stati Uniti","description":"","potentialAction":[{"@type":"SearchAction","target":{"@type":"EntryPoint","urlTemplate":"https:\/\/www.earlham-ia.org\/it\/?s={search_term_string}"},"query-input":{"@type":"PropertyValueSpecification","valueRequired":true,"valueName":"search_term_string"}}],"inLanguage":"it-IT"}]}},"_links":{"self":[{"href":"https:\/\/www.earlham-ia.org\/it\/wp-json\/wp\/v2\/pages\/573","targetHints":{"allow":["GET"]}}],"collection":[{"href":"https:\/\/www.earlham-ia.org\/it\/wp-json\/wp\/v2\/pages"}],"about":[{"href":"https:\/\/www.earlham-ia.org\/it\/wp-json\/wp\/v2\/types\/page"}],"author":[{"embeddable":true,"href":"https:\/\/www.earlham-ia.org\/it\/wp-json\/wp\/v2\/users\/1"}],"replies":[{"embeddable":true,"href":"https:\/\/www.earlham-ia.org\/it\/wp-json\/wp\/v2\/comments?post=573"}],"version-history":[{"count":3,"href":"https:\/\/www.earlham-ia.org\/it\/wp-json\/wp\/v2\/pages\/573\/revisions"}],"predecessor-version":[{"id":1290,"href":"https:\/\/www.earlham-ia.org\/it\/wp-json\/wp\/v2\/pages\/573\/revisions\/1290"}],"wp:attachment":[{"href":"https:\/\/www.earlham-ia.org\/it\/wp-json\/wp\/v2\/media?parent=573"}],"curies":[{"name":"wp","href":"https:\/\/api.w.org\/{rel}","templated":true}]}}