{"id":582,"date":"2024-04-24T19:48:22","date_gmt":"2024-04-24T19:48:22","guid":{"rendered":"https:\/\/www.earlham-ia.org\/como-saber-se-esta-aceito\/"},"modified":"2026-05-06T12:09:39","modified_gmt":"2026-05-06T12:09:39","slug":"come-sapere-esta-accettata","status":"publish","type":"page","link":"https:\/\/www.earlham-ia.org\/it\/come-sapere-esta-accettata\/","title":{"rendered":"Come si fa a sapere se l&#8217;ESTA \u00e8 stato accettato?"},"content":{"rendered":"\n<p>Vuoi vivere il sogno americano e viaggiare negli Stati Uniti? Per entrare negli Stati Uniti \u00e8 necessario un permesso. Meno restrittiva di un visto, l&#8217;<a href=\"https:\/\/www.earlham-ia.org\/it\/\">ESTA \u00e8 l&#8217;autorizzazione al viaggio<\/a> pi\u00f9 frequentemente richiesta. Per fare domanda \u00e8 necessario compilare un modulo online sul sito ufficiale del governo degli Stati Uniti o su un sito web privato.   <\/p>\n\n<p>Hai compilato il modulo con i tuoi dati personali e i dati del tuo passaporto biometrico o elettronico (data di emissione, data di scadenza, numero di passaporto) e hai risposto alle domande sul tuo curriculum medico e penale? Dopo aver pagato la tassa di elaborazione, stai aspettando una risposta dalle autorit\u00e0 statunitensi? <\/p>\n\n<p>Qui di seguito ti spieghiamo le diverse situazioni possibili in seguito a una domanda ESTA USA, come scoprire se la tua domanda \u00e8 stata accettata e cosa fare se la tua domanda \u00e8 stata respinta. Buona lettura e, speriamo, buon viaggio verso gli Stati Uniti d&#8217;America. <\/p>\n\n<h2 class=\"wp-block-heading\">Dove posso trovare la risposta alla mia domanda ESTA?<\/h2>\n\n<p>Potresti ricevere una risposta immediatamente, ma \u00e8 preferibile attendere un massimo di 72 ore. La risposta delle autorit\u00e0 statunitensi non richieder\u00e0 mai pi\u00f9 di tre giorni. A seconda che tu abbia fatto la domanda ESTA direttamente sul sito ufficiale del governo americano o su un sito privato, la procedura per verificare il tuo stato \u00e8 leggermente diversa.  <\/p>\n\n<p>Per verificare lo stato della tua richiesta a seguito di un ordine effettuato direttamente sul sito ufficiale, \u00e8 sufficiente tornare sullo stesso sito e cliccare su &#8220;verifica lo stato individuale&#8221; (o di gruppo a seconda del tipo di richiesta effettuata). Dovrai quindi inserire il numero di passaporto, la data di nascita e il numero di domanda per accedere al tuo file e verificare se ti \u00e8 stata concessa l&#8217;ESTA. Se non conosci il numero della domanda, inserisci il numero del passaporto, il paese di cittadinanza, la data di emissione e di scadenza del passaporto valido e la tua data di nascita.  <\/p>\n\n<p>Per gli ordini effettuati su un sito privato, probabilmente ti verr\u00e0 inviata un&#8217;e-mail. Se cos\u00ec non fosse, vai nel tuo spazio personale o sul sito del governo degli Stati Uniti. <\/p>\n\n<h2 class=\"wp-block-heading\">I 3 possibili stati dell&#8217;ESTA: accettato, in sospeso, rifiutato<\/h2>\n\n<p>Ora che hai accesso al tuo file, puoi prepararti a scoprire cosa hanno da dire le autorit\u00e0 statunitensi. Le risposte possibili sono tre. Ecco le spiegazioni.  <\/p>\n\n<ul class=\"wp-block-list\">\n<li><strong>Domanda ESTA in attesa<\/strong>: questo stato informa i viaggiatori che la loro domanda \u00e8 in fase di elaborazione e che verr\u00e0 data una risposta entro 72 ore. Non c&#8217;\u00e8 bisogno di prenderlo come un segnale negativo, perch\u00e9 questo stato \u00e8 completamente neutro e non indica una risposta negativa. <\/li>\n\n\n\n<li>La <strong>domanda ESTA viene approvata<\/strong>: soddisfi i criteri di idoneit\u00e0. Congratulazioni, questo significa che puoi organizzare il tuo soggiorno negli Stati Uniti. Ricordiamo che solo i cittadini stranieri provenienti da paesi aderenti al Programma Viaggio senza Visto possono richiedere l&#8217;ESTA, a condizione che il loro soggiorno negli Stati Uniti (o il loro transito) avvenga per via aerea o marittima, non superi i 90 giorni e sia a scopo turistico o lavorativo.  <\/li>\n\n\n\n<li>La <strong>domanda ESTA viene rifiutata<\/strong>: in teoria, non puoi utilizzare l&#8217;ESTA per recarti negli Stati Uniti. Se non sei idoneo, devi richiedere un visto presso l&#8217;ambasciata americana, facendo attenzione a scegliere il visto americano che fa al caso tuo. Se sei idoneo, probabilmente c&#8217;\u00e8 stato un errore nel tuo modulo e i sistemi elettronici hanno notato l&#8217;anomalia. Aspetta 10 giorni e fai una nuova domanda, avendo cura di controllare ogni campo del modulo ESTA, oppure chiedi aiuto a un sito privato.   <\/li>\n<\/ul>\n\n<h2 class=\"wp-block-heading\">Cosa devo fare con un ESTA accettato?<\/h2>\n\n<p>Il possesso dell&#8217;ESTA non ti esonera dalle altre formalit\u00e0: una volta arrivato sul suolo americano, dovrai passare la dogana e sar\u00e0 il funzionario dell&#8217;immigrazione ad autorizzare o meno il tuo soggiorno. Sii pronto, ad esempio, a mostrare il biglietto di ritorno o il biglietto di uscita in caso di scalo. Non c&#8217;\u00e8 bisogno di stampare l&#8217;ESTA, perch\u00e9 \u00e8 automaticamente collegato al tuo passaporto.  <\/p>\n\n<p>L&#8217;ESTA \u00e8 valida per pi\u00f9 ingressi durante la sua validit\u00e0. Il periodo di validit\u00e0 ufficiale \u00e8 di 2 anni, ma potrebbe essere inferiore a seconda della data di scadenza del passaporto. Se hai un nuovo passaporto, ricordati di richiedere una nuova autorizzazione ESTA.  <\/p>\n","protected":false},"excerpt":{"rendered":"<p>Vuoi vivere il sogno americano e viaggiare negli Stati Uniti? Per entrare negli Stati Uniti \u00e8 necessario un permesso. Meno restrittiva di un visto, l&#8217;ESTA \u00e8 l&#8217;autorizzazione al viaggio pi\u00f9 frequentemente richiesta. Per fare domanda \u00e8 necessario compilare un modulo online sul sito ufficiale del governo degli Stati Uniti o su un sito web privato. [&hellip;]<\/p>\n","protected":false},"author":1,"featured_media":0,"parent":0,"menu_order":0,"comment_status":"closed","ping_status":"closed","template":"","meta":{"hide_page_title":"","footnotes":""},"class_list":["post-582","page","type-page","status-publish","hentry"],"yoast_head":"<!-- This site is optimized with the Yoast SEO plugin v27.5 - https:\/\/yoast.com\/product\/yoast-seo-wordpress\/ -->\n<title>Come si fa a sapere se l&#039;ESTA \u00e8 stato accettato? - Viaggiare negli Stati Uniti<\/title>\n<meta name=\"robots\" content=\"index, follow, max-snippet:-1, max-image-preview:large, max-video-preview:-1\" \/>\n<link rel=\"canonical\" href=\"https:\/\/www.earlham-ia.org\/it\/come-sapere-esta-accettata\/\" \/>\n<meta property=\"og:locale\" content=\"it_IT\" \/>\n<meta property=\"og:type\" content=\"article\" \/>\n<meta property=\"og:title\" content=\"Come si fa a sapere se l&#039;ESTA \u00e8 stato accettato? - Viaggiare negli Stati Uniti\" \/>\n<meta property=\"og:description\" content=\"Vuoi vivere il sogno americano e viaggiare negli Stati Uniti? Per entrare negli Stati Uniti \u00e8 necessario un permesso. Meno restrittiva di un visto, l&#8217;ESTA \u00e8 l&#8217;autorizzazione al viaggio pi\u00f9 frequentemente richiesta. Per fare domanda \u00e8 necessario compilare un modulo online sul sito ufficiale del governo degli Stati Uniti o su un sito web privato. [&hellip;]\" \/>\n<meta property=\"og:url\" content=\"https:\/\/www.earlham-ia.org\/it\/come-sapere-esta-accettata\/\" \/>\n<meta property=\"og:site_name\" content=\"Viaggiare negli Stati Uniti\" \/>\n<meta property=\"article:modified_time\" content=\"2026-05-06T12:09:39+00:00\" \/>\n<meta name=\"twitter:card\" content=\"summary_large_image\" \/>\n<meta name=\"twitter:label1\" content=\"Tempo di lettura stimato\" \/>\n\t<meta name=\"twitter:data1\" content=\"3 minuti\" \/>\n<script type=\"application\/ld+json\" class=\"yoast-schema-graph\">{\"@context\":\"https:\\\/\\\/schema.org\",\"@graph\":[{\"@type\":\"WebPage\",\"@id\":\"https:\\\/\\\/www.earlham-ia.org\\\/it\\\/come-sapere-esta-accettata\\\/\",\"url\":\"https:\\\/\\\/www.earlham-ia.org\\\/it\\\/come-sapere-esta-accettata\\\/\",\"name\":\"Come si fa a sapere se l'ESTA \u00e8 stato accettato? - Viaggiare negli Stati Uniti\",\"isPartOf\":{\"@id\":\"https:\\\/\\\/www.earlham-ia.org\\\/it\\\/#website\"},\"datePublished\":\"2024-04-24T19:48:22+00:00\",\"dateModified\":\"2026-05-06T12:09:39+00:00\",\"breadcrumb\":{\"@id\":\"https:\\\/\\\/www.earlham-ia.org\\\/it\\\/come-sapere-esta-accettata\\\/#breadcrumb\"},\"inLanguage\":\"it-IT\",\"potentialAction\":[{\"@type\":\"ReadAction\",\"target\":[\"https:\\\/\\\/www.earlham-ia.org\\\/it\\\/come-sapere-esta-accettata\\\/\"]}]},{\"@type\":\"BreadcrumbList\",\"@id\":\"https:\\\/\\\/www.earlham-ia.org\\\/it\\\/come-sapere-esta-accettata\\\/#breadcrumb\",\"itemListElement\":[{\"@type\":\"ListItem\",\"position\":1,\"name\":\"Accueil\",\"item\":\"https:\\\/\\\/www.earlham-ia.org\\\/it\\\/\"},{\"@type\":\"ListItem\",\"position\":2,\"name\":\"Come si fa a sapere se l&#8217;ESTA \u00e8 stato accettato?\"}]},{\"@type\":\"WebSite\",\"@id\":\"https:\\\/\\\/www.earlham-ia.org\\\/it\\\/#website\",\"url\":\"https:\\\/\\\/www.earlham-ia.org\\\/it\\\/\",\"name\":\"Viaggiare negli Stati Uniti\",\"description\":\"\",\"potentialAction\":[{\"@type\":\"SearchAction\",\"target\":{\"@type\":\"EntryPoint\",\"urlTemplate\":\"https:\\\/\\\/www.earlham-ia.org\\\/it\\\/?s={search_term_string}\"},\"query-input\":{\"@type\":\"PropertyValueSpecification\",\"valueRequired\":true,\"valueName\":\"search_term_string\"}}],\"inLanguage\":\"it-IT\"}]}<\/script>\n<!-- \/ Yoast SEO plugin. -->","yoast_head_json":{"title":"Come si fa a sapere se l'ESTA \u00e8 stato accettato? - Viaggiare negli Stati Uniti","robots":{"index":"index","follow":"follow","max-snippet":"max-snippet:-1","max-image-preview":"max-image-preview:large","max-video-preview":"max-video-preview:-1"},"canonical":"https:\/\/www.earlham-ia.org\/it\/come-sapere-esta-accettata\/","og_locale":"it_IT","og_type":"article","og_title":"Come si fa a sapere se l'ESTA \u00e8 stato accettato? - Viaggiare negli Stati Uniti","og_description":"Vuoi vivere il sogno americano e viaggiare negli Stati Uniti? Per entrare negli Stati Uniti \u00e8 necessario un permesso. Meno restrittiva di un visto, l&#8217;ESTA \u00e8 l&#8217;autorizzazione al viaggio pi\u00f9 frequentemente richiesta. Per fare domanda \u00e8 necessario compilare un modulo online sul sito ufficiale del governo degli Stati Uniti o su un sito web privato. [&hellip;]","og_url":"https:\/\/www.earlham-ia.org\/it\/come-sapere-esta-accettata\/","og_site_name":"Viaggiare negli Stati Uniti","article_modified_time":"2026-05-06T12:09:39+00:00","twitter_card":"summary_large_image","twitter_misc":{"Tempo di lettura stimato":"3 minuti"},"schema":{"@context":"https:\/\/schema.org","@graph":[{"@type":"WebPage","@id":"https:\/\/www.earlham-ia.org\/it\/come-sapere-esta-accettata\/","url":"https:\/\/www.earlham-ia.org\/it\/come-sapere-esta-accettata\/","name":"Come si fa a sapere se l'ESTA \u00e8 stato accettato? - Viaggiare negli Stati Uniti","isPartOf":{"@id":"https:\/\/www.earlham-ia.org\/it\/#website"},"datePublished":"2024-04-24T19:48:22+00:00","dateModified":"2026-05-06T12:09:39+00:00","breadcrumb":{"@id":"https:\/\/www.earlham-ia.org\/it\/come-sapere-esta-accettata\/#breadcrumb"},"inLanguage":"it-IT","potentialAction":[{"@type":"ReadAction","target":["https:\/\/www.earlham-ia.org\/it\/come-sapere-esta-accettata\/"]}]},{"@type":"BreadcrumbList","@id":"https:\/\/www.earlham-ia.org\/it\/come-sapere-esta-accettata\/#breadcrumb","itemListElement":[{"@type":"ListItem","position":1,"name":"Accueil","item":"https:\/\/www.earlham-ia.org\/it\/"},{"@type":"ListItem","position":2,"name":"Come si fa a sapere se l&#8217;ESTA \u00e8 stato accettato?"}]},{"@type":"WebSite","@id":"https:\/\/www.earlham-ia.org\/it\/#website","url":"https:\/\/www.earlham-ia.org\/it\/","name":"Viaggiare negli Stati Uniti","description":"","potentialAction":[{"@type":"SearchAction","target":{"@type":"EntryPoint","urlTemplate":"https:\/\/www.earlham-ia.org\/it\/?s={search_term_string}"},"query-input":{"@type":"PropertyValueSpecification","valueRequired":true,"valueName":"search_term_string"}}],"inLanguage":"it-IT"}]}},"_links":{"self":[{"href":"https:\/\/www.earlham-ia.org\/it\/wp-json\/wp\/v2\/pages\/582","targetHints":{"allow":["GET"]}}],"collection":[{"href":"https:\/\/www.earlham-ia.org\/it\/wp-json\/wp\/v2\/pages"}],"about":[{"href":"https:\/\/www.earlham-ia.org\/it\/wp-json\/wp\/v2\/types\/page"}],"author":[{"embeddable":true,"href":"https:\/\/www.earlham-ia.org\/it\/wp-json\/wp\/v2\/users\/1"}],"replies":[{"embeddable":true,"href":"https:\/\/www.earlham-ia.org\/it\/wp-json\/wp\/v2\/comments?post=582"}],"version-history":[{"count":3,"href":"https:\/\/www.earlham-ia.org\/it\/wp-json\/wp\/v2\/pages\/582\/revisions"}],"predecessor-version":[{"id":1285,"href":"https:\/\/www.earlham-ia.org\/it\/wp-json\/wp\/v2\/pages\/582\/revisions\/1285"}],"wp:attachment":[{"href":"https:\/\/www.earlham-ia.org\/it\/wp-json\/wp\/v2\/media?parent=582"}],"curies":[{"name":"wp","href":"https:\/\/api.w.org\/{rel}","templated":true}]}}