{"id":640,"date":"2024-04-24T20:06:19","date_gmt":"2024-04-24T20:06:19","guid":{"rendered":"https:\/\/www.earlham-ia.org\/avviso-legale\/"},"modified":"2024-04-24T20:06:19","modified_gmt":"2024-04-24T20:06:19","slug":"avviso-legale","status":"publish","type":"page","link":"https:\/\/www.earlham-ia.org\/it\/avviso-legale\/","title":{"rendered":"Informazioni legali"},"content":{"rendered":"<h2>Editore del sito :<\/h2>\n<p>Il sito \u00e8 pubblicato da TAXUS WEB Ltd, una societ\u00e0 registrata a Malta (UE). La sede legale della societ\u00e0 \u00e8 al 75 di Triq il-fraxxnu, ST Julians, Malta.<\/p>\n<h2>Direttore della pubblicazione :<\/h2>\n<div>Il direttore della pubblicazione del sito \u00e8 Laurent Michel. Per contattarlo via e-mail, scrivi a <a href=\"mailto:contact@taxusweb.com\" target=\"_blank\" rel=\"noopener noreferrer\">contact@taxusweb.com.<\/a><\/div>\n<div id=\"theme-page\" class=\"master-holder clear\" role=\"main\">\n<div class=\"mk-main-wrapper-holder\">\n<div class=\"theme-page-wrapper full-layout mk-grid vc_row-fluid no-padding\">\n<div class=\"theme-content no-padding\">\n<div class=\"wpb_row vc_row mk-fullwidth-false attched-false vc_row-fluid js-master-row mk-in-viewport\">\n<div class=\"vc_col-sm-12 wpb_column column_container _ height-full\">\n<div id=\"text-block-7\" class=\"mk-text-block \">\n<h4><strong>ALLOGGIO :<\/strong><\/h4>\n<p>O2SWITCH<br \/>\n222-224 Boulevard Gustave Flaubert<br \/>\n63000 Clermont-Ferrand<br \/>\nSARL o2switch con un capitale di 7500\u20ac.<br \/>\nRCS: Clermont-Ferrand &#8211; SIRET: 510 909 80700016 &#8211; IVA: FR35510909807<\/p>\n<div class=\"clearboth\"><strong>TRATTAMENTO DEI DATI PERSONALI :<\/strong><\/div>\n<\/div>\n<div id=\"text-block-8\" class=\"mk-text-block \">\n<p>I visitatori hanno il diritto di accedere, modificare, rettificare e cancellare i dati che li riguardano (articolo 34 della legge francese sulla protezione dei dati). Per esercitare questo diritto, contatta i direttori delle pubblicazioni sopra citati via e-mail.<br \/>\nInoltre, in conformit\u00e0 con la legge n. 2004-801 del 6 agosto 2004 sulla tutela delle persone fisiche con riguardo al trattamento dei dati personali, che modifica la legge n. 78-17 del 6 gennaio 1978, questo sito web \u00e8 stato registrato presso la CNIL con il numero.<\/p>\n<div class=\"clearboth\"><strong>DIRITTI DI PROPRIET\u00c0 INTELLETTUALE :<\/strong><\/div>\n<\/div>\n<div id=\"text-block-9\" class=\"mk-text-block \">\n<p>L&#8217;intero sito \u00e8 soggetto alla legislazione francese e internazionale in materia di copyright e propriet\u00e0 intellettuale.<br \/>\nTutti i diritti di riproduzione sono riservati, anche per i documenti iconografici e fotografici.<br \/>\nQualsiasi riproduzione totale o parziale di questo sito con qualsiasi mezzo costituisce una violazione punibile ai sensi degli articoli L 335-2 e seguenti del Codice della Propriet\u00e0 Intellettuale francese.<br \/>\nLo stesso vale per le banche dati presenti sul sito, che sono protette dalle disposizioni della Direttiva Europea dell&#8217;11 marzo 1996 sulla tutela giuridica delle banche dati.<\/p>\n<\/div>\n<\/div>\n<\/div>\n<\/div>\n<\/div>\n<\/div>\n<\/div>\n","protected":false},"excerpt":{"rendered":"<p>Editore del sito : Il sito \u00e8 pubblicato da TAXUS WEB Ltd, una societ\u00e0 registrata a Malta (UE). La sede legale della societ\u00e0 \u00e8 al 75 di Triq il-fraxxnu, ST Julians, Malta. Direttore della pubblicazione : Il direttore della pubblicazione del sito \u00e8 Laurent Michel. Per contattarlo via e-mail, scrivi a contact@taxusweb.com. ALLOGGIO : O2SWITCH [&hellip;]<\/p>\n","protected":false},"author":1,"featured_media":0,"parent":0,"menu_order":0,"comment_status":"closed","ping_status":"closed","template":"template_fullwidth.php","meta":{"hide_page_title":"","footnotes":""},"class_list":["post-640","page","type-page","status-publish","hentry"],"yoast_head":"<!-- This site is optimized with the Yoast SEO plugin v27.5 - https:\/\/yoast.com\/product\/yoast-seo-wordpress\/ -->\n<title>Informazioni legali - Viaggiare negli Stati Uniti<\/title>\n<meta name=\"robots\" content=\"index, follow, max-snippet:-1, max-image-preview:large, max-video-preview:-1\" \/>\n<link rel=\"canonical\" href=\"https:\/\/www.earlham-ia.org\/it\/avviso-legale\/\" \/>\n<meta property=\"og:locale\" content=\"it_IT\" \/>\n<meta property=\"og:type\" content=\"article\" \/>\n<meta property=\"og:title\" content=\"Informazioni legali - Viaggiare negli Stati Uniti\" \/>\n<meta property=\"og:description\" content=\"Editore del sito : Il sito \u00e8 pubblicato da TAXUS WEB Ltd, una societ\u00e0 registrata a Malta (UE). La sede legale della societ\u00e0 \u00e8 al 75 di Triq il-fraxxnu, ST Julians, Malta. Direttore della pubblicazione : Il direttore della pubblicazione del sito \u00e8 Laurent Michel. Per contattarlo via e-mail, scrivi a contact@taxusweb.com. ALLOGGIO : O2SWITCH [&hellip;]\" \/>\n<meta property=\"og:url\" content=\"https:\/\/www.earlham-ia.org\/it\/avviso-legale\/\" \/>\n<meta property=\"og:site_name\" content=\"Viaggiare negli Stati Uniti\" \/>\n<meta name=\"twitter:card\" content=\"summary_large_image\" \/>\n<meta name=\"twitter:label1\" content=\"Tempo di lettura stimato\" \/>\n\t<meta name=\"twitter:data1\" content=\"1 minuto\" \/>\n<script type=\"application\/ld+json\" class=\"yoast-schema-graph\">{\"@context\":\"https:\\\/\\\/schema.org\",\"@graph\":[{\"@type\":\"WebPage\",\"@id\":\"https:\\\/\\\/www.earlham-ia.org\\\/it\\\/avviso-legale\\\/\",\"url\":\"https:\\\/\\\/www.earlham-ia.org\\\/it\\\/avviso-legale\\\/\",\"name\":\"Informazioni legali - Viaggiare negli Stati Uniti\",\"isPartOf\":{\"@id\":\"https:\\\/\\\/www.earlham-ia.org\\\/it\\\/#website\"},\"datePublished\":\"2024-04-24T20:06:19+00:00\",\"breadcrumb\":{\"@id\":\"https:\\\/\\\/www.earlham-ia.org\\\/it\\\/avviso-legale\\\/#breadcrumb\"},\"inLanguage\":\"it-IT\",\"potentialAction\":[{\"@type\":\"ReadAction\",\"target\":[\"https:\\\/\\\/www.earlham-ia.org\\\/it\\\/avviso-legale\\\/\"]}]},{\"@type\":\"BreadcrumbList\",\"@id\":\"https:\\\/\\\/www.earlham-ia.org\\\/it\\\/avviso-legale\\\/#breadcrumb\",\"itemListElement\":[{\"@type\":\"ListItem\",\"position\":1,\"name\":\"Accueil\",\"item\":\"https:\\\/\\\/www.earlham-ia.org\\\/it\\\/\"},{\"@type\":\"ListItem\",\"position\":2,\"name\":\"Informazioni legali\"}]},{\"@type\":\"WebSite\",\"@id\":\"https:\\\/\\\/www.earlham-ia.org\\\/it\\\/#website\",\"url\":\"https:\\\/\\\/www.earlham-ia.org\\\/it\\\/\",\"name\":\"Viaggiare negli Stati Uniti\",\"description\":\"\",\"potentialAction\":[{\"@type\":\"SearchAction\",\"target\":{\"@type\":\"EntryPoint\",\"urlTemplate\":\"https:\\\/\\\/www.earlham-ia.org\\\/it\\\/?s={search_term_string}\"},\"query-input\":{\"@type\":\"PropertyValueSpecification\",\"valueRequired\":true,\"valueName\":\"search_term_string\"}}],\"inLanguage\":\"it-IT\"}]}<\/script>\n<!-- \/ Yoast SEO plugin. -->","yoast_head_json":{"title":"Informazioni legali - Viaggiare negli Stati Uniti","robots":{"index":"index","follow":"follow","max-snippet":"max-snippet:-1","max-image-preview":"max-image-preview:large","max-video-preview":"max-video-preview:-1"},"canonical":"https:\/\/www.earlham-ia.org\/it\/avviso-legale\/","og_locale":"it_IT","og_type":"article","og_title":"Informazioni legali - Viaggiare negli Stati Uniti","og_description":"Editore del sito : Il sito \u00e8 pubblicato da TAXUS WEB Ltd, una societ\u00e0 registrata a Malta (UE). La sede legale della societ\u00e0 \u00e8 al 75 di Triq il-fraxxnu, ST Julians, Malta. Direttore della pubblicazione : Il direttore della pubblicazione del sito \u00e8 Laurent Michel. Per contattarlo via e-mail, scrivi a contact@taxusweb.com. ALLOGGIO : O2SWITCH [&hellip;]","og_url":"https:\/\/www.earlham-ia.org\/it\/avviso-legale\/","og_site_name":"Viaggiare negli Stati Uniti","twitter_card":"summary_large_image","twitter_misc":{"Tempo di lettura stimato":"1 minuto"},"schema":{"@context":"https:\/\/schema.org","@graph":[{"@type":"WebPage","@id":"https:\/\/www.earlham-ia.org\/it\/avviso-legale\/","url":"https:\/\/www.earlham-ia.org\/it\/avviso-legale\/","name":"Informazioni legali - Viaggiare negli Stati Uniti","isPartOf":{"@id":"https:\/\/www.earlham-ia.org\/it\/#website"},"datePublished":"2024-04-24T20:06:19+00:00","breadcrumb":{"@id":"https:\/\/www.earlham-ia.org\/it\/avviso-legale\/#breadcrumb"},"inLanguage":"it-IT","potentialAction":[{"@type":"ReadAction","target":["https:\/\/www.earlham-ia.org\/it\/avviso-legale\/"]}]},{"@type":"BreadcrumbList","@id":"https:\/\/www.earlham-ia.org\/it\/avviso-legale\/#breadcrumb","itemListElement":[{"@type":"ListItem","position":1,"name":"Accueil","item":"https:\/\/www.earlham-ia.org\/it\/"},{"@type":"ListItem","position":2,"name":"Informazioni legali"}]},{"@type":"WebSite","@id":"https:\/\/www.earlham-ia.org\/it\/#website","url":"https:\/\/www.earlham-ia.org\/it\/","name":"Viaggiare negli Stati Uniti","description":"","potentialAction":[{"@type":"SearchAction","target":{"@type":"EntryPoint","urlTemplate":"https:\/\/www.earlham-ia.org\/it\/?s={search_term_string}"},"query-input":{"@type":"PropertyValueSpecification","valueRequired":true,"valueName":"search_term_string"}}],"inLanguage":"it-IT"}]}},"_links":{"self":[{"href":"https:\/\/www.earlham-ia.org\/it\/wp-json\/wp\/v2\/pages\/640","targetHints":{"allow":["GET"]}}],"collection":[{"href":"https:\/\/www.earlham-ia.org\/it\/wp-json\/wp\/v2\/pages"}],"about":[{"href":"https:\/\/www.earlham-ia.org\/it\/wp-json\/wp\/v2\/types\/page"}],"author":[{"embeddable":true,"href":"https:\/\/www.earlham-ia.org\/it\/wp-json\/wp\/v2\/users\/1"}],"replies":[{"embeddable":true,"href":"https:\/\/www.earlham-ia.org\/it\/wp-json\/wp\/v2\/comments?post=640"}],"version-history":[{"count":0,"href":"https:\/\/www.earlham-ia.org\/it\/wp-json\/wp\/v2\/pages\/640\/revisions"}],"wp:attachment":[{"href":"https:\/\/www.earlham-ia.org\/it\/wp-json\/wp\/v2\/media?parent=640"}],"curies":[{"name":"wp","href":"https:\/\/api.w.org\/{rel}","templated":true}]}}