{"id":1149,"date":"2025-09-13T09:54:48","date_gmt":"2025-09-13T09:54:48","guid":{"rendered":"https:\/\/www.earlham-ia.org\/waarheen-op-roadtrip-in-noord-amerika\/"},"modified":"2026-05-06T12:17:55","modified_gmt":"2026-05-06T12:17:55","slug":"waarheen-op-roadtrip-in-noord-amerika","status":"publish","type":"page","link":"https:\/\/www.earlham-ia.org\/nl\/waarheen-op-roadtrip-in-noord-amerika\/","title":{"rendered":"Waarheen op roadtrip in Noord-Amerika?"},"content":{"rendered":"\n<p>Zoals de naam al zegt, is een roadtrip een reisvakantie. Het is geen kwestie van \u00e9\u00e9n of twee weken op dezelfde plek blijven, zoals gewoonlijk, in een hotel dat comfortabel is ge\u00efnstalleerd in een luxe kamer. Achter het woord &#8220;roadtrip&#8221; schuilt het verlangen om een reis te maken buiten de gebaande paden. Het is een unieke reis, een reis die je oog in oog brengt met lokale mensen en culturen.   <\/p>\n\n<p><\/p>\n\n<p>Roadtrips zijn voor avonturiers en onbevreesden. Als je een roadtrip in Noord-Amerika maakt, besluit je over de weg te reizen om zoveel mogelijk plaatsen te bezoeken en zoveel mogelijk mensen te ontmoeten. Dus <strong>waar kun je heen op een roadtrip<\/strong> in Noord-Amerika?  <\/p>\n\n<p><\/p>\n\n<h2 class=\"wp-block-heading\">De Verenigde Staten zijn de beste plek voor een roadtrip<\/h2>\n\n<p>De Verenigde Staten is een opmerkelijk bereisd land. Het is een land van immense afmetingen, vooral als je het vergelijkt met Frankrijk. Om je een idee te geven: Frankrijk is ongeveer even groot als de staat Texas. In de Verenigde Staten is alles veel groter en zijn de reistijden veel langer. Als je in de Verenigde Staten op roadtrip gaat, moet je ruim de tijd hebben als je het hele land wilt bezoeken en vooral van de oostkust, die aan de Atlantische Oceaan grenst, naar de westkust, die aan de Grote Oceaan grenst, wilt reizen. In de Verenigde Staten kun je een roadtrip maken door een auto te huren. Autorijden in de Verenigde Staten is heel gemakkelijk. Een auto huren in de Verenigde Staten is niet erg duur. Er is van alles te winnen bij een avontuur op de Amerikaanse wegen.        <\/p>\n","protected":false},"excerpt":{"rendered":"<p>Zoals de naam al zegt, is een roadtrip een reisvakantie. Het is geen kwestie van \u00e9\u00e9n of twee weken op dezelfde plek blijven, zoals gewoonlijk, in een hotel dat comfortabel is ge\u00efnstalleerd in een luxe kamer. Achter het woord &#8220;roadtrip&#8221; schuilt het verlangen om een reis te maken buiten de gebaande paden. Het is een [&hellip;]<\/p>\n","protected":false},"author":1,"featured_media":0,"parent":0,"menu_order":0,"comment_status":"closed","ping_status":"closed","template":"","meta":{"hide_page_title":"","footnotes":""},"class_list":["post-1149","page","type-page","status-publish","hentry"],"yoast_head":"<!-- This site is optimized with the Yoast SEO plugin v27.5 - https:\/\/yoast.com\/product\/yoast-seo-wordpress\/ -->\n<title>Waarheen op roadtrip in Noord-Amerika? - Voyager vers les USA<\/title>\n<meta name=\"robots\" content=\"index, follow, max-snippet:-1, max-image-preview:large, max-video-preview:-1\" \/>\n<link rel=\"canonical\" href=\"https:\/\/www.earlham-ia.org\/nl\/waarheen-op-roadtrip-in-noord-amerika\/\" \/>\n<meta property=\"og:locale\" content=\"nl_NL\" \/>\n<meta property=\"og:type\" content=\"article\" \/>\n<meta property=\"og:title\" content=\"Waarheen op roadtrip in Noord-Amerika? - Voyager vers les USA\" \/>\n<meta property=\"og:description\" content=\"Zoals de naam al zegt, is een roadtrip een reisvakantie. Het is geen kwestie van \u00e9\u00e9n of twee weken op dezelfde plek blijven, zoals gewoonlijk, in een hotel dat comfortabel is ge\u00efnstalleerd in een luxe kamer. Achter het woord &#8220;roadtrip&#8221; schuilt het verlangen om een reis te maken buiten de gebaande paden. Het is een [&hellip;]\" \/>\n<meta property=\"og:url\" content=\"https:\/\/www.earlham-ia.org\/nl\/waarheen-op-roadtrip-in-noord-amerika\/\" \/>\n<meta property=\"og:site_name\" content=\"Voyager vers les USA\" \/>\n<meta property=\"article:modified_time\" content=\"2026-05-06T12:17:55+00:00\" \/>\n<meta name=\"twitter:card\" content=\"summary_large_image\" \/>\n<meta name=\"twitter:label1\" content=\"Geschatte leestijd\" \/>\n\t<meta name=\"twitter:data1\" content=\"1 minuut\" \/>\n<script type=\"application\/ld+json\" class=\"yoast-schema-graph\">{\"@context\":\"https:\\\/\\\/schema.org\",\"@graph\":[{\"@type\":\"WebPage\",\"@id\":\"https:\\\/\\\/www.earlham-ia.org\\\/nl\\\/waarheen-op-roadtrip-in-noord-amerika\\\/\",\"url\":\"https:\\\/\\\/www.earlham-ia.org\\\/nl\\\/waarheen-op-roadtrip-in-noord-amerika\\\/\",\"name\":\"Waarheen op roadtrip in Noord-Amerika? - Voyager vers les USA\",\"isPartOf\":{\"@id\":\"https:\\\/\\\/www.earlham-ia.org\\\/nl\\\/#website\"},\"datePublished\":\"2025-09-13T09:54:48+00:00\",\"dateModified\":\"2026-05-06T12:17:55+00:00\",\"breadcrumb\":{\"@id\":\"https:\\\/\\\/www.earlham-ia.org\\\/nl\\\/waarheen-op-roadtrip-in-noord-amerika\\\/#breadcrumb\"},\"inLanguage\":\"nl-NL\",\"potentialAction\":[{\"@type\":\"ReadAction\",\"target\":[\"https:\\\/\\\/www.earlham-ia.org\\\/nl\\\/waarheen-op-roadtrip-in-noord-amerika\\\/\"]}]},{\"@type\":\"BreadcrumbList\",\"@id\":\"https:\\\/\\\/www.earlham-ia.org\\\/nl\\\/waarheen-op-roadtrip-in-noord-amerika\\\/#breadcrumb\",\"itemListElement\":[{\"@type\":\"ListItem\",\"position\":1,\"name\":\"Accueil\",\"item\":\"https:\\\/\\\/www.earlham-ia.org\\\/nl\\\/\"},{\"@type\":\"ListItem\",\"position\":2,\"name\":\"Waarheen op roadtrip in Noord-Amerika?\"}]},{\"@type\":\"WebSite\",\"@id\":\"https:\\\/\\\/www.earlham-ia.org\\\/nl\\\/#website\",\"url\":\"https:\\\/\\\/www.earlham-ia.org\\\/nl\\\/\",\"name\":\"Voyager vers les USA\",\"description\":\"\",\"potentialAction\":[{\"@type\":\"SearchAction\",\"target\":{\"@type\":\"EntryPoint\",\"urlTemplate\":\"https:\\\/\\\/www.earlham-ia.org\\\/nl\\\/?s={search_term_string}\"},\"query-input\":{\"@type\":\"PropertyValueSpecification\",\"valueRequired\":true,\"valueName\":\"search_term_string\"}}],\"inLanguage\":\"nl-NL\"}]}<\/script>\n<!-- \/ Yoast SEO plugin. -->","yoast_head_json":{"title":"Waarheen op roadtrip in Noord-Amerika? - Voyager vers les USA","robots":{"index":"index","follow":"follow","max-snippet":"max-snippet:-1","max-image-preview":"max-image-preview:large","max-video-preview":"max-video-preview:-1"},"canonical":"https:\/\/www.earlham-ia.org\/nl\/waarheen-op-roadtrip-in-noord-amerika\/","og_locale":"nl_NL","og_type":"article","og_title":"Waarheen op roadtrip in Noord-Amerika? - Voyager vers les USA","og_description":"Zoals de naam al zegt, is een roadtrip een reisvakantie. Het is geen kwestie van \u00e9\u00e9n of twee weken op dezelfde plek blijven, zoals gewoonlijk, in een hotel dat comfortabel is ge\u00efnstalleerd in een luxe kamer. Achter het woord &#8220;roadtrip&#8221; schuilt het verlangen om een reis te maken buiten de gebaande paden. Het is een [&hellip;]","og_url":"https:\/\/www.earlham-ia.org\/nl\/waarheen-op-roadtrip-in-noord-amerika\/","og_site_name":"Voyager vers les USA","article_modified_time":"2026-05-06T12:17:55+00:00","twitter_card":"summary_large_image","twitter_misc":{"Geschatte leestijd":"1 minuut"},"schema":{"@context":"https:\/\/schema.org","@graph":[{"@type":"WebPage","@id":"https:\/\/www.earlham-ia.org\/nl\/waarheen-op-roadtrip-in-noord-amerika\/","url":"https:\/\/www.earlham-ia.org\/nl\/waarheen-op-roadtrip-in-noord-amerika\/","name":"Waarheen op roadtrip in Noord-Amerika? - Voyager vers les USA","isPartOf":{"@id":"https:\/\/www.earlham-ia.org\/nl\/#website"},"datePublished":"2025-09-13T09:54:48+00:00","dateModified":"2026-05-06T12:17:55+00:00","breadcrumb":{"@id":"https:\/\/www.earlham-ia.org\/nl\/waarheen-op-roadtrip-in-noord-amerika\/#breadcrumb"},"inLanguage":"nl-NL","potentialAction":[{"@type":"ReadAction","target":["https:\/\/www.earlham-ia.org\/nl\/waarheen-op-roadtrip-in-noord-amerika\/"]}]},{"@type":"BreadcrumbList","@id":"https:\/\/www.earlham-ia.org\/nl\/waarheen-op-roadtrip-in-noord-amerika\/#breadcrumb","itemListElement":[{"@type":"ListItem","position":1,"name":"Accueil","item":"https:\/\/www.earlham-ia.org\/nl\/"},{"@type":"ListItem","position":2,"name":"Waarheen op roadtrip in Noord-Amerika?"}]},{"@type":"WebSite","@id":"https:\/\/www.earlham-ia.org\/nl\/#website","url":"https:\/\/www.earlham-ia.org\/nl\/","name":"Voyager vers les USA","description":"","potentialAction":[{"@type":"SearchAction","target":{"@type":"EntryPoint","urlTemplate":"https:\/\/www.earlham-ia.org\/nl\/?s={search_term_string}"},"query-input":{"@type":"PropertyValueSpecification","valueRequired":true,"valueName":"search_term_string"}}],"inLanguage":"nl-NL"}]}},"_links":{"self":[{"href":"https:\/\/www.earlham-ia.org\/nl\/wp-json\/wp\/v2\/pages\/1149","targetHints":{"allow":["GET"]}}],"collection":[{"href":"https:\/\/www.earlham-ia.org\/nl\/wp-json\/wp\/v2\/pages"}],"about":[{"href":"https:\/\/www.earlham-ia.org\/nl\/wp-json\/wp\/v2\/types\/page"}],"author":[{"embeddable":true,"href":"https:\/\/www.earlham-ia.org\/nl\/wp-json\/wp\/v2\/users\/1"}],"replies":[{"embeddable":true,"href":"https:\/\/www.earlham-ia.org\/nl\/wp-json\/wp\/v2\/comments?post=1149"}],"version-history":[{"count":2,"href":"https:\/\/www.earlham-ia.org\/nl\/wp-json\/wp\/v2\/pages\/1149\/revisions"}],"predecessor-version":[{"id":1355,"href":"https:\/\/www.earlham-ia.org\/nl\/wp-json\/wp\/v2\/pages\/1149\/revisions\/1355"}],"wp:attachment":[{"href":"https:\/\/www.earlham-ia.org\/nl\/wp-json\/wp\/v2\/media?parent=1149"}],"curies":[{"name":"wp","href":"https:\/\/api.w.org\/{rel}","templated":true}]}}