{"id":1038,"date":"2025-09-13T09:33:39","date_gmt":"2025-09-13T09:33:39","guid":{"rendered":"https:\/\/www.earlham-ia.org\/viagem-de-carro-no-reino-unido\/"},"modified":"2025-09-13T10:03:09","modified_gmt":"2025-09-13T10:03:09","slug":"viagem-de-carro-no-reino-unido","status":"publish","type":"page","link":"https:\/\/www.earlham-ia.org\/pt-pt\/viagem-de-carro-no-reino-unido\/","title":{"rendered":"Viagem de carro no Reino Unido"},"content":{"rendered":"\n<h2 class=\"wp-block-heading\">Porqu\u00ea fazer uma viagem de carro no Reino Unido?<\/h2>\n\n<p>O Reino Unido \u00e9 um destino \u00fanico para os viajantes que procuram aventura e liberdade. Desde paisagens selvagens a castelos medievais e cidades vibrantes, uma <a href=\"https:\/\/uk-gb.net\/pt-pt\/\">viagem de carro no Reino Unido<\/a> oferece um mosaico de culturas e paisagens. <\/p>\n\n<ul class=\"wp-block-list\">\n<li>Rotas m\u00edticas atrav\u00e9s das Terras Altas da Esc\u00f3cia<\/li>\n\n\n\n<li>Aldeias pitorescas em Cotswolds, Inglaterra<\/li>\n\n\n\n<li>Fal\u00e9sias espectaculares no Pa\u00eds de Gales<\/li>\n\n\n\n<li>Costa selvagem na Irlanda do Norte<\/li>\n<\/ul>\n\n<div style=\"height:10px\" aria-hidden=\"true\" class=\"wp-block-spacer\"><\/div>\n\n<h2 class=\"wp-block-heading\">Os melhores itiner\u00e1rios de viagem no Reino Unido.<\/h2>\n\n<ol class=\"wp-block-list\">\n<li>Viagem de carro na Esc\u00f3cia: <a href=\"https:\/\/uk-gb.net\/pt-pt\/north-coast-500-road-trip\/\">a Costa Norte 500<\/a>. Mais de 800 km \u00e0 volta das Highlands, com paisagens costeiras de cortar a respira\u00e7\u00e3o, lagos misteriosos e destilarias de whisky tradicionais. <\/li>\n\n\n\n<li>Viagem de carro em Inglaterra: Cotswolds e Bath. Um itiner\u00e1rio perfeito para os amantes do charme ingl\u00eas: casas de pedra, colinas verdejantes e a magn\u00edfica cidade termal de Bath, classificada pela UNESCO. <\/li>\n\n\n\n<li>Viagem de carro no Pa\u00eds de Gales: a costa selvagem. Entre montanhas, praias e castelos, o Pa\u00eds de Gales oferece um cen\u00e1rio ideal para uma viagem que combina natureza e hist\u00f3ria. <\/li>\n\n\n\n<li>Viagem de carro na Irlanda do Norte: a Rota Costeira Causeway. Esta estrada costeira leva-te \u00e0 famosa Cal\u00e7ada dos Gigantes, com vistas espectaculares sobre o Oceano Atl\u00e2ntico. <\/li>\n<\/ol>\n\n<h2 class=\"wp-block-heading\">Conselhos pr\u00e1ticos para uma viagem de carro bem sucedida<\/h2>\n\n<ul class=\"wp-block-list\">\n<li>Condu\u00e7\u00e3o \u00e0 esquerda: uma carater\u00edstica a n\u00e3o esquecer!<\/li>\n\n\n\n<li>Aluga uma carrinha ou um carro: o que for mais conveniente para ti e para o teu or\u00e7amento.<\/li>\n\n\n\n<li>Melhor per\u00edodo: de maio a setembro, quando os dias s\u00e3o mais longos e o clima \u00e9 mais ameno.<\/li>\n\n\n\n<li>Aplica\u00e7\u00f5es \u00fateis: <a href=\"https:\/\/www.google.com\/maps\">Google Maps<\/a>, Park4Night, <a href=\"https:\/\/www.visitbritain.com\/\">VisitBritain<\/a>.<\/li>\n<\/ul>\n","protected":false},"excerpt":{"rendered":"<p>Porqu\u00ea fazer uma viagem de carro no Reino Unido? O Reino Unido \u00e9 um destino \u00fanico para os viajantes que procuram aventura e liberdade. Desde paisagens selvagens a castelos medievais e cidades vibrantes, uma viagem de carro no Reino Unido oferece um mosaico de culturas e paisagens. Os melhores itiner\u00e1rios de viagem no Reino Unido. [&hellip;]<\/p>\n","protected":false},"author":1,"featured_media":0,"parent":0,"menu_order":0,"comment_status":"closed","ping_status":"closed","template":"","meta":{"hide_page_title":"","footnotes":""},"class_list":["post-1038","page","type-page","status-publish","hentry"],"yoast_head":"<!-- This site is optimized with the Yoast SEO plugin v27.5 - https:\/\/yoast.com\/product\/yoast-seo-wordpress\/ -->\n<title>Viagem de carro no Reino Unido - Viajar para os EUA<\/title>\n<meta name=\"description\" content=\"Parte para a aventura! Descobre os melhores itiner\u00e1rios de viagem no Reino Unido: Inglaterra, Esc\u00f3cia e Irlanda do Norte.\" \/>\n<meta name=\"robots\" content=\"index, follow, max-snippet:-1, max-image-preview:large, max-video-preview:-1\" \/>\n<link rel=\"canonical\" href=\"https:\/\/www.earlham-ia.org\/pt-pt\/viagem-de-carro-no-reino-unido\/\" \/>\n<meta property=\"og:locale\" content=\"pt_PT\" \/>\n<meta property=\"og:type\" content=\"article\" \/>\n<meta property=\"og:title\" content=\"Viagem de carro no Reino Unido - Viajar para os EUA\" \/>\n<meta property=\"og:description\" content=\"Parte para a aventura! Descobre os melhores itiner\u00e1rios de viagem no Reino Unido: Inglaterra, Esc\u00f3cia e Irlanda do Norte.\" \/>\n<meta property=\"og:url\" content=\"https:\/\/www.earlham-ia.org\/pt-pt\/viagem-de-carro-no-reino-unido\/\" \/>\n<meta property=\"og:site_name\" content=\"Viajar para os EUA\" \/>\n<meta property=\"article:modified_time\" content=\"2025-09-13T10:03:09+00:00\" \/>\n<meta name=\"twitter:card\" content=\"summary_large_image\" \/>\n<meta name=\"twitter:label1\" content=\"Tempo estimado de leitura\" \/>\n\t<meta name=\"twitter:data1\" content=\"1 minuto\" \/>\n<script type=\"application\/ld+json\" class=\"yoast-schema-graph\">{\"@context\":\"https:\\\/\\\/schema.org\",\"@graph\":[{\"@type\":\"WebPage\",\"@id\":\"https:\\\/\\\/www.earlham-ia.org\\\/pt-pt\\\/viagem-de-carro-no-reino-unido\\\/\",\"url\":\"https:\\\/\\\/www.earlham-ia.org\\\/pt-pt\\\/viagem-de-carro-no-reino-unido\\\/\",\"name\":\"Viagem de carro no Reino Unido - Viajar para os EUA\",\"isPartOf\":{\"@id\":\"https:\\\/\\\/www.earlham-ia.org\\\/pt-pt\\\/#website\"},\"datePublished\":\"2025-09-13T09:33:39+00:00\",\"dateModified\":\"2025-09-13T10:03:09+00:00\",\"description\":\"Parte para a aventura! Descobre os melhores itiner\u00e1rios de viagem no Reino Unido: Inglaterra, Esc\u00f3cia e Irlanda do Norte.\",\"breadcrumb\":{\"@id\":\"https:\\\/\\\/www.earlham-ia.org\\\/pt-pt\\\/viagem-de-carro-no-reino-unido\\\/#breadcrumb\"},\"inLanguage\":\"pt-PT\",\"potentialAction\":[{\"@type\":\"ReadAction\",\"target\":[\"https:\\\/\\\/www.earlham-ia.org\\\/pt-pt\\\/viagem-de-carro-no-reino-unido\\\/\"]}]},{\"@type\":\"BreadcrumbList\",\"@id\":\"https:\\\/\\\/www.earlham-ia.org\\\/pt-pt\\\/viagem-de-carro-no-reino-unido\\\/#breadcrumb\",\"itemListElement\":[{\"@type\":\"ListItem\",\"position\":1,\"name\":\"Accueil\",\"item\":\"https:\\\/\\\/www.earlham-ia.org\\\/pt-pt\\\/\"},{\"@type\":\"ListItem\",\"position\":2,\"name\":\"Viagem de carro no Reino Unido\"}]},{\"@type\":\"WebSite\",\"@id\":\"https:\\\/\\\/www.earlham-ia.org\\\/pt-pt\\\/#website\",\"url\":\"https:\\\/\\\/www.earlham-ia.org\\\/pt-pt\\\/\",\"name\":\"Viajar para os EUA\",\"description\":\"\",\"potentialAction\":[{\"@type\":\"SearchAction\",\"target\":{\"@type\":\"EntryPoint\",\"urlTemplate\":\"https:\\\/\\\/www.earlham-ia.org\\\/pt-pt\\\/?s={search_term_string}\"},\"query-input\":{\"@type\":\"PropertyValueSpecification\",\"valueRequired\":true,\"valueName\":\"search_term_string\"}}],\"inLanguage\":\"pt-PT\"}]}<\/script>\n<!-- \/ Yoast SEO plugin. -->","yoast_head_json":{"title":"Viagem de carro no Reino Unido - Viajar para os EUA","description":"Parte para a aventura! Descobre os melhores itiner\u00e1rios de viagem no Reino Unido: Inglaterra, Esc\u00f3cia e Irlanda do Norte.","robots":{"index":"index","follow":"follow","max-snippet":"max-snippet:-1","max-image-preview":"max-image-preview:large","max-video-preview":"max-video-preview:-1"},"canonical":"https:\/\/www.earlham-ia.org\/pt-pt\/viagem-de-carro-no-reino-unido\/","og_locale":"pt_PT","og_type":"article","og_title":"Viagem de carro no Reino Unido - Viajar para os EUA","og_description":"Parte para a aventura! Descobre os melhores itiner\u00e1rios de viagem no Reino Unido: Inglaterra, Esc\u00f3cia e Irlanda do Norte.","og_url":"https:\/\/www.earlham-ia.org\/pt-pt\/viagem-de-carro-no-reino-unido\/","og_site_name":"Viajar para os EUA","article_modified_time":"2025-09-13T10:03:09+00:00","twitter_card":"summary_large_image","twitter_misc":{"Tempo estimado de leitura":"1 minuto"},"schema":{"@context":"https:\/\/schema.org","@graph":[{"@type":"WebPage","@id":"https:\/\/www.earlham-ia.org\/pt-pt\/viagem-de-carro-no-reino-unido\/","url":"https:\/\/www.earlham-ia.org\/pt-pt\/viagem-de-carro-no-reino-unido\/","name":"Viagem de carro no Reino Unido - Viajar para os EUA","isPartOf":{"@id":"https:\/\/www.earlham-ia.org\/pt-pt\/#website"},"datePublished":"2025-09-13T09:33:39+00:00","dateModified":"2025-09-13T10:03:09+00:00","description":"Parte para a aventura! Descobre os melhores itiner\u00e1rios de viagem no Reino Unido: Inglaterra, Esc\u00f3cia e Irlanda do Norte.","breadcrumb":{"@id":"https:\/\/www.earlham-ia.org\/pt-pt\/viagem-de-carro-no-reino-unido\/#breadcrumb"},"inLanguage":"pt-PT","potentialAction":[{"@type":"ReadAction","target":["https:\/\/www.earlham-ia.org\/pt-pt\/viagem-de-carro-no-reino-unido\/"]}]},{"@type":"BreadcrumbList","@id":"https:\/\/www.earlham-ia.org\/pt-pt\/viagem-de-carro-no-reino-unido\/#breadcrumb","itemListElement":[{"@type":"ListItem","position":1,"name":"Accueil","item":"https:\/\/www.earlham-ia.org\/pt-pt\/"},{"@type":"ListItem","position":2,"name":"Viagem de carro no Reino Unido"}]},{"@type":"WebSite","@id":"https:\/\/www.earlham-ia.org\/pt-pt\/#website","url":"https:\/\/www.earlham-ia.org\/pt-pt\/","name":"Viajar para os EUA","description":"","potentialAction":[{"@type":"SearchAction","target":{"@type":"EntryPoint","urlTemplate":"https:\/\/www.earlham-ia.org\/pt-pt\/?s={search_term_string}"},"query-input":{"@type":"PropertyValueSpecification","valueRequired":true,"valueName":"search_term_string"}}],"inLanguage":"pt-PT"}]}},"_links":{"self":[{"href":"https:\/\/www.earlham-ia.org\/pt-pt\/wp-json\/wp\/v2\/pages\/1038","targetHints":{"allow":["GET"]}}],"collection":[{"href":"https:\/\/www.earlham-ia.org\/pt-pt\/wp-json\/wp\/v2\/pages"}],"about":[{"href":"https:\/\/www.earlham-ia.org\/pt-pt\/wp-json\/wp\/v2\/types\/page"}],"author":[{"embeddable":true,"href":"https:\/\/www.earlham-ia.org\/pt-pt\/wp-json\/wp\/v2\/users\/1"}],"replies":[{"embeddable":true,"href":"https:\/\/www.earlham-ia.org\/pt-pt\/wp-json\/wp\/v2\/comments?post=1038"}],"version-history":[{"count":11,"href":"https:\/\/www.earlham-ia.org\/pt-pt\/wp-json\/wp\/v2\/pages\/1038\/revisions"}],"predecessor-version":[{"id":1236,"href":"https:\/\/www.earlham-ia.org\/pt-pt\/wp-json\/wp\/v2\/pages\/1038\/revisions\/1236"}],"wp:attachment":[{"href":"https:\/\/www.earlham-ia.org\/pt-pt\/wp-json\/wp\/v2\/media?parent=1038"}],"curies":[{"name":"wp","href":"https:\/\/api.w.org\/{rel}","templated":true}]}}