{"id":524,"date":"2024-04-22T12:23:28","date_gmt":"2024-04-22T12:23:28","guid":{"rendered":"https:\/\/www.earlham-ia.org\/quanto-custa-esta-eua\/"},"modified":"2026-05-06T12:07:48","modified_gmt":"2026-05-06T12:07:48","slug":"quanto-custa-esta-eua","status":"publish","type":"page","link":"https:\/\/www.earlham-ia.org\/pt-pt\/quanto-custa-esta-eua\/","title":{"rendered":"Quanto custa o ESTA?"},"content":{"rendered":"\n<p>Gostarias de viajar para os EUA com a <a href=\"https:\/\/www.earlham-ia.org\/pt-pt\/\">autoriza\u00e7\u00e3o ESTA<\/a>? Este procedimento administrativo \u00e9 muito simples e permite que um grande n\u00famero de viajantes se desloque aos Estados Unidos para viver o sonho americano a um custo mais baixo. <\/p>\n\n<p>Se \u00e9 nacional de um pa\u00eds membro do Programa de Isen\u00e7\u00e3o de Vistos e pretende transitar pelos Estados Unidos ou fazer uma viagem de neg\u00f3cios ou de turismo por via a\u00e9rea ou mar\u00edtima por um per\u00edodo m\u00e1ximo de 90 dias, com um passaporte biom\u00e9trico v\u00e1lido (ou passaporte eletr\u00f3nico), ent\u00e3o o ESTA \u00e9 o documento de que necessita para a sua estadia nos EUA. Se preencheres todos estes crit\u00e9rios de elegibilidade, o ESTA \u00e9 o documento de que precisas para a tua estadia nos EUA.   <\/p>\n\n<p>Gra\u00e7as ao ESTA, podes gozar umas f\u00e9rias de sonho no Estado americano da tua escolha, como a Carolina do Norte, a Florida, o Louisiana, etc. Apresentamos-te abaixo o pre\u00e7o de base de um ESTA France USA e os custos adicionais que podem ser aplicados em caso de assist\u00eancia. <\/p>\n\n<h2 class=\"wp-block-heading\">O ESTA gratuito \u00e9 agora um requisito para viajar para os EUA<\/h2>\n\n<p>Ir para os Estados Unidos \u00e9 mais complexo do que ir para um pa\u00eds do espa\u00e7o Schengen, sendo necess\u00e1ria uma autoriza\u00e7\u00e3o de viagem. Esta autoriza\u00e7\u00e3o pode assumir a forma de um visto americano, que pode ser solicitado na embaixada dos EUA, ou de um ESTA, que pode ser solicitado atrav\u00e9s de um formul\u00e1rio em linha. Os estrangeiros que pretendam uma estadia tempor\u00e1ria nos EUA para fins tur\u00edsticos ou de neg\u00f3cios podem solicitar um ESTA. O mesmo se aplica a uma escala.   <\/p>\n\n<p>Aquando da sua cria\u00e7\u00e3o, a autoriza\u00e7\u00e3o ESTA era gratuita. No entanto, as autoridades americanas rapidamente inverteram a sua posi\u00e7\u00e3o e tornaram o ESTA num servi\u00e7o pago. O ESTA \u00e9 uma medida de seguran\u00e7a introduzida no \u00e2mbito do VWP para refor\u00e7ar a seguran\u00e7a interna dos EUA. Permite que os viajantes sejam controlados antes mesmo de chegarem aos Estados Unidos.   <\/p>\n\n<h2 class=\"wp-block-heading\">O custo de um ESTA para viajar para os Estados Unidos<\/h2>\n\n<p>Se fizeres o pedido no site oficial do governo dos EUA, ver\u00e1s que o custo de um ESTA Estados Unidos \u00e9 de $40 desde setembro de 2025. Este pre\u00e7o \u00e9 fixo e n\u00e3o muda de um pa\u00eds para outro. <\/p>\n\n<p><\/p>\n\n<p>Se tiveres de fazer um novo pedido de ESTA porque obtiveste um novo passaporte, os teus dados pessoais mudaram ou o teu ESTA expirou, a taxa aplic\u00e1vel permanece a mesma. O mesmo se aplica se o teu pedido de autoriza\u00e7\u00e3o tiver sido recusado devido a um erro de introdu\u00e7\u00e3o. Certifica-te de que o teu ESTA est\u00e1 associado a um passaporte v\u00e1lido: a validade do teu ESTA depende do passaporte utilizado (n\u00famero do passaporte).  <\/p>\n\n<h3 class=\"wp-block-heading\">O ESTA continua a ser o mesmo pre\u00e7o?<\/h3>\n\n<p>O custo do ESTA depende da forma como o solicitas. Podes preferir utilizar um s\u00edtio Web privado para solicitar o teu ESTA. Esta escolha baseia-se geralmente no desejo de reduzir o risco de erro, delegando o pedido a uma equipa de profissionais. \u00c9 claro que a verifica\u00e7\u00e3o dos teus dados, o envio do formul\u00e1rio ESTA e a disponibiliza\u00e7\u00e3o de um agente para responder \u00e0s tuas perguntas t\u00eam um custo.   <\/p>\n\n<h2 class=\"wp-block-heading\">E o visto americano, \u00e9 mais barato do que o ESTA?<\/h2>\n\n<p>Quer encomendes um ESTA para a tua viagem aos Estados Unidos no site do governo americano ou num site privado, ver\u00e1s que o pre\u00e7o de um ESTA \u00e9 muito mais barato do que o de um visto dos EUA.<\/p>\n\n<p>O pedido de um visto de turista b2 requer um grande n\u00famero de documentos comprovativos, uma entrevista com um funcion\u00e1rio consular na Embaixada (ou Consulado) dos EUA, um per\u00edodo de espera de dura\u00e7\u00e3o vari\u00e1vel e uma taxa m\u00ednima de 185 d\u00f3lares.<\/p>\n\n<p>O ESTA n\u00e3o requer documentos comprovativos, n\u00e3o precisa de esperar (resposta em 72 horas), n\u00e3o precisa de viajar (pedido em linha) e \u00e9 muito mais barato do que um pedido de visto para uma estadia nos Estados Unidos. No entanto, se o ESTA for recusado, n\u00e3o ter\u00e1s outra op\u00e7\u00e3o sen\u00e3o pedir um visto para os EUA para poderes viajar para os Estados Unidos. <\/p>\n","protected":false},"excerpt":{"rendered":"<p>Gostarias de viajar para os EUA com a autoriza\u00e7\u00e3o ESTA? Este procedimento administrativo \u00e9 muito simples e permite que um grande n\u00famero de viajantes se desloque aos Estados Unidos para viver o sonho americano a um custo mais baixo. Se \u00e9 nacional de um pa\u00eds membro do Programa de Isen\u00e7\u00e3o de Vistos e pretende transitar [&hellip;]<\/p>\n","protected":false},"author":1,"featured_media":0,"parent":0,"menu_order":0,"comment_status":"closed","ping_status":"closed","template":"","meta":{"hide_page_title":"","footnotes":""},"class_list":["post-524","page","type-page","status-publish","hentry"],"yoast_head":"<!-- This site is optimized with the Yoast SEO plugin v27.5 - https:\/\/yoast.com\/product\/yoast-seo-wordpress\/ -->\n<title>Quanto custa o ESTA? - Viajar para os EUA<\/title>\n<meta name=\"robots\" content=\"index, follow, max-snippet:-1, max-image-preview:large, max-video-preview:-1\" \/>\n<link rel=\"canonical\" href=\"https:\/\/www.earlham-ia.org\/pt-pt\/quanto-custa-esta-eua\/\" \/>\n<meta property=\"og:locale\" content=\"pt_PT\" \/>\n<meta property=\"og:type\" content=\"article\" \/>\n<meta property=\"og:title\" content=\"Quanto custa o ESTA? - Viajar para os EUA\" \/>\n<meta property=\"og:description\" content=\"Gostarias de viajar para os EUA com a autoriza\u00e7\u00e3o ESTA? Este procedimento administrativo \u00e9 muito simples e permite que um grande n\u00famero de viajantes se desloque aos Estados Unidos para viver o sonho americano a um custo mais baixo. Se \u00e9 nacional de um pa\u00eds membro do Programa de Isen\u00e7\u00e3o de Vistos e pretende transitar [&hellip;]\" \/>\n<meta property=\"og:url\" content=\"https:\/\/www.earlham-ia.org\/pt-pt\/quanto-custa-esta-eua\/\" \/>\n<meta property=\"og:site_name\" content=\"Viajar para os EUA\" \/>\n<meta property=\"article:modified_time\" content=\"2026-05-06T12:07:48+00:00\" \/>\n<meta name=\"twitter:card\" content=\"summary_large_image\" \/>\n<meta name=\"twitter:label1\" content=\"Tempo estimado de leitura\" \/>\n\t<meta name=\"twitter:data1\" content=\"4 minutos\" \/>\n<script type=\"application\/ld+json\" class=\"yoast-schema-graph\">{\"@context\":\"https:\\\/\\\/schema.org\",\"@graph\":[{\"@type\":\"WebPage\",\"@id\":\"https:\\\/\\\/www.earlham-ia.org\\\/pt-pt\\\/quanto-custa-esta-eua\\\/\",\"url\":\"https:\\\/\\\/www.earlham-ia.org\\\/pt-pt\\\/quanto-custa-esta-eua\\\/\",\"name\":\"Quanto custa o ESTA? - Viajar para os EUA\",\"isPartOf\":{\"@id\":\"https:\\\/\\\/www.earlham-ia.org\\\/pt-pt\\\/#website\"},\"datePublished\":\"2024-04-22T12:23:28+00:00\",\"dateModified\":\"2026-05-06T12:07:48+00:00\",\"breadcrumb\":{\"@id\":\"https:\\\/\\\/www.earlham-ia.org\\\/pt-pt\\\/quanto-custa-esta-eua\\\/#breadcrumb\"},\"inLanguage\":\"pt-PT\",\"potentialAction\":[{\"@type\":\"ReadAction\",\"target\":[\"https:\\\/\\\/www.earlham-ia.org\\\/pt-pt\\\/quanto-custa-esta-eua\\\/\"]}]},{\"@type\":\"BreadcrumbList\",\"@id\":\"https:\\\/\\\/www.earlham-ia.org\\\/pt-pt\\\/quanto-custa-esta-eua\\\/#breadcrumb\",\"itemListElement\":[{\"@type\":\"ListItem\",\"position\":1,\"name\":\"Accueil\",\"item\":\"https:\\\/\\\/www.earlham-ia.org\\\/pt-pt\\\/\"},{\"@type\":\"ListItem\",\"position\":2,\"name\":\"Quanto custa o ESTA?\"}]},{\"@type\":\"WebSite\",\"@id\":\"https:\\\/\\\/www.earlham-ia.org\\\/pt-pt\\\/#website\",\"url\":\"https:\\\/\\\/www.earlham-ia.org\\\/pt-pt\\\/\",\"name\":\"Viajar para os EUA\",\"description\":\"\",\"potentialAction\":[{\"@type\":\"SearchAction\",\"target\":{\"@type\":\"EntryPoint\",\"urlTemplate\":\"https:\\\/\\\/www.earlham-ia.org\\\/pt-pt\\\/?s={search_term_string}\"},\"query-input\":{\"@type\":\"PropertyValueSpecification\",\"valueRequired\":true,\"valueName\":\"search_term_string\"}}],\"inLanguage\":\"pt-PT\"}]}<\/script>\n<!-- \/ Yoast SEO plugin. -->","yoast_head_json":{"title":"Quanto custa o ESTA? - Viajar para os EUA","robots":{"index":"index","follow":"follow","max-snippet":"max-snippet:-1","max-image-preview":"max-image-preview:large","max-video-preview":"max-video-preview:-1"},"canonical":"https:\/\/www.earlham-ia.org\/pt-pt\/quanto-custa-esta-eua\/","og_locale":"pt_PT","og_type":"article","og_title":"Quanto custa o ESTA? - Viajar para os EUA","og_description":"Gostarias de viajar para os EUA com a autoriza\u00e7\u00e3o ESTA? Este procedimento administrativo \u00e9 muito simples e permite que um grande n\u00famero de viajantes se desloque aos Estados Unidos para viver o sonho americano a um custo mais baixo. Se \u00e9 nacional de um pa\u00eds membro do Programa de Isen\u00e7\u00e3o de Vistos e pretende transitar [&hellip;]","og_url":"https:\/\/www.earlham-ia.org\/pt-pt\/quanto-custa-esta-eua\/","og_site_name":"Viajar para os EUA","article_modified_time":"2026-05-06T12:07:48+00:00","twitter_card":"summary_large_image","twitter_misc":{"Tempo estimado de leitura":"4 minutos"},"schema":{"@context":"https:\/\/schema.org","@graph":[{"@type":"WebPage","@id":"https:\/\/www.earlham-ia.org\/pt-pt\/quanto-custa-esta-eua\/","url":"https:\/\/www.earlham-ia.org\/pt-pt\/quanto-custa-esta-eua\/","name":"Quanto custa o ESTA? - Viajar para os EUA","isPartOf":{"@id":"https:\/\/www.earlham-ia.org\/pt-pt\/#website"},"datePublished":"2024-04-22T12:23:28+00:00","dateModified":"2026-05-06T12:07:48+00:00","breadcrumb":{"@id":"https:\/\/www.earlham-ia.org\/pt-pt\/quanto-custa-esta-eua\/#breadcrumb"},"inLanguage":"pt-PT","potentialAction":[{"@type":"ReadAction","target":["https:\/\/www.earlham-ia.org\/pt-pt\/quanto-custa-esta-eua\/"]}]},{"@type":"BreadcrumbList","@id":"https:\/\/www.earlham-ia.org\/pt-pt\/quanto-custa-esta-eua\/#breadcrumb","itemListElement":[{"@type":"ListItem","position":1,"name":"Accueil","item":"https:\/\/www.earlham-ia.org\/pt-pt\/"},{"@type":"ListItem","position":2,"name":"Quanto custa o ESTA?"}]},{"@type":"WebSite","@id":"https:\/\/www.earlham-ia.org\/pt-pt\/#website","url":"https:\/\/www.earlham-ia.org\/pt-pt\/","name":"Viajar para os EUA","description":"","potentialAction":[{"@type":"SearchAction","target":{"@type":"EntryPoint","urlTemplate":"https:\/\/www.earlham-ia.org\/pt-pt\/?s={search_term_string}"},"query-input":{"@type":"PropertyValueSpecification","valueRequired":true,"valueName":"search_term_string"}}],"inLanguage":"pt-PT"}]}},"_links":{"self":[{"href":"https:\/\/www.earlham-ia.org\/pt-pt\/wp-json\/wp\/v2\/pages\/524","targetHints":{"allow":["GET"]}}],"collection":[{"href":"https:\/\/www.earlham-ia.org\/pt-pt\/wp-json\/wp\/v2\/pages"}],"about":[{"href":"https:\/\/www.earlham-ia.org\/pt-pt\/wp-json\/wp\/v2\/types\/page"}],"author":[{"embeddable":true,"href":"https:\/\/www.earlham-ia.org\/pt-pt\/wp-json\/wp\/v2\/users\/1"}],"replies":[{"embeddable":true,"href":"https:\/\/www.earlham-ia.org\/pt-pt\/wp-json\/wp\/v2\/comments?post=524"}],"version-history":[{"count":5,"href":"https:\/\/www.earlham-ia.org\/pt-pt\/wp-json\/wp\/v2\/pages\/524\/revisions"}],"predecessor-version":[{"id":1257,"href":"https:\/\/www.earlham-ia.org\/pt-pt\/wp-json\/wp\/v2\/pages\/524\/revisions\/1257"}],"wp:attachment":[{"href":"https:\/\/www.earlham-ia.org\/pt-pt\/wp-json\/wp\/v2\/media?parent=524"}],"curies":[{"name":"wp","href":"https:\/\/api.w.org\/{rel}","templated":true}]}}