{"id":531,"date":"2024-04-22T12:24:55","date_gmt":"2024-04-22T12:24:55","guid":{"rendered":"https:\/\/www.earlham-ia.org\/quanto-tempo-dura-esta-eua\/"},"modified":"2026-05-06T12:09:00","modified_gmt":"2026-05-06T12:09:00","slug":"quanto-tempo-dura-esta-eua","status":"publish","type":"page","link":"https:\/\/www.earlham-ia.org\/pt-pt\/quanto-tempo-dura-esta-eua\/","title":{"rendered":"Quanto tempo dura o ESTA?"},"content":{"rendered":"\n<p>Como todas as autoriza\u00e7\u00f5es de viagem, <a href=\"https:\/\/www.earlham-ia.org\/pt-pt\/\">o ESTA<\/a> tem um prazo de validade que deve ser respeitado. Pode ser utilizado v\u00e1rias vezes durante o per\u00edodo estabelecido pelo governo dos EUA. Ap\u00f3s esse per\u00edodo, ter\u00e1s de solicitar uma nova ESTA.  <\/p>\n\n<p>Neste artigo, dizemos-te quanto tempo dura o ESTA e quando deves fazer um novo pedido.<\/p>\n\n<p><\/p>\n\n<h2 class=\"wp-block-heading\">Per\u00edodo de validade do ESTA<\/h2>\n\n<p>O Sistema Eletr\u00f3nico de Autoriza\u00e7\u00e3o de Viagem (ESTA) permite que os cidad\u00e3os de pa\u00edses abrangidos pelo Programa de Isen\u00e7\u00e3o de Vistos evitem pedir um visto americano na embaixada dos EUA.<\/p>\n\n<p>O pedido ESTA n\u00e3o exige quaisquer documentos comprovativos, mas est\u00e1 sujeito a uma s\u00e9rie de crit\u00e9rios de admiss\u00e3o relacionados com a estadia nos EUA (90 dias no m\u00e1ximo para uma estadia tur\u00edstica, uma viagem de neg\u00f3cios ou tr\u00e2nsito a\u00e9reo ou mar\u00edtimo), o passaporte (passaporte v\u00e1lido, biom\u00e9trico ou eletr\u00f3nico, emitido por um pa\u00eds membro do VWP) e o pr\u00f3prio viajante (n\u00e3o representa uma amea\u00e7a para a seguran\u00e7a nacional dos EUA).<\/p>\n\n<h3 class=\"wp-block-heading\">Quanto tempo demora a receber o ESTA?<\/h3>\n\n<p>Podes solicitar a autoriza\u00e7\u00e3o em linha utilizando o formul\u00e1rio ESTA. Para preencher o formul\u00e1rio, deves levar o teu passaporte contigo, pois as informa\u00e7\u00f5es a fornecer s\u00e3o as que constam do passaporte: apelido, nome pr\u00f3prio, data de nascimento, n\u00famero do passaporte, data de emiss\u00e3o, data de validade, etc. <\/p>\n\n<p>O formul\u00e1rio de candidatura pode ser encontrado no s\u00edtio Web oficial do Governo dos EUA. Para obter assist\u00eancia, o pedido em linha deve ser efectuado num s\u00edtio privado. <\/p>\n\n<p>Em geral, um pedido de autoriza\u00e7\u00e3o \u00e9 tratado no prazo de 72 horas pelas autoridades americanas. Por vezes, \u00e9 mesmo poss\u00edvel receber uma resposta em apenas alguns minutos. <\/p>\n\n<h3 class=\"wp-block-heading\">Validade do ESTA<\/h3>\n\n<p>O ESTA USA \u00e9 oficialmente v\u00e1lido por dois anos. Depois de receberes a aprova\u00e7\u00e3o das autoridades americanas para a tua viagem aos EUA, tens o direito de embarcar num avi\u00e3o ou barco com destino aos Estados Unidos da Am\u00e9rica. <\/p>\n\n<h3 class=\"wp-block-heading\">Quantas vezes posso viajar para os EUA com um ESTA?<\/h3>\n\n<p>\u00c9 importante notar que n\u00e3o est\u00e1s limitado a uma \u00fanica entrada nos Estados Unidos com um ESTA. Podes fazer v\u00e1rias visitas aos Estados Unidos, desde que nunca passes mais de 90 dias em solo americano de cada vez. <\/p>\n\n<p>Conselho aos viajantes: n\u00e3o utilizes abusivamente o ESTA para viver nos EUA. Os funcion\u00e1rios dos servi\u00e7os de imigra\u00e7\u00e3o t\u00eam o direito de te recusar a entrada nos EUA se considerarem que as tuas viagens aos Estados Unidos s\u00e3o demasiado pr\u00f3ximas. <\/p>\n\n<h2 class=\"wp-block-heading\">Quando \u00e9 que devo renovar a minha autoriza\u00e7\u00e3o ESTA?<\/h2>\n\n<p>O ESTA deve ser renovado quando deixar de ser v\u00e1lido. Isto pode dever-se a uma expira\u00e7\u00e3o ou a uma altera\u00e7\u00e3o. <\/p>\n\n<p>O ESTA \u00e9 v\u00e1lido por dois anos, desde que o teu passaporte n\u00e3o expire antes dessa data (a dura\u00e7\u00e3o depende da validade do passaporte). Do mesmo modo, a autoriza\u00e7\u00e3o caduca se o teu passaporte mudar (novo passaporte na sequ\u00eancia de um passaporte caducado ou roubado ou de uma altera\u00e7\u00e3o da tua situa\u00e7\u00e3o pessoal). <\/p>\n\n<p>Se n\u00e3o tiveres um passaporte v\u00e1lido, marca uma consulta na Mairie do teu bairro. A emiss\u00e3o de um passaporte franc\u00eas pode demorar algum tempo, por isso planeia com anteced\u00eancia. Ter\u00e1s de preencher um formul\u00e1rio, fornecer fotografias tipo passe e registar as tuas impress\u00f5es digitais. Assim que tiveres o teu novo passaporte biom\u00e9trico, tudo o que tens a fazer \u00e9 pedir um ESTA, no site do governo ou num site privado, e fazer a tua viagem para os Estados Unidos.   <\/p>\n","protected":false},"excerpt":{"rendered":"<p>Como todas as autoriza\u00e7\u00f5es de viagem, o ESTA tem um prazo de validade que deve ser respeitado. Pode ser utilizado v\u00e1rias vezes durante o per\u00edodo estabelecido pelo governo dos EUA. Ap\u00f3s esse per\u00edodo, ter\u00e1s de solicitar uma nova ESTA. Neste artigo, dizemos-te quanto tempo dura o ESTA e quando deves fazer um novo pedido. Per\u00edodo [&hellip;]<\/p>\n","protected":false},"author":1,"featured_media":0,"parent":0,"menu_order":0,"comment_status":"closed","ping_status":"closed","template":"","meta":{"hide_page_title":"","footnotes":""},"class_list":["post-531","page","type-page","status-publish","hentry"],"yoast_head":"<!-- This site is optimized with the Yoast SEO plugin v27.5 - https:\/\/yoast.com\/product\/yoast-seo-wordpress\/ -->\n<title>Quanto tempo dura o ESTA? - Viajar para os EUA<\/title>\n<meta name=\"robots\" content=\"index, follow, max-snippet:-1, max-image-preview:large, max-video-preview:-1\" \/>\n<link rel=\"canonical\" href=\"https:\/\/www.earlham-ia.org\/pt-pt\/quanto-tempo-dura-esta-eua\/\" \/>\n<meta property=\"og:locale\" content=\"pt_PT\" \/>\n<meta property=\"og:type\" content=\"article\" \/>\n<meta property=\"og:title\" content=\"Quanto tempo dura o ESTA? - Viajar para os EUA\" \/>\n<meta property=\"og:description\" content=\"Como todas as autoriza\u00e7\u00f5es de viagem, o ESTA tem um prazo de validade que deve ser respeitado. Pode ser utilizado v\u00e1rias vezes durante o per\u00edodo estabelecido pelo governo dos EUA. Ap\u00f3s esse per\u00edodo, ter\u00e1s de solicitar uma nova ESTA. Neste artigo, dizemos-te quanto tempo dura o ESTA e quando deves fazer um novo pedido. Per\u00edodo [&hellip;]\" \/>\n<meta property=\"og:url\" content=\"https:\/\/www.earlham-ia.org\/pt-pt\/quanto-tempo-dura-esta-eua\/\" \/>\n<meta property=\"og:site_name\" content=\"Viajar para os EUA\" \/>\n<meta property=\"article:modified_time\" content=\"2026-05-06T12:09:00+00:00\" \/>\n<meta name=\"twitter:card\" content=\"summary_large_image\" \/>\n<meta name=\"twitter:label1\" content=\"Tempo estimado de leitura\" \/>\n\t<meta name=\"twitter:data1\" content=\"3 minutos\" \/>\n<script type=\"application\/ld+json\" class=\"yoast-schema-graph\">{\"@context\":\"https:\\\/\\\/schema.org\",\"@graph\":[{\"@type\":\"WebPage\",\"@id\":\"https:\\\/\\\/www.earlham-ia.org\\\/pt-pt\\\/quanto-tempo-dura-esta-eua\\\/\",\"url\":\"https:\\\/\\\/www.earlham-ia.org\\\/pt-pt\\\/quanto-tempo-dura-esta-eua\\\/\",\"name\":\"Quanto tempo dura o ESTA? - Viajar para os EUA\",\"isPartOf\":{\"@id\":\"https:\\\/\\\/www.earlham-ia.org\\\/pt-pt\\\/#website\"},\"datePublished\":\"2024-04-22T12:24:55+00:00\",\"dateModified\":\"2026-05-06T12:09:00+00:00\",\"breadcrumb\":{\"@id\":\"https:\\\/\\\/www.earlham-ia.org\\\/pt-pt\\\/quanto-tempo-dura-esta-eua\\\/#breadcrumb\"},\"inLanguage\":\"pt-PT\",\"potentialAction\":[{\"@type\":\"ReadAction\",\"target\":[\"https:\\\/\\\/www.earlham-ia.org\\\/pt-pt\\\/quanto-tempo-dura-esta-eua\\\/\"]}]},{\"@type\":\"BreadcrumbList\",\"@id\":\"https:\\\/\\\/www.earlham-ia.org\\\/pt-pt\\\/quanto-tempo-dura-esta-eua\\\/#breadcrumb\",\"itemListElement\":[{\"@type\":\"ListItem\",\"position\":1,\"name\":\"Accueil\",\"item\":\"https:\\\/\\\/www.earlham-ia.org\\\/pt-pt\\\/\"},{\"@type\":\"ListItem\",\"position\":2,\"name\":\"Quanto tempo dura o ESTA?\"}]},{\"@type\":\"WebSite\",\"@id\":\"https:\\\/\\\/www.earlham-ia.org\\\/pt-pt\\\/#website\",\"url\":\"https:\\\/\\\/www.earlham-ia.org\\\/pt-pt\\\/\",\"name\":\"Viajar para os EUA\",\"description\":\"\",\"potentialAction\":[{\"@type\":\"SearchAction\",\"target\":{\"@type\":\"EntryPoint\",\"urlTemplate\":\"https:\\\/\\\/www.earlham-ia.org\\\/pt-pt\\\/?s={search_term_string}\"},\"query-input\":{\"@type\":\"PropertyValueSpecification\",\"valueRequired\":true,\"valueName\":\"search_term_string\"}}],\"inLanguage\":\"pt-PT\"}]}<\/script>\n<!-- \/ Yoast SEO plugin. -->","yoast_head_json":{"title":"Quanto tempo dura o ESTA? - Viajar para os EUA","robots":{"index":"index","follow":"follow","max-snippet":"max-snippet:-1","max-image-preview":"max-image-preview:large","max-video-preview":"max-video-preview:-1"},"canonical":"https:\/\/www.earlham-ia.org\/pt-pt\/quanto-tempo-dura-esta-eua\/","og_locale":"pt_PT","og_type":"article","og_title":"Quanto tempo dura o ESTA? - Viajar para os EUA","og_description":"Como todas as autoriza\u00e7\u00f5es de viagem, o ESTA tem um prazo de validade que deve ser respeitado. Pode ser utilizado v\u00e1rias vezes durante o per\u00edodo estabelecido pelo governo dos EUA. Ap\u00f3s esse per\u00edodo, ter\u00e1s de solicitar uma nova ESTA. Neste artigo, dizemos-te quanto tempo dura o ESTA e quando deves fazer um novo pedido. Per\u00edodo [&hellip;]","og_url":"https:\/\/www.earlham-ia.org\/pt-pt\/quanto-tempo-dura-esta-eua\/","og_site_name":"Viajar para os EUA","article_modified_time":"2026-05-06T12:09:00+00:00","twitter_card":"summary_large_image","twitter_misc":{"Tempo estimado de leitura":"3 minutos"},"schema":{"@context":"https:\/\/schema.org","@graph":[{"@type":"WebPage","@id":"https:\/\/www.earlham-ia.org\/pt-pt\/quanto-tempo-dura-esta-eua\/","url":"https:\/\/www.earlham-ia.org\/pt-pt\/quanto-tempo-dura-esta-eua\/","name":"Quanto tempo dura o ESTA? - Viajar para os EUA","isPartOf":{"@id":"https:\/\/www.earlham-ia.org\/pt-pt\/#website"},"datePublished":"2024-04-22T12:24:55+00:00","dateModified":"2026-05-06T12:09:00+00:00","breadcrumb":{"@id":"https:\/\/www.earlham-ia.org\/pt-pt\/quanto-tempo-dura-esta-eua\/#breadcrumb"},"inLanguage":"pt-PT","potentialAction":[{"@type":"ReadAction","target":["https:\/\/www.earlham-ia.org\/pt-pt\/quanto-tempo-dura-esta-eua\/"]}]},{"@type":"BreadcrumbList","@id":"https:\/\/www.earlham-ia.org\/pt-pt\/quanto-tempo-dura-esta-eua\/#breadcrumb","itemListElement":[{"@type":"ListItem","position":1,"name":"Accueil","item":"https:\/\/www.earlham-ia.org\/pt-pt\/"},{"@type":"ListItem","position":2,"name":"Quanto tempo dura o ESTA?"}]},{"@type":"WebSite","@id":"https:\/\/www.earlham-ia.org\/pt-pt\/#website","url":"https:\/\/www.earlham-ia.org\/pt-pt\/","name":"Viajar para os EUA","description":"","potentialAction":[{"@type":"SearchAction","target":{"@type":"EntryPoint","urlTemplate":"https:\/\/www.earlham-ia.org\/pt-pt\/?s={search_term_string}"},"query-input":{"@type":"PropertyValueSpecification","valueRequired":true,"valueName":"search_term_string"}}],"inLanguage":"pt-PT"}]}},"_links":{"self":[{"href":"https:\/\/www.earlham-ia.org\/pt-pt\/wp-json\/wp\/v2\/pages\/531","targetHints":{"allow":["GET"]}}],"collection":[{"href":"https:\/\/www.earlham-ia.org\/pt-pt\/wp-json\/wp\/v2\/pages"}],"about":[{"href":"https:\/\/www.earlham-ia.org\/pt-pt\/wp-json\/wp\/v2\/types\/page"}],"author":[{"embeddable":true,"href":"https:\/\/www.earlham-ia.org\/pt-pt\/wp-json\/wp\/v2\/users\/1"}],"replies":[{"embeddable":true,"href":"https:\/\/www.earlham-ia.org\/pt-pt\/wp-json\/wp\/v2\/comments?post=531"}],"version-history":[{"count":3,"href":"https:\/\/www.earlham-ia.org\/pt-pt\/wp-json\/wp\/v2\/pages\/531\/revisions"}],"predecessor-version":[{"id":1272,"href":"https:\/\/www.earlham-ia.org\/pt-pt\/wp-json\/wp\/v2\/pages\/531\/revisions\/1272"}],"wp:attachment":[{"href":"https:\/\/www.earlham-ia.org\/pt-pt\/wp-json\/wp\/v2\/media?parent=531"}],"curies":[{"name":"wp","href":"https:\/\/api.w.org\/{rel}","templated":true}]}}