{"id":543,"date":"2024-04-24T19:10:15","date_gmt":"2024-04-24T19:10:15","guid":{"rendered":"https:\/\/www.earlham-ia.org\/como-preencher-esta\/"},"modified":"2026-05-06T12:09:00","modified_gmt":"2026-05-06T12:09:00","slug":"como-preencher-esta","status":"publish","type":"page","link":"https:\/\/www.earlham-ia.org\/pt-pt\/como-preencher-esta\/","title":{"rendered":"Como \u00e9 que preencho o ESTA?"},"content":{"rendered":"\n<p>Antes de viajar para os EUA, \u00e9 essencial que todos os viajantes obtenham uma autoriza\u00e7\u00e3o de viagem. Viajar para os Estados Unidos n\u00e3o \u00e9 o mesmo que viajar dentro do espa\u00e7o Schengen. Um simples bilhete de identidade n\u00e3o \u00e9 suficiente. N\u00e3o s\u00f3 os turistas t\u00eam de ter um passaporte v\u00e1lido, como tamb\u00e9m t\u00eam de cumprir uma s\u00e9rie de outras condi\u00e7\u00f5es para obterem<a href=\"https:\/\/www.earlham-ia.org\/pt-pt\/\">a autoriza\u00e7\u00e3o ESTA<\/a>.   <\/p>\n\n<p>Para tornar as coisas mais claras, vamos primeiro ver a import\u00e2ncia de preencher corretamente o ESTA, antes de revelar as informa\u00e7\u00f5es que te ser\u00e3o pedidas no formul\u00e1rio online.<\/p>\n\n<h2 class=\"wp-block-heading\">A import\u00e2ncia de preencher corretamente o documento ESTA<\/h2>\n\n<p>Antes de preencher um ESTA, \u00e9 importante determinar se \u00e9s eleg\u00edvel.<\/p>\n\n<h3 class=\"wp-block-heading\">Quem deve utilizar o formul\u00e1rio ESTA?<\/h3>\n\n<p>O ESTA \u00e9 uma das medidas de seguran\u00e7a introduzidas na sequ\u00eancia dos atentados de 11 de setembro. Por conseguinte, est\u00e1 sujeito a condi\u00e7\u00f5es espec\u00edficas. <\/p>\n\n<p>Os viajantes devem :<\/p>\n\n<ul class=\"wp-block-list\">\n<li>possuir um passaporte biom\u00e9trico ou eletr\u00f3nico ;<\/li>\n\n\n\n<li>ser origin\u00e1rio de um pa\u00eds membro do VWP (Visa Waiver Program), que \u00e9 um programa de isen\u00e7\u00e3o de vistos dos EUA, sujeito a restri\u00e7\u00f5es em rela\u00e7\u00e3o a determinadas binacionalidades;<\/li>\n\n\n\n<li>Viajar para os EUA por via a\u00e9rea ou mar\u00edtima, para turismo, neg\u00f3cios ou apenas de passagem;<\/li>\n\n\n\n<li>planeia uma estadia tempor\u00e1ria (90 dias no m\u00e1ximo).<\/li>\n<\/ul>\n\n<p>Se um dos crit\u00e9rios acima n\u00e3o se aplicar a ti, n\u00e3o h\u00e1 necessidade de preencher o ESTA. Em vez disso, dirige-te \u00e0 embaixada americana para pedires um visto para os EUA. <\/p>\n\n<h3 class=\"wp-block-heading\">Porque \u00e9 que tenho de ter cuidado ao preencher o formul\u00e1rio de candidatura em linha?<\/h3>\n\n<p>Ao preencheres o teu pedido de autoriza\u00e7\u00e3o de perman\u00eancia nos EUA, deves estar atento e ser honesto.<\/p>\n\n<p>Tens de estar atento, porque o ESTA \u00e9 obtido atrav\u00e9s de um pedido em linha. O formul\u00e1rio a preencher \u00e9 automaticamente controlado por sistemas electr\u00f3nicos. Uma simples incoer\u00eancia, como um erro de dactilografia, por exemplo, \u00e9 motivo suficiente para recusar um pedido de ESTA. O erro mais frequente diz respeito ao n\u00famero do passaporte ou \u00e0 escolha do apelido a introduzir por uma mulher casada (nome de casada ou nome de solteira).   <\/p>\n\n<p>A honestidade entra em jogo no question\u00e1rio de preenchimento do formul\u00e1rio ESTA. Ser-lhe-\u00e1 feita uma s\u00e9rie de perguntas e as autoridades americanas esperam que responda &#8220;n\u00e3o&#8221; para que o seu pedido de autoriza\u00e7\u00e3o seja validado. \u00c9 certo que o governo americano n\u00e3o pode necessariamente saber se uma mentira se infiltrou, mas se for descoberta, arrisca-se a ser processado e a ser inadmiss\u00edvel.  <\/p>\n\n<h2 class=\"wp-block-heading\">Informa\u00e7\u00f5es a fornecer no formul\u00e1rio ESTA<\/h2>\n\n<p>O preenchimento de um ESTA implica o preenchimento de um formul\u00e1rio online. Podes preencher o formul\u00e1rio ESTA no site oficial do governo americano ou preencher um formul\u00e1rio simplificado num site privado. O s\u00edtio privado tamb\u00e9m te oferece assist\u00eancia personalizada para te ajudar a preencher corretamente o teu ESTA.  <\/p>\n\n<h3 class=\"wp-block-heading\">Os teus dados pessoais<\/h3>\n\n<p>Preencher um pedido de ESTA significa fornecer todas as suas informa\u00e7\u00f5es pessoais, desde o seu estado civil e dados de contacto at\u00e9 \u00e0 identidade dos seus pais e detalhes do seu emprego. Tamb\u00e9m tens de fornecer os dados do teu passaporte: n\u00famero do passaporte, data de emiss\u00e3o e de expira\u00e7\u00e3o. Desde a chegada do Coronav\u00edrus, as informa\u00e7\u00f5es sobre o teu estado de sa\u00fade foram refor\u00e7adas para conhecer o teu estado de vacina\u00e7\u00e3o.  <\/p>\n\n<h3 class=\"wp-block-heading\">A tua estadia nos EUA<\/h3>\n\n<p>N\u00e3o \u00e9 necess\u00e1rio comprar o bilhete de avi\u00e3o antes de solicitar um ESTA, uma vez que os dados relativos ao voo n\u00e3o s\u00e3o solicitados. Deve determinar se o pedido de autoriza\u00e7\u00e3o diz respeito a um tr\u00e2nsito ou a uma estadia. No caso de uma estadia, \u00e9 necess\u00e1rio um endere\u00e7o nos EUA, bem como um contacto de emerg\u00eancia.  <\/p>\n\n<p>Lembra-te que o ESTA \u00e9 v\u00e1lido por um per\u00edodo m\u00e1ximo de 2 anos, durante o qual podes fazer quantas estadias curtas quiseres. Aconselhamos, portanto, que apresentes um pedido de ESTA para uma estadia e n\u00e3o apenas para uma escala, especialmente porque o campo do endere\u00e7o local pode ser alterado a qualquer momento. <\/p>\n\n<h3 class=\"wp-block-heading\">A tua situa\u00e7\u00e3o atual<\/h3>\n\n<p>O objetivo da s\u00e9rie de perguntas fechadas, j\u00e1 mencionada anteriormente, \u00e9 determinar se representas uma amea\u00e7a para a seguran\u00e7a interna americana. As perguntas referem-se principalmente ao teu estado de sa\u00fade, ao teu registo criminal, ao teu consumo de drogas, \u00e0 tua participa\u00e7\u00e3o numa rede criminosa, \u00e0s tuas visitas anteriores a pa\u00edses de alto risco, etc. <\/p>\n\n<p>Depois de preencheres o formul\u00e1rio ESTA, deves pagar a taxa exigida para validar o teu pedido. Receber\u00e1s uma resposta no prazo de 72 horas. <\/p>\n","protected":false},"excerpt":{"rendered":"<p>Antes de viajar para os EUA, \u00e9 essencial que todos os viajantes obtenham uma autoriza\u00e7\u00e3o de viagem. Viajar para os Estados Unidos n\u00e3o \u00e9 o mesmo que viajar dentro do espa\u00e7o Schengen. Um simples bilhete de identidade n\u00e3o \u00e9 suficiente. N\u00e3o s\u00f3 os turistas t\u00eam de ter um passaporte v\u00e1lido, como tamb\u00e9m t\u00eam de cumprir [&hellip;]<\/p>\n","protected":false},"author":1,"featured_media":0,"parent":0,"menu_order":0,"comment_status":"closed","ping_status":"closed","template":"","meta":{"hide_page_title":"","footnotes":""},"class_list":["post-543","page","type-page","status-publish","hentry"],"yoast_head":"<!-- This site is optimized with the Yoast SEO plugin v27.5 - https:\/\/yoast.com\/product\/yoast-seo-wordpress\/ -->\n<title>Como \u00e9 que preencho o ESTA? - Viajar para os EUA<\/title>\n<meta name=\"robots\" content=\"index, follow, max-snippet:-1, max-image-preview:large, max-video-preview:-1\" \/>\n<link rel=\"canonical\" href=\"https:\/\/www.earlham-ia.org\/pt-pt\/como-preencher-esta\/\" \/>\n<meta property=\"og:locale\" content=\"pt_PT\" \/>\n<meta property=\"og:type\" content=\"article\" \/>\n<meta property=\"og:title\" content=\"Como \u00e9 que preencho o ESTA? - Viajar para os EUA\" \/>\n<meta property=\"og:description\" content=\"Antes de viajar para os EUA, \u00e9 essencial que todos os viajantes obtenham uma autoriza\u00e7\u00e3o de viagem. Viajar para os Estados Unidos n\u00e3o \u00e9 o mesmo que viajar dentro do espa\u00e7o Schengen. Um simples bilhete de identidade n\u00e3o \u00e9 suficiente. N\u00e3o s\u00f3 os turistas t\u00eam de ter um passaporte v\u00e1lido, como tamb\u00e9m t\u00eam de cumprir [&hellip;]\" \/>\n<meta property=\"og:url\" content=\"https:\/\/www.earlham-ia.org\/pt-pt\/como-preencher-esta\/\" \/>\n<meta property=\"og:site_name\" content=\"Viajar para os EUA\" \/>\n<meta property=\"article:modified_time\" content=\"2026-05-06T12:09:00+00:00\" \/>\n<meta name=\"twitter:card\" content=\"summary_large_image\" \/>\n<meta name=\"twitter:label1\" content=\"Tempo estimado de leitura\" \/>\n\t<meta name=\"twitter:data1\" content=\"4 minutos\" \/>\n<script type=\"application\/ld+json\" class=\"yoast-schema-graph\">{\"@context\":\"https:\\\/\\\/schema.org\",\"@graph\":[{\"@type\":\"WebPage\",\"@id\":\"https:\\\/\\\/www.earlham-ia.org\\\/pt-pt\\\/como-preencher-esta\\\/\",\"url\":\"https:\\\/\\\/www.earlham-ia.org\\\/pt-pt\\\/como-preencher-esta\\\/\",\"name\":\"Como \u00e9 que preencho o ESTA? - Viajar para os EUA\",\"isPartOf\":{\"@id\":\"https:\\\/\\\/www.earlham-ia.org\\\/pt-pt\\\/#website\"},\"datePublished\":\"2024-04-24T19:10:15+00:00\",\"dateModified\":\"2026-05-06T12:09:00+00:00\",\"breadcrumb\":{\"@id\":\"https:\\\/\\\/www.earlham-ia.org\\\/pt-pt\\\/como-preencher-esta\\\/#breadcrumb\"},\"inLanguage\":\"pt-PT\",\"potentialAction\":[{\"@type\":\"ReadAction\",\"target\":[\"https:\\\/\\\/www.earlham-ia.org\\\/pt-pt\\\/como-preencher-esta\\\/\"]}]},{\"@type\":\"BreadcrumbList\",\"@id\":\"https:\\\/\\\/www.earlham-ia.org\\\/pt-pt\\\/como-preencher-esta\\\/#breadcrumb\",\"itemListElement\":[{\"@type\":\"ListItem\",\"position\":1,\"name\":\"Accueil\",\"item\":\"https:\\\/\\\/www.earlham-ia.org\\\/pt-pt\\\/\"},{\"@type\":\"ListItem\",\"position\":2,\"name\":\"Como \u00e9 que preencho o ESTA?\"}]},{\"@type\":\"WebSite\",\"@id\":\"https:\\\/\\\/www.earlham-ia.org\\\/pt-pt\\\/#website\",\"url\":\"https:\\\/\\\/www.earlham-ia.org\\\/pt-pt\\\/\",\"name\":\"Viajar para os EUA\",\"description\":\"\",\"potentialAction\":[{\"@type\":\"SearchAction\",\"target\":{\"@type\":\"EntryPoint\",\"urlTemplate\":\"https:\\\/\\\/www.earlham-ia.org\\\/pt-pt\\\/?s={search_term_string}\"},\"query-input\":{\"@type\":\"PropertyValueSpecification\",\"valueRequired\":true,\"valueName\":\"search_term_string\"}}],\"inLanguage\":\"pt-PT\"}]}<\/script>\n<!-- \/ Yoast SEO plugin. -->","yoast_head_json":{"title":"Como \u00e9 que preencho o ESTA? - Viajar para os EUA","robots":{"index":"index","follow":"follow","max-snippet":"max-snippet:-1","max-image-preview":"max-image-preview:large","max-video-preview":"max-video-preview:-1"},"canonical":"https:\/\/www.earlham-ia.org\/pt-pt\/como-preencher-esta\/","og_locale":"pt_PT","og_type":"article","og_title":"Como \u00e9 que preencho o ESTA? - Viajar para os EUA","og_description":"Antes de viajar para os EUA, \u00e9 essencial que todos os viajantes obtenham uma autoriza\u00e7\u00e3o de viagem. Viajar para os Estados Unidos n\u00e3o \u00e9 o mesmo que viajar dentro do espa\u00e7o Schengen. Um simples bilhete de identidade n\u00e3o \u00e9 suficiente. N\u00e3o s\u00f3 os turistas t\u00eam de ter um passaporte v\u00e1lido, como tamb\u00e9m t\u00eam de cumprir [&hellip;]","og_url":"https:\/\/www.earlham-ia.org\/pt-pt\/como-preencher-esta\/","og_site_name":"Viajar para os EUA","article_modified_time":"2026-05-06T12:09:00+00:00","twitter_card":"summary_large_image","twitter_misc":{"Tempo estimado de leitura":"4 minutos"},"schema":{"@context":"https:\/\/schema.org","@graph":[{"@type":"WebPage","@id":"https:\/\/www.earlham-ia.org\/pt-pt\/como-preencher-esta\/","url":"https:\/\/www.earlham-ia.org\/pt-pt\/como-preencher-esta\/","name":"Como \u00e9 que preencho o ESTA? - Viajar para os EUA","isPartOf":{"@id":"https:\/\/www.earlham-ia.org\/pt-pt\/#website"},"datePublished":"2024-04-24T19:10:15+00:00","dateModified":"2026-05-06T12:09:00+00:00","breadcrumb":{"@id":"https:\/\/www.earlham-ia.org\/pt-pt\/como-preencher-esta\/#breadcrumb"},"inLanguage":"pt-PT","potentialAction":[{"@type":"ReadAction","target":["https:\/\/www.earlham-ia.org\/pt-pt\/como-preencher-esta\/"]}]},{"@type":"BreadcrumbList","@id":"https:\/\/www.earlham-ia.org\/pt-pt\/como-preencher-esta\/#breadcrumb","itemListElement":[{"@type":"ListItem","position":1,"name":"Accueil","item":"https:\/\/www.earlham-ia.org\/pt-pt\/"},{"@type":"ListItem","position":2,"name":"Como \u00e9 que preencho o ESTA?"}]},{"@type":"WebSite","@id":"https:\/\/www.earlham-ia.org\/pt-pt\/#website","url":"https:\/\/www.earlham-ia.org\/pt-pt\/","name":"Viajar para os EUA","description":"","potentialAction":[{"@type":"SearchAction","target":{"@type":"EntryPoint","urlTemplate":"https:\/\/www.earlham-ia.org\/pt-pt\/?s={search_term_string}"},"query-input":{"@type":"PropertyValueSpecification","valueRequired":true,"valueName":"search_term_string"}}],"inLanguage":"pt-PT"}]}},"_links":{"self":[{"href":"https:\/\/www.earlham-ia.org\/pt-pt\/wp-json\/wp\/v2\/pages\/543","targetHints":{"allow":["GET"]}}],"collection":[{"href":"https:\/\/www.earlham-ia.org\/pt-pt\/wp-json\/wp\/v2\/pages"}],"about":[{"href":"https:\/\/www.earlham-ia.org\/pt-pt\/wp-json\/wp\/v2\/types\/page"}],"author":[{"embeddable":true,"href":"https:\/\/www.earlham-ia.org\/pt-pt\/wp-json\/wp\/v2\/users\/1"}],"replies":[{"embeddable":true,"href":"https:\/\/www.earlham-ia.org\/pt-pt\/wp-json\/wp\/v2\/comments?post=543"}],"version-history":[{"count":3,"href":"https:\/\/www.earlham-ia.org\/pt-pt\/wp-json\/wp\/v2\/pages\/543\/revisions"}],"predecessor-version":[{"id":1267,"href":"https:\/\/www.earlham-ia.org\/pt-pt\/wp-json\/wp\/v2\/pages\/543\/revisions\/1267"}],"wp:attachment":[{"href":"https:\/\/www.earlham-ia.org\/pt-pt\/wp-json\/wp\/v2\/media?parent=543"}],"curies":[{"name":"wp","href":"https:\/\/api.w.org\/{rel}","templated":true}]}}