{"id":577,"date":"2024-04-24T19:46:15","date_gmt":"2024-04-24T19:46:15","guid":{"rendered":"https:\/\/www.earlham-ia.org\/como-encontrar-esta\/"},"modified":"2026-05-06T12:09:01","modified_gmt":"2026-05-06T12:09:01","slug":"como-encontrar-esta","status":"publish","type":"page","link":"https:\/\/www.earlham-ia.org\/pt-pt\/como-encontrar-esta\/","title":{"rendered":"Como \u00e9 que obtenho um ESTA?"},"content":{"rendered":"\n<p><a href=\"https:\/\/www.earlham-ia.org\/pt-pt\/\">O ESTA<\/a> \u00e9 uma autoriza\u00e7\u00e3o eletr\u00f3nica de viagem concedida aos nacionais de pa\u00edses que s\u00e3o membros do Programa de Isen\u00e7\u00e3o de Vistos dos EUA. Podes encontrar a lista dos pa\u00edses abrangidos por este programa no s\u00edtio Web do Governo dos EUA. <\/p>\n\n<p>Os cidad\u00e3os estrangeiros que pretendam viajar para os EUA ao abrigo do ESTA devem possuir um passaporte biom\u00e9trico ou eletr\u00f3nico e viajar para os EUA em turismo, neg\u00f3cios ou tr\u00e2nsito.<\/p>\n\n<p>Candidataste-te ao ESTA para a tua pr\u00f3xima viagem aos EUA, mas n\u00e3o consegues encontrar a tua autoriza\u00e7\u00e3o ESTA? Explicamos-te abaixo como encontrar a tua ESTA. <\/p>\n\n<h2 class=\"wp-block-heading\">Obter a autoriza\u00e7\u00e3o ESTA<\/h2>\n\n<p>Tentar encontrar um ESTA significa tentar verificar se ele foi obtido ou se ainda \u00e9 v\u00e1lido. Se desejas recuperar o teu ESTA para o apresentar \u00e0s autoridades americanas, deves saber que n\u00e3o h\u00e1 necessidade de o fazer. N\u00e3o te ser\u00e1 pedido que apresentes o teu ESTA em formato papel. Uma vez que o n\u00famero do passaporte est\u00e1 ligado \u00e0 autoriza\u00e7\u00e3o, tudo o que precisas \u00e9 do teu passaporte v\u00e1lido. Certifica-te, no entanto, de que o teu passaporte atual \u00e9 o passaporte utilizado para preencher o formul\u00e1rio de pedido.    <\/p>\n\n<p>O processo de obten\u00e7\u00e3o de um ESTA depende da forma como foi obtido.<\/p>\n\n<h3 class=\"wp-block-heading\">Procura um ESTA encomendado atrav\u00e9s do formul\u00e1rio ESTA no s\u00edtio Web oficial<\/h3>\n\n<p>Para obter um ESTA, basta visitar o website do governo dos EUA e clicar no separador &#8220;verificar o estado do pedido&#8221;. Ou sabes o teu n\u00famero ESTA e simplesmente preenche-o, juntamente com o n\u00famero do teu passaporte e a data de nascimento, ou n\u00e3o sabes o teu n\u00famero ESTA e tens de fornecer o n\u00famero do teu passaporte, o pa\u00eds emissor, a data de emiss\u00e3o, a data de expira\u00e7\u00e3o e a data de nascimento. Depois clica em &#8220;recuperar o pedido&#8221; e j\u00e1 est\u00e1.  <\/p>\n\n<h2 class=\"wp-block-heading\">N\u00e3o consegues encontrar um ESTA USA?<\/h2>\n\n<p>Seguiste as nossas instru\u00e7\u00f5es para encontrar o teu ESTA, mas n\u00e3o obtiveste resultados? Ou o teu pedido de autoriza\u00e7\u00e3o n\u00e3o foi tido em conta, o que \u00e9 muito raro (a menos que tenha havido fraude), ou o teu ESTA j\u00e1 n\u00e3o \u00e9 v\u00e1lido. <\/p>\n\n<p>Um ESTA perde a sua validade quando o per\u00edodo oficial de validade de dois anos tiver expirado, mas tamb\u00e9m quando for emitido um novo passaporte. Um novo passaporte implica um novo pedido. Contudo, um novo pedido n\u00e3o ser\u00e1 automaticamente aceite, uma vez que os pedidos s\u00e3o processados de forma independente. Por isso, tem cuidado para n\u00e3o seres recusado e for\u00e7ado a pedir um visto na embaixada americana.   <\/p>\n\n<p>Esperamos ter-te ajudado a encontrar o teu ESTA. Desfruta da tua viagem aos Estados Unidos. <\/p>\n","protected":false},"excerpt":{"rendered":"<p>O ESTA \u00e9 uma autoriza\u00e7\u00e3o eletr\u00f3nica de viagem concedida aos nacionais de pa\u00edses que s\u00e3o membros do Programa de Isen\u00e7\u00e3o de Vistos dos EUA. Podes encontrar a lista dos pa\u00edses abrangidos por este programa no s\u00edtio Web do Governo dos EUA. Os cidad\u00e3os estrangeiros que pretendam viajar para os EUA ao abrigo do ESTA devem [&hellip;]<\/p>\n","protected":false},"author":1,"featured_media":0,"parent":0,"menu_order":0,"comment_status":"closed","ping_status":"closed","template":"","meta":{"hide_page_title":"","footnotes":""},"class_list":["post-577","page","type-page","status-publish","hentry"],"yoast_head":"<!-- This site is optimized with the Yoast SEO plugin v27.5 - https:\/\/yoast.com\/product\/yoast-seo-wordpress\/ -->\n<title>Como \u00e9 que obtenho um ESTA? - Viajar para os EUA<\/title>\n<meta name=\"robots\" content=\"index, follow, max-snippet:-1, max-image-preview:large, max-video-preview:-1\" \/>\n<link rel=\"canonical\" href=\"https:\/\/www.earlham-ia.org\/pt-pt\/como-encontrar-esta\/\" \/>\n<meta property=\"og:locale\" content=\"pt_PT\" \/>\n<meta property=\"og:type\" content=\"article\" \/>\n<meta property=\"og:title\" content=\"Como \u00e9 que obtenho um ESTA? - Viajar para os EUA\" \/>\n<meta property=\"og:description\" content=\"O ESTA \u00e9 uma autoriza\u00e7\u00e3o eletr\u00f3nica de viagem concedida aos nacionais de pa\u00edses que s\u00e3o membros do Programa de Isen\u00e7\u00e3o de Vistos dos EUA. Podes encontrar a lista dos pa\u00edses abrangidos por este programa no s\u00edtio Web do Governo dos EUA. Os cidad\u00e3os estrangeiros que pretendam viajar para os EUA ao abrigo do ESTA devem [&hellip;]\" \/>\n<meta property=\"og:url\" content=\"https:\/\/www.earlham-ia.org\/pt-pt\/como-encontrar-esta\/\" \/>\n<meta property=\"og:site_name\" content=\"Viajar para os EUA\" \/>\n<meta property=\"article:modified_time\" content=\"2026-05-06T12:09:01+00:00\" \/>\n<meta name=\"twitter:card\" content=\"summary_large_image\" \/>\n<meta name=\"twitter:label1\" content=\"Tempo estimado de leitura\" \/>\n\t<meta name=\"twitter:data1\" content=\"2 minutos\" \/>\n<script type=\"application\/ld+json\" class=\"yoast-schema-graph\">{\"@context\":\"https:\\\/\\\/schema.org\",\"@graph\":[{\"@type\":\"WebPage\",\"@id\":\"https:\\\/\\\/www.earlham-ia.org\\\/pt-pt\\\/como-encontrar-esta\\\/\",\"url\":\"https:\\\/\\\/www.earlham-ia.org\\\/pt-pt\\\/como-encontrar-esta\\\/\",\"name\":\"Como \u00e9 que obtenho um ESTA? - Viajar para os EUA\",\"isPartOf\":{\"@id\":\"https:\\\/\\\/www.earlham-ia.org\\\/pt-pt\\\/#website\"},\"datePublished\":\"2024-04-24T19:46:15+00:00\",\"dateModified\":\"2026-05-06T12:09:01+00:00\",\"breadcrumb\":{\"@id\":\"https:\\\/\\\/www.earlham-ia.org\\\/pt-pt\\\/como-encontrar-esta\\\/#breadcrumb\"},\"inLanguage\":\"pt-PT\",\"potentialAction\":[{\"@type\":\"ReadAction\",\"target\":[\"https:\\\/\\\/www.earlham-ia.org\\\/pt-pt\\\/como-encontrar-esta\\\/\"]}]},{\"@type\":\"BreadcrumbList\",\"@id\":\"https:\\\/\\\/www.earlham-ia.org\\\/pt-pt\\\/como-encontrar-esta\\\/#breadcrumb\",\"itemListElement\":[{\"@type\":\"ListItem\",\"position\":1,\"name\":\"Accueil\",\"item\":\"https:\\\/\\\/www.earlham-ia.org\\\/pt-pt\\\/\"},{\"@type\":\"ListItem\",\"position\":2,\"name\":\"Como \u00e9 que obtenho um ESTA?\"}]},{\"@type\":\"WebSite\",\"@id\":\"https:\\\/\\\/www.earlham-ia.org\\\/pt-pt\\\/#website\",\"url\":\"https:\\\/\\\/www.earlham-ia.org\\\/pt-pt\\\/\",\"name\":\"Viajar para os EUA\",\"description\":\"\",\"potentialAction\":[{\"@type\":\"SearchAction\",\"target\":{\"@type\":\"EntryPoint\",\"urlTemplate\":\"https:\\\/\\\/www.earlham-ia.org\\\/pt-pt\\\/?s={search_term_string}\"},\"query-input\":{\"@type\":\"PropertyValueSpecification\",\"valueRequired\":true,\"valueName\":\"search_term_string\"}}],\"inLanguage\":\"pt-PT\"}]}<\/script>\n<!-- \/ Yoast SEO plugin. -->","yoast_head_json":{"title":"Como \u00e9 que obtenho um ESTA? - Viajar para os EUA","robots":{"index":"index","follow":"follow","max-snippet":"max-snippet:-1","max-image-preview":"max-image-preview:large","max-video-preview":"max-video-preview:-1"},"canonical":"https:\/\/www.earlham-ia.org\/pt-pt\/como-encontrar-esta\/","og_locale":"pt_PT","og_type":"article","og_title":"Como \u00e9 que obtenho um ESTA? - Viajar para os EUA","og_description":"O ESTA \u00e9 uma autoriza\u00e7\u00e3o eletr\u00f3nica de viagem concedida aos nacionais de pa\u00edses que s\u00e3o membros do Programa de Isen\u00e7\u00e3o de Vistos dos EUA. Podes encontrar a lista dos pa\u00edses abrangidos por este programa no s\u00edtio Web do Governo dos EUA. Os cidad\u00e3os estrangeiros que pretendam viajar para os EUA ao abrigo do ESTA devem [&hellip;]","og_url":"https:\/\/www.earlham-ia.org\/pt-pt\/como-encontrar-esta\/","og_site_name":"Viajar para os EUA","article_modified_time":"2026-05-06T12:09:01+00:00","twitter_card":"summary_large_image","twitter_misc":{"Tempo estimado de leitura":"2 minutos"},"schema":{"@context":"https:\/\/schema.org","@graph":[{"@type":"WebPage","@id":"https:\/\/www.earlham-ia.org\/pt-pt\/como-encontrar-esta\/","url":"https:\/\/www.earlham-ia.org\/pt-pt\/como-encontrar-esta\/","name":"Como \u00e9 que obtenho um ESTA? - Viajar para os EUA","isPartOf":{"@id":"https:\/\/www.earlham-ia.org\/pt-pt\/#website"},"datePublished":"2024-04-24T19:46:15+00:00","dateModified":"2026-05-06T12:09:01+00:00","breadcrumb":{"@id":"https:\/\/www.earlham-ia.org\/pt-pt\/como-encontrar-esta\/#breadcrumb"},"inLanguage":"pt-PT","potentialAction":[{"@type":"ReadAction","target":["https:\/\/www.earlham-ia.org\/pt-pt\/como-encontrar-esta\/"]}]},{"@type":"BreadcrumbList","@id":"https:\/\/www.earlham-ia.org\/pt-pt\/como-encontrar-esta\/#breadcrumb","itemListElement":[{"@type":"ListItem","position":1,"name":"Accueil","item":"https:\/\/www.earlham-ia.org\/pt-pt\/"},{"@type":"ListItem","position":2,"name":"Como \u00e9 que obtenho um ESTA?"}]},{"@type":"WebSite","@id":"https:\/\/www.earlham-ia.org\/pt-pt\/#website","url":"https:\/\/www.earlham-ia.org\/pt-pt\/","name":"Viajar para os EUA","description":"","potentialAction":[{"@type":"SearchAction","target":{"@type":"EntryPoint","urlTemplate":"https:\/\/www.earlham-ia.org\/pt-pt\/?s={search_term_string}"},"query-input":{"@type":"PropertyValueSpecification","valueRequired":true,"valueName":"search_term_string"}}],"inLanguage":"pt-PT"}]}},"_links":{"self":[{"href":"https:\/\/www.earlham-ia.org\/pt-pt\/wp-json\/wp\/v2\/pages\/577","targetHints":{"allow":["GET"]}}],"collection":[{"href":"https:\/\/www.earlham-ia.org\/pt-pt\/wp-json\/wp\/v2\/pages"}],"about":[{"href":"https:\/\/www.earlham-ia.org\/pt-pt\/wp-json\/wp\/v2\/types\/page"}],"author":[{"embeddable":true,"href":"https:\/\/www.earlham-ia.org\/pt-pt\/wp-json\/wp\/v2\/users\/1"}],"replies":[{"embeddable":true,"href":"https:\/\/www.earlham-ia.org\/pt-pt\/wp-json\/wp\/v2\/comments?post=577"}],"version-history":[{"count":3,"href":"https:\/\/www.earlham-ia.org\/pt-pt\/wp-json\/wp\/v2\/pages\/577\/revisions"}],"predecessor-version":[{"id":1271,"href":"https:\/\/www.earlham-ia.org\/pt-pt\/wp-json\/wp\/v2\/pages\/577\/revisions\/1271"}],"wp:attachment":[{"href":"https:\/\/www.earlham-ia.org\/pt-pt\/wp-json\/wp\/v2\/media?parent=577"}],"curies":[{"name":"wp","href":"https:\/\/api.w.org\/{rel}","templated":true}]}}