{"id":587,"date":"2024-04-24T19:49:39","date_gmt":"2024-04-24T19:49:39","guid":{"rendered":"https:\/\/www.earlham-ia.org\/como-saber-esta-aceito\/"},"modified":"2026-05-06T12:09:39","modified_gmt":"2026-05-06T12:09:39","slug":"como-saber-esta-aceito","status":"publish","type":"page","link":"https:\/\/www.earlham-ia.org\/pt-pt\/como-saber-esta-aceito\/","title":{"rendered":"Como \u00e9 que sabes se o teu ESTA foi aceite?"},"content":{"rendered":"\n<p>Queres viver o sonho americano e viajar para os EUA? \u00c9 necess\u00e1ria autoriza\u00e7\u00e3o para entrar nos Estados Unidos. Menos restritivo do que um visto, o<a href=\"https:\/\/www.earlham-ia.org\/pt-pt\/\">ESTA \u00e9 a autoriza\u00e7\u00e3o de viagem<\/a> mais frequentemente solicitada. Para apresentar um pedido, preenche um formul\u00e1rio em linha no s\u00edtio Web oficial do Governo dos EUA ou atrav\u00e9s de um s\u00edtio Web privado.   <\/p>\n\n<p>Preencheste o formul\u00e1rio com os teus dados pessoais e os dados do teu passaporte biom\u00e9trico ou eletr\u00f3nico (data de emiss\u00e3o, data de validade, n\u00famero do passaporte) e respondeste \u00e0s perguntas sobre o teu registo m\u00e9dico e criminal? Depois de pagares a taxa de processamento, est\u00e1s \u00e0 espera de uma resposta das autoridades americanas? <\/p>\n\n<p>Aqui explicamos as diferentes situa\u00e7\u00f5es poss\u00edveis ap\u00f3s um pedido ESTA USA, como saber se o teu pedido foi aceite e o que fazer se o teu pedido for rejeitado. Boa leitura e, esperamos, uma boa viagem para os Estados Unidos da Am\u00e9rica. <\/p>\n\n<h2 class=\"wp-block-heading\">Onde posso encontrar a resposta ao meu pedido ESTA?<\/h2>\n\n<p>Podes receber uma resposta imediata, mas \u00e9 prefer\u00edvel aguardar um m\u00e1ximo de 72 horas. A resposta das autoridades americanas nunca demorar\u00e1 mais de tr\u00eas dias. Dependendo do facto de teres feito o teu pedido ESTA diretamente no website oficial do governo dos EUA ou num website privado, o procedimento para verificar o teu estatuto \u00e9 ligeiramente diferente.  <\/p>\n\n<p>Para verificar o estado do teu pedido na sequ\u00eancia de um pedido efectuado diretamente no s\u00edtio oficial, basta voltar ao mesmo s\u00edtio e clicar em &#8220;verificar o estado individual&#8221; (ou o estado do grupo, consoante o tipo de pedido efectuado). De seguida, deve introduzir o n\u00famero do passaporte, a data de nascimento e o n\u00famero do pedido para aceder ao seu processo e verificar se lhe foi ou n\u00e3o concedido o ESTA. Se n\u00e3o souberes o n\u00famero do pedido, indica o n\u00famero do teu passaporte, o pa\u00eds de nacionalidade, a data de emiss\u00e3o e de expira\u00e7\u00e3o do passaporte v\u00e1lido e a tua data de nascimento.  <\/p>\n\n<p>Para as encomendas efectuadas num s\u00edtio privado, \u00e9 prov\u00e1vel que te seja enviado um e-mail. Se n\u00e3o for esse o caso, vai ao teu espa\u00e7o pessoal ou ao site do governo dos EUA. <\/p>\n\n<h2 class=\"wp-block-heading\">Os 3 estatutos ESTA poss\u00edveis: aceite, pendente, recusado<\/h2>\n\n<p>Agora que tens acesso ao teu processo, podes preparar-te para descobrir o que as autoridades americanas t\u00eam a dizer. H\u00e1 tr\u00eas respostas poss\u00edveis. Aqui tens as explica\u00e7\u00f5es.  <\/p>\n\n<ul class=\"wp-block-list\">\n<li><strong>Pedido ESTA pendente<\/strong>: este estatuto informa os viajantes de que o seu pedido est\u00e1 a ser processado e de que ser\u00e1 dada uma resposta no prazo de 72 horas. N\u00e3o precisas de interpretar isto como um mau sinal, porque este estado \u00e9 completamente neutro e n\u00e3o indica uma resposta negativa. <\/li>\n\n\n\n<li><strong>O pedido ESTA \u00e9 aprovado<\/strong>: preenche os crit\u00e9rios de elegibilidade. Parab\u00e9ns, isso significa que podes organizar a tua estadia nos EUA. Relembramos que apenas os cidad\u00e3os estrangeiros de pa\u00edses que s\u00e3o membros do Programa de Isen\u00e7\u00e3o de Vistos podem candidatar-se ao ESTA, desde que a sua estadia nos Estados Unidos (ou tr\u00e2nsito) seja por via a\u00e9rea ou mar\u00edtima, n\u00e3o exceda 90 dias e seja para fins tur\u00edsticos ou de neg\u00f3cios.  <\/li>\n\n\n\n<li><strong>O pedido ESTA \u00e9 recusado<\/strong>: em teoria, n\u00e3o podes utilizar o ESTA para viajar para os Estados Unidos. Se n\u00e3o fores eleg\u00edvel, deves requerer um visto na embaixada americana, tendo o cuidado de escolher o visto americano que se aplica a ti. Se fores eleg\u00edvel, \u00e9 prov\u00e1vel que tenha havido um erro no teu formul\u00e1rio e que os sistemas electr\u00f3nicos tenham detectado a anomalia. Espera 10 dias e faz um novo pedido, tendo o cuidado de verificar cada campo do formul\u00e1rio ESTA, ou pede ajuda a um s\u00edtio privado.   <\/li>\n<\/ul>\n\n<h2 class=\"wp-block-heading\">O que devo fazer com um ESTA aceite?<\/h2>\n\n<p>Ter um ESTA n\u00e3o te isenta de outras formalidades: uma vez em solo americano, deves passar pela alf\u00e2ndega, e \u00e9 o funcion\u00e1rio da imigra\u00e7\u00e3o que autorizar\u00e1 ou n\u00e3o a tua estadia. Prepara-te, por exemplo, para mostrar o teu bilhete de regresso ou de sa\u00edda em caso de escala. No entanto, n\u00e3o \u00e9 necess\u00e1rio imprimir o teu ESTA, uma vez que este fica automaticamente ligado ao teu passaporte.  <\/p>\n\n<p>O ESTA \u00e9 v\u00e1lido para m\u00faltiplas entradas durante a sua validade. O per\u00edodo de validade oficial \u00e9 de 2 anos, mas pode ser inferior, dependendo da data de expira\u00e7\u00e3o do teu passaporte. Se tiveres um novo passaporte, n\u00e3o te esque\u00e7as de pedir uma nova autoriza\u00e7\u00e3o ESTA.  <\/p>\n","protected":false},"excerpt":{"rendered":"<p>Queres viver o sonho americano e viajar para os EUA? \u00c9 necess\u00e1ria autoriza\u00e7\u00e3o para entrar nos Estados Unidos. Menos restritivo do que um visto, oESTA \u00e9 a autoriza\u00e7\u00e3o de viagem mais frequentemente solicitada. Para apresentar um pedido, preenche um formul\u00e1rio em linha no s\u00edtio Web oficial do Governo dos EUA ou atrav\u00e9s de um s\u00edtio [&hellip;]<\/p>\n","protected":false},"author":1,"featured_media":0,"parent":0,"menu_order":0,"comment_status":"closed","ping_status":"closed","template":"","meta":{"hide_page_title":"","footnotes":""},"class_list":["post-587","page","type-page","status-publish","hentry"],"yoast_head":"<!-- This site is optimized with the Yoast SEO plugin v27.5 - https:\/\/yoast.com\/product\/yoast-seo-wordpress\/ -->\n<title>Como \u00e9 que sabes se o teu ESTA foi aceite? - Viajar para os EUA<\/title>\n<meta name=\"robots\" content=\"index, follow, max-snippet:-1, max-image-preview:large, max-video-preview:-1\" \/>\n<link rel=\"canonical\" href=\"https:\/\/www.earlham-ia.org\/pt-pt\/como-saber-esta-aceito\/\" \/>\n<meta property=\"og:locale\" content=\"pt_PT\" \/>\n<meta property=\"og:type\" content=\"article\" \/>\n<meta property=\"og:title\" content=\"Como \u00e9 que sabes se o teu ESTA foi aceite? - Viajar para os EUA\" \/>\n<meta property=\"og:description\" content=\"Queres viver o sonho americano e viajar para os EUA? \u00c9 necess\u00e1ria autoriza\u00e7\u00e3o para entrar nos Estados Unidos. Menos restritivo do que um visto, oESTA \u00e9 a autoriza\u00e7\u00e3o de viagem mais frequentemente solicitada. Para apresentar um pedido, preenche um formul\u00e1rio em linha no s\u00edtio Web oficial do Governo dos EUA ou atrav\u00e9s de um s\u00edtio [&hellip;]\" \/>\n<meta property=\"og:url\" content=\"https:\/\/www.earlham-ia.org\/pt-pt\/como-saber-esta-aceito\/\" \/>\n<meta property=\"og:site_name\" content=\"Viajar para os EUA\" \/>\n<meta property=\"article:modified_time\" content=\"2026-05-06T12:09:39+00:00\" \/>\n<meta name=\"twitter:card\" content=\"summary_large_image\" \/>\n<meta name=\"twitter:label1\" content=\"Tempo estimado de leitura\" \/>\n\t<meta name=\"twitter:data1\" content=\"4 minutos\" \/>\n<script type=\"application\/ld+json\" class=\"yoast-schema-graph\">{\"@context\":\"https:\\\/\\\/schema.org\",\"@graph\":[{\"@type\":\"WebPage\",\"@id\":\"https:\\\/\\\/www.earlham-ia.org\\\/pt-pt\\\/como-saber-esta-aceito\\\/\",\"url\":\"https:\\\/\\\/www.earlham-ia.org\\\/pt-pt\\\/como-saber-esta-aceito\\\/\",\"name\":\"Como \u00e9 que sabes se o teu ESTA foi aceite? - Viajar para os EUA\",\"isPartOf\":{\"@id\":\"https:\\\/\\\/www.earlham-ia.org\\\/pt-pt\\\/#website\"},\"datePublished\":\"2024-04-24T19:49:39+00:00\",\"dateModified\":\"2026-05-06T12:09:39+00:00\",\"breadcrumb\":{\"@id\":\"https:\\\/\\\/www.earlham-ia.org\\\/pt-pt\\\/como-saber-esta-aceito\\\/#breadcrumb\"},\"inLanguage\":\"pt-PT\",\"potentialAction\":[{\"@type\":\"ReadAction\",\"target\":[\"https:\\\/\\\/www.earlham-ia.org\\\/pt-pt\\\/como-saber-esta-aceito\\\/\"]}]},{\"@type\":\"BreadcrumbList\",\"@id\":\"https:\\\/\\\/www.earlham-ia.org\\\/pt-pt\\\/como-saber-esta-aceito\\\/#breadcrumb\",\"itemListElement\":[{\"@type\":\"ListItem\",\"position\":1,\"name\":\"Accueil\",\"item\":\"https:\\\/\\\/www.earlham-ia.org\\\/pt-pt\\\/\"},{\"@type\":\"ListItem\",\"position\":2,\"name\":\"Como \u00e9 que sabes se o teu ESTA foi aceite?\"}]},{\"@type\":\"WebSite\",\"@id\":\"https:\\\/\\\/www.earlham-ia.org\\\/pt-pt\\\/#website\",\"url\":\"https:\\\/\\\/www.earlham-ia.org\\\/pt-pt\\\/\",\"name\":\"Viajar para os EUA\",\"description\":\"\",\"potentialAction\":[{\"@type\":\"SearchAction\",\"target\":{\"@type\":\"EntryPoint\",\"urlTemplate\":\"https:\\\/\\\/www.earlham-ia.org\\\/pt-pt\\\/?s={search_term_string}\"},\"query-input\":{\"@type\":\"PropertyValueSpecification\",\"valueRequired\":true,\"valueName\":\"search_term_string\"}}],\"inLanguage\":\"pt-PT\"}]}<\/script>\n<!-- \/ Yoast SEO plugin. -->","yoast_head_json":{"title":"Como \u00e9 que sabes se o teu ESTA foi aceite? - Viajar para os EUA","robots":{"index":"index","follow":"follow","max-snippet":"max-snippet:-1","max-image-preview":"max-image-preview:large","max-video-preview":"max-video-preview:-1"},"canonical":"https:\/\/www.earlham-ia.org\/pt-pt\/como-saber-esta-aceito\/","og_locale":"pt_PT","og_type":"article","og_title":"Como \u00e9 que sabes se o teu ESTA foi aceite? - Viajar para os EUA","og_description":"Queres viver o sonho americano e viajar para os EUA? \u00c9 necess\u00e1ria autoriza\u00e7\u00e3o para entrar nos Estados Unidos. Menos restritivo do que um visto, oESTA \u00e9 a autoriza\u00e7\u00e3o de viagem mais frequentemente solicitada. Para apresentar um pedido, preenche um formul\u00e1rio em linha no s\u00edtio Web oficial do Governo dos EUA ou atrav\u00e9s de um s\u00edtio [&hellip;]","og_url":"https:\/\/www.earlham-ia.org\/pt-pt\/como-saber-esta-aceito\/","og_site_name":"Viajar para os EUA","article_modified_time":"2026-05-06T12:09:39+00:00","twitter_card":"summary_large_image","twitter_misc":{"Tempo estimado de leitura":"4 minutos"},"schema":{"@context":"https:\/\/schema.org","@graph":[{"@type":"WebPage","@id":"https:\/\/www.earlham-ia.org\/pt-pt\/como-saber-esta-aceito\/","url":"https:\/\/www.earlham-ia.org\/pt-pt\/como-saber-esta-aceito\/","name":"Como \u00e9 que sabes se o teu ESTA foi aceite? - Viajar para os EUA","isPartOf":{"@id":"https:\/\/www.earlham-ia.org\/pt-pt\/#website"},"datePublished":"2024-04-24T19:49:39+00:00","dateModified":"2026-05-06T12:09:39+00:00","breadcrumb":{"@id":"https:\/\/www.earlham-ia.org\/pt-pt\/como-saber-esta-aceito\/#breadcrumb"},"inLanguage":"pt-PT","potentialAction":[{"@type":"ReadAction","target":["https:\/\/www.earlham-ia.org\/pt-pt\/como-saber-esta-aceito\/"]}]},{"@type":"BreadcrumbList","@id":"https:\/\/www.earlham-ia.org\/pt-pt\/como-saber-esta-aceito\/#breadcrumb","itemListElement":[{"@type":"ListItem","position":1,"name":"Accueil","item":"https:\/\/www.earlham-ia.org\/pt-pt\/"},{"@type":"ListItem","position":2,"name":"Como \u00e9 que sabes se o teu ESTA foi aceite?"}]},{"@type":"WebSite","@id":"https:\/\/www.earlham-ia.org\/pt-pt\/#website","url":"https:\/\/www.earlham-ia.org\/pt-pt\/","name":"Viajar para os EUA","description":"","potentialAction":[{"@type":"SearchAction","target":{"@type":"EntryPoint","urlTemplate":"https:\/\/www.earlham-ia.org\/pt-pt\/?s={search_term_string}"},"query-input":{"@type":"PropertyValueSpecification","valueRequired":true,"valueName":"search_term_string"}}],"inLanguage":"pt-PT"}]}},"_links":{"self":[{"href":"https:\/\/www.earlham-ia.org\/pt-pt\/wp-json\/wp\/v2\/pages\/587","targetHints":{"allow":["GET"]}}],"collection":[{"href":"https:\/\/www.earlham-ia.org\/pt-pt\/wp-json\/wp\/v2\/pages"}],"about":[{"href":"https:\/\/www.earlham-ia.org\/pt-pt\/wp-json\/wp\/v2\/types\/page"}],"author":[{"embeddable":true,"href":"https:\/\/www.earlham-ia.org\/pt-pt\/wp-json\/wp\/v2\/users\/1"}],"replies":[{"embeddable":true,"href":"https:\/\/www.earlham-ia.org\/pt-pt\/wp-json\/wp\/v2\/comments?post=587"}],"version-history":[{"count":2,"href":"https:\/\/www.earlham-ia.org\/pt-pt\/wp-json\/wp\/v2\/pages\/587\/revisions"}],"predecessor-version":[{"id":1283,"href":"https:\/\/www.earlham-ia.org\/pt-pt\/wp-json\/wp\/v2\/pages\/587\/revisions\/1283"}],"wp:attachment":[{"href":"https:\/\/www.earlham-ia.org\/pt-pt\/wp-json\/wp\/v2\/media?parent=587"}],"curies":[{"name":"wp","href":"https:\/\/api.w.org\/{rel}","templated":true}]}}