{"id":604,"date":"2024-04-24T19:54:05","date_gmt":"2024-04-24T19:54:05","guid":{"rendered":"https:\/\/www.earlham-ia.org\/que-documento-para-entrar-eua\/"},"modified":"2026-05-06T12:05:16","modified_gmt":"2026-05-06T12:05:16","slug":"que-documento-para-entrar-eua","status":"publish","type":"page","link":"https:\/\/www.earlham-ia.org\/pt-pt\/","title":{"rendered":"EARLHAM IA"},"content":{"rendered":"\n<p>Desde h\u00e1 alguns anos, <strong>permanecer nos EUA<\/strong> por um curto per\u00edodo de tempo tornou-se uma brincadeira de crian\u00e7as. O sonho americano tornou-se mais acess\u00edvel, gra\u00e7as \u00e0 <strong>autoriza\u00e7\u00e3o ESTA<\/strong>. <\/p>\n\n<p><\/p>\n\n<p>O pedido de autoriza\u00e7\u00e3o ESTA \u00e9 semelhante ao pedido de um visto de turista b2 para os EUA? Respondemos a esta pergunta explicando o que \u00e9 a autoriza\u00e7\u00e3o ESTA. <\/p>\n\n<h2 class=\"wp-block-heading\">Um olhar mais atento ao ESTA antes de te candidatares<\/h2>\n\n<p>Para viajar para os EUA, os viajantes precisam de obter uma autoriza\u00e7\u00e3o de viagem. Sem ela, n\u00e3o podem embarcar no avi\u00e3o ou no barco com destino aos Estados Unidos da Am\u00e9rica. <\/p>\n\n<h3 class=\"wp-block-heading\">Por que raz\u00e3o foi introduzida a autoriza\u00e7\u00e3o ESTA?<\/h3>\n\n<p>A autoriza\u00e7\u00e3o ESTA foi introduzida em 2009 por uma raz\u00e3o principal: refor\u00e7ar a seguran\u00e7a nacional dos EUA, mantendo ao mesmo tempo o fluxo de turistas para os EUA. A introdu\u00e7\u00e3o do Programa de Isen\u00e7\u00e3o de Vistos ajudou a aliviar o congestionamento nas embaixadas americanas e, ao mesmo tempo, tornou os Estados Unidos mais atractivos como destino tur\u00edstico, mas n\u00e3o permitiu um controlo eficaz dos viajantes antes de chegarem a solo americano. Com o ESTA, isto pertence agora ao passado.  <\/p>\n\n<h3 class=\"wp-block-heading\">Quem pode candidatar-se a um ESTA?<\/h3>\n\n<p>Para fazer uma encomenda ESTA, tens de verificar se \u00e9s eleg\u00edvel para o ESTA. Apresentamos de seguida os crit\u00e9rios de elegibilidade: <\/p>\n\n<ul class=\"wp-block-list\">\n<li>ser nacional de um dos pa\u00edses abrangidos pelo programa de isen\u00e7\u00e3o de vistos;<\/li>\n\n\n\n<li>possuir um passaporte eletr\u00f3nico ou um passaporte biom\u00e9trico v\u00e1lido ;<\/li>\n\n\n\n<li>Viaja para os Estados Unidos em turismo, neg\u00f3cios ou tr\u00e2nsito;<\/li>\n\n\n\n<li>n\u00e3o representa uma amea\u00e7a para a seguran\u00e7a interna dos EUA;<\/li>\n\n\n\n<li><a href=\"https:\/\/www.earlham-ia.org\/pt-pt\/viagem-na-america-do-norte\/\">Permanece nos EUA<\/a> por um per\u00edodo m\u00e1ximo de 90 dias.<\/li>\n<\/ul>\n\n<div style=\"height:20px\" aria-hidden=\"true\" class=\"wp-block-spacer\"><\/div>\n\n<p>Se um viajante n\u00e3o for eleg\u00edvel para pedir a autoriza\u00e7\u00e3o ESTA, pode pedir um visto ou solicitar um Green Card para os EUA.<\/p>\n\n<div style=\"height:25px\" aria-hidden=\"true\" class=\"wp-block-spacer\"><\/div>\n\n<h3 class=\"wp-block-heading\">Como \u00e9 que o ESTA funciona?<\/h3>\n\n<p>O ESTA \u00e9 uma autoriza\u00e7\u00e3o eletr\u00f3nica de viagem, o que significa que est\u00e1 ligado eletronicamente ao passaporte utilizado no momento do pedido. Por conseguinte, tem cuidado se mudares de passaporte durante a validade do ESTA: ter\u00e1 de ser feito um novo pedido de ESTA utilizando o novo passaporte. <\/p>\n\n<p>A autoriza\u00e7\u00e3o \u00e9 v\u00e1lida por um per\u00edodo m\u00e1ximo de dois anos. Esta validade pode ser inferior se o teu passaporte expirar mais cedo. Uma ESTA v\u00e1lida permite-te fazer tantas viagens aos EUA quantas desejares, desde que cumpras os termos da ESTA no que diz respeito \u00e0 natureza e dura\u00e7\u00e3o da tua estadia. Por isso, n\u00e3o precisas de pedir um ESTA para cada viagem aos EUA.   <\/p>\n\n<p><\/p>\n\n<h2 class=\"wp-block-heading\">Como \u00e9 que solicito a autoriza\u00e7\u00e3o ESTA?<\/h2>\n\n<p>Os passos envolvidos na candidatura a um ESTA s\u00e3o relativamente simples, especialmente quando comparados com os passos envolvidos na obten\u00e7\u00e3o de um visto dos EUA, que requerem uma entrevista com um funcion\u00e1rio consular na embaixada dos EUA.<\/p>\n\n<p>N\u00e3o \u00e9 necess\u00e1rio viajares para fazeres um pedido ESTA. Tudo o que tens de fazer \u00e9 preencher o formul\u00e1rio ESTA no website oficial dos EUA e pagar as taxas de 21 d\u00f3lares americanos diretamente online com cart\u00e3o de cr\u00e9dito. <\/p>\n\n<h3 class=\"wp-block-heading\">A aplica\u00e7\u00e3o ESTA no s\u00edtio Web oficial do governo dos EUA<\/h3>\n\n<p>Podes preencher o question\u00e1rio em linha visitando o <a href=\"https:\/\/esta.cbp.dhs.gov\/\">s\u00edtio Web do Governo dos EUA<\/a>. \u00c9 necess\u00e1rio preencher v\u00e1rias sec\u00e7\u00f5es. A primeira parte \u00e9 dedicada aos teus dados pessoais (identidade, emprego, passaporte v\u00e1lido, etc.), a segunda destina-se a compreender os motivos da tua viagem e a obter informa\u00e7\u00f5es sobre um contacto de emerg\u00eancia, por exemplo. Por \u00faltimo, a terceira sec\u00e7\u00e3o \u00e9 inteiramente dedicada ao teu registo criminal e m\u00e9dico. Tal como num s\u00edtio Web privado, o pagamento do pedido ESTA valida o teu pedido.    <\/p>\n\n<h2 class=\"wp-block-heading\">Estatuto ESTA ap\u00f3s um pedido em linha<\/h2>\n\n<p>O preenchimento do formul\u00e1rio ESTA n\u00e3o garante que te seja concedida a entrada. O teu pedido ESTA pode ser aceite, colocado em espera ou recusado. A resposta pode ser imediata ou dada no prazo de 72 horas.  <\/p>\n\n<p>Se o teu pedido for aceite, a viagem para os Estados Unidos ser\u00e1 autorizada. Um pedido pendente exige paci\u00eancia, uma vez que a decis\u00e3o final ser\u00e1 dada mais tarde (no prazo m\u00e1ximo de 3 dias). Um pedido recusado coloca o viajante numa situa\u00e7\u00e3o um pouco mais complexa. Se o pedido for recusado devido a um erro de introdu\u00e7\u00e3o no formul\u00e1rio de pedido, podes fazer uma nova tentativa no prazo de 10 dias. Se a recusa se dever ao facto de n\u00e3o preencher um crit\u00e9rio de elegibilidade, deve ser apresentado um pedido de visto junto dos servi\u00e7os consulares dos EUA.    <\/p>\n\n<h2 class=\"wp-block-heading\">Posso viajar para o Canad\u00e1 ou Inglaterra com a autoriza\u00e7\u00e3o ESTA?<\/h2>\n\n<p>A ESTA \u00e9 uma autoriza\u00e7\u00e3o americana que s\u00f3 permite a entrada no territ\u00f3rio americano. Para entrar no Canad\u00e1, tens de obter primeiro uma autoriza\u00e7\u00e3o eTA Canada. Tal como a ESTA, \u00e9 muito f\u00e1cil de obter em linha. Os pa\u00edses europeus tamb\u00e9m introduziram um sistema de autoriza\u00e7\u00e3o eletr\u00f3nica de viagem.   <\/p>\n\n<p>Em 2024, o Reino Unido lan\u00e7ou a sua autoriza\u00e7\u00e3o de viagem <a href=\"https:\/\/uk-gb.net\/pt-pt\/eta-inglaterra-reino-unido\/\">eletr\u00f3nica (eTA) para o Reino Unido<\/a>. Esta autoriza\u00e7\u00e3o eletr\u00f3nica de viagem tamb\u00e9m pode ser obtida 100% em linha. <\/p>\n\n<p>Todos estes procedimentos administrativos refor\u00e7am a seguran\u00e7a e facilitam o fluxo de turistas em todo o mundo.<\/p>\n","protected":false},"excerpt":{"rendered":"<p>Desde h\u00e1 alguns anos, permanecer nos EUA por um curto per\u00edodo de tempo tornou-se uma brincadeira de crian\u00e7as. O sonho americano tornou-se mais acess\u00edvel, gra\u00e7as \u00e0 autoriza\u00e7\u00e3o ESTA. O pedido de autoriza\u00e7\u00e3o ESTA \u00e9 semelhante ao pedido de um visto de turista b2 para os EUA? Respondemos a esta pergunta explicando o que \u00e9 a [&hellip;]<\/p>\n","protected":false},"author":1,"featured_media":0,"parent":0,"menu_order":0,"comment_status":"closed","ping_status":"closed","template":"","meta":{"hide_page_title":"","footnotes":""},"class_list":["post-604","page","type-page","status-publish","hentry"],"yoast_head":"<!-- This site is optimized with the Yoast SEO plugin v27.5 - https:\/\/yoast.com\/product\/yoast-seo-wordpress\/ -->\n<title>EARLHAM IA - Viajar para os EUA<\/title>\n<meta name=\"description\" content=\"Quais s\u00e3o as formalidades para os cidad\u00e3os estrangeiros que pretendem visitar os Estados Unidos?\" \/>\n<meta name=\"robots\" content=\"index, follow, max-snippet:-1, max-image-preview:large, max-video-preview:-1\" \/>\n<link rel=\"canonical\" href=\"https:\/\/www.earlham-ia.org\/pt-pt\/\" \/>\n<meta property=\"og:locale\" content=\"pt_PT\" \/>\n<meta property=\"og:type\" content=\"article\" \/>\n<meta property=\"og:title\" content=\"EARLHAM IA - Viajar para os EUA\" \/>\n<meta property=\"og:description\" content=\"Quais s\u00e3o as formalidades para os cidad\u00e3os estrangeiros que pretendem visitar os Estados Unidos?\" \/>\n<meta property=\"og:url\" content=\"https:\/\/www.earlham-ia.org\/pt-pt\/\" \/>\n<meta property=\"og:site_name\" content=\"Viajar para os EUA\" \/>\n<meta property=\"article:modified_time\" content=\"2026-05-06T12:05:16+00:00\" \/>\n<meta name=\"twitter:card\" content=\"summary_large_image\" \/>\n<meta name=\"twitter:label1\" content=\"Tempo estimado de leitura\" \/>\n\t<meta name=\"twitter:data1\" content=\"5 minutos\" \/>\n<script type=\"application\/ld+json\" class=\"yoast-schema-graph\">{\"@context\":\"https:\\\/\\\/schema.org\",\"@graph\":[{\"@type\":\"WebPage\",\"@id\":\"https:\\\/\\\/www.earlham-ia.org\\\/pt-pt\\\/\",\"url\":\"https:\\\/\\\/www.earlham-ia.org\\\/pt-pt\\\/\",\"name\":\"EARLHAM IA - Viajar para os EUA\",\"isPartOf\":{\"@id\":\"https:\\\/\\\/www.earlham-ia.org\\\/pt-pt\\\/#website\"},\"datePublished\":\"2024-04-24T19:54:05+00:00\",\"dateModified\":\"2026-05-06T12:05:16+00:00\",\"description\":\"Quais s\u00e3o as formalidades para os cidad\u00e3os estrangeiros que pretendem visitar os Estados Unidos?\",\"breadcrumb\":{\"@id\":\"https:\\\/\\\/www.earlham-ia.org\\\/pt-pt\\\/#breadcrumb\"},\"inLanguage\":\"pt-PT\",\"potentialAction\":[{\"@type\":\"ReadAction\",\"target\":[\"https:\\\/\\\/www.earlham-ia.org\\\/pt-pt\\\/\"]}]},{\"@type\":\"BreadcrumbList\",\"@id\":\"https:\\\/\\\/www.earlham-ia.org\\\/pt-pt\\\/#breadcrumb\",\"itemListElement\":[{\"@type\":\"ListItem\",\"position\":1,\"name\":\"Accueil\",\"item\":\"https:\\\/\\\/www.earlham-ia.org\\\/pt-pt\\\/\"},{\"@type\":\"ListItem\",\"position\":2,\"name\":\"EARLHAM IA\"}]},{\"@type\":\"WebSite\",\"@id\":\"https:\\\/\\\/www.earlham-ia.org\\\/pt-pt\\\/#website\",\"url\":\"https:\\\/\\\/www.earlham-ia.org\\\/pt-pt\\\/\",\"name\":\"Viajar para os EUA\",\"description\":\"\",\"potentialAction\":[{\"@type\":\"SearchAction\",\"target\":{\"@type\":\"EntryPoint\",\"urlTemplate\":\"https:\\\/\\\/www.earlham-ia.org\\\/pt-pt\\\/?s={search_term_string}\"},\"query-input\":{\"@type\":\"PropertyValueSpecification\",\"valueRequired\":true,\"valueName\":\"search_term_string\"}}],\"inLanguage\":\"pt-PT\"}]}<\/script>\n<!-- \/ Yoast SEO plugin. -->","yoast_head_json":{"title":"EARLHAM IA - Viajar para os EUA","description":"Quais s\u00e3o as formalidades para os cidad\u00e3os estrangeiros que pretendem visitar os Estados Unidos?","robots":{"index":"index","follow":"follow","max-snippet":"max-snippet:-1","max-image-preview":"max-image-preview:large","max-video-preview":"max-video-preview:-1"},"canonical":"https:\/\/www.earlham-ia.org\/pt-pt\/","og_locale":"pt_PT","og_type":"article","og_title":"EARLHAM IA - Viajar para os EUA","og_description":"Quais s\u00e3o as formalidades para os cidad\u00e3os estrangeiros que pretendem visitar os Estados Unidos?","og_url":"https:\/\/www.earlham-ia.org\/pt-pt\/","og_site_name":"Viajar para os EUA","article_modified_time":"2026-05-06T12:05:16+00:00","twitter_card":"summary_large_image","twitter_misc":{"Tempo estimado de leitura":"5 minutos"},"schema":{"@context":"https:\/\/schema.org","@graph":[{"@type":"WebPage","@id":"https:\/\/www.earlham-ia.org\/pt-pt\/","url":"https:\/\/www.earlham-ia.org\/pt-pt\/","name":"EARLHAM IA - Viajar para os EUA","isPartOf":{"@id":"https:\/\/www.earlham-ia.org\/pt-pt\/#website"},"datePublished":"2024-04-24T19:54:05+00:00","dateModified":"2026-05-06T12:05:16+00:00","description":"Quais s\u00e3o as formalidades para os cidad\u00e3os estrangeiros que pretendem visitar os Estados Unidos?","breadcrumb":{"@id":"https:\/\/www.earlham-ia.org\/pt-pt\/#breadcrumb"},"inLanguage":"pt-PT","potentialAction":[{"@type":"ReadAction","target":["https:\/\/www.earlham-ia.org\/pt-pt\/"]}]},{"@type":"BreadcrumbList","@id":"https:\/\/www.earlham-ia.org\/pt-pt\/#breadcrumb","itemListElement":[{"@type":"ListItem","position":1,"name":"Accueil","item":"https:\/\/www.earlham-ia.org\/pt-pt\/"},{"@type":"ListItem","position":2,"name":"EARLHAM IA"}]},{"@type":"WebSite","@id":"https:\/\/www.earlham-ia.org\/pt-pt\/#website","url":"https:\/\/www.earlham-ia.org\/pt-pt\/","name":"Viajar para os EUA","description":"","potentialAction":[{"@type":"SearchAction","target":{"@type":"EntryPoint","urlTemplate":"https:\/\/www.earlham-ia.org\/pt-pt\/?s={search_term_string}"},"query-input":{"@type":"PropertyValueSpecification","valueRequired":true,"valueName":"search_term_string"}}],"inLanguage":"pt-PT"}]}},"_links":{"self":[{"href":"https:\/\/www.earlham-ia.org\/pt-pt\/wp-json\/wp\/v2\/pages\/604","targetHints":{"allow":["GET"]}}],"collection":[{"href":"https:\/\/www.earlham-ia.org\/pt-pt\/wp-json\/wp\/v2\/pages"}],"about":[{"href":"https:\/\/www.earlham-ia.org\/pt-pt\/wp-json\/wp\/v2\/types\/page"}],"author":[{"embeddable":true,"href":"https:\/\/www.earlham-ia.org\/pt-pt\/wp-json\/wp\/v2\/users\/1"}],"replies":[{"embeddable":true,"href":"https:\/\/www.earlham-ia.org\/pt-pt\/wp-json\/wp\/v2\/comments?post=604"}],"version-history":[{"count":9,"href":"https:\/\/www.earlham-ia.org\/pt-pt\/wp-json\/wp\/v2\/pages\/604\/revisions"}],"predecessor-version":[{"id":1246,"href":"https:\/\/www.earlham-ia.org\/pt-pt\/wp-json\/wp\/v2\/pages\/604\/revisions\/1246"}],"wp:attachment":[{"href":"https:\/\/www.earlham-ia.org\/pt-pt\/wp-json\/wp\/v2\/media?parent=604"}],"curies":[{"name":"wp","href":"https:\/\/api.w.org\/{rel}","templated":true}]}}