{"id":636,"date":"2024-04-24T20:05:52","date_gmt":"2024-04-24T20:05:52","guid":{"rendered":"https:\/\/www.earlham-ia.org\/aviso-legal\/"},"modified":"2024-04-24T20:05:52","modified_gmt":"2024-04-24T20:05:52","slug":"aviso-legal","status":"publish","type":"page","link":"https:\/\/www.earlham-ia.org\/pt-pt\/aviso-legal\/","title":{"rendered":"Informa\u00e7\u00e3o jur\u00eddica"},"content":{"rendered":"<h2>Editor do s\u00edtio :<\/h2>\n<p>O s\u00edtio \u00e9 publicado pela TAXUS WEB Ltd, uma empresa registada em Malta (UE). A sede social da empresa situa-se em 75 Triq il-fraxxnu, ST Julians, Malta.<\/p>\n<h2>Diretor da publica\u00e7\u00e3o :<\/h2>\n<div>O diretor de publica\u00e7\u00f5es do s\u00edtio \u00e9 Laurent Michel. Para o contactar por correio eletr\u00f3nico, escreve para <a href=\"mailto:contact@taxusweb.com\" target=\"_blank\" rel=\"noopener noreferrer\">contact@taxusweb.com.<\/a><\/div>\n<div id=\"theme-page\" class=\"master-holder clear\" role=\"main\">\n<div class=\"mk-main-wrapper-holder\">\n<div class=\"theme-page-wrapper full-layout mk-grid vc_row-fluid no-padding\">\n<div class=\"theme-content no-padding\">\n<div class=\"wpb_row vc_row mk-fullwidth-false attched-false vc_row-fluid js-master-row mk-in-viewport\">\n<div class=\"vc_col-sm-12 wpb_column column_container _ height-full\">\n<div id=\"text-block-7\" class=\"mk-text-block \">\n<h4><strong>ALOJAMENTO :<\/strong><\/h4>\n<p>O2SWITCH<br \/>\n222-224 Boulevard Gustave Flaubert<br \/>\n63000 Clermont-Ferrand<br \/>\nSARL o2switch com um capital de 7500 euros.<br \/>\nRCS: Clermont-Ferrand &#8211; SIRET: 510 909 80700016 &#8211; VAT: FR35510909807<\/p>\n<div class=\"clearboth\"><strong>TRATAMENTO DE DADOS PESSOAIS :<\/strong><\/div>\n<\/div>\n<div id=\"text-block-8\" class=\"mk-text-block \">\n<p>Os visitantes t\u00eam o direito de aceder, modificar, retificar e apagar os dados que lhes dizem respeito (artigo 34 da lei francesa sobre a prote\u00e7\u00e3o de dados). Para exercer este direito, contacta os directores da publica\u00e7\u00e3o acima mencionados por correio eletr\u00f3nico.<br \/>\nAl\u00e9m disso, em conformidade com a Lei n.\u00ba 2004-801, de 6 de agosto de 2004, relativa \u00e0 prote\u00e7\u00e3o das pessoas singulares no que diz respeito ao tratamento de dados pessoais, que altera a Lei n.\u00ba 78-17, de 6 de janeiro de 1978, este s\u00edtio foi registado na CNIL com o n\u00famero.<\/p>\n<div class=\"clearboth\"><strong>DIREITOS DE PROPRIEDADE INTELECTUAL :<\/strong><\/div>\n<\/div>\n<div id=\"text-block-9\" class=\"mk-text-block \">\n<p>Todo este s\u00edtio est\u00e1 sujeito \u00e0 legisla\u00e7\u00e3o francesa e internacional em mat\u00e9ria de direitos de autor e de propriedade intelectual.<br \/>\nTodos os direitos de reprodu\u00e7\u00e3o s\u00e3o reservados, incluindo os documentos iconogr\u00e1ficos e fotogr\u00e1ficos.<br \/>\nQualquer reprodu\u00e7\u00e3o total ou parcial deste site, seja por que meio for, constitui uma infra\u00e7\u00e3o pun\u00edvel pelos artigos L 335-2 e seguintes do C\u00f3digo da Propriedade Intelectual.<br \/>\nO mesmo se aplica \u00e0s bases de dados do s\u00edtio, que est\u00e3o protegidas pelas disposi\u00e7\u00f5es da Diretiva Europeia de 11 de mar\u00e7o de 1996 relativa \u00e0 prote\u00e7\u00e3o jur\u00eddica das bases de dados.<\/p>\n<\/div>\n<\/div>\n<\/div>\n<\/div>\n<\/div>\n<\/div>\n<\/div>\n","protected":false},"excerpt":{"rendered":"<p>Editor do s\u00edtio : O s\u00edtio \u00e9 publicado pela TAXUS WEB Ltd, uma empresa registada em Malta (UE). A sede social da empresa situa-se em 75 Triq il-fraxxnu, ST Julians, Malta. Diretor da publica\u00e7\u00e3o : O diretor de publica\u00e7\u00f5es do s\u00edtio \u00e9 Laurent Michel. Para o contactar por correio eletr\u00f3nico, escreve para contact@taxusweb.com. ALOJAMENTO : [&hellip;]<\/p>\n","protected":false},"author":1,"featured_media":0,"parent":0,"menu_order":0,"comment_status":"closed","ping_status":"closed","template":"template_fullwidth.php","meta":{"hide_page_title":"","footnotes":""},"class_list":["post-636","page","type-page","status-publish","hentry"],"yoast_head":"<!-- This site is optimized with the Yoast SEO plugin v27.5 - https:\/\/yoast.com\/product\/yoast-seo-wordpress\/ -->\n<title>Informa\u00e7\u00e3o jur\u00eddica - Viajar para os EUA<\/title>\n<meta name=\"robots\" content=\"index, follow, max-snippet:-1, max-image-preview:large, max-video-preview:-1\" \/>\n<link rel=\"canonical\" href=\"https:\/\/www.earlham-ia.org\/pt-pt\/aviso-legal\/\" \/>\n<meta property=\"og:locale\" content=\"pt_PT\" \/>\n<meta property=\"og:type\" content=\"article\" \/>\n<meta property=\"og:title\" content=\"Informa\u00e7\u00e3o jur\u00eddica - Viajar para os EUA\" \/>\n<meta property=\"og:description\" content=\"Editor do s\u00edtio : O s\u00edtio \u00e9 publicado pela TAXUS WEB Ltd, uma empresa registada em Malta (UE). A sede social da empresa situa-se em 75 Triq il-fraxxnu, ST Julians, Malta. Diretor da publica\u00e7\u00e3o : O diretor de publica\u00e7\u00f5es do s\u00edtio \u00e9 Laurent Michel. Para o contactar por correio eletr\u00f3nico, escreve para contact@taxusweb.com. ALOJAMENTO : [&hellip;]\" \/>\n<meta property=\"og:url\" content=\"https:\/\/www.earlham-ia.org\/pt-pt\/aviso-legal\/\" \/>\n<meta property=\"og:site_name\" content=\"Viajar para os EUA\" \/>\n<meta name=\"twitter:card\" content=\"summary_large_image\" \/>\n<meta name=\"twitter:label1\" content=\"Tempo estimado de leitura\" \/>\n\t<meta name=\"twitter:data1\" content=\"1 minuto\" \/>\n<script type=\"application\/ld+json\" class=\"yoast-schema-graph\">{\"@context\":\"https:\\\/\\\/schema.org\",\"@graph\":[{\"@type\":\"WebPage\",\"@id\":\"https:\\\/\\\/www.earlham-ia.org\\\/pt-pt\\\/aviso-legal\\\/\",\"url\":\"https:\\\/\\\/www.earlham-ia.org\\\/pt-pt\\\/aviso-legal\\\/\",\"name\":\"Informa\u00e7\u00e3o jur\u00eddica - Viajar para os EUA\",\"isPartOf\":{\"@id\":\"https:\\\/\\\/www.earlham-ia.org\\\/pt-pt\\\/#website\"},\"datePublished\":\"2024-04-24T20:05:52+00:00\",\"breadcrumb\":{\"@id\":\"https:\\\/\\\/www.earlham-ia.org\\\/pt-pt\\\/aviso-legal\\\/#breadcrumb\"},\"inLanguage\":\"pt-PT\",\"potentialAction\":[{\"@type\":\"ReadAction\",\"target\":[\"https:\\\/\\\/www.earlham-ia.org\\\/pt-pt\\\/aviso-legal\\\/\"]}]},{\"@type\":\"BreadcrumbList\",\"@id\":\"https:\\\/\\\/www.earlham-ia.org\\\/pt-pt\\\/aviso-legal\\\/#breadcrumb\",\"itemListElement\":[{\"@type\":\"ListItem\",\"position\":1,\"name\":\"Accueil\",\"item\":\"https:\\\/\\\/www.earlham-ia.org\\\/pt-pt\\\/\"},{\"@type\":\"ListItem\",\"position\":2,\"name\":\"Informa\u00e7\u00e3o jur\u00eddica\"}]},{\"@type\":\"WebSite\",\"@id\":\"https:\\\/\\\/www.earlham-ia.org\\\/pt-pt\\\/#website\",\"url\":\"https:\\\/\\\/www.earlham-ia.org\\\/pt-pt\\\/\",\"name\":\"Viajar para os EUA\",\"description\":\"\",\"potentialAction\":[{\"@type\":\"SearchAction\",\"target\":{\"@type\":\"EntryPoint\",\"urlTemplate\":\"https:\\\/\\\/www.earlham-ia.org\\\/pt-pt\\\/?s={search_term_string}\"},\"query-input\":{\"@type\":\"PropertyValueSpecification\",\"valueRequired\":true,\"valueName\":\"search_term_string\"}}],\"inLanguage\":\"pt-PT\"}]}<\/script>\n<!-- \/ Yoast SEO plugin. -->","yoast_head_json":{"title":"Informa\u00e7\u00e3o jur\u00eddica - Viajar para os EUA","robots":{"index":"index","follow":"follow","max-snippet":"max-snippet:-1","max-image-preview":"max-image-preview:large","max-video-preview":"max-video-preview:-1"},"canonical":"https:\/\/www.earlham-ia.org\/pt-pt\/aviso-legal\/","og_locale":"pt_PT","og_type":"article","og_title":"Informa\u00e7\u00e3o jur\u00eddica - Viajar para os EUA","og_description":"Editor do s\u00edtio : O s\u00edtio \u00e9 publicado pela TAXUS WEB Ltd, uma empresa registada em Malta (UE). A sede social da empresa situa-se em 75 Triq il-fraxxnu, ST Julians, Malta. Diretor da publica\u00e7\u00e3o : O diretor de publica\u00e7\u00f5es do s\u00edtio \u00e9 Laurent Michel. Para o contactar por correio eletr\u00f3nico, escreve para contact@taxusweb.com. ALOJAMENTO : [&hellip;]","og_url":"https:\/\/www.earlham-ia.org\/pt-pt\/aviso-legal\/","og_site_name":"Viajar para os EUA","twitter_card":"summary_large_image","twitter_misc":{"Tempo estimado de leitura":"1 minuto"},"schema":{"@context":"https:\/\/schema.org","@graph":[{"@type":"WebPage","@id":"https:\/\/www.earlham-ia.org\/pt-pt\/aviso-legal\/","url":"https:\/\/www.earlham-ia.org\/pt-pt\/aviso-legal\/","name":"Informa\u00e7\u00e3o jur\u00eddica - Viajar para os EUA","isPartOf":{"@id":"https:\/\/www.earlham-ia.org\/pt-pt\/#website"},"datePublished":"2024-04-24T20:05:52+00:00","breadcrumb":{"@id":"https:\/\/www.earlham-ia.org\/pt-pt\/aviso-legal\/#breadcrumb"},"inLanguage":"pt-PT","potentialAction":[{"@type":"ReadAction","target":["https:\/\/www.earlham-ia.org\/pt-pt\/aviso-legal\/"]}]},{"@type":"BreadcrumbList","@id":"https:\/\/www.earlham-ia.org\/pt-pt\/aviso-legal\/#breadcrumb","itemListElement":[{"@type":"ListItem","position":1,"name":"Accueil","item":"https:\/\/www.earlham-ia.org\/pt-pt\/"},{"@type":"ListItem","position":2,"name":"Informa\u00e7\u00e3o jur\u00eddica"}]},{"@type":"WebSite","@id":"https:\/\/www.earlham-ia.org\/pt-pt\/#website","url":"https:\/\/www.earlham-ia.org\/pt-pt\/","name":"Viajar para os EUA","description":"","potentialAction":[{"@type":"SearchAction","target":{"@type":"EntryPoint","urlTemplate":"https:\/\/www.earlham-ia.org\/pt-pt\/?s={search_term_string}"},"query-input":{"@type":"PropertyValueSpecification","valueRequired":true,"valueName":"search_term_string"}}],"inLanguage":"pt-PT"}]}},"_links":{"self":[{"href":"https:\/\/www.earlham-ia.org\/pt-pt\/wp-json\/wp\/v2\/pages\/636","targetHints":{"allow":["GET"]}}],"collection":[{"href":"https:\/\/www.earlham-ia.org\/pt-pt\/wp-json\/wp\/v2\/pages"}],"about":[{"href":"https:\/\/www.earlham-ia.org\/pt-pt\/wp-json\/wp\/v2\/types\/page"}],"author":[{"embeddable":true,"href":"https:\/\/www.earlham-ia.org\/pt-pt\/wp-json\/wp\/v2\/users\/1"}],"replies":[{"embeddable":true,"href":"https:\/\/www.earlham-ia.org\/pt-pt\/wp-json\/wp\/v2\/comments?post=636"}],"version-history":[{"count":0,"href":"https:\/\/www.earlham-ia.org\/pt-pt\/wp-json\/wp\/v2\/pages\/636\/revisions"}],"wp:attachment":[{"href":"https:\/\/www.earlham-ia.org\/pt-pt\/wp-json\/wp\/v2\/media?parent=636"}],"curies":[{"name":"wp","href":"https:\/\/api.w.org\/{rel}","templated":true}]}}