{"id":644,"date":"2024-04-24T20:08:02","date_gmt":"2024-04-24T20:08:02","guid":{"rendered":"https:\/\/www.earlham-ia.org\/viagem-na-america-do-norte\/"},"modified":"2026-05-06T12:15:07","modified_gmt":"2026-05-06T12:15:07","slug":"viagem-na-america-do-norte","status":"publish","type":"page","link":"https:\/\/www.earlham-ia.org\/pt-pt\/viagem-na-america-do-norte\/","title":{"rendered":"Onde fazer uma viagem de carro na Am\u00e9rica do Norte?"},"content":{"rendered":"\n<p>Como o nome indica, uma viagem de carro \u00e9 uma viagem itinerante. N\u00e3o se trata de ficar no mesmo lugar durante uma ou duas semanas, como de costume, num confort\u00e1vel quarto de hotel. Por detr\u00e1s da palavra &#8220;road-trip&#8221; est\u00e1 o desejo de fazer uma viagem fora dos circuitos habituais. Uma viagem \u00fanica, uma viagem que te coloca frente a frente com as pessoas e as culturas locais.   <\/p>\n\n<p><\/p>\n\n<p>As viagens de carro s\u00e3o para os aventureiros e os destemidos. Quando fazes uma viagem de carro na Am\u00e9rica do Norte, decides viajar por estrada para visitar o maior n\u00famero poss\u00edvel de lugares e conhecer o maior n\u00famero poss\u00edvel de pessoas. Ent\u00e3o, <strong>onde podes fazer uma viagem de carro<\/strong> na Am\u00e9rica do Norte?<\/p>\n\n<p><\/p>\n\n<h2 class=\"wp-block-heading\">Os Estados Unidos s\u00e3o o melhor lugar para uma roadtrip<\/h2>\n\n<p>Os Estados Unidos s\u00e3o um pa\u00eds que se d\u00e1 muito bem em movimento. \u00c9 um pa\u00eds de dimens\u00f5es imensas, sobretudo se o comparares com a Fran\u00e7a. Para te dar uma ideia, a Fran\u00e7a tem aproximadamente o mesmo tamanho que o estado do Texas. Nos Estados Unidos, tudo \u00e9 muito maior e os tempos de viagem s\u00e3o muito mais longos. Quando fazes uma viagem de carro nos Estados Unidos, tens de ter tempo para visitar todo o pa\u00eds e, em particular, para te deslocares da costa leste, banhada pelo Oceano Atl\u00e2ntico, para a costa oeste, banhada pelo Oceano Pac\u00edfico. Nos Estados Unidos, podes fazer uma viagem de carro alugando um carro. \u00c9 extremamente f\u00e1cil conduzir nos Estados Unidos. Alugar um carro nos EUA n\u00e3o \u00e9 muito caro. H\u00e1 tudo o que podes ganhar com uma aventura nas estradas americanas.        <\/p>\n","protected":false},"excerpt":{"rendered":"<p>Como o nome indica, uma viagem de carro \u00e9 uma viagem itinerante. N\u00e3o se trata de ficar no mesmo lugar durante uma ou duas semanas, como de costume, num confort\u00e1vel quarto de hotel. Por detr\u00e1s da palavra &#8220;road-trip&#8221; est\u00e1 o desejo de fazer uma viagem fora dos circuitos habituais. Uma viagem \u00fanica, uma viagem que [&hellip;]<\/p>\n","protected":false},"author":1,"featured_media":0,"parent":0,"menu_order":0,"comment_status":"closed","ping_status":"closed","template":"","meta":{"hide_page_title":"","footnotes":""},"class_list":["post-644","page","type-page","status-publish","hentry"],"yoast_head":"<!-- This site is optimized with the Yoast SEO plugin v27.5 - https:\/\/yoast.com\/product\/yoast-seo-wordpress\/ -->\n<title>Onde fazer uma viagem de carro na Am\u00e9rica do Norte? - Viajar para os EUA<\/title>\n<meta name=\"robots\" content=\"index, follow, max-snippet:-1, max-image-preview:large, max-video-preview:-1\" \/>\n<link rel=\"canonical\" href=\"https:\/\/www.earlham-ia.org\/pt-pt\/viagem-na-america-do-norte\/\" \/>\n<meta property=\"og:locale\" content=\"pt_PT\" \/>\n<meta property=\"og:type\" content=\"article\" \/>\n<meta property=\"og:title\" content=\"Onde fazer uma viagem de carro na Am\u00e9rica do Norte? - Viajar para os EUA\" \/>\n<meta property=\"og:description\" content=\"Como o nome indica, uma viagem de carro \u00e9 uma viagem itinerante. N\u00e3o se trata de ficar no mesmo lugar durante uma ou duas semanas, como de costume, num confort\u00e1vel quarto de hotel. Por detr\u00e1s da palavra &#8220;road-trip&#8221; est\u00e1 o desejo de fazer uma viagem fora dos circuitos habituais. Uma viagem \u00fanica, uma viagem que [&hellip;]\" \/>\n<meta property=\"og:url\" content=\"https:\/\/www.earlham-ia.org\/pt-pt\/viagem-na-america-do-norte\/\" \/>\n<meta property=\"og:site_name\" content=\"Viajar para os EUA\" \/>\n<meta property=\"article:modified_time\" content=\"2026-05-06T12:15:07+00:00\" \/>\n<meta property=\"og:image\" content=\"https:\/\/www.earlham-ia.org\/wp-content\/uploads\/2019\/06\/road-trip-usa.jpg\" \/>\n\t<meta property=\"og:image:width\" content=\"800\" \/>\n\t<meta property=\"og:image:height\" content=\"526\" \/>\n\t<meta property=\"og:image:type\" content=\"image\/jpeg\" \/>\n<meta name=\"twitter:card\" content=\"summary_large_image\" \/>\n<meta name=\"twitter:label1\" content=\"Tempo estimado de leitura\" \/>\n\t<meta name=\"twitter:data1\" content=\"1 minuto\" \/>\n<script type=\"application\/ld+json\" class=\"yoast-schema-graph\">{\"@context\":\"https:\\\/\\\/schema.org\",\"@graph\":[{\"@type\":\"WebPage\",\"@id\":\"https:\\\/\\\/www.earlham-ia.org\\\/pt-pt\\\/viagem-na-america-do-norte\\\/\",\"url\":\"https:\\\/\\\/www.earlham-ia.org\\\/pt-pt\\\/viagem-na-america-do-norte\\\/\",\"name\":\"Onde fazer uma viagem de carro na Am\u00e9rica do Norte? - Viajar para os EUA\",\"isPartOf\":{\"@id\":\"https:\\\/\\\/www.earlham-ia.org\\\/pt-pt\\\/#website\"},\"datePublished\":\"2024-04-24T20:08:02+00:00\",\"dateModified\":\"2026-05-06T12:15:07+00:00\",\"breadcrumb\":{\"@id\":\"https:\\\/\\\/www.earlham-ia.org\\\/pt-pt\\\/viagem-na-america-do-norte\\\/#breadcrumb\"},\"inLanguage\":\"pt-PT\",\"potentialAction\":[{\"@type\":\"ReadAction\",\"target\":[\"https:\\\/\\\/www.earlham-ia.org\\\/pt-pt\\\/viagem-na-america-do-norte\\\/\"]}]},{\"@type\":\"BreadcrumbList\",\"@id\":\"https:\\\/\\\/www.earlham-ia.org\\\/pt-pt\\\/viagem-na-america-do-norte\\\/#breadcrumb\",\"itemListElement\":[{\"@type\":\"ListItem\",\"position\":1,\"name\":\"Accueil\",\"item\":\"https:\\\/\\\/www.earlham-ia.org\\\/pt-pt\\\/\"},{\"@type\":\"ListItem\",\"position\":2,\"name\":\"Onde fazer uma viagem de carro na Am\u00e9rica do Norte?\"}]},{\"@type\":\"WebSite\",\"@id\":\"https:\\\/\\\/www.earlham-ia.org\\\/pt-pt\\\/#website\",\"url\":\"https:\\\/\\\/www.earlham-ia.org\\\/pt-pt\\\/\",\"name\":\"Viajar para os EUA\",\"description\":\"\",\"potentialAction\":[{\"@type\":\"SearchAction\",\"target\":{\"@type\":\"EntryPoint\",\"urlTemplate\":\"https:\\\/\\\/www.earlham-ia.org\\\/pt-pt\\\/?s={search_term_string}\"},\"query-input\":{\"@type\":\"PropertyValueSpecification\",\"valueRequired\":true,\"valueName\":\"search_term_string\"}}],\"inLanguage\":\"pt-PT\"}]}<\/script>\n<!-- \/ Yoast SEO plugin. -->","yoast_head_json":{"title":"Onde fazer uma viagem de carro na Am\u00e9rica do Norte? - Viajar para os EUA","robots":{"index":"index","follow":"follow","max-snippet":"max-snippet:-1","max-image-preview":"max-image-preview:large","max-video-preview":"max-video-preview:-1"},"canonical":"https:\/\/www.earlham-ia.org\/pt-pt\/viagem-na-america-do-norte\/","og_locale":"pt_PT","og_type":"article","og_title":"Onde fazer uma viagem de carro na Am\u00e9rica do Norte? - Viajar para os EUA","og_description":"Como o nome indica, uma viagem de carro \u00e9 uma viagem itinerante. N\u00e3o se trata de ficar no mesmo lugar durante uma ou duas semanas, como de costume, num confort\u00e1vel quarto de hotel. Por detr\u00e1s da palavra &#8220;road-trip&#8221; est\u00e1 o desejo de fazer uma viagem fora dos circuitos habituais. Uma viagem \u00fanica, uma viagem que [&hellip;]","og_url":"https:\/\/www.earlham-ia.org\/pt-pt\/viagem-na-america-do-norte\/","og_site_name":"Viajar para os EUA","article_modified_time":"2026-05-06T12:15:07+00:00","og_image":[{"width":800,"height":526,"url":"https:\/\/www.earlham-ia.org\/wp-content\/uploads\/2019\/06\/road-trip-usa.jpg","type":"image\/jpeg"}],"twitter_card":"summary_large_image","twitter_misc":{"Tempo estimado de leitura":"1 minuto"},"schema":{"@context":"https:\/\/schema.org","@graph":[{"@type":"WebPage","@id":"https:\/\/www.earlham-ia.org\/pt-pt\/viagem-na-america-do-norte\/","url":"https:\/\/www.earlham-ia.org\/pt-pt\/viagem-na-america-do-norte\/","name":"Onde fazer uma viagem de carro na Am\u00e9rica do Norte? - Viajar para os EUA","isPartOf":{"@id":"https:\/\/www.earlham-ia.org\/pt-pt\/#website"},"datePublished":"2024-04-24T20:08:02+00:00","dateModified":"2026-05-06T12:15:07+00:00","breadcrumb":{"@id":"https:\/\/www.earlham-ia.org\/pt-pt\/viagem-na-america-do-norte\/#breadcrumb"},"inLanguage":"pt-PT","potentialAction":[{"@type":"ReadAction","target":["https:\/\/www.earlham-ia.org\/pt-pt\/viagem-na-america-do-norte\/"]}]},{"@type":"BreadcrumbList","@id":"https:\/\/www.earlham-ia.org\/pt-pt\/viagem-na-america-do-norte\/#breadcrumb","itemListElement":[{"@type":"ListItem","position":1,"name":"Accueil","item":"https:\/\/www.earlham-ia.org\/pt-pt\/"},{"@type":"ListItem","position":2,"name":"Onde fazer uma viagem de carro na Am\u00e9rica do Norte?"}]},{"@type":"WebSite","@id":"https:\/\/www.earlham-ia.org\/pt-pt\/#website","url":"https:\/\/www.earlham-ia.org\/pt-pt\/","name":"Viajar para os EUA","description":"","potentialAction":[{"@type":"SearchAction","target":{"@type":"EntryPoint","urlTemplate":"https:\/\/www.earlham-ia.org\/pt-pt\/?s={search_term_string}"},"query-input":{"@type":"PropertyValueSpecification","valueRequired":true,"valueName":"search_term_string"}}],"inLanguage":"pt-PT"}]}},"_links":{"self":[{"href":"https:\/\/www.earlham-ia.org\/pt-pt\/wp-json\/wp\/v2\/pages\/644","targetHints":{"allow":["GET"]}}],"collection":[{"href":"https:\/\/www.earlham-ia.org\/pt-pt\/wp-json\/wp\/v2\/pages"}],"about":[{"href":"https:\/\/www.earlham-ia.org\/pt-pt\/wp-json\/wp\/v2\/types\/page"}],"author":[{"embeddable":true,"href":"https:\/\/www.earlham-ia.org\/pt-pt\/wp-json\/wp\/v2\/users\/1"}],"replies":[{"embeddable":true,"href":"https:\/\/www.earlham-ia.org\/pt-pt\/wp-json\/wp\/v2\/comments?post=644"}],"version-history":[{"count":3,"href":"https:\/\/www.earlham-ia.org\/pt-pt\/wp-json\/wp\/v2\/pages\/644\/revisions"}],"predecessor-version":[{"id":1309,"href":"https:\/\/www.earlham-ia.org\/pt-pt\/wp-json\/wp\/v2\/pages\/644\/revisions\/1309"}],"wp:attachment":[{"href":"https:\/\/www.earlham-ia.org\/pt-pt\/wp-json\/wp\/v2\/media?parent=644"}],"curies":[{"name":"wp","href":"https:\/\/api.w.org\/{rel}","templated":true}]}}