{"id":656,"date":"2024-04-24T20:10:53","date_gmt":"2024-04-24T20:10:53","guid":{"rendered":"https:\/\/www.earlham-ia.org\/quando-preciso-de-uma-esta\/"},"modified":"2026-05-06T12:16:59","modified_gmt":"2026-05-06T12:16:59","slug":"quando-preciso-de-uma-esta","status":"publish","type":"page","link":"https:\/\/www.earlham-ia.org\/pt-pt\/quando-preciso-de-uma-esta\/","title":{"rendered":"Quando \u00e9 que preciso de um formul\u00e1rio ESTA?"},"content":{"rendered":"\n<p>Queres viajar para os EUA mas n\u00e3o sabes de que autoriza\u00e7\u00e3o de viagem precisas? \u00c9 f\u00e1cil perderes-te entre o visto dos EUA, o green card e o <a href=\"https:\/\/www.earlham-ia.org\/pt-pt\/\">ESTA USA<\/a>. \u00c9 por isso que vamos explicar-te em que consiste o formul\u00e1rio ESTA para os Estados Unidos da Am\u00e9rica e em que circunst\u00e2ncias \u00e9 obrigat\u00f3rio fazer um pedido ESTA.  <\/p>\n\n<h2 class=\"wp-block-heading\">Qual \u00e9 o objetivo do question\u00e1rio ESTA?<\/h2>\n\n<p>O question\u00e1rio em linha ESTA deve ser preenchido para receber a autoriza\u00e7\u00e3o de viagem americana conhecida como ESTA, ou seja, Electronic System for Travel Authorization. Esta autoriza\u00e7\u00e3o permite que os viajantes que a possuam fiquem isentos da necessidade de solicitar um visto americano na embaixada americana. Isto faz com que viajar para os EUA seja um procedimento r\u00e1pido e f\u00e1cil, desde que sejas eleg\u00edvel.  <\/p>\n\n<p>O governo americano introduziu esta autoriza\u00e7\u00e3o para refor\u00e7ar a seguran\u00e7a interna do pa\u00eds, no \u00e2mbito do Programa de Isen\u00e7\u00e3o de Vistos. O ESTA permite verificar os dados pessoais de cada viajante antes da sua chegada a solo americano. <\/p>\n\n<p>Se preencher o question\u00e1rio ESTA e as autoridades americanas aceitarem o seu pedido, pode utilizar a autoriza\u00e7\u00e3o durante todo o seu per\u00edodo de validade e viajar para os Estados Unidos tantas vezes quantas desejar. As autoriza\u00e7\u00f5es ESTA s\u00e3o v\u00e1lidas por dois anos ou at\u00e9 \u00e0 data de expira\u00e7\u00e3o do passaporte biom\u00e9trico (ou eletr\u00f3nico), consoante o que ocorrer primeiro. Nota que uma mudan\u00e7a de passaporte exige um novo pedido ESTA. Este novo pedido em linha deve, evidentemente, ser efectuado com o novo passaporte.   <\/p>\n\n<h2 class=\"wp-block-heading\">Quando \u00e9 que devo solicitar um formul\u00e1rio ESTA?<\/h2>\n\n<p>Agora que j\u00e1 sabes para que serve o documento ESTA, descobre se podes requerer o formul\u00e1rio online.<\/p>\n\n<h2 class=\"wp-block-heading\">Condi\u00e7\u00f5es de elegibilidade para o documento ESTA<\/h2>\n\n<p>O formul\u00e1rio ESTA \u00e9 essencial para os cidad\u00e3os americanos isentos de visto que pretendam viajar para os EUA. H\u00e1 39 pa\u00edses membros do Programa de Isen\u00e7\u00e3o de Vistos (VWP) desde que a Pol\u00f3nia foi aceite em 2019 (a lista dos pa\u00edses em causa pode ser consultada no s\u00edtio oficial do governo dos EUA). A Fran\u00e7a \u00e9 um dos pa\u00edses participantes.  <\/p>\n\n<p>Ser nacional de um pa\u00eds membro do Programa de Isen\u00e7\u00e3o de Vistos n\u00e3o \u00e9 o \u00fanico crit\u00e9rio de elegibilidade. Eis as v\u00e1rias condi\u00e7\u00f5es necess\u00e1rias para obter um ESTA: <\/p>\n\n<ul class=\"wp-block-list\">\n<li>ter um passaporte eletr\u00f3nico ou biom\u00e9trico v\u00e1lido;<\/li>\n\n\n\n<li>organiza uma estadia tempor\u00e1ria em solo americano para fins tur\u00edsticos, de neg\u00f3cios ou de tr\u00e2nsito, antes de partir para outro pa\u00eds;<\/li>\n\n\n\n<li>a estada nos EUA n\u00e3o pode exceder 90 dias.<\/li>\n<\/ul>\n\n<p>Ter\u00e1s de preencher um formul\u00e1rio ESTA se estiveres a planear uma estadia tempor\u00e1ria nos Estados Unidos por via a\u00e9rea ou mar\u00edtima. N\u00e3o satisfaz todas estas condi\u00e7\u00f5es? Ent\u00e3o n\u00e3o podes pedir uma autoriza\u00e7\u00e3o ESTA para viajar para os EUA. No entanto, podes pedir um visto para os EUA na embaixada dos EUA.   <\/p>\n\n<h2 class=\"wp-block-heading\">Onde posso candidatar-me a um ESTA?<\/h2>\n\n<p>Para receber um ESTA, tens de fazer o pedido online atrav\u00e9s do website do governo dos EUA ou de um website privado que ofere\u00e7a o mesmo servi\u00e7o. Precisar\u00e1s do teu passaporte v\u00e1lido, uma vez que muitos dos campos do formul\u00e1rio ESTA est\u00e3o relacionados com as informa\u00e7\u00f5es nele contidas. O pedido ESTA \u00e9, portanto, efectuado atrav\u00e9s de um formul\u00e1rio em linha. Podes obter assist\u00eancia e um formul\u00e1rio simplificado encomendando a tua autoriza\u00e7\u00e3o num site especializado.   <\/p>\n\n<p>Quando tiveres terminado de preencher o question\u00e1rio ESTA, ter\u00e1s de pagar a taxa exigida para validar a apresenta\u00e7\u00e3o do teu formul\u00e1rio. Para tal, necessitar\u00e1s do teu cart\u00e3o de cr\u00e9dito. O formul\u00e1rio \u00e9 ent\u00e3o analisado por sistemas electr\u00f3nicos. Por vezes, os viajantes recebem uma resposta quase imediata, mas, em geral, a resposta das autoridades americanas demora, no m\u00e1ximo, 72 horas.   <\/p>\n\n<p>Para saber a situa\u00e7\u00e3o do teu ESTA, acede ao s\u00edtio Web do governo com o teu n\u00famero de pedido e o n\u00famero do passaporte. Se o pedido de autoriza\u00e7\u00e3o tiver sido feito atrav\u00e9s de um s\u00edtio privado, receber\u00e1s uma resposta por correio eletr\u00f3nico. <\/p>\n","protected":false},"excerpt":{"rendered":"<p>Queres viajar para os EUA mas n\u00e3o sabes de que autoriza\u00e7\u00e3o de viagem precisas? \u00c9 f\u00e1cil perderes-te entre o visto dos EUA, o green card e o ESTA USA. \u00c9 por isso que vamos explicar-te em que consiste o formul\u00e1rio ESTA para os Estados Unidos da Am\u00e9rica e em que circunst\u00e2ncias \u00e9 obrigat\u00f3rio fazer um [&hellip;]<\/p>\n","protected":false},"author":1,"featured_media":0,"parent":0,"menu_order":0,"comment_status":"closed","ping_status":"closed","template":"","meta":{"hide_page_title":"","footnotes":""},"class_list":["post-656","page","type-page","status-publish","hentry"],"yoast_head":"<!-- This site is optimized with the Yoast SEO plugin v27.5 - https:\/\/yoast.com\/product\/yoast-seo-wordpress\/ -->\n<title>Quando \u00e9 que preciso de um formul\u00e1rio ESTA? - Viajar para os EUA<\/title>\n<meta name=\"robots\" content=\"index, follow, max-snippet:-1, max-image-preview:large, max-video-preview:-1\" \/>\n<link rel=\"canonical\" href=\"https:\/\/www.earlham-ia.org\/pt-pt\/quando-preciso-de-uma-esta\/\" \/>\n<meta property=\"og:locale\" content=\"pt_PT\" \/>\n<meta property=\"og:type\" content=\"article\" \/>\n<meta property=\"og:title\" content=\"Quando \u00e9 que preciso de um formul\u00e1rio ESTA? - Viajar para os EUA\" \/>\n<meta property=\"og:description\" content=\"Queres viajar para os EUA mas n\u00e3o sabes de que autoriza\u00e7\u00e3o de viagem precisas? \u00c9 f\u00e1cil perderes-te entre o visto dos EUA, o green card e o ESTA USA. \u00c9 por isso que vamos explicar-te em que consiste o formul\u00e1rio ESTA para os Estados Unidos da Am\u00e9rica e em que circunst\u00e2ncias \u00e9 obrigat\u00f3rio fazer um [&hellip;]\" \/>\n<meta property=\"og:url\" content=\"https:\/\/www.earlham-ia.org\/pt-pt\/quando-preciso-de-uma-esta\/\" \/>\n<meta property=\"og:site_name\" content=\"Viajar para os EUA\" \/>\n<meta property=\"article:modified_time\" content=\"2026-05-06T12:16:59+00:00\" \/>\n<meta name=\"twitter:card\" content=\"summary_large_image\" \/>\n<meta name=\"twitter:label1\" content=\"Tempo estimado de leitura\" \/>\n\t<meta name=\"twitter:data1\" content=\"4 minutos\" \/>\n<script type=\"application\/ld+json\" class=\"yoast-schema-graph\">{\"@context\":\"https:\\\/\\\/schema.org\",\"@graph\":[{\"@type\":\"WebPage\",\"@id\":\"https:\\\/\\\/www.earlham-ia.org\\\/pt-pt\\\/quando-preciso-de-uma-esta\\\/\",\"url\":\"https:\\\/\\\/www.earlham-ia.org\\\/pt-pt\\\/quando-preciso-de-uma-esta\\\/\",\"name\":\"Quando \u00e9 que preciso de um formul\u00e1rio ESTA? - Viajar para os EUA\",\"isPartOf\":{\"@id\":\"https:\\\/\\\/www.earlham-ia.org\\\/pt-pt\\\/#website\"},\"datePublished\":\"2024-04-24T20:10:53+00:00\",\"dateModified\":\"2026-05-06T12:16:59+00:00\",\"breadcrumb\":{\"@id\":\"https:\\\/\\\/www.earlham-ia.org\\\/pt-pt\\\/quando-preciso-de-uma-esta\\\/#breadcrumb\"},\"inLanguage\":\"pt-PT\",\"potentialAction\":[{\"@type\":\"ReadAction\",\"target\":[\"https:\\\/\\\/www.earlham-ia.org\\\/pt-pt\\\/quando-preciso-de-uma-esta\\\/\"]}]},{\"@type\":\"BreadcrumbList\",\"@id\":\"https:\\\/\\\/www.earlham-ia.org\\\/pt-pt\\\/quando-preciso-de-uma-esta\\\/#breadcrumb\",\"itemListElement\":[{\"@type\":\"ListItem\",\"position\":1,\"name\":\"Accueil\",\"item\":\"https:\\\/\\\/www.earlham-ia.org\\\/pt-pt\\\/\"},{\"@type\":\"ListItem\",\"position\":2,\"name\":\"Quando \u00e9 que preciso de um formul\u00e1rio ESTA?\"}]},{\"@type\":\"WebSite\",\"@id\":\"https:\\\/\\\/www.earlham-ia.org\\\/pt-pt\\\/#website\",\"url\":\"https:\\\/\\\/www.earlham-ia.org\\\/pt-pt\\\/\",\"name\":\"Viajar para os EUA\",\"description\":\"\",\"potentialAction\":[{\"@type\":\"SearchAction\",\"target\":{\"@type\":\"EntryPoint\",\"urlTemplate\":\"https:\\\/\\\/www.earlham-ia.org\\\/pt-pt\\\/?s={search_term_string}\"},\"query-input\":{\"@type\":\"PropertyValueSpecification\",\"valueRequired\":true,\"valueName\":\"search_term_string\"}}],\"inLanguage\":\"pt-PT\"}]}<\/script>\n<!-- \/ Yoast SEO plugin. -->","yoast_head_json":{"title":"Quando \u00e9 que preciso de um formul\u00e1rio ESTA? - Viajar para os EUA","robots":{"index":"index","follow":"follow","max-snippet":"max-snippet:-1","max-image-preview":"max-image-preview:large","max-video-preview":"max-video-preview:-1"},"canonical":"https:\/\/www.earlham-ia.org\/pt-pt\/quando-preciso-de-uma-esta\/","og_locale":"pt_PT","og_type":"article","og_title":"Quando \u00e9 que preciso de um formul\u00e1rio ESTA? - Viajar para os EUA","og_description":"Queres viajar para os EUA mas n\u00e3o sabes de que autoriza\u00e7\u00e3o de viagem precisas? \u00c9 f\u00e1cil perderes-te entre o visto dos EUA, o green card e o ESTA USA. \u00c9 por isso que vamos explicar-te em que consiste o formul\u00e1rio ESTA para os Estados Unidos da Am\u00e9rica e em que circunst\u00e2ncias \u00e9 obrigat\u00f3rio fazer um [&hellip;]","og_url":"https:\/\/www.earlham-ia.org\/pt-pt\/quando-preciso-de-uma-esta\/","og_site_name":"Viajar para os EUA","article_modified_time":"2026-05-06T12:16:59+00:00","twitter_card":"summary_large_image","twitter_misc":{"Tempo estimado de leitura":"4 minutos"},"schema":{"@context":"https:\/\/schema.org","@graph":[{"@type":"WebPage","@id":"https:\/\/www.earlham-ia.org\/pt-pt\/quando-preciso-de-uma-esta\/","url":"https:\/\/www.earlham-ia.org\/pt-pt\/quando-preciso-de-uma-esta\/","name":"Quando \u00e9 que preciso de um formul\u00e1rio ESTA? - Viajar para os EUA","isPartOf":{"@id":"https:\/\/www.earlham-ia.org\/pt-pt\/#website"},"datePublished":"2024-04-24T20:10:53+00:00","dateModified":"2026-05-06T12:16:59+00:00","breadcrumb":{"@id":"https:\/\/www.earlham-ia.org\/pt-pt\/quando-preciso-de-uma-esta\/#breadcrumb"},"inLanguage":"pt-PT","potentialAction":[{"@type":"ReadAction","target":["https:\/\/www.earlham-ia.org\/pt-pt\/quando-preciso-de-uma-esta\/"]}]},{"@type":"BreadcrumbList","@id":"https:\/\/www.earlham-ia.org\/pt-pt\/quando-preciso-de-uma-esta\/#breadcrumb","itemListElement":[{"@type":"ListItem","position":1,"name":"Accueil","item":"https:\/\/www.earlham-ia.org\/pt-pt\/"},{"@type":"ListItem","position":2,"name":"Quando \u00e9 que preciso de um formul\u00e1rio ESTA?"}]},{"@type":"WebSite","@id":"https:\/\/www.earlham-ia.org\/pt-pt\/#website","url":"https:\/\/www.earlham-ia.org\/pt-pt\/","name":"Viajar para os EUA","description":"","potentialAction":[{"@type":"SearchAction","target":{"@type":"EntryPoint","urlTemplate":"https:\/\/www.earlham-ia.org\/pt-pt\/?s={search_term_string}"},"query-input":{"@type":"PropertyValueSpecification","valueRequired":true,"valueName":"search_term_string"}}],"inLanguage":"pt-PT"}]}},"_links":{"self":[{"href":"https:\/\/www.earlham-ia.org\/pt-pt\/wp-json\/wp\/v2\/pages\/656","targetHints":{"allow":["GET"]}}],"collection":[{"href":"https:\/\/www.earlham-ia.org\/pt-pt\/wp-json\/wp\/v2\/pages"}],"about":[{"href":"https:\/\/www.earlham-ia.org\/pt-pt\/wp-json\/wp\/v2\/types\/page"}],"author":[{"embeddable":true,"href":"https:\/\/www.earlham-ia.org\/pt-pt\/wp-json\/wp\/v2\/users\/1"}],"replies":[{"embeddable":true,"href":"https:\/\/www.earlham-ia.org\/pt-pt\/wp-json\/wp\/v2\/comments?post=656"}],"version-history":[{"count":3,"href":"https:\/\/www.earlham-ia.org\/pt-pt\/wp-json\/wp\/v2\/pages\/656\/revisions"}],"predecessor-version":[{"id":1327,"href":"https:\/\/www.earlham-ia.org\/pt-pt\/wp-json\/wp\/v2\/pages\/656\/revisions\/1327"}],"wp:attachment":[{"href":"https:\/\/www.earlham-ia.org\/pt-pt\/wp-json\/wp\/v2\/media?parent=656"}],"curies":[{"name":"wp","href":"https:\/\/api.w.org\/{rel}","templated":true}]}}