{"id":672,"date":"2024-04-24T20:13:33","date_gmt":"2024-04-24T20:13:33","guid":{"rendered":"https:\/\/www.earlham-ia.org\/que-documento-para-entrar-aos-eua\/"},"modified":"2026-05-06T12:17:17","modified_gmt":"2026-05-06T12:17:17","slug":"que-documento-para-entrar-aos-eua","status":"publish","type":"page","link":"https:\/\/www.earlham-ia.org\/pt-pt\/que-documento-para-entrar-aos-eua\/","title":{"rendered":"De que documentos necessito para entrar nos Estados Unidos?"},"content":{"rendered":"\n<p>\u00a0<\/p>\n\n<p>A organiza\u00e7\u00e3o de uma viagem aos EUA pode por vezes ser complexa. Para viajar para os Estados Unidos, tens de reunir documentos que comprovem a tua identidade e validem a tua viagem.<\/p>\n\n<p>Neste artigo, damos uma vista de olhos a todos os documentos de que necessitas para pisar solo americano.<\/p>\n\n<h2 class=\"wp-block-heading\">Porque \u00e9 que preciso de documentos de viagem para uma viagem aos Estados Unidos da Am\u00e9rica?<\/h2>\n\n<p>Os cidad\u00e3os estrangeiros, especialmente os da Uni\u00e3o Europeia, n\u00e3o viajam para os Estados Unidos da mesma forma que no espa\u00e7o Schengen. Se est\u00e1s habituado a viajar para a Europa, sabes que o bilhete de identidade \u00e9 a \u00fanica forma de identifica\u00e7\u00e3o necess\u00e1ria para este tipo de viagem. No entanto, se fores para os EUA, a hist\u00f3ria \u00e9 diferente. <\/p>\n\n<p>O governo americano \u00e9 muito rigoroso em rela\u00e7\u00e3o aos turistas que visitam os Estados Unidos. Esta desconfian\u00e7a tem vindo a aumentar ao longo do tempo, especialmente ap\u00f3s os ataques de 11 de setembro.  \u00c9 por isso que o seu objetivo \u00e9 refor\u00e7ar as medidas de seguran\u00e7a e s\u00f3 deixar entrar turistas que n\u00e3o representem uma amea\u00e7a para a seguran\u00e7a interna do pa\u00eds.<\/p>\n\n<h2 class=\"wp-block-heading\">De que documentos necessito para viajar para os Estados Unidos?<\/h2>\n\n<p><\/p>\n\n<p>Eis os principais documentos de que necessitar\u00e1s para viajar para os Estados Unidos.<\/p>\n\n<h3 class=\"wp-block-heading\">Passaportes biom\u00e9tricos ou electr\u00f3nicos<\/h3>\n\n<p>Um passaporte eletr\u00f3nico ou biom\u00e9trico \u00e9 a chave para uma viagem bem sucedida. Um bilhete de identidade n\u00e3o \u00e9 suficiente para uma estadia nos Estados Unidos. Al\u00e9m disso, se n\u00e3o tiveres um passaporte, n\u00e3o poder\u00e1s obter uma autoriza\u00e7\u00e3o de viagem, que \u00e9 o segundo documento de que necessitas. O teu passaporte deve, obviamente, ser v\u00e1lido, por isso verifica a data de validade.  <\/p>\n\n<p>Se n\u00e3o tiveres passaporte, \u00e9 aconselh\u00e1vel fazeres o pedido na c\u00e2mara municipal da tua \u00e1rea de resid\u00eancia. Para pedir um passaporte, ter\u00e1s de fornecer fotografias tipo passe e impress\u00f5es digitais.  O processo pode demorar mais de um m\u00eas, por isso faz o teu pedido com anteced\u00eancia.<\/p>\n\n<h3 class=\"wp-block-heading\">Uma autoriza\u00e7\u00e3o de viagem<\/h3>\n\n<p>Quando tiveres um passaporte v\u00e1lido, podes pedir uma autoriza\u00e7\u00e3o de viagem. As autoridades americanas devem aprovar a tua entrada no pa\u00eds antes da tua partida. Podes escolher entre dois tipos de autoriza\u00e7\u00e3o: um visto e uma autoriza\u00e7\u00e3o ESTA.   Nota que um tr\u00e2nsito simples tamb\u00e9m requer uma destas autoriza\u00e7\u00f5es.<\/p>\n\n<h4 class=\"wp-block-heading\">O visto americano<\/h4>\n\n<p>Para pedir um visto, tens de ir \u00e0 embaixada americana. Preenche previamente um formul\u00e1rio em linha e marca uma entrevista com um funcion\u00e1rio consular. \u00c9 esta entrevista na embaixada americana que determinar\u00e1 a tua partida para os Estados Unidos. <\/p>\n\n<p>O pedido de visto pode demorar v\u00e1rios meses e \u00e9 caro, mas o visto \u00e9 mais adequado para uma estadia longa (mais de 90 dias consecutivos) ou por uma raz\u00e3o n\u00e3o abrangida pelo ESTA. Para uma estadia tur\u00edstica, ter\u00e1s de solicitar um visto B2. <\/p>\n\n<p>Os documentos de viagem necess\u00e1rios para entrar nos Estados Unidos ser\u00e3o especificados pela embaixada ou consulado. Consoante a natureza da tua viagem, pode ser-te pedido que apresentes documentos comprovativos adicionais.<\/p>\n\n<h4 class=\"wp-block-heading\">Autoriza\u00e7\u00e3o ESTA USA<\/h4>\n\n<p>A autoriza\u00e7\u00e3o ESTA s\u00f3 est\u00e1 dispon\u00edvel para os cidad\u00e3os de pa\u00edses que s\u00e3o membros do Programa de Isen\u00e7\u00e3o de Vistos do Governo dos EUA. Podes encontrar a lista dos pa\u00edses abrangidos pelo regime no s\u00edtio Web do Governo. A Fran\u00e7a \u00e9 um pa\u00eds benefici\u00e1rio, pelo que os cidad\u00e3os franceses podem solicitar esta autoriza\u00e7\u00e3o de viagem. Existem v\u00e1rios crit\u00e9rios de elegibilidade. Para al\u00e9m de participarem no programa de isen\u00e7\u00e3o de vistos e de possu\u00edrem um passaporte v\u00e1lido, os viajantes devem deslocar-se aos Estados Unidos para uma estadia tempor\u00e1ria (90 dias no m\u00e1ximo), por motivos profissionais ou de lazer.   <\/p>\n\n<p>Para obter um ESTA, tens de fazer o pedido online. N\u00e3o \u00e9 necess\u00e1rio deslocares-te \u00e0 embaixada dos EUA para te candidatares a um ESTA.  O formul\u00e1rio a preencher pode ser encontrado no <a href=\"https:\/\/esta.cbp.dhs.gov\/\">s\u00edtio Web oficial do Governo dos EUA<\/a>. O documento \u00e9 emitido no prazo de 72 horas (por vezes menos, gra\u00e7as aos sistemas electr\u00f3nicos). Custa 21 d\u00f3lares americanos e \u00e9 v\u00e1lido por dois anos, se o passaporte o permitir. <\/p>\n\n<p>N\u00e3o precisas de trazer fisicamente a tua autoriza\u00e7\u00e3o ESTA contigo antes da tua viagem aos EUA: como a autoriza\u00e7\u00e3o \u00e9 eletr\u00f3nica, est\u00e1 ligada ao teu n\u00famero de passaporte. Por isso, n\u00e3o te esque\u00e7as de apresentar um novo pedido se tiveres um novo passaporte.<\/p>\n\n<h3 class=\"wp-block-heading\">Um bilhete de sa\u00edda<\/h3>\n\n<p>Para todas as estadias tempor\u00e1rias, o funcion\u00e1rio dos servi\u00e7os de imigra\u00e7\u00e3o pedir\u00e1 uma prova de sa\u00edda do territ\u00f3rio americano quando passares pela alf\u00e2ndega. Um bilhete de regresso ou de continua\u00e7\u00e3o da viagem provar\u00e1 ao agente que n\u00e3o tencionas permanecer nos Estados Unidos por um per\u00edodo superior ao autorizado.<\/p>\n","protected":false},"excerpt":{"rendered":"<p>\u00a0 A organiza\u00e7\u00e3o de uma viagem aos EUA pode por vezes ser complexa. Para viajar para os Estados Unidos, tens de reunir documentos que comprovem a tua identidade e validem a tua viagem. Neste artigo, damos uma vista de olhos a todos os documentos de que necessitas para pisar solo americano. Porque \u00e9 que preciso [&hellip;]<\/p>\n","protected":false},"author":1,"featured_media":0,"parent":0,"menu_order":0,"comment_status":"closed","ping_status":"closed","template":"","meta":{"hide_page_title":"","footnotes":""},"class_list":["post-672","page","type-page","status-publish","hentry"],"yoast_head":"<!-- This site is optimized with the Yoast SEO plugin v27.5 - https:\/\/yoast.com\/product\/yoast-seo-wordpress\/ -->\n<title>De que documentos necessito para entrar nos Estados Unidos? - Viajar para os EUA<\/title>\n<meta name=\"robots\" content=\"index, follow, max-snippet:-1, max-image-preview:large, max-video-preview:-1\" \/>\n<link rel=\"canonical\" href=\"https:\/\/www.earlham-ia.org\/pt-pt\/que-documento-para-entrar-aos-eua\/\" \/>\n<meta property=\"og:locale\" content=\"pt_PT\" \/>\n<meta property=\"og:type\" content=\"article\" \/>\n<meta property=\"og:title\" content=\"De que documentos necessito para entrar nos Estados Unidos? - Viajar para os EUA\" \/>\n<meta property=\"og:description\" content=\"\u00a0 A organiza\u00e7\u00e3o de uma viagem aos EUA pode por vezes ser complexa. Para viajar para os Estados Unidos, tens de reunir documentos que comprovem a tua identidade e validem a tua viagem. Neste artigo, damos uma vista de olhos a todos os documentos de que necessitas para pisar solo americano. Porque \u00e9 que preciso [&hellip;]\" \/>\n<meta property=\"og:url\" content=\"https:\/\/www.earlham-ia.org\/pt-pt\/que-documento-para-entrar-aos-eua\/\" \/>\n<meta property=\"og:site_name\" content=\"Viajar para os EUA\" \/>\n<meta property=\"article:modified_time\" content=\"2026-05-06T12:17:17+00:00\" \/>\n<meta name=\"twitter:card\" content=\"summary_large_image\" \/>\n<meta name=\"twitter:label1\" content=\"Tempo estimado de leitura\" \/>\n\t<meta name=\"twitter:data1\" content=\"4 minutos\" \/>\n<script type=\"application\/ld+json\" class=\"yoast-schema-graph\">{\"@context\":\"https:\\\/\\\/schema.org\",\"@graph\":[{\"@type\":\"WebPage\",\"@id\":\"https:\\\/\\\/www.earlham-ia.org\\\/pt-pt\\\/que-documento-para-entrar-aos-eua\\\/\",\"url\":\"https:\\\/\\\/www.earlham-ia.org\\\/pt-pt\\\/que-documento-para-entrar-aos-eua\\\/\",\"name\":\"De que documentos necessito para entrar nos Estados Unidos? - Viajar para os EUA\",\"isPartOf\":{\"@id\":\"https:\\\/\\\/www.earlham-ia.org\\\/pt-pt\\\/#website\"},\"datePublished\":\"2024-04-24T20:13:33+00:00\",\"dateModified\":\"2026-05-06T12:17:17+00:00\",\"breadcrumb\":{\"@id\":\"https:\\\/\\\/www.earlham-ia.org\\\/pt-pt\\\/que-documento-para-entrar-aos-eua\\\/#breadcrumb\"},\"inLanguage\":\"pt-PT\",\"potentialAction\":[{\"@type\":\"ReadAction\",\"target\":[\"https:\\\/\\\/www.earlham-ia.org\\\/pt-pt\\\/que-documento-para-entrar-aos-eua\\\/\"]}]},{\"@type\":\"BreadcrumbList\",\"@id\":\"https:\\\/\\\/www.earlham-ia.org\\\/pt-pt\\\/que-documento-para-entrar-aos-eua\\\/#breadcrumb\",\"itemListElement\":[{\"@type\":\"ListItem\",\"position\":1,\"name\":\"Accueil\",\"item\":\"https:\\\/\\\/www.earlham-ia.org\\\/pt-pt\\\/\"},{\"@type\":\"ListItem\",\"position\":2,\"name\":\"De que documentos necessito para entrar nos Estados Unidos?\"}]},{\"@type\":\"WebSite\",\"@id\":\"https:\\\/\\\/www.earlham-ia.org\\\/pt-pt\\\/#website\",\"url\":\"https:\\\/\\\/www.earlham-ia.org\\\/pt-pt\\\/\",\"name\":\"Viajar para os EUA\",\"description\":\"\",\"potentialAction\":[{\"@type\":\"SearchAction\",\"target\":{\"@type\":\"EntryPoint\",\"urlTemplate\":\"https:\\\/\\\/www.earlham-ia.org\\\/pt-pt\\\/?s={search_term_string}\"},\"query-input\":{\"@type\":\"PropertyValueSpecification\",\"valueRequired\":true,\"valueName\":\"search_term_string\"}}],\"inLanguage\":\"pt-PT\"}]}<\/script>\n<!-- \/ Yoast SEO plugin. -->","yoast_head_json":{"title":"De que documentos necessito para entrar nos Estados Unidos? - Viajar para os EUA","robots":{"index":"index","follow":"follow","max-snippet":"max-snippet:-1","max-image-preview":"max-image-preview:large","max-video-preview":"max-video-preview:-1"},"canonical":"https:\/\/www.earlham-ia.org\/pt-pt\/que-documento-para-entrar-aos-eua\/","og_locale":"pt_PT","og_type":"article","og_title":"De que documentos necessito para entrar nos Estados Unidos? - Viajar para os EUA","og_description":"\u00a0 A organiza\u00e7\u00e3o de uma viagem aos EUA pode por vezes ser complexa. Para viajar para os Estados Unidos, tens de reunir documentos que comprovem a tua identidade e validem a tua viagem. Neste artigo, damos uma vista de olhos a todos os documentos de que necessitas para pisar solo americano. Porque \u00e9 que preciso [&hellip;]","og_url":"https:\/\/www.earlham-ia.org\/pt-pt\/que-documento-para-entrar-aos-eua\/","og_site_name":"Viajar para os EUA","article_modified_time":"2026-05-06T12:17:17+00:00","twitter_card":"summary_large_image","twitter_misc":{"Tempo estimado de leitura":"4 minutos"},"schema":{"@context":"https:\/\/schema.org","@graph":[{"@type":"WebPage","@id":"https:\/\/www.earlham-ia.org\/pt-pt\/que-documento-para-entrar-aos-eua\/","url":"https:\/\/www.earlham-ia.org\/pt-pt\/que-documento-para-entrar-aos-eua\/","name":"De que documentos necessito para entrar nos Estados Unidos? - Viajar para os EUA","isPartOf":{"@id":"https:\/\/www.earlham-ia.org\/pt-pt\/#website"},"datePublished":"2024-04-24T20:13:33+00:00","dateModified":"2026-05-06T12:17:17+00:00","breadcrumb":{"@id":"https:\/\/www.earlham-ia.org\/pt-pt\/que-documento-para-entrar-aos-eua\/#breadcrumb"},"inLanguage":"pt-PT","potentialAction":[{"@type":"ReadAction","target":["https:\/\/www.earlham-ia.org\/pt-pt\/que-documento-para-entrar-aos-eua\/"]}]},{"@type":"BreadcrumbList","@id":"https:\/\/www.earlham-ia.org\/pt-pt\/que-documento-para-entrar-aos-eua\/#breadcrumb","itemListElement":[{"@type":"ListItem","position":1,"name":"Accueil","item":"https:\/\/www.earlham-ia.org\/pt-pt\/"},{"@type":"ListItem","position":2,"name":"De que documentos necessito para entrar nos Estados Unidos?"}]},{"@type":"WebSite","@id":"https:\/\/www.earlham-ia.org\/pt-pt\/#website","url":"https:\/\/www.earlham-ia.org\/pt-pt\/","name":"Viajar para os EUA","description":"","potentialAction":[{"@type":"SearchAction","target":{"@type":"EntryPoint","urlTemplate":"https:\/\/www.earlham-ia.org\/pt-pt\/?s={search_term_string}"},"query-input":{"@type":"PropertyValueSpecification","valueRequired":true,"valueName":"search_term_string"}}],"inLanguage":"pt-PT"}]}},"_links":{"self":[{"href":"https:\/\/www.earlham-ia.org\/pt-pt\/wp-json\/wp\/v2\/pages\/672","targetHints":{"allow":["GET"]}}],"collection":[{"href":"https:\/\/www.earlham-ia.org\/pt-pt\/wp-json\/wp\/v2\/pages"}],"about":[{"href":"https:\/\/www.earlham-ia.org\/pt-pt\/wp-json\/wp\/v2\/types\/page"}],"author":[{"embeddable":true,"href":"https:\/\/www.earlham-ia.org\/pt-pt\/wp-json\/wp\/v2\/users\/1"}],"replies":[{"embeddable":true,"href":"https:\/\/www.earlham-ia.org\/pt-pt\/wp-json\/wp\/v2\/comments?post=672"}],"version-history":[{"count":3,"href":"https:\/\/www.earlham-ia.org\/pt-pt\/wp-json\/wp\/v2\/pages\/672\/revisions"}],"predecessor-version":[{"id":1335,"href":"https:\/\/www.earlham-ia.org\/pt-pt\/wp-json\/wp\/v2\/pages\/672\/revisions\/1335"}],"wp:attachment":[{"href":"https:\/\/www.earlham-ia.org\/pt-pt\/wp-json\/wp\/v2\/media?parent=672"}],"curies":[{"name":"wp","href":"https:\/\/api.w.org\/{rel}","templated":true}]}}